{"id":1171,"date":"2017-12-11T23:13:58","date_gmt":"2017-12-11T20:13:58","guid":{"rendered":"http:\/\/cevikltd.com.tr\/allied-connectors\/"},"modified":"2021-09-10T21:52:33","modified_gmt":"2021-09-10T18:52:33","slug":"allied-connectors","status":"publish","type":"page","link":"https:\/\/cevikltd.com.tr\/en\/partners\/allied-connectors\/","title":{"rendered":"Allied Connectors"},"content":{"rendered":"<p>[vc_row padding_top=&#8221;&#8221;][vc_column][vc_single_image image=&#8221;2485&#8243; img_size=&#8221;medium&#8221; style=&#8221;vc_box_outline&#8221; onclick=&#8221;custom_link&#8221; img_link_target=&#8221;_blank&#8221; animation=&#8221;animate-when-visible&#8221; css_animation=&#8221;el-fade&#8221; link=&#8221;http:\/\/www.aecconnectors.com\/index.html&#8221;][vc_column_text]Allied Electronics, known as Allied Connector, was founded in 1966 by R.F. Co-Axial and PCB Edge connectors. Allied, India&#8217;s first multi-contact circular connector manufacturer, was a pioneer in the localization of connectors used by the Indian Armed Forces and played an active role in the creation of common specifications for connectors manufactured in India.<\/p>\n<p>Today, it manufactures MS, MG and Russian \/ Metric series connectors approved by Allied LCSO (Electronic Components Standardization Organization &#8211; Ministry of Defense of India), one of the sector leaders in military connectors today.<\/p>\n<p>MS Series<br \/>\nMS series circular threaded locking systems are manufactured according to JIS 50812 in accordance with MIL C 5015 standard. This connector series offers hassle-free solutions to high vibrations and shocks at the highest \/ lowest temperatures where power \/ signal switching must be in extremely severe conditions.<\/p>\n<p>MG Series<br \/>\nMG series bayonet locking system connectors are manufactured according to VG95234 standard JSS 50815. MG series reverse bayonet connectors have the same electrical properties and panel mounting dimensions as MIL C 5015 MS series connectors, but they can not be matched with the MS series at all. In addition to the MG series, it is also available in the MGR series, which has a higher vibration resistance and extends the wear-out life.<\/p>\n<p>Metric \/ Russian Range<br \/>\nMetric \/ Russian series connectors Multicontact circular connectors manufactured and designed according to JSS 50860 standard. These connectors are mainly used in tanks designed by Russia, in air vehicles and military vehicles.<\/p>\n<p>Custom Connectors<br \/>\nAllied can custom produce according to customer needs.<\/p>\n<p>Click<a href=\"http:\/\/www.aecconnectors.com\/index.html\"> here<\/a> for detailed information about the products.[\/vc_column_text][\/vc_column][\/vc_row][vc_row padding_bottom=&#8221;&#8221;][vc_column][vc_text_separator title=&#8221;Documents&#8221; title_align=&#8221;separator_align_left&#8221;][vc_row_inner][vc_column_inner width=&#8221;1\/4&#8243;][vc_single_image image=&#8221;3467&#8243; img_size=&#8221;full&#8221; style=&#8221;vc_box_outline&#8221;]<div class=\"text-left\"><a class=\"btn letter-spacing-50 with-icon btn-default hover-tip\" href=\"http:\/\/cevikltd.com.tr\/dokumanlar\/#allied-connectors\" target=\"_blank\" data-toggle=\"tooltip\" data-original-title=\"Related Documents\" data-placement=\"top\"><i class=\"icon-doc-text-inv\" ><\/i> Go to Files<\/a><\/div>[\/vc_column_inner][vc_column_inner width=&#8221;1\/4&#8243;][\/vc_column_inner][vc_column_inner width=&#8221;1\/4&#8243;][\/vc_column_inner][vc_column_inner width=&#8221;1\/4&#8243;][\/vc_column_inner][\/vc_row_inner][\/vc_column][\/vc_row][vc_row][vc_column]\n\t<div class=\"news-focus\">\n\t<div class=\"kleo-tabs tabbable\" data-interval=\"0\">\n\t\t\t<ul class=\"nav nav-tabs responsive-tabs tabs-style-line\"><li class=\"active\"><a href=\"#tab-\" data-toggle=\"tab\" onclick=\"return false;\"><\/a><\/li><\/ul>\n<div class=\"tab-content\">\n\t\t\t\n\t\t\t<div id=\"tab-\" class=\"tab-pane active\">\n\t\t\t\t<div class=\"row\"><div class=\"col-sm-6\"><div class=\"posts-listing standard-listing with-meta inline-meta\">\n                    <article id=\"post-3603\" class=\"post-3603 post type-post status-publish format-standard has-post-thumbnail hentry category-blog tag-allied-connectors-en tag-circular-connectors tag-connectors tag-defence tag-military tag-military-connectors tag-nato-connectors\">\n                        <div class=\"post-content animated animate-when-almost-visible el-appear\">\n\n                            <div class=\"article-media clearfix\">\n                                <div class=\"post-image\"><a href=\"https:\/\/cevikltd.com.tr\/en\/vg95234-series-military-connectors\/\" class=\"element-wrap\"><img src=\"https:\/\/cevikltd.com.tr\/wp-content\/uploads\/2020\/02\/VG95234-Serisi-Askeri-Konnektorler-480x270.jpg\" alt=\"VG95234 Series Military Connectors\"><span class=\"hover-element\"><i>+<\/i><\/span><\/a><\/div><!--end post-image-->                            <\/div>\n\n                            <h3 class=\"post-title entry-title\"><a href=\"https:\/\/cevikltd.com.tr\/en\/vg95234-series-military-connectors\/\" >VG95234 Series Military Connectors<\/a><\/h3>\n\n                            <div class=\"article-meta\">\n                                <span class=\"post-meta\">\n                                    <small class=\"meta-author author vcard\"><a class=\"url fn n\" href=\"https:\/\/cevikltd.com.tr\/en\/author\/betul\/\" title=\"View all POSTS by Bet\u00fcl Soylu\" rel=\"author\"> <span class=\"author-name\">Bet\u00fcl Soylu<\/span><\/a><\/small>, <small><a href=\"https:\/\/cevikltd.com.tr\/en\/vg95234-series-military-connectors\/\" rel=\"bookmark\" class=\"post-time\"><time class=\"entry-date\" datetime=\"2022-01-07T09:45:35+03:00\">7 January 2022<\/time><time class=\"modify-date hide hidden updated\" datetime=\"2022-01-27T13:32:03+03:00\">27 January 2022<\/time><\/a><\/small>, <small class=\"meta-category\"><a href=\"https:\/\/cevikltd.com.tr\/en\/category\/blog\/\" rel=\"category tag\">Blog<\/a>, <a href=\"https:\/\/cevikltd.com.tr\/en\/tag\/allied-connectors-en\/\" rel=\"tag\">Allied Connectors<\/a>, <a href=\"https:\/\/cevikltd.com.tr\/en\/tag\/circular-connectors\/\" rel=\"tag\">Circular Connectors<\/a>, <a href=\"https:\/\/cevikltd.com.tr\/en\/tag\/connectors\/\" rel=\"tag\">Connectors<\/a>, <a href=\"https:\/\/cevikltd.com.tr\/en\/tag\/defence\/\" rel=\"tag\">Defence<\/a>, <a href=\"https:\/\/cevikltd.com.tr\/en\/tag\/military\/\" rel=\"tag\">Military<\/a>, <a href=\"https:\/\/cevikltd.com.tr\/en\/tag\/military-connectors\/\" rel=\"tag\">Military Connectors<\/a>, <a href=\"https:\/\/cevikltd.com.tr\/en\/tag\/nato-connectors\/\" rel=\"tag\">Nato Connectors<\/a><\/small>, <small class=\"meta-comment-count\"><a href=\"https:\/\/cevikltd.com.tr\/en\/vg95234-series-military-connectors\/#comments\">0 <i class=\"icon-chat-1 hover-tip\" data-original-title=\"This article has 0 comments\" data-toggle=\"tooltip\" data-placement=\"top\"><\/i><\/a><\/small>                                <\/span>\n                            <\/div>\n\n                            <div class=\"entry-summary\">\n                                                                    <p>VG95234 Series Military Connectors are made by Allied Connectors as MG series which has reverse bayonet coupling system. These...<\/p>                                                            <\/div><!-- .entry-summary -->\n\n                        <\/div>\n                    <\/article>\n\n                    \n                        <\/div> <!-- .posts-listing -->\n                    <\/div> <!-- .col-sm-6 -->\n\n                    <div class=\"col-sm-6\">\n                        <div class=\"posts-listing left-thumb-listing\">\n\n                    \n                    \n                    <article id=\"post-2222\" class=\"post-2222 post type-post status-publish format-standard has-post-thumbnail hentry category-blog tag-allied-connectors-en tag-defence tag-military\">\n                        <div class=\"post-content animated animate-when-almost-visible el-appear\">\n\n                            <div class=\"article-media\">\n                                <div class=\"post-image\"><a href=\"https:\/\/cevikltd.com.tr\/en\/allied-connectors-5015-series-connectors\/\" class=\"element-wrap\"><img src=\"https:\/\/cevikltd.com.tr\/wp-content\/uploads\/2018\/06\/5015-Series-Connectors-220x192.jpg\" alt=\"Allied Connectors: 5015 Series Connectors\"><span class=\"hover-element\"><i>+<\/i><\/span><\/a><\/div><!--end post-image-->                            <\/div>\n\n                            <div class=\"post-date\">21 June 2018<\/div>\n\n                            <h3 class=\"post-title entry-title\"><a href=\"https:\/\/cevikltd.com.tr\/en\/allied-connectors-5015-series-connectors\/\" >Allied Connectors: 5015 Series Connectors<\/a><\/h3>\n\n                        <\/div>\n                    <\/article>\n\n                    <\/div><\/div><\/div>\n\t\t\t<\/div> <\/div>\n\t<\/div> <\/div>[\/vc_column][\/vc_row]<\/p>\n","protected":false},"excerpt":{"rendered":"<p>[vc_row padding_top=&#8221;&#8221;][vc_column][vc_single_image image=&#8221;2485&#8243; img_size=&#8221;medium&#8221; style=&#8221;vc_box_outline&#8221; onclick=&#8221;custom_link&#8221; img_link_target=&#8221;_blank&#8221; animation=&#8221;animate-when-visible&#8221; css_animation=&#8221;el-fade&#8221; link=&#8221;http:\/\/www.aecconnectors.com\/index.html&#8221;][vc_column_text]Allied Electronics, known as Allied Connector, was founded in 1966 by R.F. Co-Axial and PCB Edge connectors. Allied, India&#8217;s first multi-contact circular connector manufacturer, was a pioneer in the localization of connectors used by the Indian Armed Forces and played an active role in the creation of common specifications for connectors [&hellip;]<\/p>\n","protected":false},"author":1,"featured_media":0,"parent":1769,"menu_order":0,"comment_status":"closed","ping_status":"closed","template":"","meta":{"spay_email":""},"yoast_head":"<!-- This site is optimized with the Yoast SEO plugin v18.5 - https:\/\/yoast.com\/wordpress\/plugins\/seo\/ -->\n<title>Allied Connectors - \u00c7evik Ba\u011flant\u0131 Teknolojileri<\/title>\n<meta name=\"description\" content=\"Allied Connectors Turkey \u2013 \u00c7evik, stock a wide and deep variety of Allied Connectors products and give service with Cevik\u2019s experience and dedicated team.\" \/>\n<meta name=\"robots\" content=\"index, follow, max-snippet:-1, max-image-preview:large, max-video-preview:-1\" \/>\n<link rel=\"canonical\" href=\"https:\/\/cevikltd.com.tr\/en\/partners\/allied-connectors\/\" \/>\n<meta property=\"og:locale\" content=\"en_US\" \/>\n<meta property=\"og:type\" content=\"article\" \/>\n<meta property=\"og:title\" content=\"Allied Connectors - \u00c7evik Ba\u011flant\u0131 Teknolojileri\" \/>\n<meta property=\"og:description\" content=\"Allied Connectors Turkey \u2013 \u00c7evik, stock a wide and deep variety of Allied Connectors products and give service with Cevik\u2019s experience and dedicated team.\" \/>\n<meta property=\"og:url\" content=\"https:\/\/cevikltd.com.tr\/en\/partners\/allied-connectors\/\" \/>\n<meta property=\"og:site_name\" content=\"\u00c7evik Ba\u011flant\u0131 Teknolojileri\" \/>\n<meta property=\"article:publisher\" content=\"https:\/\/www.facebook.com\/pages\/%c3%87evik-Konnekt%c3%b6r-ve-Kablo-Montaj-Hizmetleri\/638389736272668\" \/>\n<meta property=\"article:modified_time\" content=\"2021-09-10T18:52:33+00:00\" \/>\n<meta name=\"twitter:card\" content=\"summary_large_image\" \/>\n<meta name=\"twitter:site\" content=\"@CevikKonnektor\" \/>\n<meta name=\"twitter:label1\" content=\"Est. reading time\" \/>\n\t<meta name=\"twitter:data1\" content=\"2 minutes\" \/>\n<script type=\"application\/ld+json\" class=\"yoast-schema-graph\">{\"@context\":\"https:\/\/schema.org\",\"@graph\":[{\"@type\":\"WebSite\",\"@id\":\"https:\/\/cevikltd.com.tr\/#website\",\"url\":\"https:\/\/cevikltd.com.tr\/\",\"name\":\"\u00c7evik Ba\u011flant\u0131 Teknolojileri\",\"description\":\"Teknolojiye Ba\u011flant\u0131 Noktan\u0131z\",\"potentialAction\":[{\"@type\":\"SearchAction\",\"target\":{\"@type\":\"EntryPoint\",\"urlTemplate\":\"https:\/\/cevikltd.com.tr\/?s={search_term_string}\"},\"query-input\":\"required name=search_term_string\"}],\"inLanguage\":\"en-US\"},{\"@type\":\"WebPage\",\"@id\":\"https:\/\/cevikltd.com.tr\/en\/partners\/allied-connectors\/#webpage\",\"url\":\"https:\/\/cevikltd.com.tr\/en\/partners\/allied-connectors\/\",\"name\":\"Allied Connectors - \u00c7evik Ba\u011flant\u0131 Teknolojileri\",\"isPartOf\":{\"@id\":\"https:\/\/cevikltd.com.tr\/#website\"},\"datePublished\":\"2017-12-11T20:13:58+00:00\",\"dateModified\":\"2021-09-10T18:52:33+00:00\",\"description\":\"Allied Connectors Turkey \u2013 \u00c7evik, stock a wide and deep variety of Allied Connectors products and give service with Cevik\u2019s experience and dedicated team.\",\"breadcrumb\":{\"@id\":\"https:\/\/cevikltd.com.tr\/en\/partners\/allied-connectors\/#breadcrumb\"},\"inLanguage\":\"en-US\",\"potentialAction\":[{\"@type\":\"ReadAction\",\"target\":[\"https:\/\/cevikltd.com.tr\/en\/partners\/allied-connectors\/\"]}]},{\"@type\":\"BreadcrumbList\",\"@id\":\"https:\/\/cevikltd.com.tr\/en\/partners\/allied-connectors\/#breadcrumb\",\"itemListElement\":[{\"@type\":\"ListItem\",\"position\":1,\"name\":\"Ana sayfa\",\"item\":\"https:\/\/cevikltd.com.tr\/en\/\"},{\"@type\":\"ListItem\",\"position\":2,\"name\":\"Partners\",\"item\":\"https:\/\/cevikltd.com.tr\/en\/partners\/\"},{\"@type\":\"ListItem\",\"position\":3,\"name\":\"Allied Connectors\"}]}]}<\/script>\n<!-- \/ Yoast SEO plugin. -->","yoast_head_json":{"title":"Allied Connectors - \u00c7evik Ba\u011flant\u0131 Teknolojileri","description":"Allied Connectors Turkey \u2013 \u00c7evik, stock a wide and deep variety of Allied Connectors products and give service with Cevik\u2019s experience and dedicated team.","robots":{"index":"index","follow":"follow","max-snippet":"max-snippet:-1","max-image-preview":"max-image-preview:large","max-video-preview":"max-video-preview:-1"},"canonical":"https:\/\/cevikltd.com.tr\/en\/partners\/allied-connectors\/","og_locale":"en_US","og_type":"article","og_title":"Allied Connectors - \u00c7evik Ba\u011flant\u0131 Teknolojileri","og_description":"Allied Connectors Turkey \u2013 \u00c7evik, stock a wide and deep variety of Allied Connectors products and give service with Cevik\u2019s experience and dedicated team.","og_url":"https:\/\/cevikltd.com.tr\/en\/partners\/allied-connectors\/","og_site_name":"\u00c7evik Ba\u011flant\u0131 Teknolojileri","article_publisher":"https:\/\/www.facebook.com\/pages\/%c3%87evik-Konnekt%c3%b6r-ve-Kablo-Montaj-Hizmetleri\/638389736272668","article_modified_time":"2021-09-10T18:52:33+00:00","twitter_card":"summary_large_image","twitter_site":"@CevikKonnektor","twitter_misc":{"Est. reading time":"2 minutes"},"schema":{"@context":"https:\/\/schema.org","@graph":[{"@type":"WebSite","@id":"https:\/\/cevikltd.com.tr\/#website","url":"https:\/\/cevikltd.com.tr\/","name":"\u00c7evik Ba\u011flant\u0131 Teknolojileri","description":"Teknolojiye Ba\u011flant\u0131 Noktan\u0131z","potentialAction":[{"@type":"SearchAction","target":{"@type":"EntryPoint","urlTemplate":"https:\/\/cevikltd.com.tr\/?s={search_term_string}"},"query-input":"required name=search_term_string"}],"inLanguage":"en-US"},{"@type":"WebPage","@id":"https:\/\/cevikltd.com.tr\/en\/partners\/allied-connectors\/#webpage","url":"https:\/\/cevikltd.com.tr\/en\/partners\/allied-connectors\/","name":"Allied Connectors - \u00c7evik Ba\u011flant\u0131 Teknolojileri","isPartOf":{"@id":"https:\/\/cevikltd.com.tr\/#website"},"datePublished":"2017-12-11T20:13:58+00:00","dateModified":"2021-09-10T18:52:33+00:00","description":"Allied Connectors Turkey \u2013 \u00c7evik, stock a wide and deep variety of Allied Connectors products and give service with Cevik\u2019s experience and dedicated team.","breadcrumb":{"@id":"https:\/\/cevikltd.com.tr\/en\/partners\/allied-connectors\/#breadcrumb"},"inLanguage":"en-US","potentialAction":[{"@type":"ReadAction","target":["https:\/\/cevikltd.com.tr\/en\/partners\/allied-connectors\/"]}]},{"@type":"BreadcrumbList","@id":"https:\/\/cevikltd.com.tr\/en\/partners\/allied-connectors\/#breadcrumb","itemListElement":[{"@type":"ListItem","position":1,"name":"Ana sayfa","item":"https:\/\/cevikltd.com.tr\/en\/"},{"@type":"ListItem","position":2,"name":"Partners","item":"https:\/\/cevikltd.com.tr\/en\/partners\/"},{"@type":"ListItem","position":3,"name":"Allied Connectors"}]}]}},"jetpack_sharing_enabled":true,"jetpack_shortlink":"https:\/\/wp.me\/P9xcy2-iT","_links":{"self":[{"href":"https:\/\/cevikltd.com.tr\/en\/wp-json\/wp\/v2\/pages\/1171"}],"collection":[{"href":"https:\/\/cevikltd.com.tr\/en\/wp-json\/wp\/v2\/pages"}],"about":[{"href":"https:\/\/cevikltd.com.tr\/en\/wp-json\/wp\/v2\/types\/page"}],"author":[{"embeddable":true,"href":"https:\/\/cevikltd.com.tr\/en\/wp-json\/wp\/v2\/users\/1"}],"replies":[{"embeddable":true,"href":"https:\/\/cevikltd.com.tr\/en\/wp-json\/wp\/v2\/comments?post=1171"}],"version-history":[{"count":16,"href":"https:\/\/cevikltd.com.tr\/en\/wp-json\/wp\/v2\/pages\/1171\/revisions"}],"predecessor-version":[{"id":6873,"href":"https:\/\/cevikltd.com.tr\/en\/wp-json\/wp\/v2\/pages\/1171\/revisions\/6873"}],"up":[{"embeddable":true,"href":"https:\/\/cevikltd.com.tr\/en\/wp-json\/wp\/v2\/pages\/1769"}],"wp:attachment":[{"href":"https:\/\/cevikltd.com.tr\/en\/wp-json\/wp\/v2\/media?parent=1171"}],"curies":[{"name":"wp","href":"https:\/\/api.w.org\/{rel}","templated":true}]}}