{"id":1772,"date":"2018-01-16T17:23:38","date_gmt":"2018-01-16T14:23:38","guid":{"rendered":"https:\/\/cevikltd.com.tr\/partners\/layher\/"},"modified":"2020-01-31T12:42:53","modified_gmt":"2020-01-31T09:42:53","slug":"layher-ag","status":"publish","type":"page","link":"https:\/\/cevikltd.com.tr\/en\/partners\/layher-ag\/","title":{"rendered":"Layher AG"},"content":{"rendered":"<p>[vc_row padding_top=&#8221;&#8221;][vc_column][vc_single_image image=&#8221;1056&#8243; img_size=&#8221;medium&#8221; style=&#8221;vc_box_outline&#8221; onclick=&#8221;custom_link&#8221; img_link_target=&#8221;_blank&#8221; animation=&#8221;animate-when-visible&#8221; css_animation=&#8221;el-fade&#8221; link=&#8221;http:\/\/www.layher-ag.de\/en\/products\/power-relays.html&#8221;][vc_column_text]Layher AG Turkey \u2013 \u00c7evik, stock a wide and deep variety of Layher AG products and give service with Cevik\u2019s experience and dedicated team.<\/p>\n<p>Quality relays from Layher are particularly flexible in their application: From 50 to 400 Ampere power output at 12, 24 and 48 Volts. Layher relays are the safe solution, as the closed design protects them from water and other influences. On request our relays are available with CAN bus capability and of bistable design.<\/p>\n<p><strong>Electronic Power Relay<\/strong><\/p>\n<p>Electronic power relays with auxiliary equipment; enabling the relay to be switched on and off by a remote control, automatic shutdown in the event of overcurrent in the load circuit, allows the display of the operating status via the output of the status signal. The Electronic Power Relay series can be selected from 80A to 300A current range.<\/p>\n<p><strong>High Performance Power Relay<\/strong><\/p>\n<p>High Performance Relays have the Mil-Spec Standards and High Shock and Vibration values, that is why these relays can be used easily at the defense industry and high-performance applications. The High Performance Power Relay series can be selected from 100A to 300A current range.<\/p>\n<p><strong>Bistable Power Relay<\/strong><\/p>\n<p>Bistable Power relays have a permanent magnet circuit with a permanent magnet lock, which allows the power relays to operate without the holding coil energy. Due to these characteristics Bistable Relays can be used in a wide range of commercial vehicles, railway vehicles, construction machinery or home technology. The Bistable Power Relay series can be selected from 100A to 300A current range.<\/p>\n<p><strong>Monostable Power Relay<\/strong><\/p>\n<p>Monostable Power Relays have NO, NC and NO \/ NC (Changeover) contact options. Monostable Power Relays are suitable for use in a wide range of applications, such as commercial vehicles and construction machinery. The Monostable Power Relay series can be selected from 50A to 400A current range.<\/p>\n<p><strong>Power Relay With Auxiliary Contacts<\/strong><\/p>\n<p>Due to Power Relay With Auxiliary Contacts have additonal contacts which provide safety allowing it to be used in larger areas. Power Relays With Auxiliary Contacts\u00a0 series can be selected from 100A to 300A current range.<\/p>\n<p><strong>Dual Coil Power Relay<\/strong><\/p>\n<p>The Dual Coil Power Relays are designed to meet your demands.\u00a0 Due to the double coil structure these relays can be use in the highest performance areas with maximum sealing, high shock and vibration ratings. Dual Coil Power Relay series can be selected from 200A to 300A current range.<\/p>\n<p>[\/vc_column_text][\/vc_column][\/vc_row][vc_row padding_bottom=&#8221;&#8221;][vc_column][vc_text_separator title=&#8221;Documents&#8221; title_align=&#8221;separator_align_left&#8221;][vc_row_inner][vc_column_inner width=&#8221;1\/4&#8243;][vc_single_image image=&#8221;3467&#8243; img_size=&#8221;full&#8221; style=&#8221;vc_box_outline&#8221;]<div class=\"text-left\"><a class=\"btn letter-spacing-50 with-icon btn-default hover-tip\" href=\"http:\/\/cevikltd.com.tr\/en\/documents\/#layher-ag\" target=\"_blank\" data-toggle=\"tooltip\" data-original-title=\"Releated Documents\" data-placement=\"top\"><i class=\"icon-doc-text-inv\" ><\/i> Go to Files<\/a><\/div>[\/vc_column_inner][vc_column_inner width=&#8221;1\/4&#8243;][\/vc_column_inner][vc_column_inner width=&#8221;1\/4&#8243;][\/vc_column_inner][vc_column_inner width=&#8221;1\/4&#8243;][\/vc_column_inner][\/vc_row_inner][\/vc_column][\/vc_row][vc_row][vc_column]\n\t<div class=\"news-focus\">\n\t<div class=\"kleo-tabs tabbable\" data-interval=\"0\">\n\t\t\t<ul class=\"nav nav-tabs responsive-tabs tabs-style-line\"><li class=\"active\"><a href=\"#tab-\" data-toggle=\"tab\" onclick=\"return false;\"><\/a><\/li><\/ul>\n<div class=\"tab-content\">\n\t\t\t\n\t\t\t<div id=\"tab-\" class=\"tab-pane active\">\n\t\t\t\t<div class=\"row\"><div class=\"col-sm-6\"><div class=\"posts-listing standard-listing with-meta inline-meta\">\n                    <article id=\"post-3648\" class=\"post-3648 post type-post status-publish format-standard has-post-thumbnail hentry category-blog tag-defence tag-layher-en tag-military tag-relays\">\n                        <div class=\"post-content animated animate-when-almost-visible el-appear\">\n\n                            <div class=\"article-media clearfix\">\n                                <div class=\"post-image\"><a href=\"https:\/\/cevikltd.com.tr\/en\/military-power-relays\/\" class=\"element-wrap\"><img src=\"https:\/\/cevikltd.com.tr\/wp-content\/uploads\/2022\/03\/military-power-relays-480x270.jpg\" alt=\"Military Power Relays\"><span class=\"hover-element\"><i>+<\/i><\/span><\/a><\/div><!--end post-image-->                            <\/div>\n\n                            <h3 class=\"post-title entry-title\"><a href=\"https:\/\/cevikltd.com.tr\/en\/military-power-relays\/\" >Military Power Relays<\/a><\/h3>\n\n                            <div class=\"article-meta\">\n                                <span class=\"post-meta\">\n                                    <small class=\"meta-author author vcard\"><a class=\"url fn n\" href=\"https:\/\/cevikltd.com.tr\/en\/author\/betul\/\" title=\"View all POSTS by Bet\u00fcl Soylu\" rel=\"author\"> <span class=\"author-name\">Bet\u00fcl Soylu<\/span><\/a><\/small>, <small><a href=\"https:\/\/cevikltd.com.tr\/en\/military-power-relays\/\" rel=\"bookmark\" class=\"post-time\"><time class=\"entry-date\" datetime=\"2022-03-30T09:45:04+03:00\">30 March 2022<\/time><time class=\"modify-date hide hidden updated\" datetime=\"2022-03-30T13:29:41+03:00\">30 March 2022<\/time><\/a><\/small>, <small class=\"meta-category\"><a href=\"https:\/\/cevikltd.com.tr\/en\/category\/blog\/\" rel=\"category tag\">Blog<\/a>, <a href=\"https:\/\/cevikltd.com.tr\/en\/tag\/defence\/\" rel=\"tag\">Defence<\/a>, <a href=\"https:\/\/cevikltd.com.tr\/en\/tag\/layher-en\/\" rel=\"tag\">Layher<\/a>, <a href=\"https:\/\/cevikltd.com.tr\/en\/tag\/military\/\" rel=\"tag\">Military<\/a>, <a href=\"https:\/\/cevikltd.com.tr\/en\/tag\/relays\/\" rel=\"tag\">Relays<\/a><\/small>, <small class=\"meta-comment-count\"><a href=\"https:\/\/cevikltd.com.tr\/en\/military-power-relays\/#comments\">0 <i class=\"icon-chat-1 hover-tip\" data-original-title=\"This article has 0 comments\" data-toggle=\"tooltip\" data-placement=\"top\"><\/i><\/a><\/small>                                <\/span>\n                            <\/div>\n\n                            <div class=\"entry-summary\">\n                                                                    <p>Military Power relays are designed for fields of application with the highest demands, such as in the defence sector...<\/p>                                                            <\/div><!-- .entry-summary -->\n\n                        <\/div>\n                    <\/article>\n\n                    \n                        <\/div> <!-- .posts-listing -->\n                    <\/div> <!-- .col-sm-6 -->\n\n                    <div class=\"col-sm-6\">\n                        <div class=\"posts-listing left-thumb-listing\">\n\n                    \n                    \n                    <article id=\"post-5567\" class=\"post-5567 post type-post status-publish format-standard has-post-thumbnail hentry category-blog tag-layher-en tag-relays\">\n                        <div class=\"post-content animated animate-when-almost-visible el-appear\">\n\n                            <div class=\"article-media\">\n                                <div class=\"post-image\"><a href=\"https:\/\/cevikltd.com.tr\/en\/power-relays\/\" class=\"element-wrap\"><img src=\"https:\/\/cevikltd.com.tr\/wp-content\/uploads\/2020\/12\/Guc-Rolesi-220x192.jpg\" alt=\"Power Relays\"><span class=\"hover-element\"><i>+<\/i><\/span><\/a><\/div><!--end post-image-->                            <\/div>\n\n                            <div class=\"post-date\">21 January 2022<\/div>\n\n                            <h3 class=\"post-title entry-title\"><a href=\"https:\/\/cevikltd.com.tr\/en\/power-relays\/\" >Power Relays<\/a><\/h3>\n\n                        <\/div>\n                    <\/article>\n\n                    \n                    <article id=\"post-2451\" class=\"post-2451 post type-post status-publish format-standard has-post-thumbnail hentry category-blog tag-defence tag-layher-en tag-military tag-relays\">\n                        <div class=\"post-content animated animate-when-almost-visible el-appear\">\n\n                            <div class=\"article-media\">\n                                <div class=\"post-image\"><a href=\"https:\/\/cevikltd.com.tr\/en\/high-performance-relays\/\" class=\"element-wrap\"><img src=\"https:\/\/cevikltd.com.tr\/wp-content\/uploads\/2019\/02\/layher-haber-taslak-220x192.jpg\" alt=\"High-Performance Relays\"><span class=\"hover-element\"><i>+<\/i><\/span><\/a><\/div><!--end post-image-->                            <\/div>\n\n                            <div class=\"post-date\">28 February 2019<\/div>\n\n                            <h3 class=\"post-title entry-title\"><a href=\"https:\/\/cevikltd.com.tr\/en\/high-performance-relays\/\" >High-Performance Relays<\/a><\/h3>\n\n                        <\/div>\n                    <\/article>\n\n                    \n                    <article id=\"post-2004\" class=\"post-2004 post type-post status-publish format-standard has-post-thumbnail hentry category-blog tag-commercial-vehicles tag-construction-machines-en tag-layher-en tag-relays\">\n                        <div class=\"post-content animated animate-when-almost-visible el-appear\">\n\n                            <div class=\"article-media\">\n                                <div class=\"post-image\"><a href=\"https:\/\/cevikltd.com.tr\/en\/monostable-power-relays\/\" class=\"element-wrap\"><img src=\"https:\/\/cevikltd.com.tr\/wp-content\/uploads\/2018\/02\/Layher-Monostable-power-relays-TR-2-220x192.jpg\" alt=\"Monostable Power Relays\"><span class=\"hover-element\"><i>+<\/i><\/span><\/a><\/div><!--end post-image-->                            <\/div>\n\n                            <div class=\"post-date\">26 February 2018<\/div>\n\n                            <h3 class=\"post-title entry-title\"><a href=\"https:\/\/cevikltd.com.tr\/en\/monostable-power-relays\/\" >Monostable Power Relays<\/a><\/h3>\n\n                        <\/div>\n                    <\/article>\n\n                    <\/div><\/div><\/div>\n\t\t\t<\/div> <\/div>\n\t<\/div> <\/div>[\/vc_column][\/vc_row]<\/p>\n","protected":false},"excerpt":{"rendered":"<p>[vc_row padding_top=&#8221;&#8221;][vc_column][vc_single_image image=&#8221;1056&#8243; img_size=&#8221;medium&#8221; style=&#8221;vc_box_outline&#8221; onclick=&#8221;custom_link&#8221; img_link_target=&#8221;_blank&#8221; animation=&#8221;animate-when-visible&#8221; css_animation=&#8221;el-fade&#8221; link=&#8221;http:\/\/www.layher-ag.de\/en\/products\/power-relays.html&#8221;][vc_column_text]Layher AG Turkey \u2013 \u00c7evik, stock a wide and deep variety of Layher AG products and give service with Cevik\u2019s experience and dedicated team. Quality relays from Layher are particularly flexible in their application: From 50 to 400 Ampere power output at 12, 24 and 48 Volts. Layher relays are the [&hellip;]<\/p>\n","protected":false},"author":1,"featured_media":0,"parent":1769,"menu_order":0,"comment_status":"closed","ping_status":"closed","template":"","meta":{"spay_email":""},"yoast_head":"<!-- This site is optimized with the Yoast SEO plugin v18.5 - https:\/\/yoast.com\/wordpress\/plugins\/seo\/ -->\n<title>Layher AG - \u00c7evik Ba\u011flant\u0131 Teknolojileri<\/title>\n<meta name=\"description\" content=\"Layher AG Turkey \u2013 \u00c7evik, stock a wide and deep variety of Layher AG products and give service with Cevik\u2019s experience and dedicated team.\" \/>\n<meta name=\"robots\" content=\"index, follow, max-snippet:-1, max-image-preview:large, max-video-preview:-1\" \/>\n<link rel=\"canonical\" href=\"https:\/\/cevikltd.com.tr\/en\/partners\/layher-ag\/\" \/>\n<meta property=\"og:locale\" content=\"en_US\" \/>\n<meta property=\"og:type\" content=\"article\" \/>\n<meta property=\"og:title\" content=\"Layher AG - \u00c7evik Ba\u011flant\u0131 Teknolojileri\" \/>\n<meta property=\"og:description\" content=\"Layher AG Turkey \u2013 \u00c7evik, stock a wide and deep variety of Layher AG products and give service with Cevik\u2019s experience and dedicated team.\" \/>\n<meta property=\"og:url\" content=\"https:\/\/cevikltd.com.tr\/en\/partners\/layher-ag\/\" \/>\n<meta property=\"og:site_name\" content=\"\u00c7evik Ba\u011flant\u0131 Teknolojileri\" \/>\n<meta property=\"article:publisher\" content=\"https:\/\/www.facebook.com\/pages\/%c3%87evik-Konnekt%c3%b6r-ve-Kablo-Montaj-Hizmetleri\/638389736272668\" \/>\n<meta property=\"article:modified_time\" content=\"2020-01-31T09:42:53+00:00\" \/>\n<meta name=\"twitter:card\" content=\"summary_large_image\" \/>\n<meta name=\"twitter:site\" content=\"@CevikKonnektor\" \/>\n<meta name=\"twitter:label1\" content=\"Est. reading time\" \/>\n\t<meta name=\"twitter:data1\" content=\"3 minutes\" \/>\n<script type=\"application\/ld+json\" class=\"yoast-schema-graph\">{\"@context\":\"https:\/\/schema.org\",\"@graph\":[{\"@type\":\"WebSite\",\"@id\":\"https:\/\/cevikltd.com.tr\/#website\",\"url\":\"https:\/\/cevikltd.com.tr\/\",\"name\":\"\u00c7evik Ba\u011flant\u0131 Teknolojileri\",\"description\":\"Teknolojiye Ba\u011flant\u0131 Noktan\u0131z\",\"potentialAction\":[{\"@type\":\"SearchAction\",\"target\":{\"@type\":\"EntryPoint\",\"urlTemplate\":\"https:\/\/cevikltd.com.tr\/?s={search_term_string}\"},\"query-input\":\"required name=search_term_string\"}],\"inLanguage\":\"en-US\"},{\"@type\":\"WebPage\",\"@id\":\"https:\/\/cevikltd.com.tr\/en\/partners\/layher-ag\/#webpage\",\"url\":\"https:\/\/cevikltd.com.tr\/en\/partners\/layher-ag\/\",\"name\":\"Layher AG - \u00c7evik Ba\u011flant\u0131 Teknolojileri\",\"isPartOf\":{\"@id\":\"https:\/\/cevikltd.com.tr\/#website\"},\"datePublished\":\"2018-01-16T14:23:38+00:00\",\"dateModified\":\"2020-01-31T09:42:53+00:00\",\"description\":\"Layher AG Turkey \u2013 \u00c7evik, stock a wide and deep variety of Layher AG products and give service with Cevik\u2019s experience and dedicated team.\",\"breadcrumb\":{\"@id\":\"https:\/\/cevikltd.com.tr\/en\/partners\/layher-ag\/#breadcrumb\"},\"inLanguage\":\"en-US\",\"potentialAction\":[{\"@type\":\"ReadAction\",\"target\":[\"https:\/\/cevikltd.com.tr\/en\/partners\/layher-ag\/\"]}]},{\"@type\":\"BreadcrumbList\",\"@id\":\"https:\/\/cevikltd.com.tr\/en\/partners\/layher-ag\/#breadcrumb\",\"itemListElement\":[{\"@type\":\"ListItem\",\"position\":1,\"name\":\"Ana sayfa\",\"item\":\"https:\/\/cevikltd.com.tr\/en\/\"},{\"@type\":\"ListItem\",\"position\":2,\"name\":\"Partners\",\"item\":\"https:\/\/cevikltd.com.tr\/en\/partners\/\"},{\"@type\":\"ListItem\",\"position\":3,\"name\":\"Layher AG\"}]}]}<\/script>\n<!-- \/ Yoast SEO plugin. -->","yoast_head_json":{"title":"Layher AG - \u00c7evik Ba\u011flant\u0131 Teknolojileri","description":"Layher AG Turkey \u2013 \u00c7evik, stock a wide and deep variety of Layher AG products and give service with Cevik\u2019s experience and dedicated team.","robots":{"index":"index","follow":"follow","max-snippet":"max-snippet:-1","max-image-preview":"max-image-preview:large","max-video-preview":"max-video-preview:-1"},"canonical":"https:\/\/cevikltd.com.tr\/en\/partners\/layher-ag\/","og_locale":"en_US","og_type":"article","og_title":"Layher AG - \u00c7evik Ba\u011flant\u0131 Teknolojileri","og_description":"Layher AG Turkey \u2013 \u00c7evik, stock a wide and deep variety of Layher AG products and give service with Cevik\u2019s experience and dedicated team.","og_url":"https:\/\/cevikltd.com.tr\/en\/partners\/layher-ag\/","og_site_name":"\u00c7evik Ba\u011flant\u0131 Teknolojileri","article_publisher":"https:\/\/www.facebook.com\/pages\/%c3%87evik-Konnekt%c3%b6r-ve-Kablo-Montaj-Hizmetleri\/638389736272668","article_modified_time":"2020-01-31T09:42:53+00:00","twitter_card":"summary_large_image","twitter_site":"@CevikKonnektor","twitter_misc":{"Est. reading time":"3 minutes"},"schema":{"@context":"https:\/\/schema.org","@graph":[{"@type":"WebSite","@id":"https:\/\/cevikltd.com.tr\/#website","url":"https:\/\/cevikltd.com.tr\/","name":"\u00c7evik Ba\u011flant\u0131 Teknolojileri","description":"Teknolojiye Ba\u011flant\u0131 Noktan\u0131z","potentialAction":[{"@type":"SearchAction","target":{"@type":"EntryPoint","urlTemplate":"https:\/\/cevikltd.com.tr\/?s={search_term_string}"},"query-input":"required name=search_term_string"}],"inLanguage":"en-US"},{"@type":"WebPage","@id":"https:\/\/cevikltd.com.tr\/en\/partners\/layher-ag\/#webpage","url":"https:\/\/cevikltd.com.tr\/en\/partners\/layher-ag\/","name":"Layher AG - \u00c7evik Ba\u011flant\u0131 Teknolojileri","isPartOf":{"@id":"https:\/\/cevikltd.com.tr\/#website"},"datePublished":"2018-01-16T14:23:38+00:00","dateModified":"2020-01-31T09:42:53+00:00","description":"Layher AG Turkey \u2013 \u00c7evik, stock a wide and deep variety of Layher AG products and give service with Cevik\u2019s experience and dedicated team.","breadcrumb":{"@id":"https:\/\/cevikltd.com.tr\/en\/partners\/layher-ag\/#breadcrumb"},"inLanguage":"en-US","potentialAction":[{"@type":"ReadAction","target":["https:\/\/cevikltd.com.tr\/en\/partners\/layher-ag\/"]}]},{"@type":"BreadcrumbList","@id":"https:\/\/cevikltd.com.tr\/en\/partners\/layher-ag\/#breadcrumb","itemListElement":[{"@type":"ListItem","position":1,"name":"Ana sayfa","item":"https:\/\/cevikltd.com.tr\/en\/"},{"@type":"ListItem","position":2,"name":"Partners","item":"https:\/\/cevikltd.com.tr\/en\/partners\/"},{"@type":"ListItem","position":3,"name":"Layher AG"}]}]}},"jetpack_sharing_enabled":true,"jetpack_shortlink":"https:\/\/wp.me\/P9xcy2-sA","_links":{"self":[{"href":"https:\/\/cevikltd.com.tr\/en\/wp-json\/wp\/v2\/pages\/1772"}],"collection":[{"href":"https:\/\/cevikltd.com.tr\/en\/wp-json\/wp\/v2\/pages"}],"about":[{"href":"https:\/\/cevikltd.com.tr\/en\/wp-json\/wp\/v2\/types\/page"}],"author":[{"embeddable":true,"href":"https:\/\/cevikltd.com.tr\/en\/wp-json\/wp\/v2\/users\/1"}],"replies":[{"embeddable":true,"href":"https:\/\/cevikltd.com.tr\/en\/wp-json\/wp\/v2\/comments?post=1772"}],"version-history":[{"count":7,"href":"https:\/\/cevikltd.com.tr\/en\/wp-json\/wp\/v2\/pages\/1772\/revisions"}],"predecessor-version":[{"id":3505,"href":"https:\/\/cevikltd.com.tr\/en\/wp-json\/wp\/v2\/pages\/1772\/revisions\/3505"}],"up":[{"embeddable":true,"href":"https:\/\/cevikltd.com.tr\/en\/wp-json\/wp\/v2\/pages\/1769"}],"wp:attachment":[{"href":"https:\/\/cevikltd.com.tr\/en\/wp-json\/wp\/v2\/media?parent=1772"}],"curies":[{"name":"wp","href":"https:\/\/api.w.org\/{rel}","templated":true}]}}