{"id":1787,"date":"2018-01-16T17:57:49","date_gmt":"2018-01-16T14:57:49","guid":{"rendered":"https:\/\/cevikltd.com.tr\/partners\/sumitomo\/"},"modified":"2020-03-05T11:54:29","modified_gmt":"2020-03-05T08:54:29","slug":"sumitomo-electric","status":"publish","type":"page","link":"https:\/\/cevikltd.com.tr\/en\/partners\/others\/sumitomo-electric\/","title":{"rendered":"Sumitomo Electric"},"content":{"rendered":"<p>[vc_row padding_top=&#8221;&#8221;][vc_column][vc_single_image image=&#8221;366&#8243; img_size=&#8221;medium&#8221; style=&#8221;vc_box_outline&#8221; onclick=&#8221;custom_link&#8221; img_link_target=&#8221;_blank&#8221; animation=&#8221;animate-when-visible&#8221; css_animation=&#8221;el-fade&#8221; link=&#8221;http:\/\/www.sumitube.com\/en\/&#8221;][vc_column_text]Sumitomo Electric Turkey \u2013 \u00c7evik, stock a wide and deep variety of Sumitomo Electric products and give service with Cevik\u2019s experience and dedicated team.<\/p>\n<p>Since Japan&#8217;s first installation of an industrial electron beam generator on Sumitomo Electric&#8217;s premises in 1964, the company has put its resources into developing and commercializing various products using its original electron beam irradiation technology for plastics.<\/p>\n<p>When irradiated with an electron beam (a flow of electrons that are accelerated in a vacuum using high voltage), certain plastic materials develop cross-linkage (a reaction that creates new chemical bonds between plastic molecules). As a result, the heat resistance, shape-memory effect, oil\/chemical resistance, and various other properties of the plastic are improved.<\/p>\n<p>Product Range<\/p>\n<p>SUMITUBE \u2013 Heat Shrink Tubing<br \/>\n\u2022 Products for Defense and Aerospace<br \/>\n\u2022 General Purpose<br \/>\nJUDD WIRE &#8211; Aerospace Wire &amp; Cable<br \/>\n\u2022 SuperComposite\u00ae 200<br \/>\n\u2022 Fiber Optic Cables<br \/>\n\u2022 SAE-AS-22759 \/ M22759<br \/>\n\u2022 SAE-AS-85485 \/ M85485<br \/>\n\u2022 NEMA WC 27500<br \/>\nSUMIMARK IV<\/p>\n<p>SUMITAG &#8211; STP-300 DS Double Sided Printer<\/p>\n<p>STS<br \/>\n\u2022 Solder Termination Sleeves<\/p>\n<p>[\/vc_column_text][\/vc_column][\/vc_row][vc_row padding_bottom=&#8221;&#8221;][vc_column][vc_text_separator title=&#8221;Documents&#8221; title_align=&#8221;separator_align_left&#8221;][vc_row_inner][vc_column_inner width=&#8221;1\/4&#8243;][vc_single_image image=&#8221;3467&#8243; img_size=&#8221;full&#8221; style=&#8221;vc_box_outline&#8221;]<div class=\"text-left\"><a class=\"btn letter-spacing-50 with-icon btn-default hover-tip\" href=\"http:\/\/cevikltd.com.tr\/en\/documents\/#sumitomo-electric\" target=\"_blank\" data-toggle=\"tooltip\" data-original-title=\"Releated Documents\" data-placement=\"top\"><i class=\"icon-doc-text-inv\" ><\/i> Go to Files<\/a><\/div>[\/vc_column_inner][vc_column_inner width=&#8221;1\/4&#8243;][\/vc_column_inner][vc_column_inner width=&#8221;1\/4&#8243;][\/vc_column_inner][vc_column_inner width=&#8221;1\/4&#8243;][\/vc_column_inner][\/vc_row_inner][\/vc_column][\/vc_row][vc_row][vc_column]\n\t<div class=\"news-focus\">\n\t<div class=\"kleo-tabs tabbable\" data-interval=\"0\">\n\t\t\t<ul class=\"nav nav-tabs responsive-tabs tabs-style-line\"><li class=\"active\"><a href=\"#tab-\" data-toggle=\"tab\" onclick=\"return false;\"><\/a><\/li><\/ul>\n<div class=\"tab-content\">\n\t\t\t\n\t\t\t<div id=\"tab-\" class=\"tab-pane active\">\n\t\t\t\t<div class=\"row\"><div class=\"col-sm-6\"><div class=\"posts-listing standard-listing with-meta inline-meta\">\n                    <article id=\"post-1995\" class=\"post-1995 post type-post status-publish format-standard has-post-thumbnail hentry category-blog tag-sumitomo-en tag-tubings\">\n                        <div class=\"post-content animated animate-when-almost-visible el-appear\">\n\n                            <div class=\"article-media clearfix\">\n                                <div class=\"post-image\"><a href=\"https:\/\/cevikltd.com.tr\/en\/sumitomo-electric-sumitube-an25-tubing\/\" class=\"element-wrap\"><img src=\"https:\/\/cevikltd.com.tr\/wp-content\/uploads\/2018\/02\/Sumitube-AN25-Tubing-480x270.jpg\" alt=\"Sumitomo Electric: Sumitube AN25 Tubing\"><span class=\"hover-element\"><i>+<\/i><\/span><\/a><\/div><!--end post-image-->                            <\/div>\n\n                            <h3 class=\"post-title entry-title\"><a href=\"https:\/\/cevikltd.com.tr\/en\/sumitomo-electric-sumitube-an25-tubing\/\" >Sumitomo Electric: Sumitube AN25 Tubing<\/a><\/h3>\n\n                            <div class=\"article-meta\">\n                                <span class=\"post-meta\">\n                                    <small class=\"meta-author author vcard\"><a class=\"url fn n\" href=\"https:\/\/cevikltd.com.tr\/en\/author\/betul\/\" title=\"View all POSTS by Bet\u00fcl Soylu\" rel=\"author\"> <span class=\"author-name\">Bet\u00fcl Soylu<\/span><\/a><\/small>, <small><a href=\"https:\/\/cevikltd.com.tr\/en\/sumitomo-electric-sumitube-an25-tubing\/\" rel=\"bookmark\" class=\"post-time\"><time class=\"entry-date\" datetime=\"2018-02-19T16:19:46+03:00\">19 February 2018<\/time><time class=\"modify-date hide hidden updated\" datetime=\"2018-02-19T16:21:53+03:00\">19 February 2018<\/time><\/a><\/small>, <small class=\"meta-category\"><a href=\"https:\/\/cevikltd.com.tr\/en\/category\/blog\/\" rel=\"category tag\">Blog<\/a>, <a href=\"https:\/\/cevikltd.com.tr\/en\/tag\/sumitomo-en\/\" rel=\"tag\">Sumitomo<\/a>, <a href=\"https:\/\/cevikltd.com.tr\/en\/tag\/tubings\/\" rel=\"tag\">Tubings<\/a><\/small>, <small class=\"meta-comment-count\"><a href=\"https:\/\/cevikltd.com.tr\/en\/sumitomo-electric-sumitube-an25-tubing\/#comments\">0 <i class=\"icon-chat-1 hover-tip\" data-original-title=\"This article has 0 comments\" data-toggle=\"tooltip\" data-placement=\"top\"><\/i><\/a><\/small>                                <\/span>\n                            <\/div>\n\n                            <div class=\"entry-summary\">\n                                                                    <p>Sumitube\u00a0AN25\u00a0Tubing is a heat shrinkable tubing made of cross-linked elastomeric material. It is flexible, flame retardant, abrasion- fluid- and...<\/p>                                                            <\/div><!-- .entry-summary -->\n\n                        <\/div>\n                    <\/article>\n\n                    \n                        <\/div> <!-- .posts-listing -->\n                    <\/div> <!-- .col-sm-6 -->\n\n                    <div class=\"col-sm-6\">\n                        <div class=\"posts-listing left-thumb-listing\">\n\n                    \n                    <\/div><\/div><\/div>\n\t\t\t<\/div> <\/div>\n\t<\/div> <\/div>[\/vc_column][\/vc_row]<\/p>\n","protected":false},"excerpt":{"rendered":"<p>[vc_row padding_top=&#8221;&#8221;][vc_column][vc_single_image image=&#8221;366&#8243; img_size=&#8221;medium&#8221; style=&#8221;vc_box_outline&#8221; onclick=&#8221;custom_link&#8221; img_link_target=&#8221;_blank&#8221; animation=&#8221;animate-when-visible&#8221; css_animation=&#8221;el-fade&#8221; link=&#8221;http:\/\/www.sumitube.com\/en\/&#8221;][vc_column_text]Sumitomo Electric Turkey \u2013 \u00c7evik, stock a wide and deep variety of Sumitomo Electric products and give service with Cevik\u2019s experience and dedicated team. Since Japan&#8217;s first installation of an industrial electron beam generator on Sumitomo Electric&#8217;s premises in 1964, the company has put its resources into developing and commercializing various [&hellip;]<\/p>\n","protected":false},"author":1,"featured_media":0,"parent":1794,"menu_order":7,"comment_status":"closed","ping_status":"closed","template":"","meta":{"spay_email":""},"yoast_head":"<!-- This site is optimized with the Yoast SEO plugin v18.5 - https:\/\/yoast.com\/wordpress\/plugins\/seo\/ -->\n<title>Sumitomo Electric - \u00c7evik Ba\u011flant\u0131 Teknolojileri<\/title>\n<meta name=\"description\" content=\"Sumitomo Electric Turkey \u2013 \u00c7evik, stock a wide and deep variety of Sumitomo Electric products and give service with Cevik\u2019s experience and dedicated team.\" \/>\n<meta name=\"robots\" content=\"index, follow, max-snippet:-1, max-image-preview:large, max-video-preview:-1\" \/>\n<link rel=\"canonical\" href=\"https:\/\/cevikltd.com.tr\/en\/partners\/others\/sumitomo-electric\/\" \/>\n<meta property=\"og:locale\" content=\"en_US\" \/>\n<meta property=\"og:type\" content=\"article\" \/>\n<meta property=\"og:title\" content=\"Sumitomo Electric - \u00c7evik Ba\u011flant\u0131 Teknolojileri\" \/>\n<meta property=\"og:description\" content=\"Sumitomo Electric Turkey \u2013 \u00c7evik, stock a wide and deep variety of Sumitomo Electric products and give service with Cevik\u2019s experience and dedicated team.\" \/>\n<meta property=\"og:url\" content=\"https:\/\/cevikltd.com.tr\/en\/partners\/others\/sumitomo-electric\/\" \/>\n<meta property=\"og:site_name\" content=\"\u00c7evik Ba\u011flant\u0131 Teknolojileri\" \/>\n<meta property=\"article:publisher\" content=\"https:\/\/www.facebook.com\/pages\/%c3%87evik-Konnekt%c3%b6r-ve-Kablo-Montaj-Hizmetleri\/638389736272668\" \/>\n<meta property=\"article:modified_time\" content=\"2020-03-05T08:54:29+00:00\" \/>\n<meta name=\"twitter:card\" content=\"summary_large_image\" \/>\n<meta name=\"twitter:site\" content=\"@CevikKonnektor\" \/>\n<meta name=\"twitter:label1\" content=\"Est. reading time\" \/>\n\t<meta name=\"twitter:data1\" content=\"2 minutes\" \/>\n<script type=\"application\/ld+json\" class=\"yoast-schema-graph\">{\"@context\":\"https:\/\/schema.org\",\"@graph\":[{\"@type\":\"WebSite\",\"@id\":\"https:\/\/cevikltd.com.tr\/#website\",\"url\":\"https:\/\/cevikltd.com.tr\/\",\"name\":\"\u00c7evik Ba\u011flant\u0131 Teknolojileri\",\"description\":\"Teknolojiye Ba\u011flant\u0131 Noktan\u0131z\",\"potentialAction\":[{\"@type\":\"SearchAction\",\"target\":{\"@type\":\"EntryPoint\",\"urlTemplate\":\"https:\/\/cevikltd.com.tr\/?s={search_term_string}\"},\"query-input\":\"required name=search_term_string\"}],\"inLanguage\":\"en-US\"},{\"@type\":\"WebPage\",\"@id\":\"https:\/\/cevikltd.com.tr\/en\/partners\/others\/sumitomo-electric\/#webpage\",\"url\":\"https:\/\/cevikltd.com.tr\/en\/partners\/others\/sumitomo-electric\/\",\"name\":\"Sumitomo Electric - \u00c7evik Ba\u011flant\u0131 Teknolojileri\",\"isPartOf\":{\"@id\":\"https:\/\/cevikltd.com.tr\/#website\"},\"datePublished\":\"2018-01-16T14:57:49+00:00\",\"dateModified\":\"2020-03-05T08:54:29+00:00\",\"description\":\"Sumitomo Electric Turkey \u2013 \u00c7evik, stock a wide and deep variety of Sumitomo Electric products and give service with Cevik\u2019s experience and dedicated team.\",\"breadcrumb\":{\"@id\":\"https:\/\/cevikltd.com.tr\/en\/partners\/others\/sumitomo-electric\/#breadcrumb\"},\"inLanguage\":\"en-US\",\"potentialAction\":[{\"@type\":\"ReadAction\",\"target\":[\"https:\/\/cevikltd.com.tr\/en\/partners\/others\/sumitomo-electric\/\"]}]},{\"@type\":\"BreadcrumbList\",\"@id\":\"https:\/\/cevikltd.com.tr\/en\/partners\/others\/sumitomo-electric\/#breadcrumb\",\"itemListElement\":[{\"@type\":\"ListItem\",\"position\":1,\"name\":\"Ana sayfa\",\"item\":\"https:\/\/cevikltd.com.tr\/en\/\"},{\"@type\":\"ListItem\",\"position\":2,\"name\":\"Partners\",\"item\":\"https:\/\/cevikltd.com.tr\/en\/partners\/\"},{\"@type\":\"ListItem\",\"position\":3,\"name\":\"Others\",\"item\":\"https:\/\/cevikltd.com.tr\/en\/partners\/others\/\"},{\"@type\":\"ListItem\",\"position\":4,\"name\":\"Sumitomo Electric\"}]}]}<\/script>\n<!-- \/ Yoast SEO plugin. -->","yoast_head_json":{"title":"Sumitomo Electric - \u00c7evik Ba\u011flant\u0131 Teknolojileri","description":"Sumitomo Electric Turkey \u2013 \u00c7evik, stock a wide and deep variety of Sumitomo Electric products and give service with Cevik\u2019s experience and dedicated team.","robots":{"index":"index","follow":"follow","max-snippet":"max-snippet:-1","max-image-preview":"max-image-preview:large","max-video-preview":"max-video-preview:-1"},"canonical":"https:\/\/cevikltd.com.tr\/en\/partners\/others\/sumitomo-electric\/","og_locale":"en_US","og_type":"article","og_title":"Sumitomo Electric - \u00c7evik Ba\u011flant\u0131 Teknolojileri","og_description":"Sumitomo Electric Turkey \u2013 \u00c7evik, stock a wide and deep variety of Sumitomo Electric products and give service with Cevik\u2019s experience and dedicated team.","og_url":"https:\/\/cevikltd.com.tr\/en\/partners\/others\/sumitomo-electric\/","og_site_name":"\u00c7evik Ba\u011flant\u0131 Teknolojileri","article_publisher":"https:\/\/www.facebook.com\/pages\/%c3%87evik-Konnekt%c3%b6r-ve-Kablo-Montaj-Hizmetleri\/638389736272668","article_modified_time":"2020-03-05T08:54:29+00:00","twitter_card":"summary_large_image","twitter_site":"@CevikKonnektor","twitter_misc":{"Est. reading time":"2 minutes"},"schema":{"@context":"https:\/\/schema.org","@graph":[{"@type":"WebSite","@id":"https:\/\/cevikltd.com.tr\/#website","url":"https:\/\/cevikltd.com.tr\/","name":"\u00c7evik Ba\u011flant\u0131 Teknolojileri","description":"Teknolojiye Ba\u011flant\u0131 Noktan\u0131z","potentialAction":[{"@type":"SearchAction","target":{"@type":"EntryPoint","urlTemplate":"https:\/\/cevikltd.com.tr\/?s={search_term_string}"},"query-input":"required name=search_term_string"}],"inLanguage":"en-US"},{"@type":"WebPage","@id":"https:\/\/cevikltd.com.tr\/en\/partners\/others\/sumitomo-electric\/#webpage","url":"https:\/\/cevikltd.com.tr\/en\/partners\/others\/sumitomo-electric\/","name":"Sumitomo Electric - \u00c7evik Ba\u011flant\u0131 Teknolojileri","isPartOf":{"@id":"https:\/\/cevikltd.com.tr\/#website"},"datePublished":"2018-01-16T14:57:49+00:00","dateModified":"2020-03-05T08:54:29+00:00","description":"Sumitomo Electric Turkey \u2013 \u00c7evik, stock a wide and deep variety of Sumitomo Electric products and give service with Cevik\u2019s experience and dedicated team.","breadcrumb":{"@id":"https:\/\/cevikltd.com.tr\/en\/partners\/others\/sumitomo-electric\/#breadcrumb"},"inLanguage":"en-US","potentialAction":[{"@type":"ReadAction","target":["https:\/\/cevikltd.com.tr\/en\/partners\/others\/sumitomo-electric\/"]}]},{"@type":"BreadcrumbList","@id":"https:\/\/cevikltd.com.tr\/en\/partners\/others\/sumitomo-electric\/#breadcrumb","itemListElement":[{"@type":"ListItem","position":1,"name":"Ana sayfa","item":"https:\/\/cevikltd.com.tr\/en\/"},{"@type":"ListItem","position":2,"name":"Partners","item":"https:\/\/cevikltd.com.tr\/en\/partners\/"},{"@type":"ListItem","position":3,"name":"Others","item":"https:\/\/cevikltd.com.tr\/en\/partners\/others\/"},{"@type":"ListItem","position":4,"name":"Sumitomo Electric"}]}]}},"jetpack_sharing_enabled":true,"jetpack_shortlink":"https:\/\/wp.me\/P9xcy2-sP","_links":{"self":[{"href":"https:\/\/cevikltd.com.tr\/en\/wp-json\/wp\/v2\/pages\/1787"}],"collection":[{"href":"https:\/\/cevikltd.com.tr\/en\/wp-json\/wp\/v2\/pages"}],"about":[{"href":"https:\/\/cevikltd.com.tr\/en\/wp-json\/wp\/v2\/types\/page"}],"author":[{"embeddable":true,"href":"https:\/\/cevikltd.com.tr\/en\/wp-json\/wp\/v2\/users\/1"}],"replies":[{"embeddable":true,"href":"https:\/\/cevikltd.com.tr\/en\/wp-json\/wp\/v2\/comments?post=1787"}],"version-history":[{"count":7,"href":"https:\/\/cevikltd.com.tr\/en\/wp-json\/wp\/v2\/pages\/1787\/revisions"}],"predecessor-version":[{"id":3517,"href":"https:\/\/cevikltd.com.tr\/en\/wp-json\/wp\/v2\/pages\/1787\/revisions\/3517"}],"up":[{"embeddable":true,"href":"https:\/\/cevikltd.com.tr\/en\/wp-json\/wp\/v2\/pages\/1794"}],"wp:attachment":[{"href":"https:\/\/cevikltd.com.tr\/en\/wp-json\/wp\/v2\/media?parent=1787"}],"curies":[{"name":"wp","href":"https:\/\/api.w.org\/{rel}","templated":true}]}}