{"id":1790,"date":"2018-01-16T18:06:19","date_gmt":"2018-01-16T15:06:19","guid":{"rendered":"https:\/\/cevikltd.com.tr\/partners\/tkd\/"},"modified":"2020-01-31T13:00:09","modified_gmt":"2020-01-31T10:00:09","slug":"tkd-kabel","status":"publish","type":"page","link":"https:\/\/cevikltd.com.tr\/en\/partners\/tkd-kabel\/","title":{"rendered":"TKD Kabel"},"content":{"rendered":"<p>[vc_row padding_top=&#8221;&#8221;][vc_column][vc_single_image image=&#8221;404&#8243; img_size=&#8221;medium&#8221; style=&#8221;vc_box_outline&#8221; onclick=&#8221;custom_link&#8221; img_link_target=&#8221;_blank&#8221; animation=&#8221;animate-when-visible&#8221; css_animation=&#8221;el-fade&#8221; link=&#8221;https:\/\/www.tkd-kabel.de\/en\/&#8221;][vc_column_text]TKD Kabel Turkey \u2013 \u00c7evik, stock a wide and deep variety of TKD Kabel products and give service with Cevik\u2019s experience and dedicated team.<\/p>\n<p>TKD is one of the biggest, well-known suppliers of cable,\u00a0ready-made cable and cable accessories with sales worldwide. It offer their customers an assortment of over 30,000 articles,\u00a0providing a diversity of applications for various sections of\u00a0industry. All products centred on cable are available from one\u00a0supplier, which allows the company\u2019s customer to benefit by\u00a0saving time and money.<\/p>\n<p>Within the TKH Group they are able to access the development\u00a0and manufacturing know-how of over 1,400 cable specialists. The sales team consists of highly motivated, qualified and competent\u00a0employees, with long-standing experience in the cable business.\u00a0Their advice is adjusted to meet the needs of our customers and\u00a0together we find the best solution for any complex or challenging\u00a0requirements.<\/p>\n<p>There are two TKD Sites in Germany (Iserlohn and Pliezhausen) offering proximity to their\u00a0customers and this allows fast and reliable support. Short reaction\u00a0times, e.g. technical advice or quotation processing, are\u00a0guaranteed. The fully automated Logistics Centre in Nettetal also\u00a0offers high product availability and short delivery times. In\u00a0addition, we meet our international customers\u2019 needs by being\u00a0present worldwide with subsidiary companies or trade partners.<\/p>\n<p>\u00c7evik Connector serves a large and varied inventory as a TKD Kabel representative of Turkey. You can contact our sales support team for all your needs.<\/p>\n<p>Product Range<\/p>\n<p>Flexible Control Cables<\/p>\n<p>Electronic Cables<\/p>\n<p>Control and Data Cables<\/p>\n<p>Servo-drives cables<\/p>\n<p>Crane, Conveyor and Lift Cables<\/p>\n<p>Rubber Cables<\/p>\n<p>Heat Resistant Cables<\/p>\n<p>Fire Resistant Cables<\/p>\n<p>[\/vc_column_text][\/vc_column][\/vc_row][vc_row padding_bottom=&#8221;&#8221;][vc_column][vc_text_separator title=&#8221;Documents&#8221; title_align=&#8221;separator_align_left&#8221;][vc_row_inner][vc_column_inner width=&#8221;1\/4&#8243;][vc_single_image image=&#8221;3467&#8243; img_size=&#8221;full&#8221; style=&#8221;vc_box_outline&#8221;]<div class=\"text-left\"><a class=\"btn letter-spacing-50 with-icon btn-default hover-tip\" href=\"http:\/\/cevikltd.com.tr\/en\/documents\/#tkd-kabel\" target=\"_blank\" data-toggle=\"tooltip\" data-original-title=\"Releated Documents\" data-placement=\"top\"><i class=\"icon-doc-text-inv\" ><\/i> Go to Files<\/a><\/div>[\/vc_column_inner][vc_column_inner width=&#8221;1\/4&#8243;][\/vc_column_inner][vc_column_inner width=&#8221;1\/4&#8243;][\/vc_column_inner][vc_column_inner width=&#8221;1\/4&#8243;][\/vc_column_inner][\/vc_row_inner][\/vc_column][\/vc_row][vc_row][vc_column]\n\t<div class=\"news-focus\">\n\t<div class=\"kleo-tabs tabbable\" data-interval=\"0\">\n\t\t\t<ul class=\"nav nav-tabs responsive-tabs tabs-style-line\"><li class=\"active\"><a href=\"#tab-\" data-toggle=\"tab\" onclick=\"return false;\"><\/a><\/li><\/ul>\n<div class=\"tab-content\">\n\t\t\t\n\t\t\t<div id=\"tab-\" class=\"tab-pane active\">\n\t\t\t\t<div class=\"row\"><div class=\"col-sm-6\"><div class=\"posts-listing standard-listing with-meta inline-meta\">\n                    <article id=\"post-7136\" class=\"post-7136 post type-post status-publish format-standard has-post-thumbnail hentry category-blog tag-cables tag-industrial tag-road-construction tag-tkd tag-tunnel-construction tag-underground-engineering\">\n                        <div class=\"post-content animated animate-when-almost-visible el-appear\">\n\n                            <div class=\"article-media clearfix\">\n                                <div class=\"post-image\"><a href=\"https:\/\/cevikltd.com.tr\/en\/rockerflex-solutions\/\" class=\"element-wrap\"><img src=\"https:\/\/cevikltd.com.tr\/wp-content\/uploads\/2022\/03\/ROCKERFLEX-Solutions-480x270.jpg\" alt=\"ROCKERFLEX Solutions\"><span class=\"hover-element\"><i>+<\/i><\/span><\/a><\/div><!--end post-image-->                            <\/div>\n\n                            <h3 class=\"post-title entry-title\"><a href=\"https:\/\/cevikltd.com.tr\/en\/rockerflex-solutions\/\" >ROCKERFLEX Solutions<\/a><\/h3>\n\n                            <div class=\"article-meta\">\n                                <span class=\"post-meta\">\n                                    <small class=\"meta-author author vcard\"><a class=\"url fn n\" href=\"https:\/\/cevikltd.com.tr\/en\/author\/betul\/\" title=\"View all POSTS by Bet\u00fcl Soylu\" rel=\"author\"> <span class=\"author-name\">Bet\u00fcl Soylu<\/span><\/a><\/small>, <small><a href=\"https:\/\/cevikltd.com.tr\/en\/rockerflex-solutions\/\" rel=\"bookmark\" class=\"post-time\"><time class=\"entry-date\" datetime=\"2022-05-16T13:46:21+03:00\">16 May 2022<\/time><time class=\"modify-date hide hidden updated\" datetime=\"2022-05-16T13:47:09+03:00\">16 May 2022<\/time><\/a><\/small>, <small class=\"meta-category\"><a href=\"https:\/\/cevikltd.com.tr\/en\/category\/blog\/\" rel=\"category tag\">Blog<\/a>, <a href=\"https:\/\/cevikltd.com.tr\/en\/tag\/cables\/\" rel=\"tag\">Cables<\/a>, <a href=\"https:\/\/cevikltd.com.tr\/en\/tag\/industrial\/\" rel=\"tag\">Industrial<\/a>, <a href=\"https:\/\/cevikltd.com.tr\/en\/tag\/road-construction\/\" rel=\"tag\">Road Construction<\/a>, <a href=\"https:\/\/cevikltd.com.tr\/en\/tag\/tkd\/\" rel=\"tag\">TKD<\/a>, <a href=\"https:\/\/cevikltd.com.tr\/en\/tag\/tunnel-construction\/\" rel=\"tag\">Tunnel Construction<\/a>, <a href=\"https:\/\/cevikltd.com.tr\/en\/tag\/underground-engineering\/\" rel=\"tag\">Underground Engineering<\/a><\/small>, <small class=\"meta-comment-count\"><a href=\"https:\/\/cevikltd.com.tr\/en\/rockerflex-solutions\/#comments\">0 <i class=\"icon-chat-1 hover-tip\" data-original-title=\"This article has 0 comments\" data-toggle=\"tooltip\" data-placement=\"top\"><\/i><\/a><\/small>                                <\/span>\n                            <\/div>\n\n                            <div class=\"entry-summary\">\n                                                                    <p>ROCKERFLEX Solutions is worldwide unique extension cable for the toughest conditions by providng Cable Connectivity Group. Cables under the...<\/p>                                                            <\/div><!-- .entry-summary -->\n\n                        <\/div>\n                    <\/article>\n\n                    \n                        <\/div> <!-- .posts-listing -->\n                    <\/div> <!-- .col-sm-6 -->\n\n                    <div class=\"col-sm-6\">\n                        <div class=\"posts-listing left-thumb-listing\">\n\n                    \n                    \n                    <article id=\"post-6294\" class=\"post-6294 post type-post status-publish format-standard has-post-thumbnail hentry category-blog tag-automation-cables tag-cables tag-tkd\">\n                        <div class=\"post-content animated animate-when-almost-visible el-appear\">\n\n                            <div class=\"article-media\">\n                                <div class=\"post-image\"><a href=\"https:\/\/cevikltd.com.tr\/en\/5288-sk-c-pur-ul-csa-servo-cables\/\" class=\"element-wrap\"><img src=\"https:\/\/cevikltd.com.tr\/wp-content\/uploads\/2021\/04\/5288-SK-C-PUR-UL-CSA-Servo-Cables-220x192.jpg\" alt=\"5288 SK-C-PUR UL\/CSA Servo Cables\"><span class=\"hover-element\"><i>+<\/i><\/span><\/a><\/div><!--end post-image-->                            <\/div>\n\n                            <div class=\"post-date\">29 June 2021<\/div>\n\n                            <h3 class=\"post-title entry-title\"><a href=\"https:\/\/cevikltd.com.tr\/en\/5288-sk-c-pur-ul-csa-servo-cables\/\" >5288 SK-C-PUR UL\/CSA Servo Cables<\/a><\/h3>\n\n                        <\/div>\n                    <\/article>\n\n                    \n                    <article id=\"post-6301\" class=\"post-6301 post type-post status-publish format-standard has-post-thumbnail hentry category-blog tag-cables tag-ekaweflex-charge-evc-h07bz5-f tag-tkd\">\n                        <div class=\"post-content animated animate-when-almost-visible el-appear\">\n\n                            <div class=\"article-media\">\n                                <div class=\"post-image\"><a href=\"https:\/\/cevikltd.com.tr\/en\/kaweflex-charge-evc-h07bz5-f\/\" class=\"element-wrap\"><img src=\"https:\/\/cevikltd.com.tr\/wp-content\/uploads\/2021\/04\/KAWEFLEX\u00ae-CHARGE-EVC-H07BZ5-F-220x192.jpg\" alt=\"KAWEFLEX CHARGE EVC H07BZ5-F\"><span class=\"hover-element\"><i>+<\/i><\/span><\/a><\/div><!--end post-image-->                            <\/div>\n\n                            <div class=\"post-date\">12 April 2021<\/div>\n\n                            <h3 class=\"post-title entry-title\"><a href=\"https:\/\/cevikltd.com.tr\/en\/kaweflex-charge-evc-h07bz5-f\/\" >KAWEFLEX CHARGE EVC H07BZ5-F<\/a><\/h3>\n\n                        <\/div>\n                    <\/article>\n\n                    \n                    <article id=\"post-5308\" class=\"post-5308 post type-post status-publish format-standard has-post-thumbnail hentry category-blog tag-cables tag-conveyor tag-crane tag-industrial tag-tkd\">\n                        <div class=\"post-content animated animate-when-almost-visible el-appear\">\n\n                            <div class=\"article-media\">\n                                <div class=\"post-image\"><a href=\"https:\/\/cevikltd.com.tr\/en\/reeltec-n-tscgewou-ksm-s-series-cables\/\" class=\"element-wrap\"><img src=\"https:\/\/cevikltd.com.tr\/wp-content\/uploads\/2020\/09\/REELTEC-N-TSCGEWOU-KSM-S-Series-Cables-220x192.jpg\" alt=\"REELTEC (N) TSCGEW\u00d6U KSM-S Series Cables\"><span class=\"hover-element\"><i>+<\/i><\/span><\/a><\/div><!--end post-image-->                            <\/div>\n\n                            <div class=\"post-date\">23 November 2020<\/div>\n\n                            <h3 class=\"post-title entry-title\"><a href=\"https:\/\/cevikltd.com.tr\/en\/reeltec-n-tscgewou-ksm-s-series-cables\/\" >REELTEC (N) TSCGEW\u00d6U KSM-S Series Cables<\/a><\/h3>\n\n                        <\/div>\n                    <\/article>\n\n                    \n                    <article id=\"post-5192\" class=\"post-5192 post type-post status-publish format-standard has-post-thumbnail hentry category-blog tag-cables tag-industrial tag-tkd\">\n                        <div class=\"post-content animated animate-when-almost-visible el-appear\">\n\n                            <div class=\"article-media\">\n                                <div class=\"post-image\"><a href=\"https:\/\/cevikltd.com.tr\/en\/term-260-ptfe-ea-series-cables\/\" class=\"element-wrap\"><img src=\"https:\/\/cevikltd.com.tr\/wp-content\/uploads\/2020\/08\/TERM-260-PTFE-EA-Series-Cables-220x192.jpg\" alt=\"TERM-260-PTFE-EA Series Cables\"><span class=\"hover-element\"><i>+<\/i><\/span><\/a><\/div><!--end post-image-->                            <\/div>\n\n                            <div class=\"post-date\">12 October 2020<\/div>\n\n                            <h3 class=\"post-title entry-title\"><a href=\"https:\/\/cevikltd.com.tr\/en\/term-260-ptfe-ea-series-cables\/\" >TERM-260-PTFE-EA Series Cables<\/a><\/h3>\n\n                        <\/div>\n                    <\/article>\n\n                    <\/div><\/div><\/div>\n\t\t\t<\/div> <\/div>\n\t<\/div> <\/div>[\/vc_column][\/vc_row]<\/p>\n","protected":false},"excerpt":{"rendered":"<p>[vc_row padding_top=&#8221;&#8221;][vc_column][vc_single_image image=&#8221;404&#8243; img_size=&#8221;medium&#8221; style=&#8221;vc_box_outline&#8221; onclick=&#8221;custom_link&#8221; img_link_target=&#8221;_blank&#8221; animation=&#8221;animate-when-visible&#8221; css_animation=&#8221;el-fade&#8221; link=&#8221;https:\/\/www.tkd-kabel.de\/en\/&#8221;][vc_column_text]TKD Kabel Turkey \u2013 \u00c7evik, stock a wide and deep variety of TKD Kabel products and give service with Cevik\u2019s experience and dedicated team. TKD is one of the biggest, well-known suppliers of cable,\u00a0ready-made cable and cable accessories with sales worldwide. It offer their customers an assortment of over 30,000 articles,\u00a0providing [&hellip;]<\/p>\n","protected":false},"author":1,"featured_media":0,"parent":1769,"menu_order":9,"comment_status":"closed","ping_status":"closed","template":"","meta":{"spay_email":""},"yoast_head":"<!-- This site is optimized with the Yoast SEO plugin v18.5 - https:\/\/yoast.com\/wordpress\/plugins\/seo\/ -->\n<title>TKD Kabel - \u00c7evik Ba\u011flant\u0131 Teknolojileri<\/title>\n<meta name=\"description\" content=\"TKD Kabel Turkey \u2013 \u00c7evik, stock a wide and deep variety of TKD Kabel products and give service with Cevik\u2019s experience and dedicated team.\" \/>\n<meta name=\"robots\" content=\"index, follow, max-snippet:-1, max-image-preview:large, max-video-preview:-1\" \/>\n<link rel=\"canonical\" href=\"https:\/\/cevikltd.com.tr\/en\/partners\/tkd-kabel\/\" \/>\n<meta property=\"og:locale\" content=\"en_US\" \/>\n<meta property=\"og:type\" content=\"article\" \/>\n<meta property=\"og:title\" content=\"TKD Kabel - \u00c7evik Ba\u011flant\u0131 Teknolojileri\" \/>\n<meta property=\"og:description\" content=\"TKD Kabel Turkey \u2013 \u00c7evik, stock a wide and deep variety of TKD Kabel products and give service with Cevik\u2019s experience and dedicated team.\" \/>\n<meta property=\"og:url\" content=\"https:\/\/cevikltd.com.tr\/en\/partners\/tkd-kabel\/\" \/>\n<meta property=\"og:site_name\" content=\"\u00c7evik Ba\u011flant\u0131 Teknolojileri\" \/>\n<meta property=\"article:publisher\" content=\"https:\/\/www.facebook.com\/pages\/%c3%87evik-Konnekt%c3%b6r-ve-Kablo-Montaj-Hizmetleri\/638389736272668\" \/>\n<meta property=\"article:modified_time\" content=\"2020-01-31T10:00:09+00:00\" \/>\n<meta name=\"twitter:card\" content=\"summary_large_image\" \/>\n<meta name=\"twitter:site\" content=\"@CevikKonnektor\" \/>\n<meta name=\"twitter:label1\" content=\"Est. reading time\" \/>\n\t<meta name=\"twitter:data1\" content=\"2 minutes\" \/>\n<script type=\"application\/ld+json\" class=\"yoast-schema-graph\">{\"@context\":\"https:\/\/schema.org\",\"@graph\":[{\"@type\":\"WebSite\",\"@id\":\"https:\/\/cevikltd.com.tr\/#website\",\"url\":\"https:\/\/cevikltd.com.tr\/\",\"name\":\"\u00c7evik Ba\u011flant\u0131 Teknolojileri\",\"description\":\"Teknolojiye Ba\u011flant\u0131 Noktan\u0131z\",\"potentialAction\":[{\"@type\":\"SearchAction\",\"target\":{\"@type\":\"EntryPoint\",\"urlTemplate\":\"https:\/\/cevikltd.com.tr\/?s={search_term_string}\"},\"query-input\":\"required name=search_term_string\"}],\"inLanguage\":\"en-US\"},{\"@type\":\"WebPage\",\"@id\":\"https:\/\/cevikltd.com.tr\/en\/partners\/tkd-kabel\/#webpage\",\"url\":\"https:\/\/cevikltd.com.tr\/en\/partners\/tkd-kabel\/\",\"name\":\"TKD Kabel - \u00c7evik Ba\u011flant\u0131 Teknolojileri\",\"isPartOf\":{\"@id\":\"https:\/\/cevikltd.com.tr\/#website\"},\"datePublished\":\"2018-01-16T15:06:19+00:00\",\"dateModified\":\"2020-01-31T10:00:09+00:00\",\"description\":\"TKD Kabel Turkey \u2013 \u00c7evik, stock a wide and deep variety of TKD Kabel products and give service with Cevik\u2019s experience and dedicated team.\",\"breadcrumb\":{\"@id\":\"https:\/\/cevikltd.com.tr\/en\/partners\/tkd-kabel\/#breadcrumb\"},\"inLanguage\":\"en-US\",\"potentialAction\":[{\"@type\":\"ReadAction\",\"target\":[\"https:\/\/cevikltd.com.tr\/en\/partners\/tkd-kabel\/\"]}]},{\"@type\":\"BreadcrumbList\",\"@id\":\"https:\/\/cevikltd.com.tr\/en\/partners\/tkd-kabel\/#breadcrumb\",\"itemListElement\":[{\"@type\":\"ListItem\",\"position\":1,\"name\":\"Ana sayfa\",\"item\":\"https:\/\/cevikltd.com.tr\/en\/\"},{\"@type\":\"ListItem\",\"position\":2,\"name\":\"Partners\",\"item\":\"https:\/\/cevikltd.com.tr\/en\/partners\/\"},{\"@type\":\"ListItem\",\"position\":3,\"name\":\"TKD Kabel\"}]}]}<\/script>\n<!-- \/ Yoast SEO plugin. -->","yoast_head_json":{"title":"TKD Kabel - \u00c7evik Ba\u011flant\u0131 Teknolojileri","description":"TKD Kabel Turkey \u2013 \u00c7evik, stock a wide and deep variety of TKD Kabel products and give service with Cevik\u2019s experience and dedicated team.","robots":{"index":"index","follow":"follow","max-snippet":"max-snippet:-1","max-image-preview":"max-image-preview:large","max-video-preview":"max-video-preview:-1"},"canonical":"https:\/\/cevikltd.com.tr\/en\/partners\/tkd-kabel\/","og_locale":"en_US","og_type":"article","og_title":"TKD Kabel - \u00c7evik Ba\u011flant\u0131 Teknolojileri","og_description":"TKD Kabel Turkey \u2013 \u00c7evik, stock a wide and deep variety of TKD Kabel products and give service with Cevik\u2019s experience and dedicated team.","og_url":"https:\/\/cevikltd.com.tr\/en\/partners\/tkd-kabel\/","og_site_name":"\u00c7evik Ba\u011flant\u0131 Teknolojileri","article_publisher":"https:\/\/www.facebook.com\/pages\/%c3%87evik-Konnekt%c3%b6r-ve-Kablo-Montaj-Hizmetleri\/638389736272668","article_modified_time":"2020-01-31T10:00:09+00:00","twitter_card":"summary_large_image","twitter_site":"@CevikKonnektor","twitter_misc":{"Est. reading time":"2 minutes"},"schema":{"@context":"https:\/\/schema.org","@graph":[{"@type":"WebSite","@id":"https:\/\/cevikltd.com.tr\/#website","url":"https:\/\/cevikltd.com.tr\/","name":"\u00c7evik Ba\u011flant\u0131 Teknolojileri","description":"Teknolojiye Ba\u011flant\u0131 Noktan\u0131z","potentialAction":[{"@type":"SearchAction","target":{"@type":"EntryPoint","urlTemplate":"https:\/\/cevikltd.com.tr\/?s={search_term_string}"},"query-input":"required name=search_term_string"}],"inLanguage":"en-US"},{"@type":"WebPage","@id":"https:\/\/cevikltd.com.tr\/en\/partners\/tkd-kabel\/#webpage","url":"https:\/\/cevikltd.com.tr\/en\/partners\/tkd-kabel\/","name":"TKD Kabel - \u00c7evik Ba\u011flant\u0131 Teknolojileri","isPartOf":{"@id":"https:\/\/cevikltd.com.tr\/#website"},"datePublished":"2018-01-16T15:06:19+00:00","dateModified":"2020-01-31T10:00:09+00:00","description":"TKD Kabel Turkey \u2013 \u00c7evik, stock a wide and deep variety of TKD Kabel products and give service with Cevik\u2019s experience and dedicated team.","breadcrumb":{"@id":"https:\/\/cevikltd.com.tr\/en\/partners\/tkd-kabel\/#breadcrumb"},"inLanguage":"en-US","potentialAction":[{"@type":"ReadAction","target":["https:\/\/cevikltd.com.tr\/en\/partners\/tkd-kabel\/"]}]},{"@type":"BreadcrumbList","@id":"https:\/\/cevikltd.com.tr\/en\/partners\/tkd-kabel\/#breadcrumb","itemListElement":[{"@type":"ListItem","position":1,"name":"Ana sayfa","item":"https:\/\/cevikltd.com.tr\/en\/"},{"@type":"ListItem","position":2,"name":"Partners","item":"https:\/\/cevikltd.com.tr\/en\/partners\/"},{"@type":"ListItem","position":3,"name":"TKD Kabel"}]}]}},"jetpack_sharing_enabled":true,"jetpack_shortlink":"https:\/\/wp.me\/P9xcy2-sS","_links":{"self":[{"href":"https:\/\/cevikltd.com.tr\/en\/wp-json\/wp\/v2\/pages\/1790"}],"collection":[{"href":"https:\/\/cevikltd.com.tr\/en\/wp-json\/wp\/v2\/pages"}],"about":[{"href":"https:\/\/cevikltd.com.tr\/en\/wp-json\/wp\/v2\/types\/page"}],"author":[{"embeddable":true,"href":"https:\/\/cevikltd.com.tr\/en\/wp-json\/wp\/v2\/users\/1"}],"replies":[{"embeddable":true,"href":"https:\/\/cevikltd.com.tr\/en\/wp-json\/wp\/v2\/comments?post=1790"}],"version-history":[{"count":8,"href":"https:\/\/cevikltd.com.tr\/en\/wp-json\/wp\/v2\/pages\/1790\/revisions"}],"predecessor-version":[{"id":3526,"href":"https:\/\/cevikltd.com.tr\/en\/wp-json\/wp\/v2\/pages\/1790\/revisions\/3526"}],"up":[{"embeddable":true,"href":"https:\/\/cevikltd.com.tr\/en\/wp-json\/wp\/v2\/pages\/1769"}],"wp:attachment":[{"href":"https:\/\/cevikltd.com.tr\/en\/wp-json\/wp\/v2\/media?parent=1790"}],"curies":[{"name":"wp","href":"https:\/\/api.w.org\/{rel}","templated":true}]}}