{"id":1798,"date":"2018-01-16T18:18:32","date_gmt":"2018-01-16T15:18:32","guid":{"rendered":"https:\/\/cevikltd.com.tr\/partners\/others\/elke-technik\/"},"modified":"2020-04-17T12:32:15","modified_gmt":"2020-04-17T09:32:15","slug":"elke-technik","status":"publish","type":"page","link":"https:\/\/cevikltd.com.tr\/en\/partners\/others\/elke-technik\/","title":{"rendered":"Elke Technik"},"content":{"rendered":"<p>[vc_row padding_top=&#8221;&#8221;][vc_column][vc_single_image image=&#8221;385&#8243; img_size=&#8221;medium&#8221; style=&#8221;vc_box_outline&#8221; animation=&#8221;animate-when-visible&#8221; css_animation=&#8221;el-fade&#8221;][vc_column_text]We have been developing components for original equipment manufacturers and plant operators for over 70 years \u2013 particularly in the sectors of rail transport and aviation as well as vehicle and machinery construction. These are sensitive production areas, in which one thing counts above all: precision.<br \/>\nThe innovative products from\u00a0<b>elke TECHNIK<\/b>\u00a0are the result of intensive research, technology know-how, and a high level of aspiration; aspiration which our engineers share with our customers and which allows no room for compromises with respect to quality and reliability.<\/p>\n<p>Whether components from our diverse range or customerspecific special solutions: the smallest details are often critical in connecting technology and heat engineering.<br \/>\nWe therefore work only with high-quality materials and in accordance with internationally certified standards such as DIN EN ISO 9001:2015, DIN 6701-2 and VDE.<br \/>\nThe result is products that guarantee maximum safety and comfort \u2013 that is what we work towards every day afresh.<\/p>\n<h2>Our range of services<\/h2>\n<h5><a title=\"Heat Engineering\" href=\"https:\/\/www.elke-technik.de\/en\/heating-technique\/\">Heat Engineering<\/a><\/h5>\n<p>Products and customer-specific solutions for heating or temperature control for use in track vehicles, aircraft, plant and machine construction.<\/p>\n<h5>Connecting Technology<\/h5>\n<p>Plug connectors and connecting cables for vehicle productions \u2013 produced also for increased requirements in accordance with MIL standard.<\/p>\n<h4>Elke Technik Turkey<\/h4>\n<p>\u00c7evik is not authorized distributor of Elke Technik. However \u00c7evik has special collaboration with Global Distributors and in this way \u00c7evik provides Turkey delivery service for the products of Elke Technik.<\/p>\n<p>Please click <a href=\"https:\/\/cevikltd.com.tr\/en\/\">here<\/a> to get more information about \u00c7evik.<\/p>\n<p>Please send an email to info@cevikltd.com.tr or contact our customer service to get an offer or more information.[\/vc_column_text][\/vc_column][\/vc_row]<\/p>\n","protected":false},"excerpt":{"rendered":"<p>[vc_row padding_top=&#8221;&#8221;][vc_column][vc_single_image image=&#8221;385&#8243; img_size=&#8221;medium&#8221; style=&#8221;vc_box_outline&#8221; animation=&#8221;animate-when-visible&#8221; css_animation=&#8221;el-fade&#8221;][vc_column_text]We have been developing components for original equipment manufacturers and plant operators for over 70 years \u2013 particularly in the sectors of rail transport and aviation as well as vehicle and machinery construction. These are sensitive production areas, in which one thing counts above all: precision. The innovative products from\u00a0elke TECHNIK\u00a0are the result of [&hellip;]<\/p>\n","protected":false},"author":1,"featured_media":0,"parent":1794,"menu_order":2,"comment_status":"closed","ping_status":"closed","template":"","meta":{"spay_email":""},"yoast_head":"<!-- This site is optimized with the Yoast SEO plugin v18.5 - https:\/\/yoast.com\/wordpress\/plugins\/seo\/ -->\n<title>Elke Technik - \u00c7evik Ba\u011flant\u0131 Teknolojileri<\/title>\n<meta name=\"description\" content=\"\u00c7evik provides Turkey delivery service with best price,excellent technical support and fast shipping for the products of Elke Technik.\" \/>\n<meta name=\"robots\" content=\"index, follow, max-snippet:-1, max-image-preview:large, max-video-preview:-1\" \/>\n<link rel=\"canonical\" href=\"https:\/\/cevikltd.com.tr\/en\/partners\/others\/elke-technik\/\" \/>\n<meta property=\"og:locale\" content=\"en_US\" \/>\n<meta property=\"og:type\" content=\"article\" \/>\n<meta property=\"og:title\" content=\"Elke Technik - \u00c7evik Ba\u011flant\u0131 Teknolojileri\" \/>\n<meta property=\"og:description\" content=\"\u00c7evik provides Turkey delivery service with best price,excellent technical support and fast shipping for the products of Elke Technik.\" \/>\n<meta property=\"og:url\" content=\"https:\/\/cevikltd.com.tr\/en\/partners\/others\/elke-technik\/\" \/>\n<meta property=\"og:site_name\" content=\"\u00c7evik Ba\u011flant\u0131 Teknolojileri\" \/>\n<meta property=\"article:publisher\" content=\"https:\/\/www.facebook.com\/pages\/%c3%87evik-Konnekt%c3%b6r-ve-Kablo-Montaj-Hizmetleri\/638389736272668\" \/>\n<meta property=\"article:modified_time\" content=\"2020-04-17T09:32:15+00:00\" \/>\n<meta name=\"twitter:card\" content=\"summary_large_image\" \/>\n<meta name=\"twitter:site\" content=\"@CevikKonnektor\" \/>\n<meta name=\"twitter:label1\" content=\"Est. reading time\" \/>\n\t<meta name=\"twitter:data1\" content=\"1 minute\" \/>\n<script type=\"application\/ld+json\" class=\"yoast-schema-graph\">{\"@context\":\"https:\/\/schema.org\",\"@graph\":[{\"@type\":\"WebSite\",\"@id\":\"https:\/\/cevikltd.com.tr\/#website\",\"url\":\"https:\/\/cevikltd.com.tr\/\",\"name\":\"\u00c7evik Ba\u011flant\u0131 Teknolojileri\",\"description\":\"Teknolojiye Ba\u011flant\u0131 Noktan\u0131z\",\"potentialAction\":[{\"@type\":\"SearchAction\",\"target\":{\"@type\":\"EntryPoint\",\"urlTemplate\":\"https:\/\/cevikltd.com.tr\/?s={search_term_string}\"},\"query-input\":\"required name=search_term_string\"}],\"inLanguage\":\"en-US\"},{\"@type\":\"WebPage\",\"@id\":\"https:\/\/cevikltd.com.tr\/en\/partners\/others\/elke-technik\/#webpage\",\"url\":\"https:\/\/cevikltd.com.tr\/en\/partners\/others\/elke-technik\/\",\"name\":\"Elke Technik - \u00c7evik Ba\u011flant\u0131 Teknolojileri\",\"isPartOf\":{\"@id\":\"https:\/\/cevikltd.com.tr\/#website\"},\"datePublished\":\"2018-01-16T15:18:32+00:00\",\"dateModified\":\"2020-04-17T09:32:15+00:00\",\"description\":\"\u00c7evik provides Turkey delivery service with best price,excellent technical support and fast shipping for the products of Elke Technik.\",\"breadcrumb\":{\"@id\":\"https:\/\/cevikltd.com.tr\/en\/partners\/others\/elke-technik\/#breadcrumb\"},\"inLanguage\":\"en-US\",\"potentialAction\":[{\"@type\":\"ReadAction\",\"target\":[\"https:\/\/cevikltd.com.tr\/en\/partners\/others\/elke-technik\/\"]}]},{\"@type\":\"BreadcrumbList\",\"@id\":\"https:\/\/cevikltd.com.tr\/en\/partners\/others\/elke-technik\/#breadcrumb\",\"itemListElement\":[{\"@type\":\"ListItem\",\"position\":1,\"name\":\"Ana sayfa\",\"item\":\"https:\/\/cevikltd.com.tr\/en\/\"},{\"@type\":\"ListItem\",\"position\":2,\"name\":\"Partners\",\"item\":\"https:\/\/cevikltd.com.tr\/en\/partners\/\"},{\"@type\":\"ListItem\",\"position\":3,\"name\":\"Others\",\"item\":\"https:\/\/cevikltd.com.tr\/en\/partners\/others\/\"},{\"@type\":\"ListItem\",\"position\":4,\"name\":\"Elke Technik\"}]}]}<\/script>\n<!-- \/ Yoast SEO plugin. -->","yoast_head_json":{"title":"Elke Technik - \u00c7evik Ba\u011flant\u0131 Teknolojileri","description":"\u00c7evik provides Turkey delivery service with best price,excellent technical support and fast shipping for the products of Elke Technik.","robots":{"index":"index","follow":"follow","max-snippet":"max-snippet:-1","max-image-preview":"max-image-preview:large","max-video-preview":"max-video-preview:-1"},"canonical":"https:\/\/cevikltd.com.tr\/en\/partners\/others\/elke-technik\/","og_locale":"en_US","og_type":"article","og_title":"Elke Technik - \u00c7evik Ba\u011flant\u0131 Teknolojileri","og_description":"\u00c7evik provides Turkey delivery service with best price,excellent technical support and fast shipping for the products of Elke Technik.","og_url":"https:\/\/cevikltd.com.tr\/en\/partners\/others\/elke-technik\/","og_site_name":"\u00c7evik Ba\u011flant\u0131 Teknolojileri","article_publisher":"https:\/\/www.facebook.com\/pages\/%c3%87evik-Konnekt%c3%b6r-ve-Kablo-Montaj-Hizmetleri\/638389736272668","article_modified_time":"2020-04-17T09:32:15+00:00","twitter_card":"summary_large_image","twitter_site":"@CevikKonnektor","twitter_misc":{"Est. reading time":"1 minute"},"schema":{"@context":"https:\/\/schema.org","@graph":[{"@type":"WebSite","@id":"https:\/\/cevikltd.com.tr\/#website","url":"https:\/\/cevikltd.com.tr\/","name":"\u00c7evik Ba\u011flant\u0131 Teknolojileri","description":"Teknolojiye Ba\u011flant\u0131 Noktan\u0131z","potentialAction":[{"@type":"SearchAction","target":{"@type":"EntryPoint","urlTemplate":"https:\/\/cevikltd.com.tr\/?s={search_term_string}"},"query-input":"required name=search_term_string"}],"inLanguage":"en-US"},{"@type":"WebPage","@id":"https:\/\/cevikltd.com.tr\/en\/partners\/others\/elke-technik\/#webpage","url":"https:\/\/cevikltd.com.tr\/en\/partners\/others\/elke-technik\/","name":"Elke Technik - \u00c7evik Ba\u011flant\u0131 Teknolojileri","isPartOf":{"@id":"https:\/\/cevikltd.com.tr\/#website"},"datePublished":"2018-01-16T15:18:32+00:00","dateModified":"2020-04-17T09:32:15+00:00","description":"\u00c7evik provides Turkey delivery service with best price,excellent technical support and fast shipping for the products of Elke Technik.","breadcrumb":{"@id":"https:\/\/cevikltd.com.tr\/en\/partners\/others\/elke-technik\/#breadcrumb"},"inLanguage":"en-US","potentialAction":[{"@type":"ReadAction","target":["https:\/\/cevikltd.com.tr\/en\/partners\/others\/elke-technik\/"]}]},{"@type":"BreadcrumbList","@id":"https:\/\/cevikltd.com.tr\/en\/partners\/others\/elke-technik\/#breadcrumb","itemListElement":[{"@type":"ListItem","position":1,"name":"Ana sayfa","item":"https:\/\/cevikltd.com.tr\/en\/"},{"@type":"ListItem","position":2,"name":"Partners","item":"https:\/\/cevikltd.com.tr\/en\/partners\/"},{"@type":"ListItem","position":3,"name":"Others","item":"https:\/\/cevikltd.com.tr\/en\/partners\/others\/"},{"@type":"ListItem","position":4,"name":"Elke Technik"}]}]}},"jetpack_sharing_enabled":true,"jetpack_shortlink":"https:\/\/wp.me\/P9xcy2-t0","_links":{"self":[{"href":"https:\/\/cevikltd.com.tr\/en\/wp-json\/wp\/v2\/pages\/1798"}],"collection":[{"href":"https:\/\/cevikltd.com.tr\/en\/wp-json\/wp\/v2\/pages"}],"about":[{"href":"https:\/\/cevikltd.com.tr\/en\/wp-json\/wp\/v2\/types\/page"}],"author":[{"embeddable":true,"href":"https:\/\/cevikltd.com.tr\/en\/wp-json\/wp\/v2\/users\/1"}],"replies":[{"embeddable":true,"href":"https:\/\/cevikltd.com.tr\/en\/wp-json\/wp\/v2\/comments?post=1798"}],"version-history":[{"count":3,"href":"https:\/\/cevikltd.com.tr\/en\/wp-json\/wp\/v2\/pages\/1798\/revisions"}],"predecessor-version":[{"id":4959,"href":"https:\/\/cevikltd.com.tr\/en\/wp-json\/wp\/v2\/pages\/1798\/revisions\/4959"}],"up":[{"embeddable":true,"href":"https:\/\/cevikltd.com.tr\/en\/wp-json\/wp\/v2\/pages\/1794"}],"wp:attachment":[{"href":"https:\/\/cevikltd.com.tr\/en\/wp-json\/wp\/v2\/media?parent=1798"}],"curies":[{"name":"wp","href":"https:\/\/api.w.org\/{rel}","templated":true}]}}