{"id":1828,"date":"2018-01-30T10:38:13","date_gmt":"2018-01-30T07:38:13","guid":{"rendered":"https:\/\/cevikltd.com.tr\/partners\/others\/glenair\/"},"modified":"2020-04-17T13:13:30","modified_gmt":"2020-04-17T10:13:30","slug":"glenair","status":"publish","type":"page","link":"https:\/\/cevikltd.com.tr\/en\/partners\/others\/glenair\/","title":{"rendered":"Glenair"},"content":{"rendered":"<p>[vc_row padding_top=&#8221;&#8221;][vc_column][vc_single_image image=&#8221;394&#8243; img_size=&#8221;medium&#8221; style=&#8221;vc_box_outline&#8221; animation=&#8221;animate-when-visible&#8221; css_animation=&#8221;el-fade&#8221;][vc_column_text]Glenair, Inc. began operations in 1956 as the first company specifically founded to produce electrical connector accessories. Building on that foundation, we now offer a dozen, full-spectrum product lines designed to meet every interconnect requirement, including a broad range of military qualified and commercial connectors, including the MIL-DTL-38999 Series III and our ultralight Series 80 Mighty Mouse.<\/p>\n<p>Glenair is a privately-held company whose strengths include ISO 9001 process quality, full-spectrum product lines, fast &#8220;turnaround&#8221; on quotes and custom orders, unsurpassed sales and technical support in every major market in the world, and the industry&#8217;s largest standing inventory of commercial and Mil-Spec electrical connector accessories.<\/p>\n<p>Located in Glendale, California, our connectors, backshells and interconnect cable assemblies are all made either in America or in our facilities in Mansfield, England or Bologna, Italy. With so many interconnect manufacturers moving their production operations to Estonia, Mexico, India, China and elsewhere, Glenair is proud to continue our long-standing tradition of making our products in quality controlled plants here in the USA, or in the case of selected connector products, in Western Europe.<\/p>\n<p>Please click <a href=\"https:\/\/www.glenair.com\/about\/index.htm\" target=\"_blank\" rel=\"noopener noreferrer\">here<\/a> to get more information about Glenair.<\/p>\n<h4>Glenair Turkey<\/h4>\n<p>\u00c7evik is not authorized distributor of Glenair. However, \u00c7evik has special collaboration with Global Distributors and in this way \u00c7evik provides Turkey delivery service for the products of Glenair.<\/p>\n<p>Please click <a href=\"https:\/\/cevikltd.com.tr\/en\/\" target=\"_blank\" rel=\"noopener noreferrer\">here<\/a> to get more information about \u00c7evik.<\/p>\n<p>Please send an email to info@cevikltd.com.tr or contact our customer service to get an offer or more information.[\/vc_column_text][\/vc_column][\/vc_row]<\/p>\n","protected":false},"excerpt":{"rendered":"<p>[vc_row padding_top=&#8221;&#8221;][vc_column][vc_single_image image=&#8221;394&#8243; img_size=&#8221;medium&#8221; style=&#8221;vc_box_outline&#8221; animation=&#8221;animate-when-visible&#8221; css_animation=&#8221;el-fade&#8221;][vc_column_text]Glenair, Inc. began operations in 1956 as the first company specifically founded to produce electrical connector accessories. Building on that foundation, we now offer a dozen, full-spectrum product lines designed to meet every interconnect requirement, including a broad range of military qualified and commercial connectors, including the MIL-DTL-38999 Series III and our ultralight Series [&hellip;]<\/p>\n","protected":false},"author":1,"featured_media":0,"parent":1794,"menu_order":4,"comment_status":"closed","ping_status":"closed","template":"","meta":{"spay_email":""},"yoast_head":"<!-- This site is optimized with the Yoast SEO plugin v18.5 - https:\/\/yoast.com\/wordpress\/plugins\/seo\/ -->\n<title>Glenair - \u00c7evik Ba\u011flant\u0131 Teknolojileri<\/title>\n<meta name=\"description\" content=\"\u00c7evik provides Turkey delivery service with best price,excellent technical support and fast shipping for the products of Glenair.\" \/>\n<meta name=\"robots\" content=\"index, follow, max-snippet:-1, max-image-preview:large, max-video-preview:-1\" \/>\n<link rel=\"canonical\" href=\"https:\/\/cevikltd.com.tr\/en\/partners\/others\/glenair\/\" \/>\n<meta property=\"og:locale\" content=\"en_US\" \/>\n<meta property=\"og:type\" content=\"article\" \/>\n<meta property=\"og:title\" content=\"Glenair - \u00c7evik Ba\u011flant\u0131 Teknolojileri\" \/>\n<meta property=\"og:description\" content=\"\u00c7evik provides Turkey delivery service with best price,excellent technical support and fast shipping for the products of Glenair.\" \/>\n<meta property=\"og:url\" content=\"https:\/\/cevikltd.com.tr\/en\/partners\/others\/glenair\/\" \/>\n<meta property=\"og:site_name\" content=\"\u00c7evik Ba\u011flant\u0131 Teknolojileri\" \/>\n<meta property=\"article:publisher\" content=\"https:\/\/www.facebook.com\/pages\/%c3%87evik-Konnekt%c3%b6r-ve-Kablo-Montaj-Hizmetleri\/638389736272668\" \/>\n<meta property=\"article:modified_time\" content=\"2020-04-17T10:13:30+00:00\" \/>\n<meta name=\"twitter:card\" content=\"summary_large_image\" \/>\n<meta name=\"twitter:site\" content=\"@CevikKonnektor\" \/>\n<meta name=\"twitter:label1\" content=\"Est. reading time\" \/>\n\t<meta name=\"twitter:data1\" content=\"1 minute\" \/>\n<script type=\"application\/ld+json\" class=\"yoast-schema-graph\">{\"@context\":\"https:\/\/schema.org\",\"@graph\":[{\"@type\":\"WebSite\",\"@id\":\"https:\/\/cevikltd.com.tr\/#website\",\"url\":\"https:\/\/cevikltd.com.tr\/\",\"name\":\"\u00c7evik Ba\u011flant\u0131 Teknolojileri\",\"description\":\"Teknolojiye Ba\u011flant\u0131 Noktan\u0131z\",\"potentialAction\":[{\"@type\":\"SearchAction\",\"target\":{\"@type\":\"EntryPoint\",\"urlTemplate\":\"https:\/\/cevikltd.com.tr\/?s={search_term_string}\"},\"query-input\":\"required name=search_term_string\"}],\"inLanguage\":\"en-US\"},{\"@type\":\"WebPage\",\"@id\":\"https:\/\/cevikltd.com.tr\/en\/partners\/others\/glenair\/#webpage\",\"url\":\"https:\/\/cevikltd.com.tr\/en\/partners\/others\/glenair\/\",\"name\":\"Glenair - \u00c7evik Ba\u011flant\u0131 Teknolojileri\",\"isPartOf\":{\"@id\":\"https:\/\/cevikltd.com.tr\/#website\"},\"datePublished\":\"2018-01-30T07:38:13+00:00\",\"dateModified\":\"2020-04-17T10:13:30+00:00\",\"description\":\"\u00c7evik provides Turkey delivery service with best price,excellent technical support and fast shipping for the products of Glenair.\",\"breadcrumb\":{\"@id\":\"https:\/\/cevikltd.com.tr\/en\/partners\/others\/glenair\/#breadcrumb\"},\"inLanguage\":\"en-US\",\"potentialAction\":[{\"@type\":\"ReadAction\",\"target\":[\"https:\/\/cevikltd.com.tr\/en\/partners\/others\/glenair\/\"]}]},{\"@type\":\"BreadcrumbList\",\"@id\":\"https:\/\/cevikltd.com.tr\/en\/partners\/others\/glenair\/#breadcrumb\",\"itemListElement\":[{\"@type\":\"ListItem\",\"position\":1,\"name\":\"Ana sayfa\",\"item\":\"https:\/\/cevikltd.com.tr\/en\/\"},{\"@type\":\"ListItem\",\"position\":2,\"name\":\"Partners\",\"item\":\"https:\/\/cevikltd.com.tr\/en\/partners\/\"},{\"@type\":\"ListItem\",\"position\":3,\"name\":\"Others\",\"item\":\"https:\/\/cevikltd.com.tr\/en\/partners\/others\/\"},{\"@type\":\"ListItem\",\"position\":4,\"name\":\"Glenair\"}]}]}<\/script>\n<!-- \/ Yoast SEO plugin. -->","yoast_head_json":{"title":"Glenair - \u00c7evik Ba\u011flant\u0131 Teknolojileri","description":"\u00c7evik provides Turkey delivery service with best price,excellent technical support and fast shipping for the products of Glenair.","robots":{"index":"index","follow":"follow","max-snippet":"max-snippet:-1","max-image-preview":"max-image-preview:large","max-video-preview":"max-video-preview:-1"},"canonical":"https:\/\/cevikltd.com.tr\/en\/partners\/others\/glenair\/","og_locale":"en_US","og_type":"article","og_title":"Glenair - \u00c7evik Ba\u011flant\u0131 Teknolojileri","og_description":"\u00c7evik provides Turkey delivery service with best price,excellent technical support and fast shipping for the products of Glenair.","og_url":"https:\/\/cevikltd.com.tr\/en\/partners\/others\/glenair\/","og_site_name":"\u00c7evik Ba\u011flant\u0131 Teknolojileri","article_publisher":"https:\/\/www.facebook.com\/pages\/%c3%87evik-Konnekt%c3%b6r-ve-Kablo-Montaj-Hizmetleri\/638389736272668","article_modified_time":"2020-04-17T10:13:30+00:00","twitter_card":"summary_large_image","twitter_site":"@CevikKonnektor","twitter_misc":{"Est. reading time":"1 minute"},"schema":{"@context":"https:\/\/schema.org","@graph":[{"@type":"WebSite","@id":"https:\/\/cevikltd.com.tr\/#website","url":"https:\/\/cevikltd.com.tr\/","name":"\u00c7evik Ba\u011flant\u0131 Teknolojileri","description":"Teknolojiye Ba\u011flant\u0131 Noktan\u0131z","potentialAction":[{"@type":"SearchAction","target":{"@type":"EntryPoint","urlTemplate":"https:\/\/cevikltd.com.tr\/?s={search_term_string}"},"query-input":"required name=search_term_string"}],"inLanguage":"en-US"},{"@type":"WebPage","@id":"https:\/\/cevikltd.com.tr\/en\/partners\/others\/glenair\/#webpage","url":"https:\/\/cevikltd.com.tr\/en\/partners\/others\/glenair\/","name":"Glenair - \u00c7evik Ba\u011flant\u0131 Teknolojileri","isPartOf":{"@id":"https:\/\/cevikltd.com.tr\/#website"},"datePublished":"2018-01-30T07:38:13+00:00","dateModified":"2020-04-17T10:13:30+00:00","description":"\u00c7evik provides Turkey delivery service with best price,excellent technical support and fast shipping for the products of Glenair.","breadcrumb":{"@id":"https:\/\/cevikltd.com.tr\/en\/partners\/others\/glenair\/#breadcrumb"},"inLanguage":"en-US","potentialAction":[{"@type":"ReadAction","target":["https:\/\/cevikltd.com.tr\/en\/partners\/others\/glenair\/"]}]},{"@type":"BreadcrumbList","@id":"https:\/\/cevikltd.com.tr\/en\/partners\/others\/glenair\/#breadcrumb","itemListElement":[{"@type":"ListItem","position":1,"name":"Ana sayfa","item":"https:\/\/cevikltd.com.tr\/en\/"},{"@type":"ListItem","position":2,"name":"Partners","item":"https:\/\/cevikltd.com.tr\/en\/partners\/"},{"@type":"ListItem","position":3,"name":"Others","item":"https:\/\/cevikltd.com.tr\/en\/partners\/others\/"},{"@type":"ListItem","position":4,"name":"Glenair"}]}]}},"jetpack_sharing_enabled":true,"jetpack_shortlink":"https:\/\/wp.me\/P9xcy2-tu","_links":{"self":[{"href":"https:\/\/cevikltd.com.tr\/en\/wp-json\/wp\/v2\/pages\/1828"}],"collection":[{"href":"https:\/\/cevikltd.com.tr\/en\/wp-json\/wp\/v2\/pages"}],"about":[{"href":"https:\/\/cevikltd.com.tr\/en\/wp-json\/wp\/v2\/types\/page"}],"author":[{"embeddable":true,"href":"https:\/\/cevikltd.com.tr\/en\/wp-json\/wp\/v2\/users\/1"}],"replies":[{"embeddable":true,"href":"https:\/\/cevikltd.com.tr\/en\/wp-json\/wp\/v2\/comments?post=1828"}],"version-history":[{"count":3,"href":"https:\/\/cevikltd.com.tr\/en\/wp-json\/wp\/v2\/pages\/1828\/revisions"}],"predecessor-version":[{"id":4962,"href":"https:\/\/cevikltd.com.tr\/en\/wp-json\/wp\/v2\/pages\/1828\/revisions\/4962"}],"up":[{"embeddable":true,"href":"https:\/\/cevikltd.com.tr\/en\/wp-json\/wp\/v2\/pages\/1794"}],"wp:attachment":[{"href":"https:\/\/cevikltd.com.tr\/en\/wp-json\/wp\/v2\/media?parent=1828"}],"curies":[{"name":"wp","href":"https:\/\/api.w.org\/{rel}","templated":true}]}}