{"id":1857,"date":"2018-02-07T13:25:04","date_gmt":"2018-02-07T10:25:04","guid":{"rendered":"https:\/\/cevikltd.com.tr\/products\/"},"modified":"2020-03-03T18:46:45","modified_gmt":"2020-03-03T15:46:45","slug":"solutions","status":"publish","type":"page","link":"https:\/\/cevikltd.com.tr\/en\/solutions\/","title":{"rendered":"Solutions"},"content":{"rendered":"<p>[vc_row padding_top=&#8221;&#8221;][vc_column][vc_column_text]\u00c7evik manufactures wire harness assemblies, box-builds and electro-mechanical assemblies including design, prototype and technical drawing support.[\/vc_column_text][\/vc_column][vc_column css=&#8221;.vc_custom_1561539043685{margin-top: 20px !important;}&#8221;][vc_single_image image=&#8221;2811&#8243; img_size=&#8221;full&#8221; style=&#8221;vc_box_circle&#8221;][\/vc_column][\/vc_row][vc_row padding_top=&#8221;&#8221;][vc_column width=&#8221;1\/4&#8243;][vc_single_image image=&#8221;2824&#8243; img_size=&#8221;medium&#8221; style=&#8221;vc_box_border_circle_2&#8243;][\/vc_column][vc_column width=&#8221;3\/4&#8243;][vc_column_text]<\/p>\n<h2><a href=\"https:\/\/cevikltd.com.tr\/en\/solutions\/electromechanical-assembly\/\">Electrical Harness and Wire Assembly<\/a><\/h2>\n<p>\u00c7evik manufactures electrical wire harness assemblies and provide services in especially military applications with high standards which is required. \u00c7evik manufacture \u00a0wire harness assemblies in accordance with IPC\/WHMA-A-620B within its own experience production team.[\/vc_column_text][\/vc_column][\/vc_row][vc_row padding_top=&#8221;&#8221;][vc_column width=&#8221;1\/4&#8243;][vc_single_image image=&#8221;2944&#8243; img_size=&#8221;medium&#8221; style=&#8221;vc_box_border_circle_2&#8243;][\/vc_column][vc_column width=&#8221;3\/4&#8243;][vc_column_text]<\/p>\n<h2><a href=\"https:\/\/cevikltd.com.tr\/en\/solutions\/electromechanical-assembly\/\">Electromechanical Assembly<\/a><\/h2>\n<p>\u00c7evik provide electromechanical assembly \u00a0service for the system of especially land military applications like control panels, control box, dashboard.[\/vc_column_text][\/vc_column][\/vc_row][vc_row padding_top=&#8221;&#8221;][vc_column width=&#8221;1\/4&#8243;][vc_single_image image=&#8221;2827&#8243; img_size=&#8221;medium&#8221; style=&#8221;vc_box_border_circle_2&#8243;][\/vc_column][vc_column width=&#8221;3\/4&#8243;][vc_column_text]<\/p>\n<h2><a href=\"https:\/\/cevikltd.com.tr\/en\/solutions\/box-build\/\">Box-Build<\/a><\/h2>\n<p>\u00c7evik offers custom box-builds for commercial and military, aerospace and land platforms.[\/vc_column_text][\/vc_column][\/vc_row][vc_row padding_top=&#8221;&#8221; padding_bottom=&#8221;&#8221;][vc_column width=&#8221;1\/4&#8243;][vc_single_image image=&#8221;2830&#8243; img_size=&#8221;medium&#8221; style=&#8221;vc_box_border_circle_2&#8243;][\/vc_column][vc_column width=&#8221;3\/4&#8243;][vc_column_text]<\/p>\n<h2><a href=\"https:\/\/cevikltd.com.tr\/en\/solutions\/design-and-prototype\/\">Design and Prototype<\/a><\/h2>\n<p>\u00c7evik has the capability of design and prototype manufacturing according to the customer requirements.[\/vc_column_text][\/vc_column][\/vc_row][vc_row][vc_column width=&#8221;1\/4&#8243;][vc_single_image image=&#8221;2818&#8243; img_size=&#8221;medium&#8221; style=&#8221;vc_box_border_circle_2&#8243;][\/vc_column][vc_column width=&#8221;3\/4&#8243;][vc_column_text]<\/p>\n<h2><a href=\"https:\/\/cevikltd.com.tr\/en\/solutions\/technical-drawing-support\/\">Technical Drawing Support<\/a><\/h2>\n<p>\u00c7evik provide technical drawing support to all harnessing and electromechanical assembly requirements of the military, commercial and aerospace applications.[\/vc_column_text][\/vc_column][\/vc_row][vc_row padding_top=&#8221;&#8221; padding_bottom=&#8221;&#8221;][vc_column][vc_single_image image=&#8221;2355&#8243; img_size=&#8221;full&#8221;][\/vc_column][\/vc_row]<\/p>\n","protected":false},"excerpt":{"rendered":"<p>[vc_row padding_top=&#8221;&#8221;][vc_column][vc_column_text]\u00c7evik manufactures wire harness assemblies, box-builds and electro-mechanical assemblies including design, prototype and technical drawing support.[\/vc_column_text][\/vc_column][vc_column css=&#8221;.vc_custom_1561539043685{margin-top: 20px !important;}&#8221;][vc_single_image image=&#8221;2811&#8243; img_size=&#8221;full&#8221; style=&#8221;vc_box_circle&#8221;][\/vc_column][\/vc_row][vc_row padding_top=&#8221;&#8221;][vc_column width=&#8221;1\/4&#8243;][vc_single_image image=&#8221;2824&#8243; img_size=&#8221;medium&#8221; style=&#8221;vc_box_border_circle_2&#8243;][\/vc_column][vc_column width=&#8221;3\/4&#8243;][vc_column_text] Electrical Harness and Wire Assembly \u00c7evik manufactures electrical wire harness assemblies and provide services in especially military applications with high standards which is required. \u00c7evik manufacture \u00a0wire harness assemblies in accordance [&hellip;]<\/p>\n","protected":false},"author":1,"featured_media":0,"parent":0,"menu_order":3,"comment_status":"closed","ping_status":"closed","template":"","meta":{"spay_email":""},"yoast_head":"<!-- This site is optimized with the Yoast SEO plugin v18.5 - https:\/\/yoast.com\/wordpress\/plugins\/seo\/ -->\n<title>Solutions - \u00c7evik Ba\u011flant\u0131 Teknolojileri<\/title>\n<meta name=\"robots\" content=\"index, follow, max-snippet:-1, max-image-preview:large, max-video-preview:-1\" \/>\n<link rel=\"canonical\" href=\"https:\/\/cevikltd.com.tr\/en\/solutions\/\" \/>\n<meta property=\"og:locale\" content=\"en_US\" \/>\n<meta property=\"og:type\" content=\"article\" \/>\n<meta property=\"og:title\" content=\"Solutions - \u00c7evik Ba\u011flant\u0131 Teknolojileri\" \/>\n<meta property=\"og:description\" content=\"[vc_row padding_top=&#8221;&#8221;][vc_column][vc_column_text]\u00c7evik manufactures wire harness assemblies, box-builds and electro-mechanical assemblies including design, prototype and technical drawing support.[\/vc_column_text][\/vc_column][vc_column css=&#8221;.vc_custom_1561539043685{margin-top: 20px !important;}&#8221;][vc_single_image image=&#8221;2811&#8243; img_size=&#8221;full&#8221; style=&#8221;vc_box_circle&#8221;][\/vc_column][\/vc_row][vc_row padding_top=&#8221;&#8221;][vc_column width=&#8221;1\/4&#8243;][vc_single_image image=&#8221;2824&#8243; img_size=&#8221;medium&#8221; style=&#8221;vc_box_border_circle_2&#8243;][\/vc_column][vc_column width=&#8221;3\/4&#8243;][vc_column_text] Electrical Harness and Wire Assembly \u00c7evik manufactures electrical wire harness assemblies and provide services in especially military applications with high standards which is required. \u00c7evik manufacture \u00a0wire harness assemblies in accordance [&hellip;]\" \/>\n<meta property=\"og:url\" content=\"https:\/\/cevikltd.com.tr\/en\/solutions\/\" \/>\n<meta property=\"og:site_name\" content=\"\u00c7evik Ba\u011flant\u0131 Teknolojileri\" \/>\n<meta property=\"article:publisher\" content=\"https:\/\/www.facebook.com\/pages\/%c3%87evik-Konnekt%c3%b6r-ve-Kablo-Montaj-Hizmetleri\/638389736272668\" \/>\n<meta property=\"article:modified_time\" content=\"2020-03-03T15:46:45+00:00\" \/>\n<meta name=\"twitter:card\" content=\"summary_large_image\" \/>\n<meta name=\"twitter:site\" content=\"@CevikKonnektor\" \/>\n<meta name=\"twitter:label1\" content=\"Est. reading time\" \/>\n\t<meta name=\"twitter:data1\" content=\"2 minutes\" \/>\n<script type=\"application\/ld+json\" class=\"yoast-schema-graph\">{\"@context\":\"https:\/\/schema.org\",\"@graph\":[{\"@type\":\"WebSite\",\"@id\":\"https:\/\/cevikltd.com.tr\/#website\",\"url\":\"https:\/\/cevikltd.com.tr\/\",\"name\":\"\u00c7evik Ba\u011flant\u0131 Teknolojileri\",\"description\":\"Teknolojiye Ba\u011flant\u0131 Noktan\u0131z\",\"potentialAction\":[{\"@type\":\"SearchAction\",\"target\":{\"@type\":\"EntryPoint\",\"urlTemplate\":\"https:\/\/cevikltd.com.tr\/?s={search_term_string}\"},\"query-input\":\"required name=search_term_string\"}],\"inLanguage\":\"en-US\"},{\"@type\":\"WebPage\",\"@id\":\"https:\/\/cevikltd.com.tr\/en\/solutions\/#webpage\",\"url\":\"https:\/\/cevikltd.com.tr\/en\/solutions\/\",\"name\":\"Solutions - \u00c7evik Ba\u011flant\u0131 Teknolojileri\",\"isPartOf\":{\"@id\":\"https:\/\/cevikltd.com.tr\/#website\"},\"datePublished\":\"2018-02-07T10:25:04+00:00\",\"dateModified\":\"2020-03-03T15:46:45+00:00\",\"breadcrumb\":{\"@id\":\"https:\/\/cevikltd.com.tr\/en\/solutions\/#breadcrumb\"},\"inLanguage\":\"en-US\",\"potentialAction\":[{\"@type\":\"ReadAction\",\"target\":[\"https:\/\/cevikltd.com.tr\/en\/solutions\/\"]}]},{\"@type\":\"BreadcrumbList\",\"@id\":\"https:\/\/cevikltd.com.tr\/en\/solutions\/#breadcrumb\",\"itemListElement\":[{\"@type\":\"ListItem\",\"position\":1,\"name\":\"Ana sayfa\",\"item\":\"https:\/\/cevikltd.com.tr\/en\/\"},{\"@type\":\"ListItem\",\"position\":2,\"name\":\"Solutions\"}]}]}<\/script>\n<!-- \/ Yoast SEO plugin. -->","yoast_head_json":{"title":"Solutions - \u00c7evik Ba\u011flant\u0131 Teknolojileri","robots":{"index":"index","follow":"follow","max-snippet":"max-snippet:-1","max-image-preview":"max-image-preview:large","max-video-preview":"max-video-preview:-1"},"canonical":"https:\/\/cevikltd.com.tr\/en\/solutions\/","og_locale":"en_US","og_type":"article","og_title":"Solutions - \u00c7evik Ba\u011flant\u0131 Teknolojileri","og_description":"[vc_row padding_top=&#8221;&#8221;][vc_column][vc_column_text]\u00c7evik manufactures wire harness assemblies, box-builds and electro-mechanical assemblies including design, prototype and technical drawing support.[\/vc_column_text][\/vc_column][vc_column css=&#8221;.vc_custom_1561539043685{margin-top: 20px !important;}&#8221;][vc_single_image image=&#8221;2811&#8243; img_size=&#8221;full&#8221; style=&#8221;vc_box_circle&#8221;][\/vc_column][\/vc_row][vc_row padding_top=&#8221;&#8221;][vc_column width=&#8221;1\/4&#8243;][vc_single_image image=&#8221;2824&#8243; img_size=&#8221;medium&#8221; style=&#8221;vc_box_border_circle_2&#8243;][\/vc_column][vc_column width=&#8221;3\/4&#8243;][vc_column_text] Electrical Harness and Wire Assembly \u00c7evik manufactures electrical wire harness assemblies and provide services in especially military applications with high standards which is required. \u00c7evik manufacture \u00a0wire harness assemblies in accordance [&hellip;]","og_url":"https:\/\/cevikltd.com.tr\/en\/solutions\/","og_site_name":"\u00c7evik Ba\u011flant\u0131 Teknolojileri","article_publisher":"https:\/\/www.facebook.com\/pages\/%c3%87evik-Konnekt%c3%b6r-ve-Kablo-Montaj-Hizmetleri\/638389736272668","article_modified_time":"2020-03-03T15:46:45+00:00","twitter_card":"summary_large_image","twitter_site":"@CevikKonnektor","twitter_misc":{"Est. reading time":"2 minutes"},"schema":{"@context":"https:\/\/schema.org","@graph":[{"@type":"WebSite","@id":"https:\/\/cevikltd.com.tr\/#website","url":"https:\/\/cevikltd.com.tr\/","name":"\u00c7evik Ba\u011flant\u0131 Teknolojileri","description":"Teknolojiye Ba\u011flant\u0131 Noktan\u0131z","potentialAction":[{"@type":"SearchAction","target":{"@type":"EntryPoint","urlTemplate":"https:\/\/cevikltd.com.tr\/?s={search_term_string}"},"query-input":"required name=search_term_string"}],"inLanguage":"en-US"},{"@type":"WebPage","@id":"https:\/\/cevikltd.com.tr\/en\/solutions\/#webpage","url":"https:\/\/cevikltd.com.tr\/en\/solutions\/","name":"Solutions - \u00c7evik Ba\u011flant\u0131 Teknolojileri","isPartOf":{"@id":"https:\/\/cevikltd.com.tr\/#website"},"datePublished":"2018-02-07T10:25:04+00:00","dateModified":"2020-03-03T15:46:45+00:00","breadcrumb":{"@id":"https:\/\/cevikltd.com.tr\/en\/solutions\/#breadcrumb"},"inLanguage":"en-US","potentialAction":[{"@type":"ReadAction","target":["https:\/\/cevikltd.com.tr\/en\/solutions\/"]}]},{"@type":"BreadcrumbList","@id":"https:\/\/cevikltd.com.tr\/en\/solutions\/#breadcrumb","itemListElement":[{"@type":"ListItem","position":1,"name":"Ana sayfa","item":"https:\/\/cevikltd.com.tr\/en\/"},{"@type":"ListItem","position":2,"name":"Solutions"}]}]}},"jetpack_sharing_enabled":true,"jetpack_shortlink":"https:\/\/wp.me\/P9xcy2-tX","_links":{"self":[{"href":"https:\/\/cevikltd.com.tr\/en\/wp-json\/wp\/v2\/pages\/1857"}],"collection":[{"href":"https:\/\/cevikltd.com.tr\/en\/wp-json\/wp\/v2\/pages"}],"about":[{"href":"https:\/\/cevikltd.com.tr\/en\/wp-json\/wp\/v2\/types\/page"}],"author":[{"embeddable":true,"href":"https:\/\/cevikltd.com.tr\/en\/wp-json\/wp\/v2\/users\/1"}],"replies":[{"embeddable":true,"href":"https:\/\/cevikltd.com.tr\/en\/wp-json\/wp\/v2\/comments?post=1857"}],"version-history":[{"count":18,"href":"https:\/\/cevikltd.com.tr\/en\/wp-json\/wp\/v2\/pages\/1857\/revisions"}],"predecessor-version":[{"id":4285,"href":"https:\/\/cevikltd.com.tr\/en\/wp-json\/wp\/v2\/pages\/1857\/revisions\/4285"}],"wp:attachment":[{"href":"https:\/\/cevikltd.com.tr\/en\/wp-json\/wp\/v2\/media?parent=1857"}],"curies":[{"name":"wp","href":"https:\/\/api.w.org\/{rel}","templated":true}]}}