{"id":1866,"date":"2018-02-07T13:26:33","date_gmt":"2018-02-07T10:26:33","guid":{"rendered":"https:\/\/cevikltd.com.tr\/products\/tools\/"},"modified":"2020-02-26T15:47:55","modified_gmt":"2020-02-26T12:47:55","slug":"tools","status":"publish","type":"page","link":"https:\/\/cevikltd.com.tr\/en\/products\/tools\/","title":{"rendered":"Tools"},"content":{"rendered":"<p>[vc_row padding_top=&#8221;&#8221;][vc_column width=&#8221;1\/4&#8243;][vc_single_image image=&#8221;1260&#8243; img_size=&#8221;medium&#8221; style=&#8221;vc_box_border_circle_2&#8243;][\/vc_column][vc_column width=&#8221;3\/4&#8243;][vc_column_text]\u00c7evik provides and stock a wide and deep variety of tool products and give service with Cevik\u2019s experience and dedicated team.<\/p>\n<h4>Our Hand Tool Solutions<\/h4>\n<ul>\n<li>Crimping Tools<\/li>\n<li>Extraction Tools<\/li>\n<li>Insertion Tools<\/li>\n<li>Removel Tools<\/li>\n<\/ul>\n<p>[\/vc_column_text][\/vc_column][\/vc_row][vc_row padding_top=&#8221;&#8221; padding_bottom=&#8221;&#8221;][vc_column][vc_accordion][vc_accordion_tab title=&#8221;Katalog ve D\u00f6k\u00fcmanlar&#8221; icon=&#8221;angle-down&#8221; icon_closed=&#8221;angle-right&#8221;][vc_row_inner css=&#8221;.vc_custom_1510646959232{margin-top: 40px !important;}&#8221;][vc_column_inner width=&#8221;1\/4&#8243;][vc_single_image image=&#8221;1693&#8243; img_size=&#8221;full&#8221; style=&#8221;vc_box_outline&#8221;]<div class=\"text-left\"><a class=\"btn letter-spacing-50 with-icon btn-default hover-tip\" href=\"http:\/\/cevikltd.com.tr\/filestore\/pdfs\/Astro.pdf\" target=\"_blank\" data-toggle=\"tooltip\" data-original-title=\"Astro\" data-placement=\"top\"><i class=\"icon-download\" ><\/i> Download File<\/a><\/div>[\/vc_column_inner][vc_column_inner width=&#8221;1\/4&#8243;][vc_single_image image=&#8221;1694&#8243; img_size=&#8221;full&#8221; style=&#8221;vc_box_outline&#8221;]<div class=\"text-left\"><a class=\"btn letter-spacing-50 with-icon btn-default hover-tip\" href=\"http:\/\/cevikltd.com.tr\/filestore\/pdfs\/ConnectorToolingGuide.pdf\" target=\"_blank\" data-toggle=\"tooltip\" data-original-title=\"Connector Tooling Guide\" data-placement=\"top\"><i class=\"icon-download\" ><\/i> Download File<\/a><\/div>[\/vc_column_inner][vc_column_inner width=&#8221;1\/4&#8243;][vc_single_image image=&#8221;1695&#8243; img_size=&#8221;full&#8221; style=&#8221;vc_box_outline&#8221;]<div class=\"text-left\"><a class=\"btn letter-spacing-50 with-icon btn-default hover-tip\" href=\"http:\/\/cevikltd.com.tr\/filestore\/pdfs\/PreciseTool-1.pdf\" target=\"_blank\" data-toggle=\"tooltip\" data-original-title=\"Precise Tool 1\" data-placement=\"top\"><i class=\"icon-download\" ><\/i> Download File<\/a><\/div>[\/vc_column_inner][vc_column_inner width=&#8221;1\/4&#8243;][vc_single_image image=&#8221;1696&#8243; img_size=&#8221;full&#8221; style=&#8221;vc_box_outline&#8221;]<div class=\"text-left\"><a class=\"btn letter-spacing-50 with-icon btn-default hover-tip\" href=\"http:\/\/cevikltd.com.tr\/filestore\/pdfs\/PreciseTool-2.pdf\" target=\"_blank\" data-toggle=\"tooltip\" data-original-title=\"Precise Tool 2\" data-placement=\"top\"><i class=\"icon-download\" ><\/i> Download File<\/a><\/div>[\/vc_column_inner][\/vc_row_inner][\/vc_accordion_tab][\/vc_accordion][\/vc_column][\/vc_row]<\/p>\n","protected":false},"excerpt":{"rendered":"<p>[vc_row padding_top=&#8221;&#8221;][vc_column width=&#8221;1\/4&#8243;][vc_single_image image=&#8221;1260&#8243; img_size=&#8221;medium&#8221; style=&#8221;vc_box_border_circle_2&#8243;][\/vc_column][vc_column width=&#8221;3\/4&#8243;][vc_column_text]\u00c7evik provides and stock a wide and deep variety of tool products and give service with Cevik\u2019s experience and dedicated team. Our Hand Tool Solutions Crimping Tools Extraction Tools Insertion Tools Removel Tools [\/vc_column_text][\/vc_column][\/vc_row][vc_row padding_top=&#8221;&#8221; padding_bottom=&#8221;&#8221;][vc_column][vc_accordion][vc_accordion_tab title=&#8221;Katalog ve D\u00f6k\u00fcmanlar&#8221; icon=&#8221;angle-down&#8221; icon_closed=&#8221;angle-right&#8221;][vc_row_inner css=&#8221;.vc_custom_1510646959232{margin-top: 40px !important;}&#8221;][vc_column_inner width=&#8221;1\/4&#8243;][vc_single_image image=&#8221;1693&#8243; img_size=&#8221;full&#8221; style=&#8221;vc_box_outline&#8221;][\/vc_column_inner][vc_column_inner width=&#8221;1\/4&#8243;][vc_single_image image=&#8221;1694&#8243; img_size=&#8221;full&#8221; style=&#8221;vc_box_outline&#8221;][\/vc_column_inner][vc_column_inner width=&#8221;1\/4&#8243;][vc_single_image image=&#8221;1695&#8243; [&hellip;]<\/p>\n","protected":false},"author":1,"featured_media":0,"parent":2805,"menu_order":9,"comment_status":"closed","ping_status":"closed","template":"","meta":{"spay_email":""},"yoast_head":"<!-- This site is optimized with the Yoast SEO plugin v18.5 - https:\/\/yoast.com\/wordpress\/plugins\/seo\/ -->\n<title>Tools - \u00c7evik Ba\u011flant\u0131 Teknolojileri<\/title>\n<meta name=\"description\" content=\"\u00c7evik provides and stock a wide and deep variety of tool products and give service with Cevik\u2019s experience and dedicated team.\" \/>\n<meta name=\"robots\" content=\"index, follow, max-snippet:-1, max-image-preview:large, max-video-preview:-1\" \/>\n<link rel=\"canonical\" href=\"https:\/\/cevikltd.com.tr\/en\/products\/tools\/\" \/>\n<meta property=\"og:locale\" content=\"en_US\" \/>\n<meta property=\"og:type\" content=\"article\" \/>\n<meta property=\"og:title\" content=\"Tools - \u00c7evik Ba\u011flant\u0131 Teknolojileri\" \/>\n<meta property=\"og:description\" content=\"\u00c7evik provides and stock a wide and deep variety of tool products and give service with Cevik\u2019s experience and dedicated team.\" \/>\n<meta property=\"og:url\" content=\"https:\/\/cevikltd.com.tr\/en\/products\/tools\/\" \/>\n<meta property=\"og:site_name\" content=\"\u00c7evik Ba\u011flant\u0131 Teknolojileri\" \/>\n<meta property=\"article:publisher\" content=\"https:\/\/www.facebook.com\/pages\/%c3%87evik-Konnekt%c3%b6r-ve-Kablo-Montaj-Hizmetleri\/638389736272668\" \/>\n<meta property=\"article:modified_time\" content=\"2020-02-26T12:47:55+00:00\" \/>\n<meta name=\"twitter:card\" content=\"summary_large_image\" \/>\n<meta name=\"twitter:site\" content=\"@CevikKonnektor\" \/>\n<meta name=\"twitter:label1\" content=\"Est. reading time\" \/>\n\t<meta name=\"twitter:data1\" content=\"2 minutes\" \/>\n<script type=\"application\/ld+json\" class=\"yoast-schema-graph\">{\"@context\":\"https:\/\/schema.org\",\"@graph\":[{\"@type\":\"WebSite\",\"@id\":\"https:\/\/cevikltd.com.tr\/#website\",\"url\":\"https:\/\/cevikltd.com.tr\/\",\"name\":\"\u00c7evik Ba\u011flant\u0131 Teknolojileri\",\"description\":\"Teknolojiye Ba\u011flant\u0131 Noktan\u0131z\",\"potentialAction\":[{\"@type\":\"SearchAction\",\"target\":{\"@type\":\"EntryPoint\",\"urlTemplate\":\"https:\/\/cevikltd.com.tr\/?s={search_term_string}\"},\"query-input\":\"required name=search_term_string\"}],\"inLanguage\":\"en-US\"},{\"@type\":\"WebPage\",\"@id\":\"https:\/\/cevikltd.com.tr\/en\/products\/tools\/#webpage\",\"url\":\"https:\/\/cevikltd.com.tr\/en\/products\/tools\/\",\"name\":\"Tools - \u00c7evik Ba\u011flant\u0131 Teknolojileri\",\"isPartOf\":{\"@id\":\"https:\/\/cevikltd.com.tr\/#website\"},\"datePublished\":\"2018-02-07T10:26:33+00:00\",\"dateModified\":\"2020-02-26T12:47:55+00:00\",\"description\":\"\u00c7evik provides and stock a wide and deep variety of tool products and give service with Cevik\u2019s experience and dedicated team.\",\"breadcrumb\":{\"@id\":\"https:\/\/cevikltd.com.tr\/en\/products\/tools\/#breadcrumb\"},\"inLanguage\":\"en-US\",\"potentialAction\":[{\"@type\":\"ReadAction\",\"target\":[\"https:\/\/cevikltd.com.tr\/en\/products\/tools\/\"]}]},{\"@type\":\"BreadcrumbList\",\"@id\":\"https:\/\/cevikltd.com.tr\/en\/products\/tools\/#breadcrumb\",\"itemListElement\":[{\"@type\":\"ListItem\",\"position\":1,\"name\":\"Ana sayfa\",\"item\":\"https:\/\/cevikltd.com.tr\/en\/\"},{\"@type\":\"ListItem\",\"position\":2,\"name\":\"Products\",\"item\":\"https:\/\/cevikltd.com.tr\/en\/products\/\"},{\"@type\":\"ListItem\",\"position\":3,\"name\":\"Tools\"}]}]}<\/script>\n<!-- \/ Yoast SEO plugin. -->","yoast_head_json":{"title":"Tools - \u00c7evik Ba\u011flant\u0131 Teknolojileri","description":"\u00c7evik provides and stock a wide and deep variety of tool products and give service with Cevik\u2019s experience and dedicated team.","robots":{"index":"index","follow":"follow","max-snippet":"max-snippet:-1","max-image-preview":"max-image-preview:large","max-video-preview":"max-video-preview:-1"},"canonical":"https:\/\/cevikltd.com.tr\/en\/products\/tools\/","og_locale":"en_US","og_type":"article","og_title":"Tools - \u00c7evik Ba\u011flant\u0131 Teknolojileri","og_description":"\u00c7evik provides and stock a wide and deep variety of tool products and give service with Cevik\u2019s experience and dedicated team.","og_url":"https:\/\/cevikltd.com.tr\/en\/products\/tools\/","og_site_name":"\u00c7evik Ba\u011flant\u0131 Teknolojileri","article_publisher":"https:\/\/www.facebook.com\/pages\/%c3%87evik-Konnekt%c3%b6r-ve-Kablo-Montaj-Hizmetleri\/638389736272668","article_modified_time":"2020-02-26T12:47:55+00:00","twitter_card":"summary_large_image","twitter_site":"@CevikKonnektor","twitter_misc":{"Est. reading time":"2 minutes"},"schema":{"@context":"https:\/\/schema.org","@graph":[{"@type":"WebSite","@id":"https:\/\/cevikltd.com.tr\/#website","url":"https:\/\/cevikltd.com.tr\/","name":"\u00c7evik Ba\u011flant\u0131 Teknolojileri","description":"Teknolojiye Ba\u011flant\u0131 Noktan\u0131z","potentialAction":[{"@type":"SearchAction","target":{"@type":"EntryPoint","urlTemplate":"https:\/\/cevikltd.com.tr\/?s={search_term_string}"},"query-input":"required name=search_term_string"}],"inLanguage":"en-US"},{"@type":"WebPage","@id":"https:\/\/cevikltd.com.tr\/en\/products\/tools\/#webpage","url":"https:\/\/cevikltd.com.tr\/en\/products\/tools\/","name":"Tools - \u00c7evik Ba\u011flant\u0131 Teknolojileri","isPartOf":{"@id":"https:\/\/cevikltd.com.tr\/#website"},"datePublished":"2018-02-07T10:26:33+00:00","dateModified":"2020-02-26T12:47:55+00:00","description":"\u00c7evik provides and stock a wide and deep variety of tool products and give service with Cevik\u2019s experience and dedicated team.","breadcrumb":{"@id":"https:\/\/cevikltd.com.tr\/en\/products\/tools\/#breadcrumb"},"inLanguage":"en-US","potentialAction":[{"@type":"ReadAction","target":["https:\/\/cevikltd.com.tr\/en\/products\/tools\/"]}]},{"@type":"BreadcrumbList","@id":"https:\/\/cevikltd.com.tr\/en\/products\/tools\/#breadcrumb","itemListElement":[{"@type":"ListItem","position":1,"name":"Ana sayfa","item":"https:\/\/cevikltd.com.tr\/en\/"},{"@type":"ListItem","position":2,"name":"Products","item":"https:\/\/cevikltd.com.tr\/en\/products\/"},{"@type":"ListItem","position":3,"name":"Tools"}]}]}},"jetpack_sharing_enabled":true,"jetpack_shortlink":"https:\/\/wp.me\/P9xcy2-u6","_links":{"self":[{"href":"https:\/\/cevikltd.com.tr\/en\/wp-json\/wp\/v2\/pages\/1866"}],"collection":[{"href":"https:\/\/cevikltd.com.tr\/en\/wp-json\/wp\/v2\/pages"}],"about":[{"href":"https:\/\/cevikltd.com.tr\/en\/wp-json\/wp\/v2\/types\/page"}],"author":[{"embeddable":true,"href":"https:\/\/cevikltd.com.tr\/en\/wp-json\/wp\/v2\/users\/1"}],"replies":[{"embeddable":true,"href":"https:\/\/cevikltd.com.tr\/en\/wp-json\/wp\/v2\/comments?post=1866"}],"version-history":[{"count":6,"href":"https:\/\/cevikltd.com.tr\/en\/wp-json\/wp\/v2\/pages\/1866\/revisions"}],"predecessor-version":[{"id":3905,"href":"https:\/\/cevikltd.com.tr\/en\/wp-json\/wp\/v2\/pages\/1866\/revisions\/3905"}],"up":[{"embeddable":true,"href":"https:\/\/cevikltd.com.tr\/en\/wp-json\/wp\/v2\/pages\/2805"}],"wp:attachment":[{"href":"https:\/\/cevikltd.com.tr\/en\/wp-json\/wp\/v2\/media?parent=1866"}],"curies":[{"name":"wp","href":"https:\/\/api.w.org\/{rel}","templated":true}]}}