{"id":1870,"date":"2018-02-07T13:27:34","date_gmt":"2018-02-07T10:27:34","guid":{"rendered":"https:\/\/cevikltd.com.tr\/about-us\/"},"modified":"2018-03-26T15:47:03","modified_gmt":"2018-03-26T12:47:03","slug":"about-us","status":"publish","type":"page","link":"https:\/\/cevikltd.com.tr\/en\/about-us\/","title":{"rendered":"About Us"},"content":{"rendered":"<p>[vc_row padding_bottom=&#8221;&#8221;][vc_column][vc_row_inner][vc_column_inner][vc_column_text]<\/p>\n<p>\u00c7evik operating since 2003, with the experience gained in connection technology, the\u00a0 Turkey representative of world&#8217;s leading manufacturers.The most fundamental characteristic of our company is to gain the trust of its customers by pioneering development and change with an innovative point of view.<\/p>\n<p>The mission of our company: to be a solution partner with our expert team and wide range of products, from design to production in Industrial, Transportation, Telecom, Marine \/ Offshore, Defense and Aviation sectors.Our Vision is to be a global brand with its knowledge and solution ability.<\/p>\n<p>\u00c7evik Connection Technologies considers the customers as a business partners. Therefore,\u00a0 as a principle we are a company that\u00a0 providing our customers with timely, accurate and quality service. Our precedence is providing customer satisfaction %100 by showing the expected effort. In a time of constant technological change, it\u2019s not enough to only have good ideas. The implementation of successful solutions for customers is the benchmark against which we measure ourselves. Highest quality is a commitment to our customers and to ourselves.<\/p>\n<p>Our company which the head office is located in Istanbul Sancaktepe, has offices in Ankara, \u0130zmir and Bursa.<\/p>\n<p>We attach much importance to corporate communication, internal communication, corporate values and quality policies.<\/p>\n<p>[\/vc_column_text][\/vc_column_inner][\/vc_row_inner][\/vc_column][\/vc_row][vc_row padding_top=&#8221;&#8221; padding_bottom=&#8221;&#8221;][vc_column][vc_row_inner][vc_column_inner width=&#8221;1\/2&#8243;][\/vc_column_inner][vc_column_inner width=&#8221;1\/2&#8243;][\/vc_column_inner][\/vc_row_inner][\/vc_column][\/vc_row][vc_row padding_top=&#8221;&#8221; padding_bottom=&#8221;&#8221;][vc_column][vc_row_inner][vc_column_inner][vc_column_text]<\/p>\n<h4>\u00a0 \u00a0Main sectors we serve are;<\/h4>\n<ul>\n<li>Transportation<\/li>\n<li>Defense &amp; Aero<\/li>\n<li>Industrial<\/li>\n<li>Telekom<\/li>\n<li>Marine &amp; Offshore<\/li>\n<\/ul>\n<p>[\/vc_column_text][\/vc_row_inner][\/vc_column][\/vc_row][vc_row padding_top=&#8221;&#8221; padding_bottom=&#8221;4&#8243;][vc_column][vc_column_text]<\/p>\n<h4>The values that we attach importance as \u00c7evik Connection Technologies;<\/h4>\n<ul>\n<li>To be a family with our customers and suppliers<\/li>\n<li>To be trustworthy<\/li>\n<li>Continuously to improve our technical skills<\/li>\n<li>Long-term strategic approach<\/li>\n<li>To be always an innovative company<\/li>\n<\/ul>\n<h4>Our Quality Policy;<\/h4>\n<ul>\n<li>To deliver our products on time and without mistakes<\/li>\n<li>To keep high customer satisfaction<\/li>\n<li>To keep our employee motivation at the highest levels<\/li>\n<li>To renew ourselves with a constantly learning organization<\/li>\n<li>To find fast and effective solutions to changing conditions overtime<\/li>\n<li>To embrace international professional rules<\/li>\n<\/ul>\n<p>[\/vc_column_text][vc_column_inner width=&#8221;1\/2&#8243;][vc_column_text]<\/p>\n<p><img loading=\"lazy\" class=\"alignnone wp-image-1024\" src=\"http:\/\/cevikltd.com.tr\/wp-content\/uploads\/2017\/11\/royalcert.jpg\" alt=\"\" width=\"125\" height=\"143\" \/><img loading=\"lazy\" class=\"alignnone wp-image-1025\" src=\"http:\/\/cevikltd.com.tr\/wp-content\/uploads\/2017\/11\/turkak.jpg\" alt=\"\" width=\"98\" height=\"143\" srcset=\"https:\/\/cevikltd.com.tr\/wp-content\/uploads\/2017\/11\/turkak.jpg 225w, https:\/\/cevikltd.com.tr\/wp-content\/uploads\/2017\/11\/turkak-205x300.jpg 205w\" sizes=\"(max-width: 98px) 100vw, 98px\" \/><img loading=\"lazy\" class=\"alignnone wp-image-1023\" src=\"http:\/\/cevikltd.com.tr\/wp-content\/uploads\/2017\/11\/ipc.jpg\" alt=\"\" width=\"225\" height=\"110\" srcset=\"https:\/\/cevikltd.com.tr\/wp-content\/uploads\/2017\/11\/ipc.jpg 450w, https:\/\/cevikltd.com.tr\/wp-content\/uploads\/2017\/11\/ipc-300x146.jpg 300w\" sizes=\"(max-width: 225px) 100vw, 225px\" \/><\/p>\n<p>[\/vc_column_text][\/vc_column][\/vc_row][vc_row padding_top=&#8221;&#8221; padding_bottom=&#8221;4&#8243;][vc_column][\/vc_column][\/vc_row]<\/p>\n","protected":false},"excerpt":{"rendered":"<p>[vc_row padding_bottom=&#8221;&#8221;][vc_column][vc_row_inner][vc_column_inner][vc_column_text] \u00c7evik operating since 2003, with the experience gained in connection technology, the\u00a0 Turkey representative of world&#8217;s leading manufacturers.The most fundamental characteristic of our company is to gain the trust of its customers by pioneering development and change with an innovative point of view. The mission of our company: to be a solution partner with our expert team and [&hellip;]<\/p>\n","protected":false},"author":1,"featured_media":0,"parent":0,"menu_order":5,"comment_status":"closed","ping_status":"closed","template":"page-templates\/full-width.php","meta":{"spay_email":""},"yoast_head":"<!-- This site is optimized with the Yoast SEO plugin v18.5 - https:\/\/yoast.com\/wordpress\/plugins\/seo\/ -->\n<title>About Us - \u00c7evik Ba\u011flant\u0131 Teknolojileri<\/title>\n<meta name=\"robots\" content=\"index, follow, max-snippet:-1, max-image-preview:large, max-video-preview:-1\" \/>\n<link rel=\"canonical\" href=\"https:\/\/cevikltd.com.tr\/en\/about-us\/\" \/>\n<meta property=\"og:locale\" content=\"en_US\" \/>\n<meta property=\"og:type\" content=\"article\" \/>\n<meta property=\"og:title\" content=\"About Us - \u00c7evik Ba\u011flant\u0131 Teknolojileri\" \/>\n<meta property=\"og:description\" content=\"[vc_row padding_bottom=&#8221;&#8221;][vc_column][vc_row_inner][vc_column_inner][vc_column_text] \u00c7evik operating since 2003, with the experience gained in connection technology, the\u00a0 Turkey representative of world&#8217;s leading manufacturers.The most fundamental characteristic of our company is to gain the trust of its customers by pioneering development and change with an innovative point of view. The mission of our company: to be a solution partner with our expert team and [&hellip;]\" \/>\n<meta property=\"og:url\" content=\"https:\/\/cevikltd.com.tr\/en\/about-us\/\" \/>\n<meta property=\"og:site_name\" content=\"\u00c7evik Ba\u011flant\u0131 Teknolojileri\" \/>\n<meta property=\"article:publisher\" content=\"https:\/\/www.facebook.com\/pages\/%c3%87evik-Konnekt%c3%b6r-ve-Kablo-Montaj-Hizmetleri\/638389736272668\" \/>\n<meta property=\"article:modified_time\" content=\"2018-03-26T12:47:03+00:00\" \/>\n<meta property=\"og:image\" content=\"http:\/\/cevikltd.com.tr\/wp-content\/uploads\/2017\/11\/royalcert.jpg\" \/>\n<meta name=\"twitter:card\" content=\"summary_large_image\" \/>\n<meta name=\"twitter:site\" content=\"@CevikKonnektor\" \/>\n<meta name=\"twitter:label1\" content=\"Est. reading time\" \/>\n\t<meta name=\"twitter:data1\" content=\"2 minutes\" \/>\n<script type=\"application\/ld+json\" class=\"yoast-schema-graph\">{\"@context\":\"https:\/\/schema.org\",\"@graph\":[{\"@type\":\"WebSite\",\"@id\":\"https:\/\/cevikltd.com.tr\/#website\",\"url\":\"https:\/\/cevikltd.com.tr\/\",\"name\":\"\u00c7evik Ba\u011flant\u0131 Teknolojileri\",\"description\":\"Teknolojiye Ba\u011flant\u0131 Noktan\u0131z\",\"potentialAction\":[{\"@type\":\"SearchAction\",\"target\":{\"@type\":\"EntryPoint\",\"urlTemplate\":\"https:\/\/cevikltd.com.tr\/?s={search_term_string}\"},\"query-input\":\"required name=search_term_string\"}],\"inLanguage\":\"en-US\"},{\"@type\":\"ImageObject\",\"@id\":\"https:\/\/cevikltd.com.tr\/en\/about-us\/#primaryimage\",\"inLanguage\":\"en-US\",\"url\":\"http:\/\/cevikltd.com.tr\/wp-content\/uploads\/2017\/11\/royalcert.jpg\",\"contentUrl\":\"http:\/\/cevikltd.com.tr\/wp-content\/uploads\/2017\/11\/royalcert.jpg\"},{\"@type\":\"WebPage\",\"@id\":\"https:\/\/cevikltd.com.tr\/en\/about-us\/#webpage\",\"url\":\"https:\/\/cevikltd.com.tr\/en\/about-us\/\",\"name\":\"About Us - \u00c7evik Ba\u011flant\u0131 Teknolojileri\",\"isPartOf\":{\"@id\":\"https:\/\/cevikltd.com.tr\/#website\"},\"primaryImageOfPage\":{\"@id\":\"https:\/\/cevikltd.com.tr\/en\/about-us\/#primaryimage\"},\"datePublished\":\"2018-02-07T10:27:34+00:00\",\"dateModified\":\"2018-03-26T12:47:03+00:00\",\"breadcrumb\":{\"@id\":\"https:\/\/cevikltd.com.tr\/en\/about-us\/#breadcrumb\"},\"inLanguage\":\"en-US\",\"potentialAction\":[{\"@type\":\"ReadAction\",\"target\":[\"https:\/\/cevikltd.com.tr\/en\/about-us\/\"]}]},{\"@type\":\"BreadcrumbList\",\"@id\":\"https:\/\/cevikltd.com.tr\/en\/about-us\/#breadcrumb\",\"itemListElement\":[{\"@type\":\"ListItem\",\"position\":1,\"name\":\"Ana sayfa\",\"item\":\"https:\/\/cevikltd.com.tr\/en\/\"},{\"@type\":\"ListItem\",\"position\":2,\"name\":\"About Us\"}]}]}<\/script>\n<!-- \/ Yoast SEO plugin. -->","yoast_head_json":{"title":"About Us - \u00c7evik Ba\u011flant\u0131 Teknolojileri","robots":{"index":"index","follow":"follow","max-snippet":"max-snippet:-1","max-image-preview":"max-image-preview:large","max-video-preview":"max-video-preview:-1"},"canonical":"https:\/\/cevikltd.com.tr\/en\/about-us\/","og_locale":"en_US","og_type":"article","og_title":"About Us - \u00c7evik Ba\u011flant\u0131 Teknolojileri","og_description":"[vc_row padding_bottom=&#8221;&#8221;][vc_column][vc_row_inner][vc_column_inner][vc_column_text] \u00c7evik operating since 2003, with the experience gained in connection technology, the\u00a0 Turkey representative of world&#8217;s leading manufacturers.The most fundamental characteristic of our company is to gain the trust of its customers by pioneering development and change with an innovative point of view. The mission of our company: to be a solution partner with our expert team and [&hellip;]","og_url":"https:\/\/cevikltd.com.tr\/en\/about-us\/","og_site_name":"\u00c7evik Ba\u011flant\u0131 Teknolojileri","article_publisher":"https:\/\/www.facebook.com\/pages\/%c3%87evik-Konnekt%c3%b6r-ve-Kablo-Montaj-Hizmetleri\/638389736272668","article_modified_time":"2018-03-26T12:47:03+00:00","og_image":[{"url":"http:\/\/cevikltd.com.tr\/wp-content\/uploads\/2017\/11\/royalcert.jpg"}],"twitter_card":"summary_large_image","twitter_site":"@CevikKonnektor","twitter_misc":{"Est. reading time":"2 minutes"},"schema":{"@context":"https:\/\/schema.org","@graph":[{"@type":"WebSite","@id":"https:\/\/cevikltd.com.tr\/#website","url":"https:\/\/cevikltd.com.tr\/","name":"\u00c7evik Ba\u011flant\u0131 Teknolojileri","description":"Teknolojiye Ba\u011flant\u0131 Noktan\u0131z","potentialAction":[{"@type":"SearchAction","target":{"@type":"EntryPoint","urlTemplate":"https:\/\/cevikltd.com.tr\/?s={search_term_string}"},"query-input":"required name=search_term_string"}],"inLanguage":"en-US"},{"@type":"ImageObject","@id":"https:\/\/cevikltd.com.tr\/en\/about-us\/#primaryimage","inLanguage":"en-US","url":"http:\/\/cevikltd.com.tr\/wp-content\/uploads\/2017\/11\/royalcert.jpg","contentUrl":"http:\/\/cevikltd.com.tr\/wp-content\/uploads\/2017\/11\/royalcert.jpg"},{"@type":"WebPage","@id":"https:\/\/cevikltd.com.tr\/en\/about-us\/#webpage","url":"https:\/\/cevikltd.com.tr\/en\/about-us\/","name":"About Us - \u00c7evik Ba\u011flant\u0131 Teknolojileri","isPartOf":{"@id":"https:\/\/cevikltd.com.tr\/#website"},"primaryImageOfPage":{"@id":"https:\/\/cevikltd.com.tr\/en\/about-us\/#primaryimage"},"datePublished":"2018-02-07T10:27:34+00:00","dateModified":"2018-03-26T12:47:03+00:00","breadcrumb":{"@id":"https:\/\/cevikltd.com.tr\/en\/about-us\/#breadcrumb"},"inLanguage":"en-US","potentialAction":[{"@type":"ReadAction","target":["https:\/\/cevikltd.com.tr\/en\/about-us\/"]}]},{"@type":"BreadcrumbList","@id":"https:\/\/cevikltd.com.tr\/en\/about-us\/#breadcrumb","itemListElement":[{"@type":"ListItem","position":1,"name":"Ana sayfa","item":"https:\/\/cevikltd.com.tr\/en\/"},{"@type":"ListItem","position":2,"name":"About Us"}]}]}},"jetpack_sharing_enabled":true,"jetpack_shortlink":"https:\/\/wp.me\/P9xcy2-ua","_links":{"self":[{"href":"https:\/\/cevikltd.com.tr\/en\/wp-json\/wp\/v2\/pages\/1870"}],"collection":[{"href":"https:\/\/cevikltd.com.tr\/en\/wp-json\/wp\/v2\/pages"}],"about":[{"href":"https:\/\/cevikltd.com.tr\/en\/wp-json\/wp\/v2\/types\/page"}],"author":[{"embeddable":true,"href":"https:\/\/cevikltd.com.tr\/en\/wp-json\/wp\/v2\/users\/1"}],"replies":[{"embeddable":true,"href":"https:\/\/cevikltd.com.tr\/en\/wp-json\/wp\/v2\/comments?post=1870"}],"version-history":[{"count":4,"href":"https:\/\/cevikltd.com.tr\/en\/wp-json\/wp\/v2\/pages\/1870\/revisions"}],"predecessor-version":[{"id":2116,"href":"https:\/\/cevikltd.com.tr\/en\/wp-json\/wp\/v2\/pages\/1870\/revisions\/2116"}],"wp:attachment":[{"href":"https:\/\/cevikltd.com.tr\/en\/wp-json\/wp\/v2\/media?parent=1870"}],"curies":[{"name":"wp","href":"https:\/\/api.w.org\/{rel}","templated":true}]}}