{"id":1872,"date":"2018-02-07T13:27:49","date_gmt":"2018-02-07T10:27:49","guid":{"rendered":"https:\/\/cevikltd.com.tr\/contact\/"},"modified":"2018-02-07T16:13:34","modified_gmt":"2018-02-07T13:13:34","slug":"contact","status":"publish","type":"page","link":"https:\/\/cevikltd.com.tr\/en\/contact\/","title":{"rendered":"Contact"},"content":{"rendered":"<p>[vc_row padding_top=&#8221;20&#8243;][vc_column][vc_gmaps link=&#8221;#E-8_JTNDaWZyYW1lJTIwc3JjJTNEJTIyaHR0cHMlM0ElMkYlMkZ3d3cuZ29vZ2xlLmNvbSUyRm1hcHMlMkZlbWJlZCUzRnBiJTNEJTIxMW0xOCUyMTFtMTIlMjExbTMlMjExZDMwMTEuNDg4OTg5NTcwNTQ1JTIxMmQyOS4yMzI5MDkxMTM0ODk3NjUlMjEzZDQwLjk5MjY2OTI2Mzg3NzUzJTIxMm0zJTIxMWYwJTIxMmYwJTIxM2YwJTIxM20yJTIxMWkxMDI0JTIxMmk3NjglMjE0ZjEzLjElMjEzbTMlMjExbTIlMjExczB4MCUyNTNBMHg5YzU0N2VjY2ZmNjczY2MlMjEyelUyRnlZWGtneExERm55Qk5aWEpyWlhvJTIxNWUwJTIxM20yJTIxMXN0ciUyMTJzdHIlMjE0djE1MTE1OTMzMDAwNjglMjIlMjB3aWR0aCUzRCUyMjYwMCUyMiUyMGhlaWdodCUzRCUyMjQ1MCUyMiUyMGZyYW1lYm9yZGVyJTNEJTIyMCUyMiUyMHN0eWxlJTNEJTIyYm9yZGVyJTNBMCUyMiUyMGFsbG93ZnVsbHNjcmVlbiUzRSUzQyUyRmlmcmFtZSUzRQ==&#8221;][\/vc_column][\/vc_row][vc_row padding_top=&#8221;&#8221;][vc_column width=&#8221;2\/3&#8243;][vc_row_inner][vc_column_inner][vc_column_text]<\/p>\n<h2>You can contact us using the contact form. We will return to you as soon as possible.<\/h2>\n<p>[\/vc_column_text][\/vc_column_inner][\/vc_row_inner][vc_column_text]<\/p>\n<h3><i class=\"icon-location\"><\/i> Abdurrahmangazi Mahallesi, Alparslan Caddesi, No:11, 34887 Sancaktepe, \u0130stanbul<\/h3>\n<h3><i class=\"icon-phone\"><\/i> +90 216 521 65 81<\/h3>\n<h3><i class=\"icon-mobile\"><\/i> +90 530 035 96 82<\/h3>\n<h3><i class=\"icon-mail\"><\/i> <a href=\"mailto:info@cevikltd.com.tr\">info@cevikltd.com.tr<\/a><\/h3>\n<p>[\/vc_column_text][\/vc_column][vc_column width=&#8221;1\/3&#8243;]<div role=\"form\" class=\"wpcf7\" id=\"wpcf7-f1960-o1\" lang=\"tr-TR\" dir=\"ltr\">\n<div class=\"screen-reader-response\"><p role=\"status\" aria-live=\"polite\" aria-atomic=\"true\"><\/p> <ul><\/ul><\/div>\n<form action=\"\/en\/wp-json\/wp\/v2\/pages\/1872#wpcf7-f1960-o1\" method=\"post\" class=\"wpcf7-form init\" novalidate=\"novalidate\" data-status=\"init\">\n<div style=\"display: none;\">\n<input type=\"hidden\" name=\"_wpcf7\" value=\"1960\" \/>\n<input type=\"hidden\" name=\"_wpcf7_version\" value=\"5.5.6\" \/>\n<input type=\"hidden\" name=\"_wpcf7_locale\" value=\"tr_TR\" \/>\n<input type=\"hidden\" name=\"_wpcf7_unit_tag\" value=\"wpcf7-f1960-o1\" \/>\n<input type=\"hidden\" name=\"_wpcf7_container_post\" value=\"0\" \/>\n<input type=\"hidden\" name=\"_wpcf7_posted_data_hash\" value=\"\" \/>\n<input type=\"hidden\" name=\"_wpcf7_recaptcha_response\" value=\"\" \/>\n<\/div>\n<p><label> Your name (required)<br \/>\n    <span class=\"wpcf7-form-control-wrap your-name\"><input type=\"text\" name=\"your-name\" value=\"\" size=\"40\" class=\"wpcf7-form-control wpcf7-text wpcf7-validates-as-required\" aria-required=\"true\" aria-invalid=\"false\" \/><\/span> <\/label><\/p>\n<p><label> Your e-mail (required)<br \/>\n    <span class=\"wpcf7-form-control-wrap your-email\"><input type=\"email\" name=\"your-email\" value=\"\" size=\"40\" class=\"wpcf7-form-control wpcf7-text wpcf7-email wpcf7-validates-as-required wpcf7-validates-as-email\" aria-required=\"true\" aria-invalid=\"false\" \/><\/span> <\/label><\/p>\n<p><label> Subject<br \/>\n    <span class=\"wpcf7-form-control-wrap your-subject\"><input type=\"text\" name=\"your-subject\" value=\"\" size=\"40\" class=\"wpcf7-form-control wpcf7-text\" aria-invalid=\"false\" \/><\/span> <\/label><\/p>\n<p><label> Message<br \/>\n    <span class=\"wpcf7-form-control-wrap your-message\"><textarea name=\"your-message\" cols=\"40\" rows=\"10\" class=\"wpcf7-form-control wpcf7-textarea\" aria-invalid=\"false\"><\/textarea><\/span> <\/label><\/p>\n<p><input type=\"submit\" value=\"Send\" class=\"wpcf7-form-control has-spinner wpcf7-submit\" \/><\/p>\n<p style=\"display: none !important;\"><label>&#916;<textarea name=\"_wpcf7_ak_hp_textarea\" cols=\"45\" rows=\"8\" maxlength=\"100\"><\/textarea><\/label><input type=\"hidden\" id=\"ak_js_1\" name=\"_wpcf7_ak_js\" value=\"5\"\/><script>document.getElementById( \"ak_js_1\" ).setAttribute( \"value\", ( new Date() ).getTime() );<\/script><\/p><div class=\"wpcf7-response-output\" aria-hidden=\"true\"><\/div><\/form><\/div>[\/vc_column][\/vc_row]<\/p>\n","protected":false},"excerpt":{"rendered":"<p>[vc_row padding_top=&#8221;20&#8243;][vc_column][vc_gmaps link=&#8221;#E-8_JTNDaWZyYW1lJTIwc3JjJTNEJTIyaHR0cHMlM0ElMkYlMkZ3d3cuZ29vZ2xlLmNvbSUyRm1hcHMlMkZlbWJlZCUzRnBiJTNEJTIxMW0xOCUyMTFtMTIlMjExbTMlMjExZDMwMTEuNDg4OTg5NTcwNTQ1JTIxMmQyOS4yMzI5MDkxMTM0ODk3NjUlMjEzZDQwLjk5MjY2OTI2Mzg3NzUzJTIxMm0zJTIxMWYwJTIxMmYwJTIxM2YwJTIxM20yJTIxMWkxMDI0JTIxMmk3NjglMjE0ZjEzLjElMjEzbTMlMjExbTIlMjExczB4MCUyNTNBMHg5YzU0N2VjY2ZmNjczY2MlMjEyelUyRnlZWGtneExERm55Qk5aWEpyWlhvJTIxNWUwJTIxM20yJTIxMXN0ciUyMTJzdHIlMjE0djE1MTE1OTMzMDAwNjglMjIlMjB3aWR0aCUzRCUyMjYwMCUyMiUyMGhlaWdodCUzRCUyMjQ1MCUyMiUyMGZyYW1lYm9yZGVyJTNEJTIyMCUyMiUyMHN0eWxlJTNEJTIyYm9yZGVyJTNBMCUyMiUyMGFsbG93ZnVsbHNjcmVlbiUzRSUzQyUyRmlmcmFtZSUzRQ==&#8221;][\/vc_column][\/vc_row][vc_row padding_top=&#8221;&#8221;][vc_column width=&#8221;2\/3&#8243;][vc_row_inner][vc_column_inner][vc_column_text] You can contact us using the contact form. We will return to you as soon as possible. [\/vc_column_text][\/vc_column_inner][\/vc_row_inner][vc_column_text] Abdurrahmangazi Mahallesi, Alparslan Caddesi, No:11, 34887 Sancaktepe, \u0130stanbul +90 216 521 65 81 +90 530 035 96 82 info@cevikltd.com.tr [\/vc_column_text][\/vc_column][vc_column width=&#8221;1\/3&#8243;][\/vc_column][\/vc_row]<\/p>\n","protected":false},"author":1,"featured_media":0,"parent":0,"menu_order":6,"comment_status":"closed","ping_status":"closed","template":"page-templates\/full-width.php","meta":{"spay_email":""},"yoast_head":"<!-- This site is optimized with the Yoast SEO plugin v18.5 - https:\/\/yoast.com\/wordpress\/plugins\/seo\/ -->\n<title>Contact - \u00c7evik Ba\u011flant\u0131 Teknolojileri<\/title>\n<meta name=\"robots\" content=\"index, follow, max-snippet:-1, max-image-preview:large, max-video-preview:-1\" \/>\n<link rel=\"canonical\" href=\"https:\/\/cevikltd.com.tr\/en\/contact\/\" \/>\n<meta property=\"og:locale\" content=\"en_US\" \/>\n<meta property=\"og:type\" content=\"article\" \/>\n<meta property=\"og:title\" content=\"Contact - \u00c7evik Ba\u011flant\u0131 Teknolojileri\" \/>\n<meta property=\"og:description\" content=\"[vc_row padding_top=&#8221;20&#8243;][vc_column][vc_gmaps link=&#8221;#E-8_JTNDaWZyYW1lJTIwc3JjJTNEJTIyaHR0cHMlM0ElMkYlMkZ3d3cuZ29vZ2xlLmNvbSUyRm1hcHMlMkZlbWJlZCUzRnBiJTNEJTIxMW0xOCUyMTFtMTIlMjExbTMlMjExZDMwMTEuNDg4OTg5NTcwNTQ1JTIxMmQyOS4yMzI5MDkxMTM0ODk3NjUlMjEzZDQwLjk5MjY2OTI2Mzg3NzUzJTIxMm0zJTIxMWYwJTIxMmYwJTIxM2YwJTIxM20yJTIxMWkxMDI0JTIxMmk3NjglMjE0ZjEzLjElMjEzbTMlMjExbTIlMjExczB4MCUyNTNBMHg5YzU0N2VjY2ZmNjczY2MlMjEyelUyRnlZWGtneExERm55Qk5aWEpyWlhvJTIxNWUwJTIxM20yJTIxMXN0ciUyMTJzdHIlMjE0djE1MTE1OTMzMDAwNjglMjIlMjB3aWR0aCUzRCUyMjYwMCUyMiUyMGhlaWdodCUzRCUyMjQ1MCUyMiUyMGZyYW1lYm9yZGVyJTNEJTIyMCUyMiUyMHN0eWxlJTNEJTIyYm9yZGVyJTNBMCUyMiUyMGFsbG93ZnVsbHNjcmVlbiUzRSUzQyUyRmlmcmFtZSUzRQ==&#8221;][\/vc_column][\/vc_row][vc_row padding_top=&#8221;&#8221;][vc_column width=&#8221;2\/3&#8243;][vc_row_inner][vc_column_inner][vc_column_text] You can contact us using the contact form. We will return to you as soon as possible. [\/vc_column_text][\/vc_column_inner][\/vc_row_inner][vc_column_text] Abdurrahmangazi Mahallesi, Alparslan Caddesi, No:11, 34887 Sancaktepe, \u0130stanbul +90 216 521 65 81 +90 530 035 96 82 info@cevikltd.com.tr [\/vc_column_text][\/vc_column][vc_column width=&#8221;1\/3&#8243;][\/vc_column][\/vc_row]\" \/>\n<meta property=\"og:url\" content=\"https:\/\/cevikltd.com.tr\/en\/contact\/\" \/>\n<meta property=\"og:site_name\" content=\"\u00c7evik Ba\u011flant\u0131 Teknolojileri\" \/>\n<meta property=\"article:publisher\" content=\"https:\/\/www.facebook.com\/pages\/%c3%87evik-Konnekt%c3%b6r-ve-Kablo-Montaj-Hizmetleri\/638389736272668\" \/>\n<meta property=\"article:modified_time\" content=\"2018-02-07T13:13:34+00:00\" \/>\n<meta name=\"twitter:card\" content=\"summary_large_image\" \/>\n<meta name=\"twitter:site\" content=\"@CevikKonnektor\" \/>\n<meta name=\"twitter:label1\" content=\"Est. reading time\" \/>\n\t<meta name=\"twitter:data1\" content=\"1 minute\" \/>\n<script type=\"application\/ld+json\" class=\"yoast-schema-graph\">{\"@context\":\"https:\/\/schema.org\",\"@graph\":[{\"@type\":\"WebSite\",\"@id\":\"https:\/\/cevikltd.com.tr\/#website\",\"url\":\"https:\/\/cevikltd.com.tr\/\",\"name\":\"\u00c7evik Ba\u011flant\u0131 Teknolojileri\",\"description\":\"Teknolojiye Ba\u011flant\u0131 Noktan\u0131z\",\"potentialAction\":[{\"@type\":\"SearchAction\",\"target\":{\"@type\":\"EntryPoint\",\"urlTemplate\":\"https:\/\/cevikltd.com.tr\/?s={search_term_string}\"},\"query-input\":\"required name=search_term_string\"}],\"inLanguage\":\"en-US\"},{\"@type\":\"WebPage\",\"@id\":\"https:\/\/cevikltd.com.tr\/en\/contact\/#webpage\",\"url\":\"https:\/\/cevikltd.com.tr\/en\/contact\/\",\"name\":\"Contact - \u00c7evik Ba\u011flant\u0131 Teknolojileri\",\"isPartOf\":{\"@id\":\"https:\/\/cevikltd.com.tr\/#website\"},\"datePublished\":\"2018-02-07T10:27:49+00:00\",\"dateModified\":\"2018-02-07T13:13:34+00:00\",\"breadcrumb\":{\"@id\":\"https:\/\/cevikltd.com.tr\/en\/contact\/#breadcrumb\"},\"inLanguage\":\"en-US\",\"potentialAction\":[{\"@type\":\"ReadAction\",\"target\":[\"https:\/\/cevikltd.com.tr\/en\/contact\/\"]}]},{\"@type\":\"BreadcrumbList\",\"@id\":\"https:\/\/cevikltd.com.tr\/en\/contact\/#breadcrumb\",\"itemListElement\":[{\"@type\":\"ListItem\",\"position\":1,\"name\":\"Ana sayfa\",\"item\":\"https:\/\/cevikltd.com.tr\/en\/\"},{\"@type\":\"ListItem\",\"position\":2,\"name\":\"Contact\"}]}]}<\/script>\n<!-- \/ Yoast SEO plugin. -->","yoast_head_json":{"title":"Contact - \u00c7evik Ba\u011flant\u0131 Teknolojileri","robots":{"index":"index","follow":"follow","max-snippet":"max-snippet:-1","max-image-preview":"max-image-preview:large","max-video-preview":"max-video-preview:-1"},"canonical":"https:\/\/cevikltd.com.tr\/en\/contact\/","og_locale":"en_US","og_type":"article","og_title":"Contact - \u00c7evik Ba\u011flant\u0131 Teknolojileri","og_description":"[vc_row padding_top=&#8221;20&#8243;][vc_column][vc_gmaps link=&#8221;#E-8_JTNDaWZyYW1lJTIwc3JjJTNEJTIyaHR0cHMlM0ElMkYlMkZ3d3cuZ29vZ2xlLmNvbSUyRm1hcHMlMkZlbWJlZCUzRnBiJTNEJTIxMW0xOCUyMTFtMTIlMjExbTMlMjExZDMwMTEuNDg4OTg5NTcwNTQ1JTIxMmQyOS4yMzI5MDkxMTM0ODk3NjUlMjEzZDQwLjk5MjY2OTI2Mzg3NzUzJTIxMm0zJTIxMWYwJTIxMmYwJTIxM2YwJTIxM20yJTIxMWkxMDI0JTIxMmk3NjglMjE0ZjEzLjElMjEzbTMlMjExbTIlMjExczB4MCUyNTNBMHg5YzU0N2VjY2ZmNjczY2MlMjEyelUyRnlZWGtneExERm55Qk5aWEpyWlhvJTIxNWUwJTIxM20yJTIxMXN0ciUyMTJzdHIlMjE0djE1MTE1OTMzMDAwNjglMjIlMjB3aWR0aCUzRCUyMjYwMCUyMiUyMGhlaWdodCUzRCUyMjQ1MCUyMiUyMGZyYW1lYm9yZGVyJTNEJTIyMCUyMiUyMHN0eWxlJTNEJTIyYm9yZGVyJTNBMCUyMiUyMGFsbG93ZnVsbHNjcmVlbiUzRSUzQyUyRmlmcmFtZSUzRQ==&#8221;][\/vc_column][\/vc_row][vc_row padding_top=&#8221;&#8221;][vc_column width=&#8221;2\/3&#8243;][vc_row_inner][vc_column_inner][vc_column_text] You can contact us using the contact form. We will return to you as soon as possible. [\/vc_column_text][\/vc_column_inner][\/vc_row_inner][vc_column_text] Abdurrahmangazi Mahallesi, Alparslan Caddesi, No:11, 34887 Sancaktepe, \u0130stanbul +90 216 521 65 81 +90 530 035 96 82 info@cevikltd.com.tr [\/vc_column_text][\/vc_column][vc_column width=&#8221;1\/3&#8243;][\/vc_column][\/vc_row]","og_url":"https:\/\/cevikltd.com.tr\/en\/contact\/","og_site_name":"\u00c7evik Ba\u011flant\u0131 Teknolojileri","article_publisher":"https:\/\/www.facebook.com\/pages\/%c3%87evik-Konnekt%c3%b6r-ve-Kablo-Montaj-Hizmetleri\/638389736272668","article_modified_time":"2018-02-07T13:13:34+00:00","twitter_card":"summary_large_image","twitter_site":"@CevikKonnektor","twitter_misc":{"Est. reading time":"1 minute"},"schema":{"@context":"https:\/\/schema.org","@graph":[{"@type":"WebSite","@id":"https:\/\/cevikltd.com.tr\/#website","url":"https:\/\/cevikltd.com.tr\/","name":"\u00c7evik Ba\u011flant\u0131 Teknolojileri","description":"Teknolojiye Ba\u011flant\u0131 Noktan\u0131z","potentialAction":[{"@type":"SearchAction","target":{"@type":"EntryPoint","urlTemplate":"https:\/\/cevikltd.com.tr\/?s={search_term_string}"},"query-input":"required name=search_term_string"}],"inLanguage":"en-US"},{"@type":"WebPage","@id":"https:\/\/cevikltd.com.tr\/en\/contact\/#webpage","url":"https:\/\/cevikltd.com.tr\/en\/contact\/","name":"Contact - \u00c7evik Ba\u011flant\u0131 Teknolojileri","isPartOf":{"@id":"https:\/\/cevikltd.com.tr\/#website"},"datePublished":"2018-02-07T10:27:49+00:00","dateModified":"2018-02-07T13:13:34+00:00","breadcrumb":{"@id":"https:\/\/cevikltd.com.tr\/en\/contact\/#breadcrumb"},"inLanguage":"en-US","potentialAction":[{"@type":"ReadAction","target":["https:\/\/cevikltd.com.tr\/en\/contact\/"]}]},{"@type":"BreadcrumbList","@id":"https:\/\/cevikltd.com.tr\/en\/contact\/#breadcrumb","itemListElement":[{"@type":"ListItem","position":1,"name":"Ana sayfa","item":"https:\/\/cevikltd.com.tr\/en\/"},{"@type":"ListItem","position":2,"name":"Contact"}]}]}},"jetpack_sharing_enabled":true,"jetpack_shortlink":"https:\/\/wp.me\/P9xcy2-uc","_links":{"self":[{"href":"https:\/\/cevikltd.com.tr\/en\/wp-json\/wp\/v2\/pages\/1872"}],"collection":[{"href":"https:\/\/cevikltd.com.tr\/en\/wp-json\/wp\/v2\/pages"}],"about":[{"href":"https:\/\/cevikltd.com.tr\/en\/wp-json\/wp\/v2\/types\/page"}],"author":[{"embeddable":true,"href":"https:\/\/cevikltd.com.tr\/en\/wp-json\/wp\/v2\/users\/1"}],"replies":[{"embeddable":true,"href":"https:\/\/cevikltd.com.tr\/en\/wp-json\/wp\/v2\/comments?post=1872"}],"version-history":[{"count":7,"href":"https:\/\/cevikltd.com.tr\/en\/wp-json\/wp\/v2\/pages\/1872\/revisions"}],"predecessor-version":[{"id":1966,"href":"https:\/\/cevikltd.com.tr\/en\/wp-json\/wp\/v2\/pages\/1872\/revisions\/1966"}],"wp:attachment":[{"href":"https:\/\/cevikltd.com.tr\/en\/wp-json\/wp\/v2\/media?parent=1872"}],"curies":[{"name":"wp","href":"https:\/\/api.w.org\/{rel}","templated":true}]}}