{"id":2805,"date":"2020-01-31T13:24:00","date_gmt":"2020-01-31T10:24:00","guid":{"rendered":"https:\/\/cevikltd.com.tr\/?page_id=2805"},"modified":"2020-03-05T13:30:37","modified_gmt":"2020-03-05T10:30:37","slug":"products","status":"publish","type":"page","link":"https:\/\/cevikltd.com.tr\/en\/products\/","title":{"rendered":"Products"},"content":{"rendered":"<p>[vc_row padding_top=&#8221;&#8221;][vc_column][vc_column_text]\u00c7evik operating since 2003, with the experience gained in connection technology, the\u00a0 Turkey representative of world\u2019s leading manufacturers.The most fundamental characteristic of our company is to gain the trust of its customers by pioneering development and change with an innovative point of view.<\/p>\n<p>Our company which the head office is located in Istanbul Sancaktepe, has offices in Ankara, \u0130zmir and Bursa.\u00a0Furthermore, thanks to its 800 m2 warehouse area, it offers solutions with various product stocks in urgent orders.[\/vc_column_text][\/vc_column][\/vc_row][vc_row padding_top=&#8221;&#8221;][vc_column width=&#8221;1\/4&#8243;][vc_single_image image=&#8221;1279&#8243; img_size=&#8221;medium&#8221; style=&#8221;vc_box_border_circle_2&#8243;][\/vc_column][vc_column width=&#8221;3\/4&#8243;][vc_column_text]<\/p>\n<h2><a href=\"\/en\/products\/connectors\/\" target=\"_blank\" rel=\"noopener noreferrer\">Connectors<\/a><\/h2>\n<p><strong>\u00c7evik Ba\u011flant\u0131 Technologies\u00a0\u00a0<\/strong>giving servise according to your application areas about your all needs.[\/vc_column_text][\/vc_column][\/vc_row][vc_row padding_top=&#8221;&#8221;][vc_column width=&#8221;1\/4&#8243;][vc_single_image image=&#8221;1280&#8243; img_size=&#8221;medium&#8221; style=&#8221;vc_box_border_circle_2&#8243;][\/vc_column][vc_column width=&#8221;3\/4&#8243;][vc_column_text]<\/p>\n<h2><a href=\"\/en\/products\/cables\/\" target=\"_blank\" rel=\"noopener noreferrer\">Cables<\/a><\/h2>\n<p><b>As \u00c7evik Connection Technologies,\u00a0<\/b>we can provide quickly robot, robotics, military, solar and all your cable needs from our\u00a0warehouse located in Turkey.[\/vc_column_text][\/vc_column][\/vc_row][vc_row padding_top=&#8221;&#8221;][vc_column width=&#8221;1\/4&#8243;][vc_single_image image=&#8221;2867&#8243; img_size=&#8221;medium&#8221; style=&#8221;vc_box_border_circle_2&#8243;][\/vc_column][vc_column width=&#8221;3\/4&#8243;][vc_column_text]<\/p>\n<h2><a href=\"\/en\/products\/tubings\/\" target=\"_blank\" rel=\"noopener noreferrer\">Tubings<\/a><\/h2>\n<p><strong>\u00c7evik Ba\u011flant\u0131 Teknolojileri<\/strong>, ihtiyac\u0131n\u0131z olan \u00f6zelliklere ve uygulama alan\u0131za g\u00f6re uzman kadromuz taraf\u0131ndan en uygun \u00fcr\u00fcnleri se\u00e7meniz i\u00e7in ya da\u00a0sizden gelen taleplere g\u00f6re uygulamalar\u0131n\u0131za destek olmaktad\u0131r.[\/vc_column_text][\/vc_column][\/vc_row][vc_row padding_top=&#8221;&#8221;][vc_column width=&#8221;1\/4&#8243;][vc_single_image image=&#8221;1259&#8243; img_size=&#8221;medium&#8221; style=&#8221;vc_box_border_circle_2&#8243;][\/vc_column][vc_column width=&#8221;3\/4&#8243;][vc_column_text]<\/p>\n<h2><a href=\"\/en\/products\/relays\/\" target=\"_blank\" rel=\"noopener noreferrer\">Relays<\/a><\/h2>\n<p><strong>\u00c7evik Ba\u011flant\u0131 Teknolojileri<\/strong>, ihtiyac\u0131n\u0131z olan \u00f6zelliklere ve uygulama alan\u0131za g\u00f6re uzman kadromuz taraf\u0131ndan en uygun \u00fcr\u00fcnleri se\u00e7meniz i\u00e7in ya da\u00a0sizden gelen taleplere g\u00f6re uygulamalar\u0131n\u0131za destek olmaktad\u0131r.[\/vc_column_text][\/vc_column][\/vc_row][vc_row padding_top=&#8221;&#8221;][vc_column width=&#8221;1\/4&#8243;][vc_single_image image=&#8221;2870&#8243; img_size=&#8221;medium&#8221; style=&#8221;vc_box_border_circle_2&#8243;][\/vc_column][vc_column width=&#8221;3\/4&#8243;][vc_column_text]<\/p>\n<h2><a href=\"\/en\/products\/switch\/\" target=\"_blank\" rel=\"noopener noreferrer\">Switch<\/a><\/h2>\n<p><strong>\u00c7evik Ba\u011flant\u0131 Teknolojileri<\/strong>, ihtiyac\u0131n\u0131z olan \u00f6zelliklere ve uygulama alan\u0131za g\u00f6re uzman kadromuz taraf\u0131ndan en uygun \u00fcr\u00fcnleri se\u00e7meniz i\u00e7in ya da\u00a0sizden gelen taleplere g\u00f6re uygulamalar\u0131n\u0131za destek olmaktad\u0131r.[\/vc_column_text][\/vc_column][\/vc_row][vc_row padding_top=&#8221;&#8221;][vc_column width=&#8221;1\/4&#8243;][vc_single_image image=&#8221;611&#8243; img_size=&#8221;medium&#8221; style=&#8221;vc_box_border_circle_2&#8243;][\/vc_column][vc_column width=&#8221;3\/4&#8243;][vc_column_text]<\/p>\n<h2><a href=\"\/en\/products\/fuses\/\" target=\"_blank\" rel=\"noopener noreferrer\">Fuses<\/a><\/h2>\n<p><strong>\u00c7evik Ba\u011flant\u0131 Teknolojileri<\/strong>, ihtiyac\u0131n\u0131z olan \u00f6zelliklere ve uygulama alan\u0131za g\u00f6re uzman kadromuz taraf\u0131ndan en uygun \u00fcr\u00fcnleri se\u00e7meniz i\u00e7in ya da\u00a0sizden gelen taleplere g\u00f6re uygulamalar\u0131n\u0131za destek olmaktad\u0131r.[\/vc_column_text][\/vc_column][\/vc_row][vc_row padding_top=&#8221;&#8221;][vc_column width=&#8221;1\/4&#8243;][vc_single_image image=&#8221;2864&#8243; img_size=&#8221;medium&#8221; style=&#8221;vc_box_border_circle_2&#8243;][\/vc_column][vc_column width=&#8221;3\/4&#8243;][vc_column_text]<\/p>\n<h2><a href=\"\/en\/products\/dc-convertors\/\" target=\"_blank\" rel=\"noopener noreferrer\">DC Convertors<\/a><\/h2>\n<p><strong>\u00c7evik Ba\u011flant\u0131 Teknolojileri<\/strong>, ihtiyac\u0131n\u0131z olan \u00f6zelliklere ve uygulama alan\u0131za g\u00f6re uzman kadromuz taraf\u0131ndan en uygun \u00fcr\u00fcnleri se\u00e7meniz i\u00e7in ya da\u00a0sizden gelen taleplere g\u00f6re uygulamalar\u0131n\u0131za destek olmaktad\u0131r.[\/vc_column_text][\/vc_column][\/vc_row][vc_row padding_top=&#8221;&#8221;][vc_column width=&#8221;1\/4&#8243;][vc_single_image image=&#8221;2874&#8243; img_size=&#8221;medium&#8221; style=&#8221;vc_box_border_circle_2&#8243;][\/vc_column][vc_column width=&#8221;3\/4&#8243;][vc_column_text]<\/p>\n<h2><a href=\"\/en\/products\/power-supplies\/\" target=\"_blank\" rel=\"noopener noreferrer\">Power Supplies<\/a><\/h2>\n<p><strong>\u00c7evik Ba\u011flant\u0131 Teknolojileri<\/strong>, ihtiyac\u0131n\u0131z olan \u00f6zelliklere ve uygulama alan\u0131za g\u00f6re uzman kadromuz taraf\u0131ndan en uygun \u00fcr\u00fcnleri se\u00e7meniz i\u00e7in ya da\u00a0sizden gelen taleplere g\u00f6re uygulamalar\u0131n\u0131za destek olmaktad\u0131r.[\/vc_column_text][\/vc_column][\/vc_row][vc_row padding_top=&#8221;&#8221;][vc_column width=&#8221;1\/4&#8243;][vc_single_image image=&#8221;2877&#8243; img_size=&#8221;medium&#8221; style=&#8221;vc_box_border_circle_2&#8243;][\/vc_column][vc_column width=&#8221;3\/4&#8243;][vc_column_text]<\/p>\n<h2><a href=\"\/en\/products\/harness-accessories\/\" target=\"_blank\" rel=\"noopener noreferrer\">Harness Accessories<\/a><\/h2>\n<p><strong>\u00c7evik Ba\u011flant\u0131 Teknolojileri<\/strong>, ihtiyac\u0131n\u0131z olan \u00f6zelliklere ve uygulama alan\u0131za g\u00f6re uzman kadromuz taraf\u0131ndan en uygun \u00fcr\u00fcnleri se\u00e7meniz i\u00e7in ya da\u00a0sizden gelen taleplere g\u00f6re uygulamalar\u0131n\u0131za destek olmaktad\u0131r.[\/vc_column_text][\/vc_column][\/vc_row][vc_row padding_top=&#8221;&#8221;][vc_column width=&#8221;1\/4&#8243;][vc_single_image image=&#8221;1260&#8243; img_size=&#8221;medium&#8221; style=&#8221;vc_box_border_circle_2&#8243;][\/vc_column][vc_column width=&#8221;3\/4&#8243;][vc_column_text]<\/p>\n<h2><a href=\"\/en\/products\/tools\/\" target=\"_blank\" rel=\"noopener noreferrer\">Tools<\/a><\/h2>\n<p><strong>\u00c7evik Connection Technologies<\/strong> can meet crimping, the needs of removal and placement contact according to all kinds of connectors from our warehouse located in Turkey. If you have special request, we can provide a quickly delivered in Turkey.[\/vc_column_text][\/vc_column][\/vc_row][vc_row padding_top=&#8221;&#8221; padding_bottom=&#8221;&#8221;][vc_column width=&#8221;1\/4&#8243;][vc_single_image image=&#8221;2880&#8243; img_size=&#8221;medium&#8221; style=&#8221;vc_box_border_circle_2&#8243;][\/vc_column][vc_column width=&#8221;3\/4&#8243;][vc_column_text]<\/p>\n<h2><a href=\"\/en\/products\/other-products\/\" target=\"_blank\" rel=\"noopener noreferrer\">Other Products<\/a><\/h2>\n<p><strong>\u00c7evik Ba\u011flant\u0131 Teknolojileri<\/strong>, \u00fcretim ve uygulamalar\u0131n\u0131zda kullanabilece\u011finiz switch, r\u00f6le, sigorta ve harness malzemeleri gibi bir \u00e7ok \u00fcr\u00fcn grubunda \u00e7\u00f6z\u00fcmler sunmaktad\u0131r.[\/vc_column_text][\/vc_column][\/vc_row]<\/p>\n","protected":false},"excerpt":{"rendered":"<p>[vc_row padding_top=&#8221;&#8221;][vc_column][vc_column_text]\u00c7evik operating since 2003, with the experience gained in connection technology, the\u00a0 Turkey representative of world\u2019s leading manufacturers.The most fundamental characteristic of our company is to gain the trust of its customers by pioneering development and change with an innovative point of view. Our company which the head office is located in Istanbul Sancaktepe, has offices in Ankara, \u0130zmir [&hellip;]<\/p>\n","protected":false},"author":1,"featured_media":0,"parent":0,"menu_order":3,"comment_status":"closed","ping_status":"closed","template":"","meta":{"spay_email":""},"yoast_head":"<!-- This site is optimized with the Yoast SEO plugin v18.5 - https:\/\/yoast.com\/wordpress\/plugins\/seo\/ -->\n<title>Products - \u00c7evik Ba\u011flant\u0131 Teknolojileri<\/title>\n<meta name=\"robots\" content=\"index, follow, max-snippet:-1, max-image-preview:large, max-video-preview:-1\" \/>\n<link rel=\"canonical\" href=\"https:\/\/cevikltd.com.tr\/en\/products\/\" \/>\n<meta property=\"og:locale\" content=\"en_US\" \/>\n<meta property=\"og:type\" content=\"article\" \/>\n<meta property=\"og:title\" content=\"Products - \u00c7evik Ba\u011flant\u0131 Teknolojileri\" \/>\n<meta property=\"og:description\" content=\"[vc_row padding_top=&#8221;&#8221;][vc_column][vc_column_text]\u00c7evik operating since 2003, with the experience gained in connection technology, the\u00a0 Turkey representative of world\u2019s leading manufacturers.The most fundamental characteristic of our company is to gain the trust of its customers by pioneering development and change with an innovative point of view. Our company which the head office is located in Istanbul Sancaktepe, has offices in Ankara, \u0130zmir [&hellip;]\" \/>\n<meta property=\"og:url\" content=\"https:\/\/cevikltd.com.tr\/en\/products\/\" \/>\n<meta property=\"og:site_name\" content=\"\u00c7evik Ba\u011flant\u0131 Teknolojileri\" \/>\n<meta property=\"article:publisher\" content=\"https:\/\/www.facebook.com\/pages\/%c3%87evik-Konnekt%c3%b6r-ve-Kablo-Montaj-Hizmetleri\/638389736272668\" \/>\n<meta property=\"article:modified_time\" content=\"2020-03-05T10:30:37+00:00\" \/>\n<meta name=\"twitter:card\" content=\"summary_large_image\" \/>\n<meta name=\"twitter:site\" content=\"@CevikKonnektor\" \/>\n<meta name=\"twitter:label1\" content=\"Est. reading time\" \/>\n\t<meta name=\"twitter:data1\" content=\"4 minutes\" \/>\n<script type=\"application\/ld+json\" class=\"yoast-schema-graph\">{\"@context\":\"https:\/\/schema.org\",\"@graph\":[{\"@type\":\"WebSite\",\"@id\":\"https:\/\/cevikltd.com.tr\/#website\",\"url\":\"https:\/\/cevikltd.com.tr\/\",\"name\":\"\u00c7evik Ba\u011flant\u0131 Teknolojileri\",\"description\":\"Teknolojiye Ba\u011flant\u0131 Noktan\u0131z\",\"potentialAction\":[{\"@type\":\"SearchAction\",\"target\":{\"@type\":\"EntryPoint\",\"urlTemplate\":\"https:\/\/cevikltd.com.tr\/?s={search_term_string}\"},\"query-input\":\"required name=search_term_string\"}],\"inLanguage\":\"en-US\"},{\"@type\":\"WebPage\",\"@id\":\"https:\/\/cevikltd.com.tr\/en\/products\/#webpage\",\"url\":\"https:\/\/cevikltd.com.tr\/en\/products\/\",\"name\":\"Products - \u00c7evik Ba\u011flant\u0131 Teknolojileri\",\"isPartOf\":{\"@id\":\"https:\/\/cevikltd.com.tr\/#website\"},\"datePublished\":\"2020-01-31T10:24:00+00:00\",\"dateModified\":\"2020-03-05T10:30:37+00:00\",\"breadcrumb\":{\"@id\":\"https:\/\/cevikltd.com.tr\/en\/products\/#breadcrumb\"},\"inLanguage\":\"en-US\",\"potentialAction\":[{\"@type\":\"ReadAction\",\"target\":[\"https:\/\/cevikltd.com.tr\/en\/products\/\"]}]},{\"@type\":\"BreadcrumbList\",\"@id\":\"https:\/\/cevikltd.com.tr\/en\/products\/#breadcrumb\",\"itemListElement\":[{\"@type\":\"ListItem\",\"position\":1,\"name\":\"Ana sayfa\",\"item\":\"https:\/\/cevikltd.com.tr\/en\/\"},{\"@type\":\"ListItem\",\"position\":2,\"name\":\"Products\"}]}]}<\/script>\n<!-- \/ Yoast SEO plugin. -->","yoast_head_json":{"title":"Products - \u00c7evik Ba\u011flant\u0131 Teknolojileri","robots":{"index":"index","follow":"follow","max-snippet":"max-snippet:-1","max-image-preview":"max-image-preview:large","max-video-preview":"max-video-preview:-1"},"canonical":"https:\/\/cevikltd.com.tr\/en\/products\/","og_locale":"en_US","og_type":"article","og_title":"Products - \u00c7evik Ba\u011flant\u0131 Teknolojileri","og_description":"[vc_row padding_top=&#8221;&#8221;][vc_column][vc_column_text]\u00c7evik operating since 2003, with the experience gained in connection technology, the\u00a0 Turkey representative of world\u2019s leading manufacturers.The most fundamental characteristic of our company is to gain the trust of its customers by pioneering development and change with an innovative point of view. Our company which the head office is located in Istanbul Sancaktepe, has offices in Ankara, \u0130zmir [&hellip;]","og_url":"https:\/\/cevikltd.com.tr\/en\/products\/","og_site_name":"\u00c7evik Ba\u011flant\u0131 Teknolojileri","article_publisher":"https:\/\/www.facebook.com\/pages\/%c3%87evik-Konnekt%c3%b6r-ve-Kablo-Montaj-Hizmetleri\/638389736272668","article_modified_time":"2020-03-05T10:30:37+00:00","twitter_card":"summary_large_image","twitter_site":"@CevikKonnektor","twitter_misc":{"Est. reading time":"4 minutes"},"schema":{"@context":"https:\/\/schema.org","@graph":[{"@type":"WebSite","@id":"https:\/\/cevikltd.com.tr\/#website","url":"https:\/\/cevikltd.com.tr\/","name":"\u00c7evik Ba\u011flant\u0131 Teknolojileri","description":"Teknolojiye Ba\u011flant\u0131 Noktan\u0131z","potentialAction":[{"@type":"SearchAction","target":{"@type":"EntryPoint","urlTemplate":"https:\/\/cevikltd.com.tr\/?s={search_term_string}"},"query-input":"required name=search_term_string"}],"inLanguage":"en-US"},{"@type":"WebPage","@id":"https:\/\/cevikltd.com.tr\/en\/products\/#webpage","url":"https:\/\/cevikltd.com.tr\/en\/products\/","name":"Products - \u00c7evik Ba\u011flant\u0131 Teknolojileri","isPartOf":{"@id":"https:\/\/cevikltd.com.tr\/#website"},"datePublished":"2020-01-31T10:24:00+00:00","dateModified":"2020-03-05T10:30:37+00:00","breadcrumb":{"@id":"https:\/\/cevikltd.com.tr\/en\/products\/#breadcrumb"},"inLanguage":"en-US","potentialAction":[{"@type":"ReadAction","target":["https:\/\/cevikltd.com.tr\/en\/products\/"]}]},{"@type":"BreadcrumbList","@id":"https:\/\/cevikltd.com.tr\/en\/products\/#breadcrumb","itemListElement":[{"@type":"ListItem","position":1,"name":"Ana sayfa","item":"https:\/\/cevikltd.com.tr\/en\/"},{"@type":"ListItem","position":2,"name":"Products"}]}]}},"jetpack_sharing_enabled":true,"jetpack_shortlink":"https:\/\/wp.me\/P9xcy2-Jf","_links":{"self":[{"href":"https:\/\/cevikltd.com.tr\/en\/wp-json\/wp\/v2\/pages\/2805"}],"collection":[{"href":"https:\/\/cevikltd.com.tr\/en\/wp-json\/wp\/v2\/pages"}],"about":[{"href":"https:\/\/cevikltd.com.tr\/en\/wp-json\/wp\/v2\/types\/page"}],"author":[{"embeddable":true,"href":"https:\/\/cevikltd.com.tr\/en\/wp-json\/wp\/v2\/users\/1"}],"replies":[{"embeddable":true,"href":"https:\/\/cevikltd.com.tr\/en\/wp-json\/wp\/v2\/comments?post=2805"}],"version-history":[{"count":3,"href":"https:\/\/cevikltd.com.tr\/en\/wp-json\/wp\/v2\/pages\/2805\/revisions"}],"predecessor-version":[{"id":4363,"href":"https:\/\/cevikltd.com.tr\/en\/wp-json\/wp\/v2\/pages\/2805\/revisions\/4363"}],"wp:attachment":[{"href":"https:\/\/cevikltd.com.tr\/en\/wp-json\/wp\/v2\/media?parent=2805"}],"curies":[{"name":"wp","href":"https:\/\/api.w.org\/{rel}","templated":true}]}}