{"id":2904,"date":"2020-01-31T13:21:16","date_gmt":"2020-01-31T10:21:16","guid":{"rendered":"https:\/\/cevikltd.com.tr\/?page_id=2904"},"modified":"2020-03-05T14:02:38","modified_gmt":"2020-03-05T11:02:38","slug":"relays","status":"publish","type":"page","link":"https:\/\/cevikltd.com.tr\/en\/products\/relays\/","title":{"rendered":"Relays"},"content":{"rendered":"<p>[vc_row padding_top=&#8221;&#8221;][vc_column width=&#8221;1\/4&#8243;][vc_single_image image=&#8221;1259&#8243; img_size=&#8221;medium&#8221; style=&#8221;vc_box_border_circle_2&#8243;][\/vc_column][vc_column width=&#8221;3\/4&#8243;][vc_column_text]\u00c7evik provides a wide and deep variety of Relay products and give service with Cevik\u2019s experience and dedicated team.<\/p>\n<p>Quality relays from 50 to 400 Ampere power output at 12, 24 and 48 Volts. Layher relays are the safe solution, as the closed design protects them from water and other influences. On request our relays are available with CAN bus capability and of bistable design.<\/p>\n<p><strong>Electronic Power Relay<\/strong><\/p>\n<p>Electronic power relays with auxiliary equipment; enabling the relay to be switched on and off by a remote control, automatic shutdown in the event of overcurrent in the load circuit, allows the display of the operating status via the output of the status signal. The Electronic Power Relay series can be selected from 80A to 300A current range.<\/p>\n<p><strong>High Performance Power Relay<\/strong><\/p>\n<p>High Performance Relays have the Mil-Spec Standards and High Shock and Vibration values, that is why these relays can be used easily at the defense industry and high-performance applications. The High Performance Power Relay series can be selected from 100A to 300A current range.<\/p>\n<p><strong>Bistable Power Relay<\/strong><\/p>\n<p>Bistable Power relays have a permanent magnet circuit with a permanent magnet lock, which allows the power relays to operate without the holding coil energy. Due to these characteristics Bistable Relays can be used in a wide range of commercial vehicles, railway vehicles, construction machinery or home technology. The Bistable Power Relay series can be selected from 100A to 300A current range.<\/p>\n<p><strong>Monostable Power Relay<\/strong><\/p>\n<p>Monostable Power Relays have NO, NC and NO \/ NC (Changeover) contact options. Monostable Power Relays are suitable for use in a wide range of applications, such as commercial vehicles and construction machinery. The Monostable Power Relay series can be selected from 50A to 400A current range.<\/p>\n<p><strong>Power Relay With Auxiliary Contacts<\/strong><\/p>\n<p>Due to Power Relay With Auxiliary Contacts have additonal contacts which provide safety allowing it to be used in larger areas. Power Relays With Auxiliary Contacts\u00a0 series can be selected from 100A to 300A current range.<\/p>\n<p><strong>Dual Coil Power Relay<\/strong><\/p>\n<p>The Dual Coil Power Relays are designed to meet your demands.\u00a0 Due to the double coil structure these relays can be use in the highest performance areas with maximum sealing, high shock and vibration ratings. Dual Coil Power Relay series can be selected from 200A to 300A current range.[\/vc_column_text][\/vc_column][\/vc_row][vc_row][vc_column][vc_row_inner css=&#8221;.vc_custom_1510688956159{padding-top: 20px !important;padding-right: 10px !important;padding-bottom: 20px !important;padding-left: 10px !important;background-color: #f7f7f7 !important;}&#8221;][vc_column_inner width=&#8221;1\/4&#8243;][vc_single_image image=&#8221;1056&#8243; img_size=&#8221;medium&#8221; alignment=&#8221;center&#8221; style=&#8221;vc_box_rounded&#8221; onclick=&#8221;custom_link&#8221; link=&#8221;\/en\/partners\/layher-ag\/&#8221;][\/vc_column_inner][vc_column_inner width=&#8221;1\/4&#8243;][\/vc_column_inner][vc_column_inner width=&#8221;1\/4&#8243;][\/vc_column_inner][vc_column_inner width=&#8221;1\/4&#8243;][\/vc_column_inner][\/vc_row_inner][\/vc_column][\/vc_row]<\/p>\n","protected":false},"excerpt":{"rendered":"<p>[vc_row padding_top=&#8221;&#8221;][vc_column width=&#8221;1\/4&#8243;][vc_single_image image=&#8221;1259&#8243; img_size=&#8221;medium&#8221; style=&#8221;vc_box_border_circle_2&#8243;][\/vc_column][vc_column width=&#8221;3\/4&#8243;][vc_column_text]\u00c7evik provides a wide and deep variety of Relay products and give service with Cevik\u2019s experience and dedicated team. Quality relays from 50 to 400 Ampere power output at 12, 24 and 48 Volts. Layher relays are the safe solution, as the closed design protects them from water and other influences. On request our [&hellip;]<\/p>\n","protected":false},"author":1,"featured_media":0,"parent":2805,"menu_order":3,"comment_status":"closed","ping_status":"closed","template":"","meta":{"spay_email":""},"yoast_head":"<!-- This site is optimized with the Yoast SEO plugin v18.5 - https:\/\/yoast.com\/wordpress\/plugins\/seo\/ -->\n<title>Relays - \u00c7evik Ba\u011flant\u0131 Teknolojileri<\/title>\n<meta name=\"description\" content=\"\u00c7evik provides a wide and deep variety of Power Relays products and give service with Cevik\u2019s experience and dedicated team.\" \/>\n<meta name=\"robots\" content=\"index, follow, max-snippet:-1, max-image-preview:large, max-video-preview:-1\" \/>\n<link rel=\"canonical\" href=\"https:\/\/cevikltd.com.tr\/en\/products\/relays\/\" \/>\n<meta property=\"og:locale\" content=\"en_US\" \/>\n<meta property=\"og:type\" content=\"article\" \/>\n<meta property=\"og:title\" content=\"Relays - \u00c7evik Ba\u011flant\u0131 Teknolojileri\" \/>\n<meta property=\"og:description\" content=\"\u00c7evik provides a wide and deep variety of Power Relays products and give service with Cevik\u2019s experience and dedicated team.\" \/>\n<meta property=\"og:url\" content=\"https:\/\/cevikltd.com.tr\/en\/products\/relays\/\" \/>\n<meta property=\"og:site_name\" content=\"\u00c7evik Ba\u011flant\u0131 Teknolojileri\" \/>\n<meta property=\"article:publisher\" content=\"https:\/\/www.facebook.com\/pages\/%c3%87evik-Konnekt%c3%b6r-ve-Kablo-Montaj-Hizmetleri\/638389736272668\" \/>\n<meta property=\"article:modified_time\" content=\"2020-03-05T11:02:38+00:00\" \/>\n<meta name=\"twitter:card\" content=\"summary_large_image\" \/>\n<meta name=\"twitter:site\" content=\"@CevikKonnektor\" \/>\n<meta name=\"twitter:label1\" content=\"Est. reading time\" \/>\n\t<meta name=\"twitter:data1\" content=\"2 minutes\" \/>\n<script type=\"application\/ld+json\" class=\"yoast-schema-graph\">{\"@context\":\"https:\/\/schema.org\",\"@graph\":[{\"@type\":\"WebSite\",\"@id\":\"https:\/\/cevikltd.com.tr\/#website\",\"url\":\"https:\/\/cevikltd.com.tr\/\",\"name\":\"\u00c7evik Ba\u011flant\u0131 Teknolojileri\",\"description\":\"Teknolojiye Ba\u011flant\u0131 Noktan\u0131z\",\"potentialAction\":[{\"@type\":\"SearchAction\",\"target\":{\"@type\":\"EntryPoint\",\"urlTemplate\":\"https:\/\/cevikltd.com.tr\/?s={search_term_string}\"},\"query-input\":\"required name=search_term_string\"}],\"inLanguage\":\"en-US\"},{\"@type\":\"WebPage\",\"@id\":\"https:\/\/cevikltd.com.tr\/en\/products\/relays\/#webpage\",\"url\":\"https:\/\/cevikltd.com.tr\/en\/products\/relays\/\",\"name\":\"Relays - \u00c7evik Ba\u011flant\u0131 Teknolojileri\",\"isPartOf\":{\"@id\":\"https:\/\/cevikltd.com.tr\/#website\"},\"datePublished\":\"2020-01-31T10:21:16+00:00\",\"dateModified\":\"2020-03-05T11:02:38+00:00\",\"description\":\"\u00c7evik provides a wide and deep variety of Power Relays products and give service with Cevik\u2019s experience and dedicated team.\",\"breadcrumb\":{\"@id\":\"https:\/\/cevikltd.com.tr\/en\/products\/relays\/#breadcrumb\"},\"inLanguage\":\"en-US\",\"potentialAction\":[{\"@type\":\"ReadAction\",\"target\":[\"https:\/\/cevikltd.com.tr\/en\/products\/relays\/\"]}]},{\"@type\":\"BreadcrumbList\",\"@id\":\"https:\/\/cevikltd.com.tr\/en\/products\/relays\/#breadcrumb\",\"itemListElement\":[{\"@type\":\"ListItem\",\"position\":1,\"name\":\"Ana sayfa\",\"item\":\"https:\/\/cevikltd.com.tr\/en\/\"},{\"@type\":\"ListItem\",\"position\":2,\"name\":\"Products\",\"item\":\"https:\/\/cevikltd.com.tr\/en\/products\/\"},{\"@type\":\"ListItem\",\"position\":3,\"name\":\"Relays\"}]}]}<\/script>\n<!-- \/ Yoast SEO plugin. -->","yoast_head_json":{"title":"Relays - \u00c7evik Ba\u011flant\u0131 Teknolojileri","description":"\u00c7evik provides a wide and deep variety of Power Relays products and give service with Cevik\u2019s experience and dedicated team.","robots":{"index":"index","follow":"follow","max-snippet":"max-snippet:-1","max-image-preview":"max-image-preview:large","max-video-preview":"max-video-preview:-1"},"canonical":"https:\/\/cevikltd.com.tr\/en\/products\/relays\/","og_locale":"en_US","og_type":"article","og_title":"Relays - \u00c7evik Ba\u011flant\u0131 Teknolojileri","og_description":"\u00c7evik provides a wide and deep variety of Power Relays products and give service with Cevik\u2019s experience and dedicated team.","og_url":"https:\/\/cevikltd.com.tr\/en\/products\/relays\/","og_site_name":"\u00c7evik Ba\u011flant\u0131 Teknolojileri","article_publisher":"https:\/\/www.facebook.com\/pages\/%c3%87evik-Konnekt%c3%b6r-ve-Kablo-Montaj-Hizmetleri\/638389736272668","article_modified_time":"2020-03-05T11:02:38+00:00","twitter_card":"summary_large_image","twitter_site":"@CevikKonnektor","twitter_misc":{"Est. reading time":"2 minutes"},"schema":{"@context":"https:\/\/schema.org","@graph":[{"@type":"WebSite","@id":"https:\/\/cevikltd.com.tr\/#website","url":"https:\/\/cevikltd.com.tr\/","name":"\u00c7evik Ba\u011flant\u0131 Teknolojileri","description":"Teknolojiye Ba\u011flant\u0131 Noktan\u0131z","potentialAction":[{"@type":"SearchAction","target":{"@type":"EntryPoint","urlTemplate":"https:\/\/cevikltd.com.tr\/?s={search_term_string}"},"query-input":"required name=search_term_string"}],"inLanguage":"en-US"},{"@type":"WebPage","@id":"https:\/\/cevikltd.com.tr\/en\/products\/relays\/#webpage","url":"https:\/\/cevikltd.com.tr\/en\/products\/relays\/","name":"Relays - \u00c7evik Ba\u011flant\u0131 Teknolojileri","isPartOf":{"@id":"https:\/\/cevikltd.com.tr\/#website"},"datePublished":"2020-01-31T10:21:16+00:00","dateModified":"2020-03-05T11:02:38+00:00","description":"\u00c7evik provides a wide and deep variety of Power Relays products and give service with Cevik\u2019s experience and dedicated team.","breadcrumb":{"@id":"https:\/\/cevikltd.com.tr\/en\/products\/relays\/#breadcrumb"},"inLanguage":"en-US","potentialAction":[{"@type":"ReadAction","target":["https:\/\/cevikltd.com.tr\/en\/products\/relays\/"]}]},{"@type":"BreadcrumbList","@id":"https:\/\/cevikltd.com.tr\/en\/products\/relays\/#breadcrumb","itemListElement":[{"@type":"ListItem","position":1,"name":"Ana sayfa","item":"https:\/\/cevikltd.com.tr\/en\/"},{"@type":"ListItem","position":2,"name":"Products","item":"https:\/\/cevikltd.com.tr\/en\/products\/"},{"@type":"ListItem","position":3,"name":"Relays"}]}]}},"jetpack_sharing_enabled":true,"jetpack_shortlink":"https:\/\/wp.me\/P9xcy2-KQ","_links":{"self":[{"href":"https:\/\/cevikltd.com.tr\/en\/wp-json\/wp\/v2\/pages\/2904"}],"collection":[{"href":"https:\/\/cevikltd.com.tr\/en\/wp-json\/wp\/v2\/pages"}],"about":[{"href":"https:\/\/cevikltd.com.tr\/en\/wp-json\/wp\/v2\/types\/page"}],"author":[{"embeddable":true,"href":"https:\/\/cevikltd.com.tr\/en\/wp-json\/wp\/v2\/users\/1"}],"replies":[{"embeddable":true,"href":"https:\/\/cevikltd.com.tr\/en\/wp-json\/wp\/v2\/comments?post=2904"}],"version-history":[{"count":4,"href":"https:\/\/cevikltd.com.tr\/en\/wp-json\/wp\/v2\/pages\/2904\/revisions"}],"predecessor-version":[{"id":4366,"href":"https:\/\/cevikltd.com.tr\/en\/wp-json\/wp\/v2\/pages\/2904\/revisions\/4366"}],"up":[{"embeddable":true,"href":"https:\/\/cevikltd.com.tr\/en\/wp-json\/wp\/v2\/pages\/2805"}],"wp:attachment":[{"href":"https:\/\/cevikltd.com.tr\/en\/wp-json\/wp\/v2\/media?parent=2904"}],"curies":[{"name":"wp","href":"https:\/\/api.w.org\/{rel}","templated":true}]}}