{"id":2909,"date":"2020-01-31T13:21:16","date_gmt":"2020-01-31T10:21:16","guid":{"rendered":"https:\/\/cevikltd.com.tr\/?page_id=2909"},"modified":"2020-03-05T14:04:15","modified_gmt":"2020-03-05T11:04:15","slug":"switch","status":"publish","type":"page","link":"https:\/\/cevikltd.com.tr\/en\/products\/switch\/","title":{"rendered":"Switch"},"content":{"rendered":"<p>[vc_row padding_top=&#8221;&#8221;][vc_column width=&#8221;1\/4&#8243;][vc_single_image image=&#8221;2870&#8243; img_size=&#8221;medium&#8221; style=&#8221;vc_box_border_circle_2&#8243;][\/vc_column][vc_column width=&#8221;3\/4&#8243;][vc_column_text]\u00c7evik provides and stock a wide and deep variety of Switches products. \u00c7evik gives service with its experienced and dedicated team for all reqeusts.<\/p>\n<p><strong>TOGGLE SWITCHES;<\/strong><\/p>\n<p>\u00c7evik services the industry standard for quality, high performing toggle switches. Our full line of toggles features both PC board and panel mounting options available with a full array of actuator options and terminations to meet virtually any application. Subminiature and ultra-miniature to dual seal waterproof and high-capacity toggle switches are offered.<\/p>\n<p><strong>ROCKER SWITCHES;<\/strong><\/p>\n<p>\u00c7evik\u2019s portfolio of rocker switches includes various sizes, ratings, and terminations to allow for virtually any design configuration. Our complete line of PCB, ultra-subminiature, subminiature, to standard size rocker switches are available in low to high capacity, with process sealed options.<\/p>\n<p><strong>ROTARY SWITCHES;<\/strong><\/p>\n<p>\u00c7evik provides one of the industry\u2019s most extensive rotary switch offerings. Choose from logic-level, ultra-subminiature to 30 amp power rotaries. Process sealed options are also available.<\/p>\n<p><strong>PUSHBUTTON SWITCHES<\/strong><\/p>\n<p>\u00c7evik\u2019s portfolio of high-quality pushbutton switches includes ultra-miniature, subminiature, standard, and high capacity. Our complete line of pushbutton switches are offered in various mounting and termination styles to accommodate a wide range of application requirements.<\/p>\n<p><strong>TILT SWITCHES<\/strong><\/p>\n<p>Tilt Switches are Environmentally friendly and contain no mercury. Totally sealed switch body allows for process compatibility for time and money-saving automatic soldering and cleaning. Space-saving compact dimensions allow high-density mounting.<\/p>\n<p>&nbsp;<\/p>\n<p><strong>ANOTHER PRODUCTS RANGE;<\/strong><\/p>\n<p><strong>ILLUMINATED PUSHBUTTON SWITCHES,<\/strong><\/p>\n<p><strong>SLIDE SWITCHES<\/strong><\/p>\n<p><strong>TACTILE SWITCHES<\/strong><\/p>\n<p><strong>SURFACE MOUNT SWITCHES<\/strong><\/p>\n<p><strong>DIP SWITCHES,<\/strong><\/p>\n<p><strong>ILLUMINATED ROCKER SWITCHES<\/strong><\/p>\n<p><strong>SMART SWITCHES<\/strong><\/p>\n<p><strong>RESISTIVE TOUCH SCREENS<\/strong><\/p>\n<p><strong>ILLUMINATED TOGGLE SWITCHES<\/strong><\/p>\n<p><strong>LED INDICATORS<\/strong><\/p>\n<p><strong>TACTILE SWITCHES<\/strong><\/p>\n<p><strong>KEYLOCK SWITCHES<\/strong><\/p>\n<p><strong>MEMBRANE KEYPADS<\/strong>[\/vc_column_text][\/vc_column][\/vc_row][vc_row][vc_column][vc_row_inner css=&#8221;.vc_custom_1510688956159{padding-top: 20px !important;padding-right: 10px !important;padding-bottom: 20px !important;padding-left: 10px !important;background-color: #f7f7f7 !important;}&#8221;][vc_column_inner width=&#8221;1\/4&#8243;][vc_single_image image=&#8221;2368&#8243; img_size=&#8221;medium&#8221; alignment=&#8221;center&#8221; style=&#8221;vc_box_rounded&#8221; onclick=&#8221;custom_link&#8221; link=&#8221;\/en\/partners\/nkk-switches\/&#8221;][\/vc_column_inner][vc_column_inner width=&#8221;1\/4&#8243;][\/vc_column_inner][vc_column_inner width=&#8221;1\/4&#8243;][\/vc_column_inner][vc_column_inner width=&#8221;1\/4&#8243;][\/vc_column_inner][\/vc_row_inner][\/vc_column][\/vc_row][vc_row][vc_column]\n\t<div class=\"news-focus\">\n\t<div class=\"kleo-tabs tabbable\" data-interval=\"0\">\n\t\t\t<ul class=\"nav nav-tabs responsive-tabs tabs-style-line\"><li class=\"active\"><a href=\"#tab-\" data-toggle=\"tab\" onclick=\"return false;\"><\/a><\/li><\/ul>\n<div class=\"tab-content\">\n\t\t\t\n\t\t\t<div id=\"tab-\" class=\"tab-pane active\">\n\t\t\t\t<div class=\"row\"><div class=\"col-sm-6\"><div class=\"posts-listing standard-listing with-meta inline-meta\">\n                    <article id=\"post-5580\" class=\"post-5580 post type-post status-publish format-standard has-post-thumbnail hentry category-blog tag-nkk-switches-en tag-switch-en\">\n                        <div class=\"post-content animated animate-when-almost-visible el-appear\">\n\n                            <div class=\"article-media clearfix\">\n                                <div class=\"post-image\"><a href=\"https:\/\/cevikltd.com.tr\/en\/emergency-stop-switches\/\" class=\"element-wrap\"><img src=\"https:\/\/cevikltd.com.tr\/wp-content\/uploads\/2020\/09\/Emergency-Stop-Switch-1-480x270.jpg\" alt=\"Emergency Stop Switches\"><span class=\"hover-element\"><i>+<\/i><\/span><\/a><\/div><!--end post-image-->                            <\/div>\n\n                            <h3 class=\"post-title entry-title\"><a href=\"https:\/\/cevikltd.com.tr\/en\/emergency-stop-switches\/\" >Emergency Stop Switches<\/a><\/h3>\n\n                            <div class=\"article-meta\">\n                                <span class=\"post-meta\">\n                                    <small class=\"meta-author author vcard\"><a class=\"url fn n\" href=\"https:\/\/cevikltd.com.tr\/en\/author\/betul\/\" title=\"View all POSTS by Bet\u00fcl Soylu\" rel=\"author\"> <span class=\"author-name\">Bet\u00fcl Soylu<\/span><\/a><\/small>, <small><a href=\"https:\/\/cevikltd.com.tr\/en\/emergency-stop-switches\/\" rel=\"bookmark\" class=\"post-time\"><time class=\"entry-date\" datetime=\"2021-04-19T09:44:32+03:00\">19 April 2021<\/time><time class=\"modify-date hide hidden updated\" datetime=\"2021-04-19T10:30:47+03:00\">19 April 2021<\/time><\/a><\/small>, <small class=\"meta-category\"><a href=\"https:\/\/cevikltd.com.tr\/en\/category\/blog\/\" rel=\"category tag\">Blog<\/a>, <a href=\"https:\/\/cevikltd.com.tr\/en\/tag\/nkk-switches-en\/\" rel=\"tag\">NKK Switches<\/a>, <a href=\"https:\/\/cevikltd.com.tr\/en\/tag\/switch-en\/\" rel=\"tag\">Switch<\/a><\/small>, <small class=\"meta-comment-count\"><a href=\"https:\/\/cevikltd.com.tr\/en\/emergency-stop-switches\/#comments\">0 <i class=\"icon-chat-1 hover-tip\" data-original-title=\"This article has 0 comments\" data-toggle=\"tooltip\" data-placement=\"top\"><\/i><\/a><\/small>                                <\/span>\n                            <\/div>\n\n                            <div class=\"entry-summary\">\n                                                                    <p>NKK now offers a series of Emergency Stop Switches for applications requiring a dependable, failsafe control response. The FF01...<\/p>                                                            <\/div><!-- .entry-summary -->\n\n                        <\/div>\n                    <\/article>\n\n                    \n                        <\/div> <!-- .posts-listing -->\n                    <\/div> <!-- .col-sm-6 -->\n\n                    <div class=\"col-sm-6\">\n                        <div class=\"posts-listing left-thumb-listing\">\n\n                    \n                    \n                    <article id=\"post-5178\" class=\"post-5178 post type-post status-publish format-standard has-post-thumbnail hentry category-blog tag-defence tag-industrial tag-military tag-nkk-switches-en tag-switch-en\">\n                        <div class=\"post-content animated animate-when-almost-visible el-appear\">\n\n                            <div class=\"article-media\">\n                                <div class=\"post-image\"><a href=\"https:\/\/cevikltd.com.tr\/en\/slide-switches\/\" class=\"element-wrap\"><img src=\"https:\/\/cevikltd.com.tr\/wp-content\/uploads\/2020\/08\/Slide-Switches-220x192.jpg\" alt=\"Slide Switches\"><span class=\"hover-element\"><i>+<\/i><\/span><\/a><\/div><!--end post-image-->                            <\/div>\n\n                            <div class=\"post-date\">26 October 2020<\/div>\n\n                            <h3 class=\"post-title entry-title\"><a href=\"https:\/\/cevikltd.com.tr\/en\/slide-switches\/\" >Slide Switches<\/a><\/h3>\n\n                        <\/div>\n                    <\/article>\n\n                    \n                    <article id=\"post-5284\" class=\"post-5284 post type-post status-publish format-standard has-post-thumbnail hentry category-blog tag-construction-machines tag-construction-machines-en tag-industrial tag-military tag-nkk-switches-en tag-switch-en\">\n                        <div class=\"post-content animated animate-when-almost-visible el-appear\">\n\n                            <div class=\"article-media\">\n                                <div class=\"post-image\"><a href=\"https:\/\/cevikltd.com.tr\/en\/rotary-switches\/\" class=\"element-wrap\"><img src=\"https:\/\/cevikltd.com.tr\/wp-content\/uploads\/2020\/09\/Rotary-Switch-220x192.jpg\" alt=\"Rotary Switches\"><span class=\"hover-element\"><i>+<\/i><\/span><\/a><\/div><!--end post-image-->                            <\/div>\n\n                            <div class=\"post-date\">17 September 2020<\/div>\n\n                            <h3 class=\"post-title entry-title\"><a href=\"https:\/\/cevikltd.com.tr\/en\/rotary-switches\/\" >Rotary Switches<\/a><\/h3>\n\n                        <\/div>\n                    <\/article>\n\n                    \n                    <article id=\"post-5101\" class=\"post-5101 post type-post status-publish format-standard has-post-thumbnail hentry category-blog tag-defence tag-industrial tag-military tag-nkk-switches-en tag-switch-en\">\n                        <div class=\"post-content animated animate-when-almost-visible el-appear\">\n\n                            <div class=\"article-media\">\n                                <div class=\"post-image\"><a href=\"https:\/\/cevikltd.com.tr\/en\/dip-switches\/\" class=\"element-wrap\"><img src=\"https:\/\/cevikltd.com.tr\/wp-content\/uploads\/2020\/06\/Dip-Switch-220x192.jpg\" alt=\"Dip Switch\"><span class=\"hover-element\"><i>+<\/i><\/span><\/a><\/div><!--end post-image-->                            <\/div>\n\n                            <div class=\"post-date\">27 July 2020<\/div>\n\n                            <h3 class=\"post-title entry-title\"><a href=\"https:\/\/cevikltd.com.tr\/en\/dip-switches\/\" >Dip Switch<\/a><\/h3>\n\n                        <\/div>\n                    <\/article>\n\n                    \n                    <article id=\"post-4404\" class=\"post-4404 post type-post status-publish format-standard has-post-thumbnail hentry category-blog tag-commercial-vehicles tag-defence tag-industrial tag-military tag-nkk-switches-en tag-switch-en\">\n                        <div class=\"post-content animated animate-when-almost-visible el-appear\">\n\n                            <div class=\"article-media\">\n                                <div class=\"post-image\"><a href=\"https:\/\/cevikltd.com.tr\/en\/pushbuttons\/\" class=\"element-wrap\"><img src=\"https:\/\/cevikltd.com.tr\/wp-content\/uploads\/2020\/03\/nkk-pushbuttons-1-220x192.jpg\" alt=\"Pushbuttons\"><span class=\"hover-element\"><i>+<\/i><\/span><\/a><\/div><!--end post-image-->                            <\/div>\n\n                            <div class=\"post-date\">6 April 2020<\/div>\n\n                            <h3 class=\"post-title entry-title\"><a href=\"https:\/\/cevikltd.com.tr\/en\/pushbuttons\/\" >Pushbuttons<\/a><\/h3>\n\n                        <\/div>\n                    <\/article>\n\n                    <\/div><\/div><\/div>\n\t\t\t<\/div> <\/div>\n\t<\/div> <\/div>[\/vc_column][\/vc_row]<\/p>\n","protected":false},"excerpt":{"rendered":"<p>[vc_row padding_top=&#8221;&#8221;][vc_column width=&#8221;1\/4&#8243;][vc_single_image image=&#8221;2870&#8243; img_size=&#8221;medium&#8221; style=&#8221;vc_box_border_circle_2&#8243;][\/vc_column][vc_column width=&#8221;3\/4&#8243;][vc_column_text]\u00c7evik provides and stock a wide and deep variety of Switches products. \u00c7evik gives service with its experienced and dedicated team for all reqeusts. TOGGLE SWITCHES; \u00c7evik services the industry standard for quality, high performing toggle switches. Our full line of toggles features both PC board and panel mounting options available with a full [&hellip;]<\/p>\n","protected":false},"author":1,"featured_media":0,"parent":2805,"menu_order":4,"comment_status":"closed","ping_status":"closed","template":"","meta":{"spay_email":""},"yoast_head":"<!-- This site is optimized with the Yoast SEO plugin v18.5 - https:\/\/yoast.com\/wordpress\/plugins\/seo\/ -->\n<title>Switch - \u00c7evik Ba\u011flant\u0131 Teknolojileri<\/title>\n<meta name=\"description\" content=\"\u00c7evik provides and stock a wide and deep variety of Switches products. \u00c7evik gives service with its experienced and dedicated team for all reqeusts.\" \/>\n<meta name=\"robots\" content=\"index, follow, max-snippet:-1, max-image-preview:large, max-video-preview:-1\" \/>\n<link rel=\"canonical\" href=\"https:\/\/cevikltd.com.tr\/en\/products\/switch\/\" \/>\n<meta property=\"og:locale\" content=\"en_US\" \/>\n<meta property=\"og:type\" content=\"article\" \/>\n<meta property=\"og:title\" content=\"Switch - \u00c7evik Ba\u011flant\u0131 Teknolojileri\" \/>\n<meta property=\"og:description\" content=\"\u00c7evik provides and stock a wide and deep variety of Switches products. \u00c7evik gives service with its experienced and dedicated team for all reqeusts.\" \/>\n<meta property=\"og:url\" content=\"https:\/\/cevikltd.com.tr\/en\/products\/switch\/\" \/>\n<meta property=\"og:site_name\" content=\"\u00c7evik Ba\u011flant\u0131 Teknolojileri\" \/>\n<meta property=\"article:publisher\" content=\"https:\/\/www.facebook.com\/pages\/%c3%87evik-Konnekt%c3%b6r-ve-Kablo-Montaj-Hizmetleri\/638389736272668\" \/>\n<meta property=\"article:modified_time\" content=\"2020-03-05T11:04:15+00:00\" \/>\n<meta name=\"twitter:card\" content=\"summary_large_image\" \/>\n<meta name=\"twitter:site\" content=\"@CevikKonnektor\" \/>\n<meta name=\"twitter:label1\" content=\"Est. reading time\" \/>\n\t<meta name=\"twitter:data1\" content=\"2 minutes\" \/>\n<script type=\"application\/ld+json\" class=\"yoast-schema-graph\">{\"@context\":\"https:\/\/schema.org\",\"@graph\":[{\"@type\":\"WebSite\",\"@id\":\"https:\/\/cevikltd.com.tr\/#website\",\"url\":\"https:\/\/cevikltd.com.tr\/\",\"name\":\"\u00c7evik Ba\u011flant\u0131 Teknolojileri\",\"description\":\"Teknolojiye Ba\u011flant\u0131 Noktan\u0131z\",\"potentialAction\":[{\"@type\":\"SearchAction\",\"target\":{\"@type\":\"EntryPoint\",\"urlTemplate\":\"https:\/\/cevikltd.com.tr\/?s={search_term_string}\"},\"query-input\":\"required name=search_term_string\"}],\"inLanguage\":\"en-US\"},{\"@type\":\"WebPage\",\"@id\":\"https:\/\/cevikltd.com.tr\/en\/products\/switch\/#webpage\",\"url\":\"https:\/\/cevikltd.com.tr\/en\/products\/switch\/\",\"name\":\"Switch - \u00c7evik Ba\u011flant\u0131 Teknolojileri\",\"isPartOf\":{\"@id\":\"https:\/\/cevikltd.com.tr\/#website\"},\"datePublished\":\"2020-01-31T10:21:16+00:00\",\"dateModified\":\"2020-03-05T11:04:15+00:00\",\"description\":\"\u00c7evik provides and stock a wide and deep variety of Switches products. \u00c7evik gives service with its experienced and dedicated team for all reqeusts.\",\"breadcrumb\":{\"@id\":\"https:\/\/cevikltd.com.tr\/en\/products\/switch\/#breadcrumb\"},\"inLanguage\":\"en-US\",\"potentialAction\":[{\"@type\":\"ReadAction\",\"target\":[\"https:\/\/cevikltd.com.tr\/en\/products\/switch\/\"]}]},{\"@type\":\"BreadcrumbList\",\"@id\":\"https:\/\/cevikltd.com.tr\/en\/products\/switch\/#breadcrumb\",\"itemListElement\":[{\"@type\":\"ListItem\",\"position\":1,\"name\":\"Ana sayfa\",\"item\":\"https:\/\/cevikltd.com.tr\/en\/\"},{\"@type\":\"ListItem\",\"position\":2,\"name\":\"Products\",\"item\":\"https:\/\/cevikltd.com.tr\/en\/products\/\"},{\"@type\":\"ListItem\",\"position\":3,\"name\":\"Switch\"}]}]}<\/script>\n<!-- \/ Yoast SEO plugin. -->","yoast_head_json":{"title":"Switch - \u00c7evik Ba\u011flant\u0131 Teknolojileri","description":"\u00c7evik provides and stock a wide and deep variety of Switches products. \u00c7evik gives service with its experienced and dedicated team for all reqeusts.","robots":{"index":"index","follow":"follow","max-snippet":"max-snippet:-1","max-image-preview":"max-image-preview:large","max-video-preview":"max-video-preview:-1"},"canonical":"https:\/\/cevikltd.com.tr\/en\/products\/switch\/","og_locale":"en_US","og_type":"article","og_title":"Switch - \u00c7evik Ba\u011flant\u0131 Teknolojileri","og_description":"\u00c7evik provides and stock a wide and deep variety of Switches products. \u00c7evik gives service with its experienced and dedicated team for all reqeusts.","og_url":"https:\/\/cevikltd.com.tr\/en\/products\/switch\/","og_site_name":"\u00c7evik Ba\u011flant\u0131 Teknolojileri","article_publisher":"https:\/\/www.facebook.com\/pages\/%c3%87evik-Konnekt%c3%b6r-ve-Kablo-Montaj-Hizmetleri\/638389736272668","article_modified_time":"2020-03-05T11:04:15+00:00","twitter_card":"summary_large_image","twitter_site":"@CevikKonnektor","twitter_misc":{"Est. reading time":"2 minutes"},"schema":{"@context":"https:\/\/schema.org","@graph":[{"@type":"WebSite","@id":"https:\/\/cevikltd.com.tr\/#website","url":"https:\/\/cevikltd.com.tr\/","name":"\u00c7evik Ba\u011flant\u0131 Teknolojileri","description":"Teknolojiye Ba\u011flant\u0131 Noktan\u0131z","potentialAction":[{"@type":"SearchAction","target":{"@type":"EntryPoint","urlTemplate":"https:\/\/cevikltd.com.tr\/?s={search_term_string}"},"query-input":"required name=search_term_string"}],"inLanguage":"en-US"},{"@type":"WebPage","@id":"https:\/\/cevikltd.com.tr\/en\/products\/switch\/#webpage","url":"https:\/\/cevikltd.com.tr\/en\/products\/switch\/","name":"Switch - \u00c7evik Ba\u011flant\u0131 Teknolojileri","isPartOf":{"@id":"https:\/\/cevikltd.com.tr\/#website"},"datePublished":"2020-01-31T10:21:16+00:00","dateModified":"2020-03-05T11:04:15+00:00","description":"\u00c7evik provides and stock a wide and deep variety of Switches products. \u00c7evik gives service with its experienced and dedicated team for all reqeusts.","breadcrumb":{"@id":"https:\/\/cevikltd.com.tr\/en\/products\/switch\/#breadcrumb"},"inLanguage":"en-US","potentialAction":[{"@type":"ReadAction","target":["https:\/\/cevikltd.com.tr\/en\/products\/switch\/"]}]},{"@type":"BreadcrumbList","@id":"https:\/\/cevikltd.com.tr\/en\/products\/switch\/#breadcrumb","itemListElement":[{"@type":"ListItem","position":1,"name":"Ana sayfa","item":"https:\/\/cevikltd.com.tr\/en\/"},{"@type":"ListItem","position":2,"name":"Products","item":"https:\/\/cevikltd.com.tr\/en\/products\/"},{"@type":"ListItem","position":3,"name":"Switch"}]}]}},"jetpack_sharing_enabled":true,"jetpack_shortlink":"https:\/\/wp.me\/P9xcy2-KV","_links":{"self":[{"href":"https:\/\/cevikltd.com.tr\/en\/wp-json\/wp\/v2\/pages\/2909"}],"collection":[{"href":"https:\/\/cevikltd.com.tr\/en\/wp-json\/wp\/v2\/pages"}],"about":[{"href":"https:\/\/cevikltd.com.tr\/en\/wp-json\/wp\/v2\/types\/page"}],"author":[{"embeddable":true,"href":"https:\/\/cevikltd.com.tr\/en\/wp-json\/wp\/v2\/users\/1"}],"replies":[{"embeddable":true,"href":"https:\/\/cevikltd.com.tr\/en\/wp-json\/wp\/v2\/comments?post=2909"}],"version-history":[{"count":7,"href":"https:\/\/cevikltd.com.tr\/en\/wp-json\/wp\/v2\/pages\/2909\/revisions"}],"predecessor-version":[{"id":4367,"href":"https:\/\/cevikltd.com.tr\/en\/wp-json\/wp\/v2\/pages\/2909\/revisions\/4367"}],"up":[{"embeddable":true,"href":"https:\/\/cevikltd.com.tr\/en\/wp-json\/wp\/v2\/pages\/2805"}],"wp:attachment":[{"href":"https:\/\/cevikltd.com.tr\/en\/wp-json\/wp\/v2\/media?parent=2909"}],"curies":[{"name":"wp","href":"https:\/\/api.w.org\/{rel}","templated":true}]}}