{"id":2913,"date":"2020-01-31T13:21:16","date_gmt":"2020-01-31T10:21:16","guid":{"rendered":"https:\/\/cevikltd.com.tr\/?page_id=2913"},"modified":"2020-03-05T14:05:41","modified_gmt":"2020-03-05T11:05:41","slug":"dc-convertors","status":"publish","type":"page","link":"https:\/\/cevikltd.com.tr\/en\/products\/dc-convertors\/","title":{"rendered":"DC Convertors"},"content":{"rendered":"<p>[vc_row padding_top=&#8221;&#8221;][vc_column width=&#8221;1\/4&#8243;][vc_single_image image=&#8221;2864&#8243; img_size=&#8221;medium&#8221; style=&#8221;vc_box_border_circle_2&#8243;][\/vc_column][vc_column width=&#8221;3\/4&#8243;][vc_column_text]\u00c7evik provides and stock a wide and deep variety of DC convertors products and give service with Cevik\u2019s experience and dedicated team.<\/p>\n<p>We offer our solutions to the industrial market, being some of them in high-tech machinery, railway, energy or defense applications.<\/p>\n<h4>Product Range<\/h4>\n<p>DC\/DC Converters<\/p>\n<p>DC\/AC Inverters<\/p>\n<p>AC\/AC Frequency converters<\/p>\n<p>AC\/DC Bidirectional converters<\/p>\n<p>Custom Solutions[\/vc_column_text][\/vc_column][\/vc_row][vc_row][vc_column][vc_row_inner css=&#8221;.vc_custom_1510688956159{padding-top: 20px !important;padding-right: 10px !important;padding-bottom: 20px !important;padding-left: 10px !important;background-color: #f7f7f7 !important;}&#8221;][vc_column_inner width=&#8221;1\/4&#8243;][vc_single_image image=&#8221;274&#8243; img_size=&#8221;medium&#8221; alignment=&#8221;center&#8221; style=&#8221;vc_box_rounded&#8221; onclick=&#8221;custom_link&#8221; link=&#8221;\/en\/partners\/eatons-cooper-bussmann\/&#8221;][\/vc_column_inner][vc_column_inner width=&#8221;1\/4&#8243;][vc_single_image image=&#8221;2966&#8243; img_size=&#8221;medium&#8221; alignment=&#8221;center&#8221; style=&#8221;vc_box_rounded&#8221; onclick=&#8221;custom_link&#8221; link=&#8221;\/en\/partners\/premium\/&#8221;][\/vc_column_inner][vc_column_inner width=&#8221;1\/4&#8243;][\/vc_column_inner][vc_column_inner width=&#8221;1\/4&#8243;][\/vc_column_inner][\/vc_row_inner][\/vc_column][\/vc_row]<\/p>\n","protected":false},"excerpt":{"rendered":"<p>[vc_row padding_top=&#8221;&#8221;][vc_column width=&#8221;1\/4&#8243;][vc_single_image image=&#8221;2864&#8243; img_size=&#8221;medium&#8221; style=&#8221;vc_box_border_circle_2&#8243;][\/vc_column][vc_column width=&#8221;3\/4&#8243;][vc_column_text]\u00c7evik provides and stock a wide and deep variety of DC convertors products and give service with Cevik\u2019s experience and dedicated team. We offer our solutions to the industrial market, being some of them in high-tech machinery, railway, energy or defense applications. Product Range DC\/DC Converters DC\/AC Inverters AC\/AC Frequency converters AC\/DC Bidirectional converters [&hellip;]<\/p>\n","protected":false},"author":1,"featured_media":0,"parent":2805,"menu_order":6,"comment_status":"closed","ping_status":"closed","template":"","meta":{"spay_email":""},"yoast_head":"<!-- This site is optimized with the Yoast SEO plugin v18.5 - https:\/\/yoast.com\/wordpress\/plugins\/seo\/ -->\n<title>DC Convertors - \u00c7evik Ba\u011flant\u0131 Teknolojileri<\/title>\n<meta name=\"description\" content=\"\u00c7evik provides and stock a wide and deep variety of DC convertors products and give service with Cevik\u2019s experience and dedicated team.\" \/>\n<meta name=\"robots\" content=\"index, follow, max-snippet:-1, max-image-preview:large, max-video-preview:-1\" \/>\n<link rel=\"canonical\" href=\"https:\/\/cevikltd.com.tr\/en\/products\/dc-convertors\/\" \/>\n<meta property=\"og:locale\" content=\"en_US\" \/>\n<meta property=\"og:type\" content=\"article\" \/>\n<meta property=\"og:title\" content=\"DC Convertors - \u00c7evik Ba\u011flant\u0131 Teknolojileri\" \/>\n<meta property=\"og:description\" content=\"\u00c7evik provides and stock a wide and deep variety of DC convertors products and give service with Cevik\u2019s experience and dedicated team.\" \/>\n<meta property=\"og:url\" content=\"https:\/\/cevikltd.com.tr\/en\/products\/dc-convertors\/\" \/>\n<meta property=\"og:site_name\" content=\"\u00c7evik Ba\u011flant\u0131 Teknolojileri\" \/>\n<meta property=\"article:publisher\" content=\"https:\/\/www.facebook.com\/pages\/%c3%87evik-Konnekt%c3%b6r-ve-Kablo-Montaj-Hizmetleri\/638389736272668\" \/>\n<meta property=\"article:modified_time\" content=\"2020-03-05T11:05:41+00:00\" \/>\n<meta name=\"twitter:card\" content=\"summary_large_image\" \/>\n<meta name=\"twitter:site\" content=\"@CevikKonnektor\" \/>\n<meta name=\"twitter:label1\" content=\"Est. reading time\" \/>\n\t<meta name=\"twitter:data1\" content=\"1 minute\" \/>\n<script type=\"application\/ld+json\" class=\"yoast-schema-graph\">{\"@context\":\"https:\/\/schema.org\",\"@graph\":[{\"@type\":\"WebSite\",\"@id\":\"https:\/\/cevikltd.com.tr\/#website\",\"url\":\"https:\/\/cevikltd.com.tr\/\",\"name\":\"\u00c7evik Ba\u011flant\u0131 Teknolojileri\",\"description\":\"Teknolojiye Ba\u011flant\u0131 Noktan\u0131z\",\"potentialAction\":[{\"@type\":\"SearchAction\",\"target\":{\"@type\":\"EntryPoint\",\"urlTemplate\":\"https:\/\/cevikltd.com.tr\/?s={search_term_string}\"},\"query-input\":\"required name=search_term_string\"}],\"inLanguage\":\"en-US\"},{\"@type\":\"WebPage\",\"@id\":\"https:\/\/cevikltd.com.tr\/en\/products\/dc-convertors\/#webpage\",\"url\":\"https:\/\/cevikltd.com.tr\/en\/products\/dc-convertors\/\",\"name\":\"DC Convertors - \u00c7evik Ba\u011flant\u0131 Teknolojileri\",\"isPartOf\":{\"@id\":\"https:\/\/cevikltd.com.tr\/#website\"},\"datePublished\":\"2020-01-31T10:21:16+00:00\",\"dateModified\":\"2020-03-05T11:05:41+00:00\",\"description\":\"\u00c7evik provides and stock a wide and deep variety of DC convertors products and give service with Cevik\u2019s experience and dedicated team.\",\"breadcrumb\":{\"@id\":\"https:\/\/cevikltd.com.tr\/en\/products\/dc-convertors\/#breadcrumb\"},\"inLanguage\":\"en-US\",\"potentialAction\":[{\"@type\":\"ReadAction\",\"target\":[\"https:\/\/cevikltd.com.tr\/en\/products\/dc-convertors\/\"]}]},{\"@type\":\"BreadcrumbList\",\"@id\":\"https:\/\/cevikltd.com.tr\/en\/products\/dc-convertors\/#breadcrumb\",\"itemListElement\":[{\"@type\":\"ListItem\",\"position\":1,\"name\":\"Ana sayfa\",\"item\":\"https:\/\/cevikltd.com.tr\/en\/\"},{\"@type\":\"ListItem\",\"position\":2,\"name\":\"Products\",\"item\":\"https:\/\/cevikltd.com.tr\/en\/products\/\"},{\"@type\":\"ListItem\",\"position\":3,\"name\":\"DC Convertors\"}]}]}<\/script>\n<!-- \/ Yoast SEO plugin. -->","yoast_head_json":{"title":"DC Convertors - \u00c7evik Ba\u011flant\u0131 Teknolojileri","description":"\u00c7evik provides and stock a wide and deep variety of DC convertors products and give service with Cevik\u2019s experience and dedicated team.","robots":{"index":"index","follow":"follow","max-snippet":"max-snippet:-1","max-image-preview":"max-image-preview:large","max-video-preview":"max-video-preview:-1"},"canonical":"https:\/\/cevikltd.com.tr\/en\/products\/dc-convertors\/","og_locale":"en_US","og_type":"article","og_title":"DC Convertors - \u00c7evik Ba\u011flant\u0131 Teknolojileri","og_description":"\u00c7evik provides and stock a wide and deep variety of DC convertors products and give service with Cevik\u2019s experience and dedicated team.","og_url":"https:\/\/cevikltd.com.tr\/en\/products\/dc-convertors\/","og_site_name":"\u00c7evik Ba\u011flant\u0131 Teknolojileri","article_publisher":"https:\/\/www.facebook.com\/pages\/%c3%87evik-Konnekt%c3%b6r-ve-Kablo-Montaj-Hizmetleri\/638389736272668","article_modified_time":"2020-03-05T11:05:41+00:00","twitter_card":"summary_large_image","twitter_site":"@CevikKonnektor","twitter_misc":{"Est. reading time":"1 minute"},"schema":{"@context":"https:\/\/schema.org","@graph":[{"@type":"WebSite","@id":"https:\/\/cevikltd.com.tr\/#website","url":"https:\/\/cevikltd.com.tr\/","name":"\u00c7evik Ba\u011flant\u0131 Teknolojileri","description":"Teknolojiye Ba\u011flant\u0131 Noktan\u0131z","potentialAction":[{"@type":"SearchAction","target":{"@type":"EntryPoint","urlTemplate":"https:\/\/cevikltd.com.tr\/?s={search_term_string}"},"query-input":"required name=search_term_string"}],"inLanguage":"en-US"},{"@type":"WebPage","@id":"https:\/\/cevikltd.com.tr\/en\/products\/dc-convertors\/#webpage","url":"https:\/\/cevikltd.com.tr\/en\/products\/dc-convertors\/","name":"DC Convertors - \u00c7evik Ba\u011flant\u0131 Teknolojileri","isPartOf":{"@id":"https:\/\/cevikltd.com.tr\/#website"},"datePublished":"2020-01-31T10:21:16+00:00","dateModified":"2020-03-05T11:05:41+00:00","description":"\u00c7evik provides and stock a wide and deep variety of DC convertors products and give service with Cevik\u2019s experience and dedicated team.","breadcrumb":{"@id":"https:\/\/cevikltd.com.tr\/en\/products\/dc-convertors\/#breadcrumb"},"inLanguage":"en-US","potentialAction":[{"@type":"ReadAction","target":["https:\/\/cevikltd.com.tr\/en\/products\/dc-convertors\/"]}]},{"@type":"BreadcrumbList","@id":"https:\/\/cevikltd.com.tr\/en\/products\/dc-convertors\/#breadcrumb","itemListElement":[{"@type":"ListItem","position":1,"name":"Ana sayfa","item":"https:\/\/cevikltd.com.tr\/en\/"},{"@type":"ListItem","position":2,"name":"Products","item":"https:\/\/cevikltd.com.tr\/en\/products\/"},{"@type":"ListItem","position":3,"name":"DC Convertors"}]}]}},"jetpack_sharing_enabled":true,"jetpack_shortlink":"https:\/\/wp.me\/P9xcy2-KZ","_links":{"self":[{"href":"https:\/\/cevikltd.com.tr\/en\/wp-json\/wp\/v2\/pages\/2913"}],"collection":[{"href":"https:\/\/cevikltd.com.tr\/en\/wp-json\/wp\/v2\/pages"}],"about":[{"href":"https:\/\/cevikltd.com.tr\/en\/wp-json\/wp\/v2\/types\/page"}],"author":[{"embeddable":true,"href":"https:\/\/cevikltd.com.tr\/en\/wp-json\/wp\/v2\/users\/1"}],"replies":[{"embeddable":true,"href":"https:\/\/cevikltd.com.tr\/en\/wp-json\/wp\/v2\/comments?post=2913"}],"version-history":[{"count":8,"href":"https:\/\/cevikltd.com.tr\/en\/wp-json\/wp\/v2\/pages\/2913\/revisions"}],"predecessor-version":[{"id":4369,"href":"https:\/\/cevikltd.com.tr\/en\/wp-json\/wp\/v2\/pages\/2913\/revisions\/4369"}],"up":[{"embeddable":true,"href":"https:\/\/cevikltd.com.tr\/en\/wp-json\/wp\/v2\/pages\/2805"}],"wp:attachment":[{"href":"https:\/\/cevikltd.com.tr\/en\/wp-json\/wp\/v2\/media?parent=2913"}],"curies":[{"name":"wp","href":"https:\/\/api.w.org\/{rel}","templated":true}]}}