{"id":3230,"date":"2020-01-27T12:05:29","date_gmt":"2020-01-27T09:05:29","guid":{"rendered":"https:\/\/cevikltd.com.tr\/partners\/premium\/"},"modified":"2020-02-26T15:37:13","modified_gmt":"2020-02-26T12:37:13","slug":"premium","status":"publish","type":"page","link":"https:\/\/cevikltd.com.tr\/en\/partners\/premium\/","title":{"rendered":"Premium"},"content":{"rendered":"<p>[vc_row padding_top=&#8221;&#8221;][vc_column][vc_single_image image=&#8221;2966&#8243; img_size=&#8221;medium&#8221; style=&#8221;vc_box_outline&#8221; onclick=&#8221;custom_link&#8221; img_link_target=&#8221;_blank&#8221; animation=&#8221;animate-when-visible&#8221; css_animation=&#8221;el-fade&#8221; link=&#8221;https:\/\/premiumpsu.com\/&#8221;][vc_column_text]Premium Power Supplies Equipment and Systems in Turkey \u2013 \u00c7evik, stock a wide and deep variety of Premium products which has high quality.<\/p>\n<p>We offer our solutions to the industrial market, being some of them in high-tech machinery, railway, energy or defense applications. Having over 35 years of experience and a highly trained team has allowed us to position ourselves as technological leaders in power solutions.<br \/>\nOur product range consists of DC\/DC converters, uninterrupted power supplies, DC\/AC inverters, AC\/DC power supplies and any solution that requires high reliability from 50W to 50kW.<br \/>\nWe have an extensive range of standard products and we have developed over 800 custom-made designs over the years. We guarantee quality starting in the design and throughout the manufacturing process with the most advanced testing systems. We develop our solutions in compliance with the specifications and regulations that each application requires.<br \/>\nAll projects, from the concept, design and until the homologation of the product, are carried out in Barcelona.<br \/>\nOur knowhow allows us to develop a product from scratch, reducing costs and delivery times.<\/p>\n<p>Product Range,<\/p>\n<p>DC\/DC Converters<\/p>\n<p>DC\/AC Inverters<\/p>\n<p>AC\/DC UPS<\/p>\n<p>AC\/DC Power supplies<\/p>\n<p>AC\/AC Frequency converters<\/p>\n<p>AC\/DC Bidirectional converters<\/p>\n<p>AC\/DC Battery chargers<\/p>\n<p>Custom Solutions[\/vc_column_text][\/vc_column][\/vc_row][vc_row padding_bottom=&#8221;&#8221;][vc_column][vc_text_separator title=&#8221;Documents&#8221; title_align=&#8221;separator_align_left&#8221;][vc_row_inner][vc_column_inner width=&#8221;1\/4&#8243;][vc_single_image image=&#8221;3467&#8243; img_size=&#8221;full&#8221; style=&#8221;vc_box_outline&#8221;]<div class=\"text-left\"><a class=\"btn letter-spacing-50 with-icon btn-default hover-tip\" href=\"http:\/\/cevikltd.com.tr\/en\/documents\/#premium\" target=\"_blank\" data-toggle=\"tooltip\" data-original-title=\"Releated Documents\" data-placement=\"top\"><i class=\"icon-doc-text-inv\" ><\/i> Go to Files<\/a><\/div>[\/vc_column_inner][vc_column_inner width=&#8221;1\/4&#8243;][\/vc_column_inner][vc_column_inner width=&#8221;1\/4&#8243;][\/vc_column_inner][vc_column_inner width=&#8221;1\/4&#8243;][\/vc_column_inner][\/vc_row_inner][\/vc_column][\/vc_row][vc_row][vc_column]\n\t<div class=\"news-focus\">\n\t<div class=\"kleo-tabs tabbable\" data-interval=\"0\">\n\t\t\t<ul class=\"nav nav-tabs responsive-tabs tabs-style-line\"><li class=\"active\"><a href=\"#tab-\" data-toggle=\"tab\" onclick=\"return false;\"><\/a><\/li><\/ul>\n<div class=\"tab-content\">\n\t\t\t\n\t\t\t<div id=\"tab-\" class=\"tab-pane active\">\n\t\t\t\t<div class=\"row\"><div class=\"col-sm-6\"><div class=\"posts-listing standard-listing with-meta inline-meta\">\n                    <article id=\"post-6098\" class=\"post-6098 post type-post status-publish format-standard has-post-thumbnail hentry category-blog tag-invertors tag-premium tag-railway\">\n                        <div class=\"post-content animated animate-when-almost-visible el-appear\">\n\n                            <div class=\"article-media clearfix\">\n                                <div class=\"post-image\"><a href=\"https:\/\/cevikltd.com.tr\/en\/odx-6000-inverters\/\" class=\"element-wrap\"><img src=\"https:\/\/cevikltd.com.tr\/wp-content\/uploads\/2021\/02\/The-new-ODX-6000-DCAC-inverter-480x270.jpg\" alt=\"ODX-6000 Inverters\"><span class=\"hover-element\"><i>+<\/i><\/span><\/a><\/div><!--end post-image-->                            <\/div>\n\n                            <h3 class=\"post-title entry-title\"><a href=\"https:\/\/cevikltd.com.tr\/en\/odx-6000-inverters\/\" >ODX-6000 Inverters<\/a><\/h3>\n\n                            <div class=\"article-meta\">\n                                <span class=\"post-meta\">\n                                    <small class=\"meta-author author vcard\"><a class=\"url fn n\" href=\"https:\/\/cevikltd.com.tr\/en\/author\/betul\/\" title=\"View all POSTS by Bet\u00fcl Soylu\" rel=\"author\"> <span class=\"author-name\">Bet\u00fcl Soylu<\/span><\/a><\/small>, <small><a href=\"https:\/\/cevikltd.com.tr\/en\/odx-6000-inverters\/\" rel=\"bookmark\" class=\"post-time\"><time class=\"entry-date\" datetime=\"2021-02-22T15:31:43+03:00\">22 February 2021<\/time><time class=\"modify-date hide hidden updated\" datetime=\"2021-02-22T16:25:00+03:00\">22 February 2021<\/time><\/a><\/small>, <small class=\"meta-category\"><a href=\"https:\/\/cevikltd.com.tr\/en\/category\/blog\/\" rel=\"category tag\">Blog<\/a>, <a href=\"https:\/\/cevikltd.com.tr\/en\/tag\/invertors\/\" rel=\"tag\">Invertors<\/a>, <a href=\"https:\/\/cevikltd.com.tr\/en\/tag\/premium\/\" rel=\"tag\">Premium<\/a>, <a href=\"https:\/\/cevikltd.com.tr\/en\/tag\/railway\/\" rel=\"tag\">Railway<\/a><\/small>, <small class=\"meta-comment-count\"><a href=\"https:\/\/cevikltd.com.tr\/en\/odx-6000-inverters\/#comments\">0 <i class=\"icon-chat-1 hover-tip\" data-original-title=\"This article has 0 comments\" data-toggle=\"tooltip\" data-placement=\"top\"><\/i><\/a><\/small>                                <\/span>\n                            <\/div>\n\n                            <div class=\"entry-summary\">\n                                                                    <p>ODX-6000 Inverters solutions designed for the railway market require extremely reliable technological concepts. The new ODX-6000 three-phase DC\/AC inverter...<\/p>                                                            <\/div><!-- .entry-summary -->\n\n                        <\/div>\n                    <\/article>\n\n                    \n                        <\/div> <!-- .posts-listing -->\n                    <\/div> <!-- .col-sm-6 -->\n\n                    <div class=\"col-sm-6\">\n                        <div class=\"posts-listing left-thumb-listing\">\n\n                    \n                    \n                    <article id=\"post-5183\" class=\"post-5183 post type-post status-publish format-standard has-post-thumbnail hentry category-blog tag-industrial tag-premium\">\n                        <div class=\"post-content animated animate-when-almost-visible el-appear\">\n\n                            <div class=\"article-media\">\n                                <div class=\"post-image\"><a href=\"https:\/\/cevikltd.com.tr\/en\/premium-ac-dc-ups\/\" class=\"element-wrap\"><img src=\"https:\/\/cevikltd.com.tr\/wp-content\/uploads\/2020\/08\/AC-DC-UPS-220x192.jpg\" alt=\"PREMIUM AC\/DC UPS\"><span class=\"hover-element\"><i>+<\/i><\/span><\/a><\/div><!--end post-image-->                            <\/div>\n\n                            <div class=\"post-date\">5 November 2020<\/div>\n\n                            <h3 class=\"post-title entry-title\"><a href=\"https:\/\/cevikltd.com.tr\/en\/premium-ac-dc-ups\/\" >PREMIUM AC\/DC UPS<\/a><\/h3>\n\n                        <\/div>\n                    <\/article>\n\n                    \n                    <article id=\"post-5272\" class=\"post-5272 post type-post status-publish format-standard has-post-thumbnail hentry category-blog tag-industrial tag-premium\">\n                        <div class=\"post-content animated animate-when-almost-visible el-appear\">\n\n                            <div class=\"article-media\">\n                                <div class=\"post-image\"><a href=\"https:\/\/cevikltd.com.tr\/en\/ac-dc-battery-charger\/\" class=\"element-wrap\"><img src=\"https:\/\/cevikltd.com.tr\/wp-content\/uploads\/2020\/09\/DC-AC-Invertor-220x192.jpg\" alt=\"AC\/DC Battery Charger\"><span class=\"hover-element\"><i>+<\/i><\/span><\/a><\/div><!--end post-image-->                            <\/div>\n\n                            <div class=\"post-date\">24 September 2020<\/div>\n\n                            <h3 class=\"post-title entry-title\"><a href=\"https:\/\/cevikltd.com.tr\/en\/ac-dc-battery-charger\/\" >AC\/DC Battery Charger<\/a><\/h3>\n\n                        <\/div>\n                    <\/article>\n\n                    \n                    <article id=\"post-5105\" class=\"post-5105 post type-post status-publish format-standard has-post-thumbnail hentry category-blog tag-industrial tag-invertors tag-premium tag-railway\">\n                        <div class=\"post-content animated animate-when-almost-visible el-appear\">\n\n                            <div class=\"article-media\">\n                                <div class=\"post-image\"><a href=\"https:\/\/cevikltd.com.tr\/en\/dc-ac-inverter\/\" class=\"element-wrap\"><img src=\"https:\/\/cevikltd.com.tr\/wp-content\/uploads\/2020\/07\/DC-AC-Inverter-220x192.jpg\" alt=\"DC-AC Inverter\"><span class=\"hover-element\"><i>+<\/i><\/span><\/a><\/div><!--end post-image-->                            <\/div>\n\n                            <div class=\"post-date\">8 July 2020<\/div>\n\n                            <h3 class=\"post-title entry-title\"><a href=\"https:\/\/cevikltd.com.tr\/en\/dc-ac-inverter\/\" >DC-AC Inverter<\/a><\/h3>\n\n                        <\/div>\n                    <\/article>\n\n                    \n                    <article id=\"post-3205\" class=\"post-3205 post type-post status-publish format-standard has-post-thumbnail hentry category-blog tag-commercial-vehicles tag-convertors tag-industrial tag-premium tag-rail-systems tag-railway\">\n                        <div class=\"post-content animated animate-when-almost-visible el-appear\">\n\n                            <div class=\"article-media\">\n                                <div class=\"post-image\"><a href=\"https:\/\/cevikltd.com.tr\/en\/premium-dc-dc-convertors\/\" class=\"element-wrap\"><img src=\"https:\/\/cevikltd.com.tr\/wp-content\/uploads\/2020\/01\/DC-DC-Convertors-220x192.jpg\" alt=\"Premium: DC\/DC Convertors\"><span class=\"hover-element\"><i>+<\/i><\/span><\/a><\/div><!--end post-image-->                            <\/div>\n\n                            <div class=\"post-date\">27 January 2020<\/div>\n\n                            <h3 class=\"post-title entry-title\"><a href=\"https:\/\/cevikltd.com.tr\/en\/premium-dc-dc-convertors\/\" >Premium: DC\/DC Convertors<\/a><\/h3>\n\n                        <\/div>\n                    <\/article>\n\n                    <\/div><\/div><\/div>\n\t\t\t<\/div> <\/div>\n\t<\/div> <\/div>[\/vc_column][\/vc_row]<\/p>\n","protected":false},"excerpt":{"rendered":"<p>[vc_row padding_top=&#8221;&#8221;][vc_column][vc_single_image image=&#8221;2966&#8243; img_size=&#8221;medium&#8221; style=&#8221;vc_box_outline&#8221; onclick=&#8221;custom_link&#8221; img_link_target=&#8221;_blank&#8221; animation=&#8221;animate-when-visible&#8221; css_animation=&#8221;el-fade&#8221; link=&#8221;https:\/\/premiumpsu.com\/&#8221;][vc_column_text]Premium Power Supplies Equipment and Systems in Turkey \u2013 \u00c7evik, stock a wide and deep variety of Premium products which has high quality. We offer our solutions to the industrial market, being some of them in high-tech machinery, railway, energy or defense applications. Having over 35 years of experience and a [&hellip;]<\/p>\n","protected":false},"author":1,"featured_media":0,"parent":1769,"menu_order":0,"comment_status":"closed","ping_status":"closed","template":"","meta":{"spay_email":""},"yoast_head":"<!-- This site is optimized with the Yoast SEO plugin v18.5 - https:\/\/yoast.com\/wordpress\/plugins\/seo\/ -->\n<title>Premium - \u00c7evik Ba\u011flant\u0131 Teknolojileri<\/title>\n<meta name=\"description\" content=\"Premium Power Supplies Equipment and Systems in Turkey \u2013 \u00c7evik, stock a wide and deep variety of Premium products which has high quality.\" \/>\n<meta name=\"robots\" content=\"index, follow, max-snippet:-1, max-image-preview:large, max-video-preview:-1\" \/>\n<link rel=\"canonical\" href=\"https:\/\/cevikltd.com.tr\/en\/partners\/premium\/\" \/>\n<meta property=\"og:locale\" content=\"en_US\" \/>\n<meta property=\"og:type\" content=\"article\" \/>\n<meta property=\"og:title\" content=\"Premium - \u00c7evik Ba\u011flant\u0131 Teknolojileri\" \/>\n<meta property=\"og:description\" content=\"Premium Power Supplies Equipment and Systems in Turkey \u2013 \u00c7evik, stock a wide and deep variety of Premium products which has high quality.\" \/>\n<meta property=\"og:url\" content=\"https:\/\/cevikltd.com.tr\/en\/partners\/premium\/\" \/>\n<meta property=\"og:site_name\" content=\"\u00c7evik Ba\u011flant\u0131 Teknolojileri\" \/>\n<meta property=\"article:publisher\" content=\"https:\/\/www.facebook.com\/pages\/%c3%87evik-Konnekt%c3%b6r-ve-Kablo-Montaj-Hizmetleri\/638389736272668\" \/>\n<meta property=\"article:modified_time\" content=\"2020-02-26T12:37:13+00:00\" \/>\n<meta name=\"twitter:card\" content=\"summary_large_image\" \/>\n<meta name=\"twitter:site\" content=\"@CevikKonnektor\" \/>\n<meta name=\"twitter:label1\" content=\"Est. reading time\" \/>\n\t<meta name=\"twitter:data1\" content=\"2 minutes\" \/>\n<script type=\"application\/ld+json\" class=\"yoast-schema-graph\">{\"@context\":\"https:\/\/schema.org\",\"@graph\":[{\"@type\":\"WebSite\",\"@id\":\"https:\/\/cevikltd.com.tr\/#website\",\"url\":\"https:\/\/cevikltd.com.tr\/\",\"name\":\"\u00c7evik Ba\u011flant\u0131 Teknolojileri\",\"description\":\"Teknolojiye Ba\u011flant\u0131 Noktan\u0131z\",\"potentialAction\":[{\"@type\":\"SearchAction\",\"target\":{\"@type\":\"EntryPoint\",\"urlTemplate\":\"https:\/\/cevikltd.com.tr\/?s={search_term_string}\"},\"query-input\":\"required name=search_term_string\"}],\"inLanguage\":\"en-US\"},{\"@type\":\"WebPage\",\"@id\":\"https:\/\/cevikltd.com.tr\/en\/partners\/premium\/#webpage\",\"url\":\"https:\/\/cevikltd.com.tr\/en\/partners\/premium\/\",\"name\":\"Premium - \u00c7evik Ba\u011flant\u0131 Teknolojileri\",\"isPartOf\":{\"@id\":\"https:\/\/cevikltd.com.tr\/#website\"},\"datePublished\":\"2020-01-27T09:05:29+00:00\",\"dateModified\":\"2020-02-26T12:37:13+00:00\",\"description\":\"Premium Power Supplies Equipment and Systems in Turkey \u2013 \u00c7evik, stock a wide and deep variety of Premium products which has high quality.\",\"breadcrumb\":{\"@id\":\"https:\/\/cevikltd.com.tr\/en\/partners\/premium\/#breadcrumb\"},\"inLanguage\":\"en-US\",\"potentialAction\":[{\"@type\":\"ReadAction\",\"target\":[\"https:\/\/cevikltd.com.tr\/en\/partners\/premium\/\"]}]},{\"@type\":\"BreadcrumbList\",\"@id\":\"https:\/\/cevikltd.com.tr\/en\/partners\/premium\/#breadcrumb\",\"itemListElement\":[{\"@type\":\"ListItem\",\"position\":1,\"name\":\"Ana sayfa\",\"item\":\"https:\/\/cevikltd.com.tr\/en\/\"},{\"@type\":\"ListItem\",\"position\":2,\"name\":\"Partners\",\"item\":\"https:\/\/cevikltd.com.tr\/en\/partners\/\"},{\"@type\":\"ListItem\",\"position\":3,\"name\":\"Premium\"}]}]}<\/script>\n<!-- \/ Yoast SEO plugin. -->","yoast_head_json":{"title":"Premium - \u00c7evik Ba\u011flant\u0131 Teknolojileri","description":"Premium Power Supplies Equipment and Systems in Turkey \u2013 \u00c7evik, stock a wide and deep variety of Premium products which has high quality.","robots":{"index":"index","follow":"follow","max-snippet":"max-snippet:-1","max-image-preview":"max-image-preview:large","max-video-preview":"max-video-preview:-1"},"canonical":"https:\/\/cevikltd.com.tr\/en\/partners\/premium\/","og_locale":"en_US","og_type":"article","og_title":"Premium - \u00c7evik Ba\u011flant\u0131 Teknolojileri","og_description":"Premium Power Supplies Equipment and Systems in Turkey \u2013 \u00c7evik, stock a wide and deep variety of Premium products which has high quality.","og_url":"https:\/\/cevikltd.com.tr\/en\/partners\/premium\/","og_site_name":"\u00c7evik Ba\u011flant\u0131 Teknolojileri","article_publisher":"https:\/\/www.facebook.com\/pages\/%c3%87evik-Konnekt%c3%b6r-ve-Kablo-Montaj-Hizmetleri\/638389736272668","article_modified_time":"2020-02-26T12:37:13+00:00","twitter_card":"summary_large_image","twitter_site":"@CevikKonnektor","twitter_misc":{"Est. reading time":"2 minutes"},"schema":{"@context":"https:\/\/schema.org","@graph":[{"@type":"WebSite","@id":"https:\/\/cevikltd.com.tr\/#website","url":"https:\/\/cevikltd.com.tr\/","name":"\u00c7evik Ba\u011flant\u0131 Teknolojileri","description":"Teknolojiye Ba\u011flant\u0131 Noktan\u0131z","potentialAction":[{"@type":"SearchAction","target":{"@type":"EntryPoint","urlTemplate":"https:\/\/cevikltd.com.tr\/?s={search_term_string}"},"query-input":"required name=search_term_string"}],"inLanguage":"en-US"},{"@type":"WebPage","@id":"https:\/\/cevikltd.com.tr\/en\/partners\/premium\/#webpage","url":"https:\/\/cevikltd.com.tr\/en\/partners\/premium\/","name":"Premium - \u00c7evik Ba\u011flant\u0131 Teknolojileri","isPartOf":{"@id":"https:\/\/cevikltd.com.tr\/#website"},"datePublished":"2020-01-27T09:05:29+00:00","dateModified":"2020-02-26T12:37:13+00:00","description":"Premium Power Supplies Equipment and Systems in Turkey \u2013 \u00c7evik, stock a wide and deep variety of Premium products which has high quality.","breadcrumb":{"@id":"https:\/\/cevikltd.com.tr\/en\/partners\/premium\/#breadcrumb"},"inLanguage":"en-US","potentialAction":[{"@type":"ReadAction","target":["https:\/\/cevikltd.com.tr\/en\/partners\/premium\/"]}]},{"@type":"BreadcrumbList","@id":"https:\/\/cevikltd.com.tr\/en\/partners\/premium\/#breadcrumb","itemListElement":[{"@type":"ListItem","position":1,"name":"Ana sayfa","item":"https:\/\/cevikltd.com.tr\/en\/"},{"@type":"ListItem","position":2,"name":"Partners","item":"https:\/\/cevikltd.com.tr\/en\/partners\/"},{"@type":"ListItem","position":3,"name":"Premium"}]}]}},"jetpack_sharing_enabled":true,"jetpack_shortlink":"https:\/\/wp.me\/P9xcy2-Q6","_links":{"self":[{"href":"https:\/\/cevikltd.com.tr\/en\/wp-json\/wp\/v2\/pages\/3230"}],"collection":[{"href":"https:\/\/cevikltd.com.tr\/en\/wp-json\/wp\/v2\/pages"}],"about":[{"href":"https:\/\/cevikltd.com.tr\/en\/wp-json\/wp\/v2\/types\/page"}],"author":[{"embeddable":true,"href":"https:\/\/cevikltd.com.tr\/en\/wp-json\/wp\/v2\/users\/1"}],"replies":[{"embeddable":true,"href":"https:\/\/cevikltd.com.tr\/en\/wp-json\/wp\/v2\/comments?post=3230"}],"version-history":[{"count":6,"href":"https:\/\/cevikltd.com.tr\/en\/wp-json\/wp\/v2\/pages\/3230\/revisions"}],"predecessor-version":[{"id":3900,"href":"https:\/\/cevikltd.com.tr\/en\/wp-json\/wp\/v2\/pages\/3230\/revisions\/3900"}],"up":[{"embeddable":true,"href":"https:\/\/cevikltd.com.tr\/en\/wp-json\/wp\/v2\/pages\/1769"}],"wp:attachment":[{"href":"https:\/\/cevikltd.com.tr\/en\/wp-json\/wp\/v2\/media?parent=3230"}],"curies":[{"name":"wp","href":"https:\/\/api.w.org\/{rel}","templated":true}]}}