{"id":3512,"date":"2020-01-31T12:55:02","date_gmt":"2020-01-31T09:55:02","guid":{"rendered":"https:\/\/cevikltd.com.tr\/products\/electromechanical-assembly\/"},"modified":"2020-01-31T12:55:03","modified_gmt":"2020-01-31T09:55:03","slug":"electromechanical-assembly","status":"publish","type":"page","link":"https:\/\/cevikltd.com.tr\/en\/solutions\/electromechanical-assembly\/","title":{"rendered":"Electromechanical Assembly"},"content":{"rendered":"<p>[vc_row padding_top=&#8221;&#8221;][vc_column width=&#8221;1\/4&#8243;][vc_single_image image=&#8221;2944&#8243; img_size=&#8221;medium&#8221; style=&#8221;vc_box_border_circle_2&#8243;][\/vc_column][vc_column width=&#8221;3\/4&#8243;][vc_column_text]\u00c7evik provide electromechanical assembly \u00a0service for the system of especially land military applications like control panels, control box, dashboard.[\/vc_column_text][\/vc_column][\/vc_row]<\/p>\n","protected":false},"excerpt":{"rendered":"<p>[vc_row padding_top=&#8221;&#8221;][vc_column width=&#8221;1\/4&#8243;][vc_single_image image=&#8221;2944&#8243; img_size=&#8221;medium&#8221; style=&#8221;vc_box_border_circle_2&#8243;][\/vc_column][vc_column width=&#8221;3\/4&#8243;][vc_column_text]\u00c7evik provide electromechanical assembly \u00a0service for the system of especially land military applications like control panels, control box, dashboard.[\/vc_column_text][\/vc_column][\/vc_row]<\/p>\n","protected":false},"author":1,"featured_media":0,"parent":1857,"menu_order":1,"comment_status":"closed","ping_status":"closed","template":"","meta":{"spay_email":""},"yoast_head":"<!-- This site is optimized with the Yoast SEO plugin v18.5 - https:\/\/yoast.com\/wordpress\/plugins\/seo\/ -->\n<title>Electromechanical Assembly - \u00c7evik Ba\u011flant\u0131 Teknolojileri<\/title>\n<meta name=\"description\" content=\"\u00c7evik provide electromechanical assembly service for the system of especially land military applications like control panels, control box, dashboard.\" \/>\n<meta name=\"robots\" content=\"index, follow, max-snippet:-1, max-image-preview:large, max-video-preview:-1\" \/>\n<link rel=\"canonical\" href=\"https:\/\/cevikltd.com.tr\/en\/solutions\/electromechanical-assembly\/\" \/>\n<meta property=\"og:locale\" content=\"en_US\" \/>\n<meta property=\"og:type\" content=\"article\" \/>\n<meta property=\"og:title\" content=\"Electromechanical Assembly - \u00c7evik Ba\u011flant\u0131 Teknolojileri\" \/>\n<meta property=\"og:description\" content=\"\u00c7evik provide electromechanical assembly service for the system of especially land military applications like control panels, control box, dashboard.\" \/>\n<meta property=\"og:url\" content=\"https:\/\/cevikltd.com.tr\/en\/solutions\/electromechanical-assembly\/\" \/>\n<meta property=\"og:site_name\" content=\"\u00c7evik Ba\u011flant\u0131 Teknolojileri\" \/>\n<meta property=\"article:publisher\" content=\"https:\/\/www.facebook.com\/pages\/%c3%87evik-Konnekt%c3%b6r-ve-Kablo-Montaj-Hizmetleri\/638389736272668\" \/>\n<meta property=\"article:modified_time\" content=\"2020-01-31T09:55:03+00:00\" \/>\n<meta name=\"twitter:card\" content=\"summary_large_image\" \/>\n<meta name=\"twitter:site\" content=\"@CevikKonnektor\" \/>\n<script type=\"application\/ld+json\" class=\"yoast-schema-graph\">{\"@context\":\"https:\/\/schema.org\",\"@graph\":[{\"@type\":\"WebSite\",\"@id\":\"https:\/\/cevikltd.com.tr\/#website\",\"url\":\"https:\/\/cevikltd.com.tr\/\",\"name\":\"\u00c7evik Ba\u011flant\u0131 Teknolojileri\",\"description\":\"Teknolojiye Ba\u011flant\u0131 Noktan\u0131z\",\"potentialAction\":[{\"@type\":\"SearchAction\",\"target\":{\"@type\":\"EntryPoint\",\"urlTemplate\":\"https:\/\/cevikltd.com.tr\/?s={search_term_string}\"},\"query-input\":\"required name=search_term_string\"}],\"inLanguage\":\"en-US\"},{\"@type\":\"WebPage\",\"@id\":\"https:\/\/cevikltd.com.tr\/en\/solutions\/electromechanical-assembly\/#webpage\",\"url\":\"https:\/\/cevikltd.com.tr\/en\/solutions\/electromechanical-assembly\/\",\"name\":\"Electromechanical Assembly - \u00c7evik Ba\u011flant\u0131 Teknolojileri\",\"isPartOf\":{\"@id\":\"https:\/\/cevikltd.com.tr\/#website\"},\"datePublished\":\"2020-01-31T09:55:02+00:00\",\"dateModified\":\"2020-01-31T09:55:03+00:00\",\"description\":\"\u00c7evik provide electromechanical assembly service for the system of especially land military applications like control panels, control box, dashboard.\",\"breadcrumb\":{\"@id\":\"https:\/\/cevikltd.com.tr\/en\/solutions\/electromechanical-assembly\/#breadcrumb\"},\"inLanguage\":\"en-US\",\"potentialAction\":[{\"@type\":\"ReadAction\",\"target\":[\"https:\/\/cevikltd.com.tr\/en\/solutions\/electromechanical-assembly\/\"]}]},{\"@type\":\"BreadcrumbList\",\"@id\":\"https:\/\/cevikltd.com.tr\/en\/solutions\/electromechanical-assembly\/#breadcrumb\",\"itemListElement\":[{\"@type\":\"ListItem\",\"position\":1,\"name\":\"Ana sayfa\",\"item\":\"https:\/\/cevikltd.com.tr\/en\/\"},{\"@type\":\"ListItem\",\"position\":2,\"name\":\"Solutions\",\"item\":\"https:\/\/cevikltd.com.tr\/en\/solutions\/\"},{\"@type\":\"ListItem\",\"position\":3,\"name\":\"Electromechanical Assembly\"}]}]}<\/script>\n<!-- \/ Yoast SEO plugin. -->","yoast_head_json":{"title":"Electromechanical Assembly - \u00c7evik Ba\u011flant\u0131 Teknolojileri","description":"\u00c7evik provide electromechanical assembly service for the system of especially land military applications like control panels, control box, dashboard.","robots":{"index":"index","follow":"follow","max-snippet":"max-snippet:-1","max-image-preview":"max-image-preview:large","max-video-preview":"max-video-preview:-1"},"canonical":"https:\/\/cevikltd.com.tr\/en\/solutions\/electromechanical-assembly\/","og_locale":"en_US","og_type":"article","og_title":"Electromechanical Assembly - \u00c7evik Ba\u011flant\u0131 Teknolojileri","og_description":"\u00c7evik provide electromechanical assembly service for the system of especially land military applications like control panels, control box, dashboard.","og_url":"https:\/\/cevikltd.com.tr\/en\/solutions\/electromechanical-assembly\/","og_site_name":"\u00c7evik Ba\u011flant\u0131 Teknolojileri","article_publisher":"https:\/\/www.facebook.com\/pages\/%c3%87evik-Konnekt%c3%b6r-ve-Kablo-Montaj-Hizmetleri\/638389736272668","article_modified_time":"2020-01-31T09:55:03+00:00","twitter_card":"summary_large_image","twitter_site":"@CevikKonnektor","schema":{"@context":"https:\/\/schema.org","@graph":[{"@type":"WebSite","@id":"https:\/\/cevikltd.com.tr\/#website","url":"https:\/\/cevikltd.com.tr\/","name":"\u00c7evik Ba\u011flant\u0131 Teknolojileri","description":"Teknolojiye Ba\u011flant\u0131 Noktan\u0131z","potentialAction":[{"@type":"SearchAction","target":{"@type":"EntryPoint","urlTemplate":"https:\/\/cevikltd.com.tr\/?s={search_term_string}"},"query-input":"required name=search_term_string"}],"inLanguage":"en-US"},{"@type":"WebPage","@id":"https:\/\/cevikltd.com.tr\/en\/solutions\/electromechanical-assembly\/#webpage","url":"https:\/\/cevikltd.com.tr\/en\/solutions\/electromechanical-assembly\/","name":"Electromechanical Assembly - \u00c7evik Ba\u011flant\u0131 Teknolojileri","isPartOf":{"@id":"https:\/\/cevikltd.com.tr\/#website"},"datePublished":"2020-01-31T09:55:02+00:00","dateModified":"2020-01-31T09:55:03+00:00","description":"\u00c7evik provide electromechanical assembly service for the system of especially land military applications like control panels, control box, dashboard.","breadcrumb":{"@id":"https:\/\/cevikltd.com.tr\/en\/solutions\/electromechanical-assembly\/#breadcrumb"},"inLanguage":"en-US","potentialAction":[{"@type":"ReadAction","target":["https:\/\/cevikltd.com.tr\/en\/solutions\/electromechanical-assembly\/"]}]},{"@type":"BreadcrumbList","@id":"https:\/\/cevikltd.com.tr\/en\/solutions\/electromechanical-assembly\/#breadcrumb","itemListElement":[{"@type":"ListItem","position":1,"name":"Ana sayfa","item":"https:\/\/cevikltd.com.tr\/en\/"},{"@type":"ListItem","position":2,"name":"Solutions","item":"https:\/\/cevikltd.com.tr\/en\/solutions\/"},{"@type":"ListItem","position":3,"name":"Electromechanical Assembly"}]}]}},"jetpack_sharing_enabled":true,"jetpack_shortlink":"https:\/\/wp.me\/P9xcy2-UE","_links":{"self":[{"href":"https:\/\/cevikltd.com.tr\/en\/wp-json\/wp\/v2\/pages\/3512"}],"collection":[{"href":"https:\/\/cevikltd.com.tr\/en\/wp-json\/wp\/v2\/pages"}],"about":[{"href":"https:\/\/cevikltd.com.tr\/en\/wp-json\/wp\/v2\/types\/page"}],"author":[{"embeddable":true,"href":"https:\/\/cevikltd.com.tr\/en\/wp-json\/wp\/v2\/users\/1"}],"replies":[{"embeddable":true,"href":"https:\/\/cevikltd.com.tr\/en\/wp-json\/wp\/v2\/comments?post=3512"}],"version-history":[{"count":1,"href":"https:\/\/cevikltd.com.tr\/en\/wp-json\/wp\/v2\/pages\/3512\/revisions"}],"predecessor-version":[{"id":3513,"href":"https:\/\/cevikltd.com.tr\/en\/wp-json\/wp\/v2\/pages\/3512\/revisions\/3513"}],"up":[{"embeddable":true,"href":"https:\/\/cevikltd.com.tr\/en\/wp-json\/wp\/v2\/pages\/1857"}],"wp:attachment":[{"href":"https:\/\/cevikltd.com.tr\/en\/wp-json\/wp\/v2\/media?parent=3512"}],"curies":[{"name":"wp","href":"https:\/\/api.w.org\/{rel}","templated":true}]}}