{"id":4132,"date":"2020-03-03T16:54:47","date_gmt":"2020-03-03T13:54:47","guid":{"rendered":"https:\/\/cevikltd.com.tr\/?page_id=4132"},"modified":"2020-03-03T16:54:47","modified_gmt":"2020-03-03T13:54:47","slug":"servo-motor-cable-sets","status":"publish","type":"page","link":"https:\/\/cevikltd.com.tr\/en\/products\/servo-motor-cable-sets\/","title":{"rendered":"Servo Motor Cable Sets"},"content":{"rendered":"<p>[vc_row padding_top=&#8221;&#8221;][vc_column width=&#8221;1\/4&#8243;][vc_single_image image=&#8221;3717&#8243; img_size=&#8221;medium&#8221; style=&#8221;vc_box_border_circle_2&#8243;][\/vc_column][vc_column width=&#8221;3\/4&#8243;][vc_column_text]\u00c7evik Ba\u011flant\u0131 Teknolojileri can produce servo motor cable sets, servo motor signal cables and servo motor power cables. We can produce these cables in desired quantities.<\/p>\n<p>The cables are using in servo motor between the system produced with high quality connectors. These cables are encoder cables, resolver cables and servo motor power sets. These cables can be flexible or fixed.<\/p>\n<p>We can serve with our great stock also reasonable prices and fast delivery. \u00c7evik can deliver urgently needed products in 24 hours, if the product is in stock. We care about customer happiness.<\/p>\n<p><strong>Quality and Test<\/strong><\/p>\n<p>All produced servo motor cables are tested with high quality devices. Such as pin to pin and high voltage tests. Also all set reprots can be delivered if desired.<\/p>\n<p>Our staff has IPC certificate,(soldering and bundling cerificate) which is internationally valid.<\/p>\n<p><strong>Technical Support<\/strong><\/p>\n<p>Apart from the standart cable sets, \u00c7evik Ba\u011flant\u0131 Teknolojileri has the ability to manufacture according to the connection schemes. If product requires special connection scheme. Additionally, according to the required sample servo motor cables, after examining our expert R&amp;D engineers cable set assembly and repair can also be made.<\/p>\n<p>For detailed information about our products or offer your can send an e-mail to info@cevikltd.com.tr. Besides you can contact with our customer support.<\/p>\n<p>You can click <a href=\"https:\/\/cevikltd.com.tr\/en\/products\/cables\/\">here<\/a> for cables that are used in cable sets.[\/vc_column_text][\/vc_column][\/vc_row][vc_row][vc_column]\n\t<div class=\"news-focus\">\n\t<div class=\"kleo-tabs tabbable\" data-interval=\"0\">\n\t\t\t<ul class=\"nav nav-tabs responsive-tabs tabs-style-line\"><li class=\"active\"><a href=\"#tab-\" data-toggle=\"tab\" onclick=\"return false;\"><\/a><\/li><\/ul>\n<div class=\"tab-content\">\n\t\t\t\n\t\t\t<div id=\"tab-\" class=\"tab-pane active\">\n\t\t\t\t<div class=\"row\"><div class=\"col-sm-6\"><div class=\"posts-listing standard-listing with-meta inline-meta\">\n                    <article id=\"post-4883\" class=\"post-4883 post type-post status-publish format-standard has-post-thumbnail hentry category-blog tag-automation tag-automation-cables tag-industrial tag-servo-motor-en tag-servo-motor-cable-sets\">\n                        <div class=\"post-content animated animate-when-almost-visible el-appear\">\n\n                            <div class=\"article-media clearfix\">\n                                <div class=\"post-image\"><a href=\"https:\/\/cevikltd.com.tr\/en\/sew-compatible-servo-motor-cables\/\" class=\"element-wrap\"><img src=\"https:\/\/cevikltd.com.tr\/wp-content\/uploads\/2020\/04\/Sew-Compatible-Servo-Motor-Cables-1-480x270.jpg\" alt=\"Sew Compatible Servo Motor Cables\"><span class=\"hover-element\"><i>+<\/i><\/span><\/a><\/div><!--end post-image-->                            <\/div>\n\n                            <h3 class=\"post-title entry-title\"><a href=\"https:\/\/cevikltd.com.tr\/en\/sew-compatible-servo-motor-cables\/\" >Sew Compatible Servo Motor Cables<\/a><\/h3>\n\n                            <div class=\"article-meta\">\n                                <span class=\"post-meta\">\n                                    <small class=\"meta-author author vcard\"><a class=\"url fn n\" href=\"https:\/\/cevikltd.com.tr\/en\/author\/betul\/\" title=\"View all POSTS by Bet\u00fcl Soylu\" rel=\"author\"> <span class=\"author-name\">Bet\u00fcl Soylu<\/span><\/a><\/small>, <small><a href=\"https:\/\/cevikltd.com.tr\/en\/sew-compatible-servo-motor-cables\/\" rel=\"bookmark\" class=\"post-time\"><time class=\"entry-date\" datetime=\"2020-05-30T18:36:21+03:00\">30 May 2020<\/time><time class=\"modify-date hide hidden updated\" datetime=\"2020-05-30T18:37:43+03:00\">30 May 2020<\/time><\/a><\/small>, <small class=\"meta-category\"><a href=\"https:\/\/cevikltd.com.tr\/en\/category\/blog\/\" rel=\"category tag\">Blog<\/a>, <a href=\"https:\/\/cevikltd.com.tr\/en\/tag\/automation\/\" rel=\"tag\">Automation<\/a>, <a href=\"https:\/\/cevikltd.com.tr\/en\/tag\/automation-cables\/\" rel=\"tag\">Automation Cables<\/a>, <a href=\"https:\/\/cevikltd.com.tr\/en\/tag\/industrial\/\" rel=\"tag\">Industrial<\/a>, <a href=\"https:\/\/cevikltd.com.tr\/en\/tag\/servo-motor-en\/\" rel=\"tag\">Servo Motor<\/a>, <a href=\"https:\/\/cevikltd.com.tr\/en\/tag\/servo-motor-cable-sets\/\" rel=\"tag\">Servo Motor Cable Sets<\/a><\/small>, <small class=\"meta-comment-count\"><a href=\"https:\/\/cevikltd.com.tr\/en\/sew-compatible-servo-motor-cables\/#comments\">0 <i class=\"icon-chat-1 hover-tip\" data-original-title=\"This article has 0 comments\" data-toggle=\"tooltip\" data-placement=\"top\"><\/i><\/a><\/small>                                <\/span>\n                            <\/div>\n\n                            <div class=\"entry-summary\">\n                                                                    <p>As&nbsp;Sew Compatible Servo Motor Cables; Servo motor signal cables and servo motor power cables are produced by the expert...<\/p>                                                            <\/div><!-- .entry-summary -->\n\n                        <\/div>\n                    <\/article>\n\n                    \n                        <\/div> <!-- .posts-listing -->\n                    <\/div> <!-- .col-sm-6 -->\n\n                    <div class=\"col-sm-6\">\n                        <div class=\"posts-listing left-thumb-listing\">\n\n                    \n                    \n                    <article id=\"post-4885\" class=\"post-4885 post type-post status-publish format-standard has-post-thumbnail hentry category-blog tag-automation tag-automation-cables tag-industrial tag-servo-motor-en tag-servo-motor-cable-sets\">\n                        <div class=\"post-content animated animate-when-almost-visible el-appear\">\n\n                            <div class=\"article-media\">\n                                <div class=\"post-image\"><a href=\"https:\/\/cevikltd.com.tr\/en\/power-automation-compatible-servo-motor-cables\/\" class=\"element-wrap\"><img src=\"https:\/\/cevikltd.com.tr\/wp-content\/uploads\/2020\/04\/Power-Automation-Compatible-Servo-Motor-Cables-220x192.jpg\" alt=\"Power Automation Compatible Servo Motor Cables\"><span class=\"hover-element\"><i>+<\/i><\/span><\/a><\/div><!--end post-image-->                            <\/div>\n\n                            <div class=\"post-date\">30 May 2020<\/div>\n\n                            <h3 class=\"post-title entry-title\"><a href=\"https:\/\/cevikltd.com.tr\/en\/power-automation-compatible-servo-motor-cables\/\" >Power Automation Compatible Servo Motor Cables<\/a><\/h3>\n\n                        <\/div>\n                    <\/article>\n\n                    \n                    <article id=\"post-4939\" class=\"post-4939 post type-post status-publish format-standard has-post-thumbnail hentry category-blog tag-automation tag-automation-cables tag-servo-motor-en tag-servo-motor-cable-sets tag-servo-motor-cables\">\n                        <div class=\"post-content animated animate-when-almost-visible el-appear\">\n\n                            <div class=\"article-media\">\n                                <div class=\"post-image\"><a href=\"https:\/\/cevikltd.com.tr\/en\/rockwell-compatible-servo-motor-cables\/\" class=\"element-wrap\"><img src=\"https:\/\/cevikltd.com.tr\/wp-content\/uploads\/2018\/02\/Rockwell-Uyumlu-Servo-Motor-Kablolar\u0131-220x192.jpg\" alt=\"Rockwell Compatible Servo Motor Cables\"><span class=\"hover-element\"><i>+<\/i><\/span><\/a><\/div><!--end post-image-->                            <\/div>\n\n                            <div class=\"post-date\">15 April 2020<\/div>\n\n                            <h3 class=\"post-title entry-title\"><a href=\"https:\/\/cevikltd.com.tr\/en\/rockwell-compatible-servo-motor-cables\/\" >Rockwell Compatible Servo Motor Cables<\/a><\/h3>\n\n                        <\/div>\n                    <\/article>\n\n                    \n                    <article id=\"post-4935\" class=\"post-4935 post type-post status-publish format-standard has-post-thumbnail hentry category-blog tag-automation tag-automation-cables tag-servo-motor-en tag-servo-motor-cable-sets tag-servo-motor-cables\">\n                        <div class=\"post-content animated animate-when-almost-visible el-appear\">\n\n                            <div class=\"article-media\">\n                                <div class=\"post-image\"><a href=\"https:\/\/cevikltd.com.tr\/en\/yaskawa-compatible-servo-motor-cables\/\" class=\"element-wrap\"><img src=\"https:\/\/cevikltd.com.tr\/wp-content\/uploads\/2018\/02\/Yaskawa-Uyumlu-Servo-Motor-Kablolar\u0131-220x192.jpg\" alt=\"Yaskawa Compatible Servo Motor Cables\"><span class=\"hover-element\"><i>+<\/i><\/span><\/a><\/div><!--end post-image-->                            <\/div>\n\n                            <div class=\"post-date\"><\/div>\n\n                            <h3 class=\"post-title entry-title\"><a href=\"https:\/\/cevikltd.com.tr\/en\/yaskawa-compatible-servo-motor-cables\/\" >Yaskawa Compatible Servo Motor Cables<\/a><\/h3>\n\n                        <\/div>\n                    <\/article>\n\n                    \n                    <article id=\"post-4930\" class=\"post-4930 post type-post status-publish format-standard has-post-thumbnail hentry category-blog tag-automation tag-servo-motor-cable-sets tag-servo-motor-cables\">\n                        <div class=\"post-content animated animate-when-almost-visible el-appear\">\n\n                            <div class=\"article-media\">\n                                <div class=\"post-image\"><a href=\"https:\/\/cevikltd.com.tr\/en\/beckhoff-compatible-servo-motor-cables\/\" class=\"element-wrap\"><img src=\"https:\/\/cevikltd.com.tr\/wp-content\/uploads\/2018\/02\/Beckhoff-Uyumlu-Servo-Motor-Kablolar\u0131-220x192.jpg\" alt=\"Beckhoff Compatible Servo Motor Cables\"><span class=\"hover-element\"><i>+<\/i><\/span><\/a><\/div><!--end post-image-->                            <\/div>\n\n                            <div class=\"post-date\"><\/div>\n\n                            <h3 class=\"post-title entry-title\"><a href=\"https:\/\/cevikltd.com.tr\/en\/beckhoff-compatible-servo-motor-cables\/\" >Beckhoff Compatible Servo Motor Cables<\/a><\/h3>\n\n                        <\/div>\n                    <\/article>\n\n                    <\/div><\/div><\/div>\n\t\t\t<\/div> <\/div>\n\t<\/div> <\/div>[\/vc_column][\/vc_row]<\/p>\n","protected":false},"excerpt":{"rendered":"<p>[vc_row padding_top=&#8221;&#8221;][vc_column width=&#8221;1\/4&#8243;][vc_single_image image=&#8221;3717&#8243; img_size=&#8221;medium&#8221; style=&#8221;vc_box_border_circle_2&#8243;][\/vc_column][vc_column width=&#8221;3\/4&#8243;][vc_column_text]\u00c7evik Ba\u011flant\u0131 Teknolojileri can produce servo motor cable sets, servo motor signal cables and servo motor power cables. We can produce these cables in desired quantities. The cables are using in servo motor between the system produced with high quality connectors. These cables are encoder cables, resolver cables and servo motor power sets. These [&hellip;]<\/p>\n","protected":false},"author":1,"featured_media":0,"parent":2805,"menu_order":1,"comment_status":"closed","ping_status":"closed","template":"","meta":{"spay_email":""},"yoast_head":"<!-- This site is optimized with the Yoast SEO plugin v18.5 - https:\/\/yoast.com\/wordpress\/plugins\/seo\/ -->\n<title>Servo Motor Cable Sets - \u00c7evik Ba\u011flant\u0131 Teknolojileri<\/title>\n<meta name=\"description\" content=\"\u00c7evik provides and stock a wide and deep variety of Cable products and give service with Cevik\u2019s experience and dedicated team.\" \/>\n<meta name=\"robots\" content=\"index, follow, max-snippet:-1, max-image-preview:large, max-video-preview:-1\" \/>\n<link rel=\"canonical\" href=\"https:\/\/cevikltd.com.tr\/en\/products\/servo-motor-cable-sets\/\" \/>\n<meta property=\"og:locale\" content=\"en_US\" \/>\n<meta property=\"og:type\" content=\"article\" \/>\n<meta property=\"og:title\" content=\"Servo Motor Cable Sets - \u00c7evik Ba\u011flant\u0131 Teknolojileri\" \/>\n<meta property=\"og:description\" content=\"\u00c7evik provides and stock a wide and deep variety of Cable products and give service with Cevik\u2019s experience and dedicated team.\" \/>\n<meta property=\"og:url\" content=\"https:\/\/cevikltd.com.tr\/en\/products\/servo-motor-cable-sets\/\" \/>\n<meta property=\"og:site_name\" content=\"\u00c7evik Ba\u011flant\u0131 Teknolojileri\" \/>\n<meta property=\"article:publisher\" content=\"https:\/\/www.facebook.com\/pages\/%c3%87evik-Konnekt%c3%b6r-ve-Kablo-Montaj-Hizmetleri\/638389736272668\" \/>\n<meta name=\"twitter:card\" content=\"summary_large_image\" \/>\n<meta name=\"twitter:site\" content=\"@CevikKonnektor\" \/>\n<meta name=\"twitter:label1\" content=\"Est. reading time\" \/>\n\t<meta name=\"twitter:data1\" content=\"1 minute\" \/>\n<script type=\"application\/ld+json\" class=\"yoast-schema-graph\">{\"@context\":\"https:\/\/schema.org\",\"@graph\":[{\"@type\":\"WebSite\",\"@id\":\"https:\/\/cevikltd.com.tr\/#website\",\"url\":\"https:\/\/cevikltd.com.tr\/\",\"name\":\"\u00c7evik Ba\u011flant\u0131 Teknolojileri\",\"description\":\"Teknolojiye Ba\u011flant\u0131 Noktan\u0131z\",\"potentialAction\":[{\"@type\":\"SearchAction\",\"target\":{\"@type\":\"EntryPoint\",\"urlTemplate\":\"https:\/\/cevikltd.com.tr\/?s={search_term_string}\"},\"query-input\":\"required name=search_term_string\"}],\"inLanguage\":\"en-US\"},{\"@type\":\"WebPage\",\"@id\":\"https:\/\/cevikltd.com.tr\/en\/products\/servo-motor-cable-sets\/#webpage\",\"url\":\"https:\/\/cevikltd.com.tr\/en\/products\/servo-motor-cable-sets\/\",\"name\":\"Servo Motor Cable Sets - \u00c7evik Ba\u011flant\u0131 Teknolojileri\",\"isPartOf\":{\"@id\":\"https:\/\/cevikltd.com.tr\/#website\"},\"datePublished\":\"2020-03-03T13:54:47+00:00\",\"dateModified\":\"2020-03-03T13:54:47+00:00\",\"description\":\"\u00c7evik provides and stock a wide and deep variety of Cable products and give service with Cevik\u2019s experience and dedicated team.\",\"breadcrumb\":{\"@id\":\"https:\/\/cevikltd.com.tr\/en\/products\/servo-motor-cable-sets\/#breadcrumb\"},\"inLanguage\":\"en-US\",\"potentialAction\":[{\"@type\":\"ReadAction\",\"target\":[\"https:\/\/cevikltd.com.tr\/en\/products\/servo-motor-cable-sets\/\"]}]},{\"@type\":\"BreadcrumbList\",\"@id\":\"https:\/\/cevikltd.com.tr\/en\/products\/servo-motor-cable-sets\/#breadcrumb\",\"itemListElement\":[{\"@type\":\"ListItem\",\"position\":1,\"name\":\"Ana sayfa\",\"item\":\"https:\/\/cevikltd.com.tr\/en\/\"},{\"@type\":\"ListItem\",\"position\":2,\"name\":\"Products\",\"item\":\"https:\/\/cevikltd.com.tr\/en\/products\/\"},{\"@type\":\"ListItem\",\"position\":3,\"name\":\"Servo Motor Cable Sets\"}]}]}<\/script>\n<!-- \/ Yoast SEO plugin. -->","yoast_head_json":{"title":"Servo Motor Cable Sets - \u00c7evik Ba\u011flant\u0131 Teknolojileri","description":"\u00c7evik provides and stock a wide and deep variety of Cable products and give service with Cevik\u2019s experience and dedicated team.","robots":{"index":"index","follow":"follow","max-snippet":"max-snippet:-1","max-image-preview":"max-image-preview:large","max-video-preview":"max-video-preview:-1"},"canonical":"https:\/\/cevikltd.com.tr\/en\/products\/servo-motor-cable-sets\/","og_locale":"en_US","og_type":"article","og_title":"Servo Motor Cable Sets - \u00c7evik Ba\u011flant\u0131 Teknolojileri","og_description":"\u00c7evik provides and stock a wide and deep variety of Cable products and give service with Cevik\u2019s experience and dedicated team.","og_url":"https:\/\/cevikltd.com.tr\/en\/products\/servo-motor-cable-sets\/","og_site_name":"\u00c7evik Ba\u011flant\u0131 Teknolojileri","article_publisher":"https:\/\/www.facebook.com\/pages\/%c3%87evik-Konnekt%c3%b6r-ve-Kablo-Montaj-Hizmetleri\/638389736272668","twitter_card":"summary_large_image","twitter_site":"@CevikKonnektor","twitter_misc":{"Est. reading time":"1 minute"},"schema":{"@context":"https:\/\/schema.org","@graph":[{"@type":"WebSite","@id":"https:\/\/cevikltd.com.tr\/#website","url":"https:\/\/cevikltd.com.tr\/","name":"\u00c7evik Ba\u011flant\u0131 Teknolojileri","description":"Teknolojiye Ba\u011flant\u0131 Noktan\u0131z","potentialAction":[{"@type":"SearchAction","target":{"@type":"EntryPoint","urlTemplate":"https:\/\/cevikltd.com.tr\/?s={search_term_string}"},"query-input":"required name=search_term_string"}],"inLanguage":"en-US"},{"@type":"WebPage","@id":"https:\/\/cevikltd.com.tr\/en\/products\/servo-motor-cable-sets\/#webpage","url":"https:\/\/cevikltd.com.tr\/en\/products\/servo-motor-cable-sets\/","name":"Servo Motor Cable Sets - \u00c7evik Ba\u011flant\u0131 Teknolojileri","isPartOf":{"@id":"https:\/\/cevikltd.com.tr\/#website"},"datePublished":"2020-03-03T13:54:47+00:00","dateModified":"2020-03-03T13:54:47+00:00","description":"\u00c7evik provides and stock a wide and deep variety of Cable products and give service with Cevik\u2019s experience and dedicated team.","breadcrumb":{"@id":"https:\/\/cevikltd.com.tr\/en\/products\/servo-motor-cable-sets\/#breadcrumb"},"inLanguage":"en-US","potentialAction":[{"@type":"ReadAction","target":["https:\/\/cevikltd.com.tr\/en\/products\/servo-motor-cable-sets\/"]}]},{"@type":"BreadcrumbList","@id":"https:\/\/cevikltd.com.tr\/en\/products\/servo-motor-cable-sets\/#breadcrumb","itemListElement":[{"@type":"ListItem","position":1,"name":"Ana sayfa","item":"https:\/\/cevikltd.com.tr\/en\/"},{"@type":"ListItem","position":2,"name":"Products","item":"https:\/\/cevikltd.com.tr\/en\/products\/"},{"@type":"ListItem","position":3,"name":"Servo Motor Cable Sets"}]}]}},"jetpack_sharing_enabled":true,"jetpack_shortlink":"https:\/\/wp.me\/P9xcy2-14E","_links":{"self":[{"href":"https:\/\/cevikltd.com.tr\/en\/wp-json\/wp\/v2\/pages\/4132"}],"collection":[{"href":"https:\/\/cevikltd.com.tr\/en\/wp-json\/wp\/v2\/pages"}],"about":[{"href":"https:\/\/cevikltd.com.tr\/en\/wp-json\/wp\/v2\/types\/page"}],"author":[{"embeddable":true,"href":"https:\/\/cevikltd.com.tr\/en\/wp-json\/wp\/v2\/users\/1"}],"replies":[{"embeddable":true,"href":"https:\/\/cevikltd.com.tr\/en\/wp-json\/wp\/v2\/comments?post=4132"}],"version-history":[{"count":2,"href":"https:\/\/cevikltd.com.tr\/en\/wp-json\/wp\/v2\/pages\/4132\/revisions"}],"predecessor-version":[{"id":4220,"href":"https:\/\/cevikltd.com.tr\/en\/wp-json\/wp\/v2\/pages\/4132\/revisions\/4220"}],"up":[{"embeddable":true,"href":"https:\/\/cevikltd.com.tr\/en\/wp-json\/wp\/v2\/pages\/2805"}],"wp:attachment":[{"href":"https:\/\/cevikltd.com.tr\/en\/wp-json\/wp\/v2\/media?parent=4132"}],"curies":[{"name":"wp","href":"https:\/\/api.w.org\/{rel}","templated":true}]}}