{"id":4195,"date":"2020-03-03T16:02:15","date_gmt":"2020-03-03T13:02:15","guid":{"rendered":"https:\/\/cevikltd.com.tr\/sectors\/commercial-vehicles\/construction-machines\/"},"modified":"2020-03-03T16:02:15","modified_gmt":"2020-03-03T13:02:15","slug":"construction-machines","status":"publish","type":"page","link":"https:\/\/cevikltd.com.tr\/en\/sectors\/commercial-vehicles\/construction-machines\/","title":{"rendered":"Construction Machines"},"content":{"rendered":"<p>[vc_row padding_bottom=&#8221;&#8221;][vc_column][vc_single_image image=&#8221;3758&#8243; img_size=&#8221;full&#8221;][\/vc_column][\/vc_row][vc_row padding_bottom=&#8221;&#8221;][vc_column][vc_column_text]\u00c7evik offers high performance, robust and reliable connectors, relay, fuses, switch, power supply, convertor, invertor, tubing, lighting and harness accessories having all requirement certificates in <strong>Construction Machines\u00a0<\/strong>applications.<\/p>\n<p>&nbsp;<\/p>\n<p>As a Distributor, \u00c7evik has developed key partnerships with world-class manufacturers whose products encompass MIL-SPEC and harsh environment industrial solutions. We stock a wide and deep variety of products which are suitable <strong>Construction Machines<\/strong><strong>\u00a0<\/strong>applications.[\/vc_column_text][\/vc_column][\/vc_row][vc_row padding_bottom=&#8221;&#8221;][vc_column][vc_row_inner css=&#8221;.vc_custom_1510688956159{padding-top: 20px !important;padding-right: 10px !important;padding-bottom: 20px !important;padding-left: 10px !important;background-color: #f7f7f7 !important;}&#8221;][vc_column_inner width=&#8221;1\/4&#8243;][vc_single_image image=&#8221;1056&#8243; img_size=&#8221;medium&#8221; alignment=&#8221;center&#8221; style=&#8221;vc_box_rounded&#8221; onclick=&#8221;custom_link&#8221; img_link_target=&#8221;_blank&#8221; link=&#8221;https:\/\/cevikltd.com.tr\/partnerler\/layher-ag\/&#8221;][\/vc_column_inner][vc_column_inner width=&#8221;1\/4&#8243;][vc_single_image image=&#8221;2485&#8243; img_size=&#8221;medium&#8221; alignment=&#8221;center&#8221; style=&#8221;vc_box_rounded&#8221; onclick=&#8221;custom_link&#8221; img_link_target=&#8221;_blank&#8221; link=&#8221;https:\/\/cevikltd.com.tr\/partnerler\/allied-connectors\/&#8221;][\/vc_column_inner][vc_column_inner width=&#8221;1\/4&#8243;][vc_single_image image=&#8221;2633&#8243; img_size=&#8221;medium&#8221; alignment=&#8221;center&#8221; style=&#8221;vc_box_rounded&#8221; onclick=&#8221;custom_link&#8221; img_link_target=&#8221;_blank&#8221; link=&#8221;https:\/\/cevikltd.com.tr\/partnerler\/dsg-canusa\/&#8221;][\/vc_column_inner][vc_column_inner width=&#8221;1\/4&#8243;][vc_single_image image=&#8221;404&#8243; img_size=&#8221;medium&#8221; alignment=&#8221;center&#8221; style=&#8221;vc_box_rounded&#8221; onclick=&#8221;custom_link&#8221; img_link_target=&#8221;_blank&#8221; link=&#8221;https:\/\/cevikltd.com.tr\/partnerler\/tkd-kabel\/&#8221;][\/vc_column_inner][\/vc_row_inner][vc_row_inner css=&#8221;.vc_custom_1510688956159{padding-top: 20px !important;padding-right: 10px !important;padding-bottom: 20px !important;padding-left: 10px !important;background-color: #f7f7f7 !important;}&#8221;][vc_column_inner width=&#8221;1\/4&#8243;][vc_single_image image=&#8221;289&#8243; img_size=&#8221;medium&#8221; alignment=&#8221;center&#8221; style=&#8221;vc_box_rounded&#8221; onclick=&#8221;custom_link&#8221; img_link_target=&#8221;_blank&#8221; link=&#8221;https:\/\/cevikltd.com.tr\/partnerler\/erich-jaeger\/&#8221;][\/vc_column_inner][vc_column_inner width=&#8221;1\/4&#8243;][vc_single_image image=&#8221;2368&#8243; img_size=&#8221;medium&#8221; alignment=&#8221;center&#8221; style=&#8221;vc_box_rounded&#8221; onclick=&#8221;custom_link&#8221; img_link_target=&#8221;_blank&#8221; link=&#8221;https:\/\/cevikltd.com.tr\/partnerler\/nkk-switches\/&#8221;][\/vc_column_inner][vc_column_inner width=&#8221;1\/4&#8243;][vc_single_image image=&#8221;274&#8243; img_size=&#8221;medium&#8221; alignment=&#8221;center&#8221; style=&#8221;vc_box_rounded&#8221; onclick=&#8221;custom_link&#8221; img_link_target=&#8221;_blank&#8221; link=&#8221;https:\/\/cevikltd.com.tr\/partnerler\/eatons-cooper-bussmann\/&#8221;][\/vc_column_inner][vc_column_inner width=&#8221;1\/4&#8243;][vc_single_image image=&#8221;286&#8243; img_size=&#8221;medium&#8221; alignment=&#8221;center&#8221; style=&#8221;vc_box_rounded&#8221; onclick=&#8221;custom_link&#8221; img_link_target=&#8221;_blank&#8221; link=&#8221;https:\/\/cevikltd.com.tr\/partnerler\/binder-turkiye\/&#8221;][\/vc_column_inner][\/vc_row_inner][vc_row_inner css=&#8221;.vc_custom_1510688956159{padding-top: 20px !important;padding-right: 10px !important;padding-bottom: 20px !important;padding-left: 10px !important;background-color: #f7f7f7 !important;}&#8221;][vc_column_inner width=&#8221;1\/4&#8243;][vc_single_image image=&#8221;3216&#8243; img_size=&#8221;medium&#8221; alignment=&#8221;center&#8221; style=&#8221;vc_box_rounded&#8221; onclick=&#8221;custom_link&#8221; img_link_target=&#8221;_blank&#8221; link=&#8221;https:\/\/cevikltd.com.tr\/partnerler\/premium\/&#8221;][\/vc_column_inner][vc_column_inner width=&#8221;1\/4&#8243;][vc_single_image image=&#8221;403&#8243; img_size=&#8221;medium&#8221; alignment=&#8221;center&#8221; style=&#8221;vc_box_rounded&#8221; onclick=&#8221;custom_link&#8221; img_link_target=&#8221;_blank&#8221; link=&#8221;https:\/\/cevikltd.com.tr\/partnerler\/tecnikabel\/&#8221;][\/vc_column_inner][vc_column_inner width=&#8221;1\/4&#8243;][\/vc_column_inner][vc_column_inner width=&#8221;1\/4&#8243;][\/vc_column_inner][\/vc_row_inner][\/vc_column][\/vc_row][vc_row padding_bottom=&#8221;&#8221;][vc_column]\n\t<div class=\"news-focus\">\n\t<div class=\"kleo-tabs tabbable\" data-interval=\"0\">\n\t\t\t<ul class=\"nav nav-tabs responsive-tabs tabs-style-line\"><li class=\"active\"><a href=\"#tab-\" data-toggle=\"tab\" onclick=\"return false;\"><\/a><\/li><\/ul>\n<div class=\"tab-content\">\n\t\t\t\n\t\t\t<div id=\"tab-\" class=\"tab-pane active\">\n\t\t\t\t<div class=\"row\"><div class=\"col-sm-6\"><div class=\"posts-listing standard-listing with-meta inline-meta\">\n                    <article id=\"post-5196\" class=\"post-5196 post type-post status-publish format-standard has-post-thumbnail hentry category-blog tag-connectors tag-construction-machines tag-construction-machines-en tag-erich-jaeger-en\">\n                        <div class=\"post-content animated animate-when-almost-visible el-appear\">\n\n                            <div class=\"article-media clearfix\">\n                                <div class=\"post-image\"><a href=\"https:\/\/cevikltd.com.tr\/en\/3-pin-24-v-connector-systems\/\" class=\"element-wrap\"><img src=\"https:\/\/cevikltd.com.tr\/wp-content\/uploads\/2020\/08\/3-Pin-24-V-Connector-Systems-480x270.jpg\" alt=\"3- Pin 24 V Connector Systems\"><span class=\"hover-element\"><i>+<\/i><\/span><\/a><\/div><!--end post-image-->                            <\/div>\n\n                            <h3 class=\"post-title entry-title\"><a href=\"https:\/\/cevikltd.com.tr\/en\/3-pin-24-v-connector-systems\/\" >3- Pin 24 V Connector Systems<\/a><\/h3>\n\n                            <div class=\"article-meta\">\n                                <span class=\"post-meta\">\n                                    <small class=\"meta-author author vcard\"><a class=\"url fn n\" href=\"https:\/\/cevikltd.com.tr\/en\/author\/betul\/\" title=\"View all POSTS by Bet\u00fcl Soylu\" rel=\"author\"> <span class=\"author-name\">Bet\u00fcl Soylu<\/span><\/a><\/small>, <small><a href=\"https:\/\/cevikltd.com.tr\/en\/3-pin-24-v-connector-systems\/\" rel=\"bookmark\" class=\"post-time\"><time class=\"entry-date\" datetime=\"2020-10-10T14:00:00+03:00\">10 October 2020<\/time><time class=\"modify-date hide hidden updated\" datetime=\"2020-10-19T14:15:15+03:00\">19 October 2020<\/time><\/a><\/small>, <small class=\"meta-category\"><a href=\"https:\/\/cevikltd.com.tr\/en\/category\/blog\/\" rel=\"category tag\">Blog<\/a>, <a href=\"https:\/\/cevikltd.com.tr\/en\/tag\/connectors\/\" rel=\"tag\">Connectors<\/a>, <a href=\"https:\/\/cevikltd.com.tr\/en\/tag\/construction-machines\/\" rel=\"tag\">Construction Machines<\/a>, <a href=\"https:\/\/cevikltd.com.tr\/en\/tag\/construction-machines-en\/\" rel=\"tag\">Construction Machines<\/a>, <a href=\"https:\/\/cevikltd.com.tr\/en\/tag\/erich-jaeger-en\/\" rel=\"tag\">Erich Jaeger<\/a><\/small>, <small class=\"meta-comment-count\"><a href=\"https:\/\/cevikltd.com.tr\/en\/3-pin-24-v-connector-systems\/#comments\">0 <i class=\"icon-chat-1 hover-tip\" data-original-title=\"This article has 0 comments\" data-toggle=\"tooltip\" data-placement=\"top\"><\/i><\/a><\/small>                                <\/span>\n                            <\/div>\n\n                            <div class=\"entry-summary\">\n                                                                    <p>The 3-pin 24 V connector systems are mainly applied in supplement power supply for tail lifts. They are also...<\/p>                                                            <\/div><!-- .entry-summary -->\n\n                        <\/div>\n                    <\/article>\n\n                    \n                        <\/div> <!-- .posts-listing -->\n                    <\/div> <!-- .col-sm-6 -->\n\n                    <div class=\"col-sm-6\">\n                        <div class=\"posts-listing left-thumb-listing\">\n\n                    \n                    \n                    <article id=\"post-5240\" class=\"post-5240 post type-post status-publish format-standard has-post-thumbnail hentry category-blog tag-connectors tag-construction-machines tag-construction-machines-en tag-erich-jaeger-en tag-trailer tag-transportation\">\n                        <div class=\"post-content animated animate-when-almost-visible el-appear\">\n\n                            <div class=\"article-media\">\n                                <div class=\"post-image\"><a href=\"https:\/\/cevikltd.com.tr\/en\/15p-24v-jaeger-basic-socket\/\" class=\"element-wrap\"><img src=\"https:\/\/cevikltd.com.tr\/wp-content\/uploads\/2020\/08\/15P-24V-Jaeger-Basic-Sockets-220x192.jpg\" alt=\"15P\/24V Jaeger Basic Socket\"><span class=\"hover-element\"><i>+<\/i><\/span><\/a><\/div><!--end post-image-->                            <\/div>\n\n                            <div class=\"post-date\">21 September 2020<\/div>\n\n                            <h3 class=\"post-title entry-title\"><a href=\"https:\/\/cevikltd.com.tr\/en\/15p-24v-jaeger-basic-socket\/\" >15P\/24V Jaeger Basic Socket<\/a><\/h3>\n\n                        <\/div>\n                    <\/article>\n\n                    \n                    <article id=\"post-5284\" class=\"post-5284 post type-post status-publish format-standard has-post-thumbnail hentry category-blog tag-construction-machines tag-construction-machines-en tag-industrial tag-military tag-nkk-switches-en tag-switch-en\">\n                        <div class=\"post-content animated animate-when-almost-visible el-appear\">\n\n                            <div class=\"article-media\">\n                                <div class=\"post-image\"><a href=\"https:\/\/cevikltd.com.tr\/en\/rotary-switches\/\" class=\"element-wrap\"><img src=\"https:\/\/cevikltd.com.tr\/wp-content\/uploads\/2020\/09\/Rotary-Switch-220x192.jpg\" alt=\"Rotary Switches\"><span class=\"hover-element\"><i>+<\/i><\/span><\/a><\/div><!--end post-image-->                            <\/div>\n\n                            <div class=\"post-date\">17 September 2020<\/div>\n\n                            <h3 class=\"post-title entry-title\"><a href=\"https:\/\/cevikltd.com.tr\/en\/rotary-switches\/\" >Rotary Switches<\/a><\/h3>\n\n                        <\/div>\n                    <\/article>\n\n                    \n                    <article id=\"post-5461\" class=\"post-5461 post type-post status-publish format-standard has-post-thumbnail hentry category-blog tag-connectors tag-construction-machines tag-construction-machines-en tag-erich-jaeger-en tag-trailer\">\n                        <div class=\"post-content animated animate-when-almost-visible el-appear\">\n\n                            <div class=\"article-media\">\n                                <div class=\"post-image\"><a href=\"https:\/\/cevikltd.com.tr\/en\/1-pin-24v-connector-systems\/\" class=\"element-wrap\"><img src=\"https:\/\/cevikltd.com.tr\/wp-content\/uploads\/2020\/09\/1-Kontakli-24V-Guc-Konnektoru-220x192.jpg\" alt=\"1-Pin 24V Connector Systems\"><span class=\"hover-element\"><i>+<\/i><\/span><\/a><\/div><!--end post-image-->                            <\/div>\n\n                            <div class=\"post-date\">1 September 2020<\/div>\n\n                            <h3 class=\"post-title entry-title\"><a href=\"https:\/\/cevikltd.com.tr\/en\/1-pin-24v-connector-systems\/\" >1-Pin 24V Connector Systems<\/a><\/h3>\n\n                        <\/div>\n                    <\/article>\n\n                    \n                    <article id=\"post-5079\" class=\"post-5079 post type-post status-publish format-standard has-post-thumbnail hentry category-blog tag-construction-machines tag-construction-machines-en tag-erich-jaeger-en tag-trailer tag-transportation\">\n                        <div class=\"post-content animated animate-when-almost-visible el-appear\">\n\n                            <div class=\"article-media\">\n                                <div class=\"post-image\"><a href=\"https:\/\/cevikltd.com.tr\/en\/abs-ebs-24-v-socket-according-to-iso-7638-1\/\" class=\"element-wrap\"><img src=\"https:\/\/cevikltd.com.tr\/wp-content\/uploads\/2020\/06\/ABS-EBS-24-V-Socket-according-to-ISO-7638-1-220x192.jpg\" alt=\"ABS\/EBS 24 V Socket according to ISO 7638-1\"><span class=\"hover-element\"><i>+<\/i><\/span><\/a><\/div><!--end post-image-->                            <\/div>\n\n                            <div class=\"post-date\">21 June 2020<\/div>\n\n                            <h3 class=\"post-title entry-title\"><a href=\"https:\/\/cevikltd.com.tr\/en\/abs-ebs-24-v-socket-according-to-iso-7638-1\/\" >ABS\/EBS 24 V Socket according to ISO 7638-1<\/a><\/h3>\n\n                        <\/div>\n                    <\/article>\n\n                    <\/div><\/div><\/div>\n\t\t\t<\/div> <\/div>\n\t<\/div> <\/div>[\/vc_column][\/vc_row]<\/p>\n","protected":false},"excerpt":{"rendered":"<p>[vc_row padding_bottom=&#8221;&#8221;][vc_column][vc_single_image image=&#8221;3758&#8243; img_size=&#8221;full&#8221;][\/vc_column][\/vc_row][vc_row padding_bottom=&#8221;&#8221;][vc_column][vc_column_text]\u00c7evik offers high performance, robust and reliable connectors, relay, fuses, switch, power supply, convertor, invertor, tubing, lighting and harness accessories having all requirement certificates in Construction Machines\u00a0applications. &nbsp; As a Distributor, \u00c7evik has developed key partnerships with world-class manufacturers whose products encompass MIL-SPEC and harsh environment industrial solutions. We stock a wide and deep variety of [&hellip;]<\/p>\n","protected":false},"author":1,"featured_media":0,"parent":4191,"menu_order":1,"comment_status":"closed","ping_status":"closed","template":"","meta":{"spay_email":""},"yoast_head":"<!-- This site is optimized with the Yoast SEO plugin v18.5 - https:\/\/yoast.com\/wordpress\/plugins\/seo\/ -->\n<title>Construction Machines - \u00c7evik Ba\u011flant\u0131 Teknolojileri<\/title>\n<meta name=\"description\" content=\"\u00c7evik offers high performance, robust and reliable connectors, relay, fuses, switch, power supply, convertor, invertor, tubing, lighting and harness accessories having all requirement certificates in Construction Machines\u00a0applications.\" \/>\n<meta name=\"robots\" content=\"index, follow, max-snippet:-1, max-image-preview:large, max-video-preview:-1\" \/>\n<link rel=\"canonical\" href=\"https:\/\/cevikltd.com.tr\/en\/sectors\/commercial-vehicles\/construction-machines\/\" \/>\n<meta property=\"og:locale\" content=\"en_US\" \/>\n<meta property=\"og:type\" content=\"article\" \/>\n<meta property=\"og:title\" content=\"Construction Machines - \u00c7evik Ba\u011flant\u0131 Teknolojileri\" \/>\n<meta property=\"og:description\" content=\"\u00c7evik offers high performance, robust and reliable connectors, relay, fuses, switch, power supply, convertor, invertor, tubing, lighting and harness accessories having all requirement certificates in Construction Machines\u00a0applications.\" \/>\n<meta property=\"og:url\" content=\"https:\/\/cevikltd.com.tr\/en\/sectors\/commercial-vehicles\/construction-machines\/\" \/>\n<meta property=\"og:site_name\" content=\"\u00c7evik Ba\u011flant\u0131 Teknolojileri\" \/>\n<meta property=\"article:publisher\" content=\"https:\/\/www.facebook.com\/pages\/%c3%87evik-Konnekt%c3%b6r-ve-Kablo-Montaj-Hizmetleri\/638389736272668\" \/>\n<meta name=\"twitter:card\" content=\"summary_large_image\" \/>\n<meta name=\"twitter:site\" content=\"@CevikKonnektor\" \/>\n<meta name=\"twitter:label1\" content=\"Est. reading time\" \/>\n\t<meta name=\"twitter:data1\" content=\"3 minutes\" \/>\n<script type=\"application\/ld+json\" class=\"yoast-schema-graph\">{\"@context\":\"https:\/\/schema.org\",\"@graph\":[{\"@type\":\"WebSite\",\"@id\":\"https:\/\/cevikltd.com.tr\/#website\",\"url\":\"https:\/\/cevikltd.com.tr\/\",\"name\":\"\u00c7evik Ba\u011flant\u0131 Teknolojileri\",\"description\":\"Teknolojiye Ba\u011flant\u0131 Noktan\u0131z\",\"potentialAction\":[{\"@type\":\"SearchAction\",\"target\":{\"@type\":\"EntryPoint\",\"urlTemplate\":\"https:\/\/cevikltd.com.tr\/?s={search_term_string}\"},\"query-input\":\"required name=search_term_string\"}],\"inLanguage\":\"en-US\"},{\"@type\":\"WebPage\",\"@id\":\"https:\/\/cevikltd.com.tr\/en\/sectors\/commercial-vehicles\/construction-machines\/#webpage\",\"url\":\"https:\/\/cevikltd.com.tr\/en\/sectors\/commercial-vehicles\/construction-machines\/\",\"name\":\"Construction Machines - \u00c7evik Ba\u011flant\u0131 Teknolojileri\",\"isPartOf\":{\"@id\":\"https:\/\/cevikltd.com.tr\/#website\"},\"datePublished\":\"2020-03-03T13:02:15+00:00\",\"dateModified\":\"2020-03-03T13:02:15+00:00\",\"description\":\"\u00c7evik offers high performance, robust and reliable connectors, relay, fuses, switch, power supply, convertor, invertor, tubing, lighting and harness accessories having all requirement certificates in Construction Machines\u00a0applications.\",\"breadcrumb\":{\"@id\":\"https:\/\/cevikltd.com.tr\/en\/sectors\/commercial-vehicles\/construction-machines\/#breadcrumb\"},\"inLanguage\":\"en-US\",\"potentialAction\":[{\"@type\":\"ReadAction\",\"target\":[\"https:\/\/cevikltd.com.tr\/en\/sectors\/commercial-vehicles\/construction-machines\/\"]}]},{\"@type\":\"BreadcrumbList\",\"@id\":\"https:\/\/cevikltd.com.tr\/en\/sectors\/commercial-vehicles\/construction-machines\/#breadcrumb\",\"itemListElement\":[{\"@type\":\"ListItem\",\"position\":1,\"name\":\"Ana sayfa\",\"item\":\"https:\/\/cevikltd.com.tr\/en\/\"},{\"@type\":\"ListItem\",\"position\":2,\"name\":\"Sectors\",\"item\":\"https:\/\/cevikltd.com.tr\/en\/sectors\/\"},{\"@type\":\"ListItem\",\"position\":3,\"name\":\"Commercial Vehicles\",\"item\":\"https:\/\/cevikltd.com.tr\/en\/sectors\/commercial-vehicles\/\"},{\"@type\":\"ListItem\",\"position\":4,\"name\":\"Construction Machines\"}]}]}<\/script>\n<!-- \/ Yoast SEO plugin. -->","yoast_head_json":{"title":"Construction Machines - \u00c7evik Ba\u011flant\u0131 Teknolojileri","description":"\u00c7evik offers high performance, robust and reliable connectors, relay, fuses, switch, power supply, convertor, invertor, tubing, lighting and harness accessories having all requirement certificates in Construction Machines\u00a0applications.","robots":{"index":"index","follow":"follow","max-snippet":"max-snippet:-1","max-image-preview":"max-image-preview:large","max-video-preview":"max-video-preview:-1"},"canonical":"https:\/\/cevikltd.com.tr\/en\/sectors\/commercial-vehicles\/construction-machines\/","og_locale":"en_US","og_type":"article","og_title":"Construction Machines - \u00c7evik Ba\u011flant\u0131 Teknolojileri","og_description":"\u00c7evik offers high performance, robust and reliable connectors, relay, fuses, switch, power supply, convertor, invertor, tubing, lighting and harness accessories having all requirement certificates in Construction Machines\u00a0applications.","og_url":"https:\/\/cevikltd.com.tr\/en\/sectors\/commercial-vehicles\/construction-machines\/","og_site_name":"\u00c7evik Ba\u011flant\u0131 Teknolojileri","article_publisher":"https:\/\/www.facebook.com\/pages\/%c3%87evik-Konnekt%c3%b6r-ve-Kablo-Montaj-Hizmetleri\/638389736272668","twitter_card":"summary_large_image","twitter_site":"@CevikKonnektor","twitter_misc":{"Est. reading time":"3 minutes"},"schema":{"@context":"https:\/\/schema.org","@graph":[{"@type":"WebSite","@id":"https:\/\/cevikltd.com.tr\/#website","url":"https:\/\/cevikltd.com.tr\/","name":"\u00c7evik Ba\u011flant\u0131 Teknolojileri","description":"Teknolojiye Ba\u011flant\u0131 Noktan\u0131z","potentialAction":[{"@type":"SearchAction","target":{"@type":"EntryPoint","urlTemplate":"https:\/\/cevikltd.com.tr\/?s={search_term_string}"},"query-input":"required name=search_term_string"}],"inLanguage":"en-US"},{"@type":"WebPage","@id":"https:\/\/cevikltd.com.tr\/en\/sectors\/commercial-vehicles\/construction-machines\/#webpage","url":"https:\/\/cevikltd.com.tr\/en\/sectors\/commercial-vehicles\/construction-machines\/","name":"Construction Machines - \u00c7evik Ba\u011flant\u0131 Teknolojileri","isPartOf":{"@id":"https:\/\/cevikltd.com.tr\/#website"},"datePublished":"2020-03-03T13:02:15+00:00","dateModified":"2020-03-03T13:02:15+00:00","description":"\u00c7evik offers high performance, robust and reliable connectors, relay, fuses, switch, power supply, convertor, invertor, tubing, lighting and harness accessories having all requirement certificates in Construction Machines\u00a0applications.","breadcrumb":{"@id":"https:\/\/cevikltd.com.tr\/en\/sectors\/commercial-vehicles\/construction-machines\/#breadcrumb"},"inLanguage":"en-US","potentialAction":[{"@type":"ReadAction","target":["https:\/\/cevikltd.com.tr\/en\/sectors\/commercial-vehicles\/construction-machines\/"]}]},{"@type":"BreadcrumbList","@id":"https:\/\/cevikltd.com.tr\/en\/sectors\/commercial-vehicles\/construction-machines\/#breadcrumb","itemListElement":[{"@type":"ListItem","position":1,"name":"Ana sayfa","item":"https:\/\/cevikltd.com.tr\/en\/"},{"@type":"ListItem","position":2,"name":"Sectors","item":"https:\/\/cevikltd.com.tr\/en\/sectors\/"},{"@type":"ListItem","position":3,"name":"Commercial Vehicles","item":"https:\/\/cevikltd.com.tr\/en\/sectors\/commercial-vehicles\/"},{"@type":"ListItem","position":4,"name":"Construction Machines"}]}]}},"jetpack_sharing_enabled":true,"jetpack_shortlink":"https:\/\/wp.me\/P9xcy2-15F","_links":{"self":[{"href":"https:\/\/cevikltd.com.tr\/en\/wp-json\/wp\/v2\/pages\/4195"}],"collection":[{"href":"https:\/\/cevikltd.com.tr\/en\/wp-json\/wp\/v2\/pages"}],"about":[{"href":"https:\/\/cevikltd.com.tr\/en\/wp-json\/wp\/v2\/types\/page"}],"author":[{"embeddable":true,"href":"https:\/\/cevikltd.com.tr\/en\/wp-json\/wp\/v2\/users\/1"}],"replies":[{"embeddable":true,"href":"https:\/\/cevikltd.com.tr\/en\/wp-json\/wp\/v2\/comments?post=4195"}],"version-history":[{"count":1,"href":"https:\/\/cevikltd.com.tr\/en\/wp-json\/wp\/v2\/pages\/4195\/revisions"}],"predecessor-version":[{"id":4196,"href":"https:\/\/cevikltd.com.tr\/en\/wp-json\/wp\/v2\/pages\/4195\/revisions\/4196"}],"up":[{"embeddable":true,"href":"https:\/\/cevikltd.com.tr\/en\/wp-json\/wp\/v2\/pages\/4191"}],"wp:attachment":[{"href":"https:\/\/cevikltd.com.tr\/en\/wp-json\/wp\/v2\/media?parent=4195"}],"curies":[{"name":"wp","href":"https:\/\/api.w.org\/{rel}","templated":true}]}}