{"id":4205,"date":"2020-03-03T16:08:45","date_gmt":"2020-03-03T13:08:45","guid":{"rendered":"https:\/\/cevikltd.com.tr\/sectors\/industrial\/automation\/"},"modified":"2020-03-03T16:08:45","modified_gmt":"2020-03-03T13:08:45","slug":"automation","status":"publish","type":"page","link":"https:\/\/cevikltd.com.tr\/en\/sectors\/industrial\/automation\/","title":{"rendered":"Automation"},"content":{"rendered":"<p>[vc_row padding_bottom=&#8221;&#8221;][vc_column][vc_single_image image=&#8221;3870&#8243; img_size=&#8221;full&#8221;][\/vc_column][\/vc_row][vc_row padding_bottom=&#8221;&#8221;][vc_column][vc_column_text]\u00c7evik offers high performance, robust and reliable connectors, relay, fuses, switch, power supply, convertor, invertor, tubing, lighting and harness accessories having all requirement certificates in <strong>Automation<\/strong> applications.<\/p>\n<p>As a Distributor, \u00c7evik has developed key partnerships with world-class manufacturers whose products encompass MIL-SPEC and harsh environment industrial solutions. We stock a wide and deep variety of products which are suitable <strong>Automation <\/strong>applications.[\/vc_column_text][\/vc_column][\/vc_row][vc_row padding_bottom=&#8221;&#8221;][vc_column][vc_row_inner css=&#8221;.vc_custom_1510688956159{padding-top: 20px !important;padding-right: 10px !important;padding-bottom: 20px !important;padding-left: 10px !important;background-color: #f7f7f7 !important;}&#8221;][vc_column_inner width=&#8221;1\/4&#8243;][vc_single_image image=&#8221;403&#8243; img_size=&#8221;medium&#8221; alignment=&#8221;center&#8221; style=&#8221;vc_box_rounded&#8221; onclick=&#8221;custom_link&#8221; img_link_target=&#8221;_blank&#8221; link=&#8221;https:\/\/cevikltd.com.tr\/partnerler\/tecnikabel\/&#8221;][\/vc_column_inner][vc_column_inner width=&#8221;1\/4&#8243;][vc_single_image image=&#8221;2485&#8243; img_size=&#8221;medium&#8221; alignment=&#8221;center&#8221; style=&#8221;vc_box_rounded&#8221; onclick=&#8221;custom_link&#8221; img_link_target=&#8221;_blank&#8221; link=&#8221;https:\/\/cevikltd.com.tr\/partnerler\/allied-connectors\/&#8221;][\/vc_column_inner][vc_column_inner width=&#8221;1\/4&#8243;][vc_single_image image=&#8221;2633&#8243; img_size=&#8221;medium&#8221; alignment=&#8221;center&#8221; style=&#8221;vc_box_rounded&#8221; onclick=&#8221;custom_link&#8221; img_link_target=&#8221;_blank&#8221; link=&#8221;https:\/\/cevikltd.com.tr\/partnerler\/dsg-canusa\/&#8221;][\/vc_column_inner][vc_column_inner width=&#8221;1\/4&#8243;][vc_single_image image=&#8221;1242&#8243; img_size=&#8221;medium&#8221; alignment=&#8221;center&#8221; style=&#8221;vc_box_rounded&#8221; onclick=&#8221;custom_link&#8221; img_link_target=&#8221;_blank&#8221; link=&#8221;https:\/\/cevikltd.com.tr\/partnerler\/te-connectivity\/&#8221;][\/vc_column_inner][\/vc_row_inner][vc_row_inner css=&#8221;.vc_custom_1510688956159{padding-top: 20px !important;padding-right: 10px !important;padding-bottom: 20px !important;padding-left: 10px !important;background-color: #f7f7f7 !important;}&#8221;][vc_column_inner width=&#8221;1\/4&#8243;][vc_single_image image=&#8221;2368&#8243; img_size=&#8221;medium&#8221; alignment=&#8221;center&#8221; style=&#8221;vc_box_rounded&#8221; onclick=&#8221;custom_link&#8221; img_link_target=&#8221;_blank&#8221; link=&#8221;https:\/\/cevikltd.com.tr\/partnerler\/nkk-switches\/&#8221;][\/vc_column_inner][vc_column_inner width=&#8221;1\/4&#8243;][vc_single_image image=&#8221;2491&#8243; img_size=&#8221;medium&#8221; alignment=&#8221;center&#8221; style=&#8221;vc_box_rounded&#8221; onclick=&#8221;custom_link&#8221; img_link_target=&#8221;_blank&#8221; link=&#8221;https:\/\/cevikltd.com.tr\/partnerler\/mpe-garry\/&#8221;][\/vc_column_inner][vc_column_inner width=&#8221;1\/4&#8243;][vc_single_image image=&#8221;2639&#8243; img_size=&#8221;medium&#8221; alignment=&#8221;center&#8221; style=&#8221;vc_box_rounded&#8221; onclick=&#8221;custom_link&#8221; img_link_target=&#8221;_blank&#8221; link=&#8221;https:\/\/cevikltd.com.tr\/partnerler\/sunchu\/&#8221;][\/vc_column_inner][vc_column_inner width=&#8221;1\/4&#8243;][vc_single_image image=&#8221;286&#8243; img_size=&#8221;medium&#8221; alignment=&#8221;center&#8221; style=&#8221;vc_box_rounded&#8221; onclick=&#8221;custom_link&#8221; img_link_target=&#8221;_blank&#8221; link=&#8221;https:\/\/cevikltd.com.tr\/partnerler\/binder-turkiye\/&#8221;][\/vc_column_inner][\/vc_row_inner][vc_row_inner css=&#8221;.vc_custom_1510688956159{padding-top: 20px !important;padding-right: 10px !important;padding-bottom: 20px !important;padding-left: 10px !important;background-color: #f7f7f7 !important;}&#8221;][vc_column_inner width=&#8221;1\/4&#8243;][vc_single_image image=&#8221;3216&#8243; img_size=&#8221;medium&#8221; alignment=&#8221;center&#8221; style=&#8221;vc_box_rounded&#8221; onclick=&#8221;custom_link&#8221; img_link_target=&#8221;_blank&#8221; link=&#8221;https:\/\/cevikltd.com.tr\/partnerler\/premium\/&#8221;][\/vc_column_inner][vc_column_inner width=&#8221;1\/4&#8243;][vc_single_image image=&#8221;404&#8243; img_size=&#8221;medium&#8221; alignment=&#8221;center&#8221; style=&#8221;vc_box_rounded&#8221; onclick=&#8221;custom_link&#8221; img_link_target=&#8221;_blank&#8221; link=&#8221;https:\/\/cevikltd.com.tr\/partnerler\/tkd-kabel\/&#8221;][\/vc_column_inner][vc_column_inner width=&#8221;1\/4&#8243;][\/vc_column_inner][vc_column_inner width=&#8221;1\/4&#8243;][\/vc_column_inner][\/vc_row_inner][\/vc_column][\/vc_row][vc_row padding_bottom=&#8221;&#8221;][vc_column]\n\t<div class=\"news-focus\">\n\t<div class=\"kleo-tabs tabbable\" data-interval=\"0\">\n\t\t\t<ul class=\"nav nav-tabs responsive-tabs tabs-style-line\"><li class=\"active\"><a href=\"#tab-\" data-toggle=\"tab\" onclick=\"return false;\"><\/a><\/li><\/ul>\n<div class=\"tab-content\">\n\t\t\t\n\t\t\t<div id=\"tab-\" class=\"tab-pane active\">\n\t\t\t\t<div class=\"row\"><div class=\"col-sm-6\"><div class=\"posts-listing standard-listing with-meta inline-meta\">\n                    <article id=\"post-7080\" class=\"post-7080 post type-post status-publish format-standard has-post-thumbnail hentry category-blog tag-automation tag-automation-cables tag-cables tag-robotic tag-tecnikabel\">\n                        <div class=\"post-content animated animate-when-almost-visible el-appear\">\n\n                            <div class=\"article-media clearfix\">\n                                <div class=\"post-image\"><a href=\"https:\/\/cevikltd.com.tr\/en\/dsl-robotic-single-cable\/\" class=\"element-wrap\"><img src=\"https:\/\/cevikltd.com.tr\/wp-content\/uploads\/2022\/03\/dsl-480x270.jpg\" alt=\"DSL Robotic Single Cable\"><span class=\"hover-element\"><i>+<\/i><\/span><\/a><\/div><!--end post-image-->                            <\/div>\n\n                            <h3 class=\"post-title entry-title\"><a href=\"https:\/\/cevikltd.com.tr\/en\/dsl-robotic-single-cable\/\" >DSL Robotic Single Cable<\/a><\/h3>\n\n                            <div class=\"article-meta\">\n                                <span class=\"post-meta\">\n                                    <small class=\"meta-author author vcard\"><a class=\"url fn n\" href=\"https:\/\/cevikltd.com.tr\/en\/author\/betul\/\" title=\"View all POSTS by Bet\u00fcl Soylu\" rel=\"author\"> <span class=\"author-name\">Bet\u00fcl Soylu<\/span><\/a><\/small>, <small><a href=\"https:\/\/cevikltd.com.tr\/en\/dsl-robotic-single-cable\/\" rel=\"bookmark\" class=\"post-time\"><time class=\"entry-date\" datetime=\"2022-03-11T09:30:05+03:00\">11 March 2022<\/time><time class=\"modify-date hide hidden updated\" datetime=\"2022-03-14T10:56:55+03:00\">14 March 2022<\/time><\/a><\/small>, <small class=\"meta-category\"><a href=\"https:\/\/cevikltd.com.tr\/en\/category\/blog\/\" rel=\"category tag\">Blog<\/a>, <a href=\"https:\/\/cevikltd.com.tr\/en\/tag\/automation\/\" rel=\"tag\">Automation<\/a>, <a href=\"https:\/\/cevikltd.com.tr\/en\/tag\/automation-cables\/\" rel=\"tag\">Automation Cables<\/a>, <a href=\"https:\/\/cevikltd.com.tr\/en\/tag\/cables\/\" rel=\"tag\">Cables<\/a>, <a href=\"https:\/\/cevikltd.com.tr\/en\/tag\/robotic\/\" rel=\"tag\">Robotic<\/a>, <a href=\"https:\/\/cevikltd.com.tr\/en\/tag\/tecnikabel\/\" rel=\"tag\">Tecnikabel<\/a><\/small>, <small class=\"meta-comment-count\"><a href=\"https:\/\/cevikltd.com.tr\/en\/dsl-robotic-single-cable\/#comments\">0 <i class=\"icon-chat-1 hover-tip\" data-original-title=\"This article has 0 comments\" data-toggle=\"tooltip\" data-placement=\"top\"><\/i><\/a><\/small>                                <\/span>\n                            <\/div>\n\n                            <div class=\"entry-summary\">\n                                                                    <p>DSL Robotic Single Cable was developed by Tecnikabel, part of TKGroup for Torsion and Robotic appllications. Sizes ranging from...<\/p>                                                            <\/div><!-- .entry-summary -->\n\n                        <\/div>\n                    <\/article>\n\n                    \n                        <\/div> <!-- .posts-listing -->\n                    <\/div> <!-- .col-sm-6 -->\n\n                    <div class=\"col-sm-6\">\n                        <div class=\"posts-listing left-thumb-listing\">\n\n                    \n                    \n                    <article id=\"post-6997\" class=\"post-6997 post type-post status-publish format-standard has-post-thumbnail hentry category-blog tag-automation tag-automation-cables tag-cables tag-hybrid-cables tag-industrial tag-servo-motor-cables tag-tecnikabel\">\n                        <div class=\"post-content animated animate-when-almost-visible el-appear\">\n\n                            <div class=\"article-media\">\n                                <div class=\"post-image\"><a href=\"https:\/\/cevikltd.com.tr\/en\/hybrid-cables\/\" class=\"element-wrap\"><img src=\"https:\/\/cevikltd.com.tr\/wp-content\/uploads\/2022\/02\/Hybrid-cables-TecniKabel-220x192.jpg\" alt=\"Hybrid Cables\"><span class=\"hover-element\"><i>+<\/i><\/span><\/a><\/div><!--end post-image-->                            <\/div>\n\n                            <div class=\"post-date\">8 February 2022<\/div>\n\n                            <h3 class=\"post-title entry-title\"><a href=\"https:\/\/cevikltd.com.tr\/en\/hybrid-cables\/\" >Hybrid Cables<\/a><\/h3>\n\n                        <\/div>\n                    <\/article>\n\n                    \n                    <article id=\"post-5208\" class=\"post-5208 post type-post status-publish format-standard has-post-thumbnail hentry category-blog tag-automation tag-binder-en tag-circular-connectors tag-connectors tag-waterproof-connectors\">\n                        <div class=\"post-content animated animate-when-almost-visible el-appear\">\n\n                            <div class=\"article-media\">\n                                <div class=\"post-image\"><a href=\"https:\/\/cevikltd.com.tr\/en\/m8-d-coding-connectors\/\" class=\"element-wrap\"><img src=\"https:\/\/cevikltd.com.tr\/wp-content\/uploads\/2021\/11\/Yeni-670-SERIES-NCC-CONNECTORS-220x192.jpg\" alt=\"M8 D-Coding Connectors\"><span class=\"hover-element\"><i>+<\/i><\/span><\/a><\/div><!--end post-image-->                            <\/div>\n\n                            <div class=\"post-date\">26 November 2021<\/div>\n\n                            <h3 class=\"post-title entry-title\"><a href=\"https:\/\/cevikltd.com.tr\/en\/m8-d-coding-connectors\/\" >M8 D-Coding Connectors<\/a><\/h3>\n\n                        <\/div>\n                    <\/article>\n\n                    \n                    <article id=\"post-6707\" class=\"post-6707 post type-post status-publish format-standard has-post-thumbnail hentry category-blog tag-automation tag-industrial tag-telegartner-en\">\n                        <div class=\"post-content animated animate-when-almost-visible el-appear\">\n\n                            <div class=\"article-media\">\n                                <div class=\"post-image\"><a href=\"https:\/\/cevikltd.com.tr\/en\/single-pair-ethernet-telegartner-spe\/\" class=\"element-wrap\"><img src=\"https:\/\/cevikltd.com.tr\/wp-content\/uploads\/2021\/08\/Single-Pair-Ethernet-SPE-220x192.jpg\" alt=\"Single Pair Ethernet\"><span class=\"hover-element\"><i>+<\/i><\/span><\/a><\/div><!--end post-image-->                            <\/div>\n\n                            <div class=\"post-date\">30 July 2021<\/div>\n\n                            <h3 class=\"post-title entry-title\"><a href=\"https:\/\/cevikltd.com.tr\/en\/single-pair-ethernet-telegartner-spe\/\" >Single Pair Ethernet<\/a><\/h3>\n\n                        <\/div>\n                    <\/article>\n\n                    \n                    <article id=\"post-5187\" class=\"post-5187 post type-post status-publish format-standard has-post-thumbnail hentry category-blog tag-automation tag-automation-cables tag-cables tag-industrial tag-tkd\">\n                        <div class=\"post-content animated animate-when-almost-visible el-appear\">\n\n                            <div class=\"article-media\">\n                                <div class=\"post-image\"><a href=\"https:\/\/cevikltd.com.tr\/en\/elitronic-cy-liycy-series-cables\/\" class=\"element-wrap\"><img src=\"https:\/\/cevikltd.com.tr\/wp-content\/uploads\/2020\/08\/ELITRONIC-CY-LIYCY-Series-Cables-220x192.jpg\" alt=\"ELITRONIC-CY LIYCY Series Cables\"><span class=\"hover-element\"><i>+<\/i><\/span><\/a><\/div><!--end post-image-->                            <\/div>\n\n                            <div class=\"post-date\">7 September 2020<\/div>\n\n                            <h3 class=\"post-title entry-title\"><a href=\"https:\/\/cevikltd.com.tr\/en\/elitronic-cy-liycy-series-cables\/\" >ELITRONIC-CY LIYCY Series Cables<\/a><\/h3>\n\n                        <\/div>\n                    <\/article>\n\n                    <\/div><\/div><\/div>\n\t\t\t<\/div> <\/div>\n\t<\/div> <\/div>[\/vc_column][\/vc_row]<\/p>\n","protected":false},"excerpt":{"rendered":"<p>[vc_row padding_bottom=&#8221;&#8221;][vc_column][vc_single_image image=&#8221;3870&#8243; img_size=&#8221;full&#8221;][\/vc_column][\/vc_row][vc_row padding_bottom=&#8221;&#8221;][vc_column][vc_column_text]\u00c7evik offers high performance, robust and reliable connectors, relay, fuses, switch, power supply, convertor, invertor, tubing, lighting and harness accessories having all requirement certificates in Automation applications. As a Distributor, \u00c7evik has developed key partnerships with world-class manufacturers whose products encompass MIL-SPEC and harsh environment industrial solutions. We stock a wide and deep variety of products [&hellip;]<\/p>\n","protected":false},"author":1,"featured_media":0,"parent":4203,"menu_order":0,"comment_status":"closed","ping_status":"closed","template":"","meta":{"spay_email":""},"yoast_head":"<!-- This site is optimized with the Yoast SEO plugin v18.5 - https:\/\/yoast.com\/wordpress\/plugins\/seo\/ -->\n<title>Automation - \u00c7evik Ba\u011flant\u0131 Teknolojileri<\/title>\n<meta name=\"description\" content=\"\u00c7evik offers high performance, robust and reliable connectors, relay, fuses, switch, power supply, convertor, invertor, tubing, lighting and harness accessories having all requirement certificates in Automation applications.\" \/>\n<meta name=\"robots\" content=\"index, follow, max-snippet:-1, max-image-preview:large, max-video-preview:-1\" \/>\n<link rel=\"canonical\" href=\"https:\/\/cevikltd.com.tr\/en\/sectors\/industrial\/automation\/\" \/>\n<meta property=\"og:locale\" content=\"en_US\" \/>\n<meta property=\"og:type\" content=\"article\" \/>\n<meta property=\"og:title\" content=\"Automation - \u00c7evik Ba\u011flant\u0131 Teknolojileri\" \/>\n<meta property=\"og:description\" content=\"\u00c7evik offers high performance, robust and reliable connectors, relay, fuses, switch, power supply, convertor, invertor, tubing, lighting and harness accessories having all requirement certificates in Automation applications.\" \/>\n<meta property=\"og:url\" content=\"https:\/\/cevikltd.com.tr\/en\/sectors\/industrial\/automation\/\" \/>\n<meta property=\"og:site_name\" content=\"\u00c7evik Ba\u011flant\u0131 Teknolojileri\" \/>\n<meta property=\"article:publisher\" content=\"https:\/\/www.facebook.com\/pages\/%c3%87evik-Konnekt%c3%b6r-ve-Kablo-Montaj-Hizmetleri\/638389736272668\" \/>\n<meta name=\"twitter:card\" content=\"summary_large_image\" \/>\n<meta name=\"twitter:site\" content=\"@CevikKonnektor\" \/>\n<meta name=\"twitter:label1\" content=\"Est. reading time\" \/>\n\t<meta name=\"twitter:data1\" content=\"3 minutes\" \/>\n<script type=\"application\/ld+json\" class=\"yoast-schema-graph\">{\"@context\":\"https:\/\/schema.org\",\"@graph\":[{\"@type\":\"WebSite\",\"@id\":\"https:\/\/cevikltd.com.tr\/#website\",\"url\":\"https:\/\/cevikltd.com.tr\/\",\"name\":\"\u00c7evik Ba\u011flant\u0131 Teknolojileri\",\"description\":\"Teknolojiye Ba\u011flant\u0131 Noktan\u0131z\",\"potentialAction\":[{\"@type\":\"SearchAction\",\"target\":{\"@type\":\"EntryPoint\",\"urlTemplate\":\"https:\/\/cevikltd.com.tr\/?s={search_term_string}\"},\"query-input\":\"required name=search_term_string\"}],\"inLanguage\":\"en-US\"},{\"@type\":\"WebPage\",\"@id\":\"https:\/\/cevikltd.com.tr\/en\/sectors\/industrial\/automation\/#webpage\",\"url\":\"https:\/\/cevikltd.com.tr\/en\/sectors\/industrial\/automation\/\",\"name\":\"Automation - \u00c7evik Ba\u011flant\u0131 Teknolojileri\",\"isPartOf\":{\"@id\":\"https:\/\/cevikltd.com.tr\/#website\"},\"datePublished\":\"2020-03-03T13:08:45+00:00\",\"dateModified\":\"2020-03-03T13:08:45+00:00\",\"description\":\"\u00c7evik offers high performance, robust and reliable connectors, relay, fuses, switch, power supply, convertor, invertor, tubing, lighting and harness accessories having all requirement certificates in Automation applications.\",\"breadcrumb\":{\"@id\":\"https:\/\/cevikltd.com.tr\/en\/sectors\/industrial\/automation\/#breadcrumb\"},\"inLanguage\":\"en-US\",\"potentialAction\":[{\"@type\":\"ReadAction\",\"target\":[\"https:\/\/cevikltd.com.tr\/en\/sectors\/industrial\/automation\/\"]}]},{\"@type\":\"BreadcrumbList\",\"@id\":\"https:\/\/cevikltd.com.tr\/en\/sectors\/industrial\/automation\/#breadcrumb\",\"itemListElement\":[{\"@type\":\"ListItem\",\"position\":1,\"name\":\"Ana sayfa\",\"item\":\"https:\/\/cevikltd.com.tr\/en\/\"},{\"@type\":\"ListItem\",\"position\":2,\"name\":\"Sectors\",\"item\":\"https:\/\/cevikltd.com.tr\/en\/sectors\/\"},{\"@type\":\"ListItem\",\"position\":3,\"name\":\"Industrial\",\"item\":\"https:\/\/cevikltd.com.tr\/en\/sectors\/industrial\/\"},{\"@type\":\"ListItem\",\"position\":4,\"name\":\"Automation\"}]}]}<\/script>\n<!-- \/ Yoast SEO plugin. -->","yoast_head_json":{"title":"Automation - \u00c7evik Ba\u011flant\u0131 Teknolojileri","description":"\u00c7evik offers high performance, robust and reliable connectors, relay, fuses, switch, power supply, convertor, invertor, tubing, lighting and harness accessories having all requirement certificates in Automation applications.","robots":{"index":"index","follow":"follow","max-snippet":"max-snippet:-1","max-image-preview":"max-image-preview:large","max-video-preview":"max-video-preview:-1"},"canonical":"https:\/\/cevikltd.com.tr\/en\/sectors\/industrial\/automation\/","og_locale":"en_US","og_type":"article","og_title":"Automation - \u00c7evik Ba\u011flant\u0131 Teknolojileri","og_description":"\u00c7evik offers high performance, robust and reliable connectors, relay, fuses, switch, power supply, convertor, invertor, tubing, lighting and harness accessories having all requirement certificates in Automation applications.","og_url":"https:\/\/cevikltd.com.tr\/en\/sectors\/industrial\/automation\/","og_site_name":"\u00c7evik Ba\u011flant\u0131 Teknolojileri","article_publisher":"https:\/\/www.facebook.com\/pages\/%c3%87evik-Konnekt%c3%b6r-ve-Kablo-Montaj-Hizmetleri\/638389736272668","twitter_card":"summary_large_image","twitter_site":"@CevikKonnektor","twitter_misc":{"Est. reading time":"3 minutes"},"schema":{"@context":"https:\/\/schema.org","@graph":[{"@type":"WebSite","@id":"https:\/\/cevikltd.com.tr\/#website","url":"https:\/\/cevikltd.com.tr\/","name":"\u00c7evik Ba\u011flant\u0131 Teknolojileri","description":"Teknolojiye Ba\u011flant\u0131 Noktan\u0131z","potentialAction":[{"@type":"SearchAction","target":{"@type":"EntryPoint","urlTemplate":"https:\/\/cevikltd.com.tr\/?s={search_term_string}"},"query-input":"required name=search_term_string"}],"inLanguage":"en-US"},{"@type":"WebPage","@id":"https:\/\/cevikltd.com.tr\/en\/sectors\/industrial\/automation\/#webpage","url":"https:\/\/cevikltd.com.tr\/en\/sectors\/industrial\/automation\/","name":"Automation - \u00c7evik Ba\u011flant\u0131 Teknolojileri","isPartOf":{"@id":"https:\/\/cevikltd.com.tr\/#website"},"datePublished":"2020-03-03T13:08:45+00:00","dateModified":"2020-03-03T13:08:45+00:00","description":"\u00c7evik offers high performance, robust and reliable connectors, relay, fuses, switch, power supply, convertor, invertor, tubing, lighting and harness accessories having all requirement certificates in Automation applications.","breadcrumb":{"@id":"https:\/\/cevikltd.com.tr\/en\/sectors\/industrial\/automation\/#breadcrumb"},"inLanguage":"en-US","potentialAction":[{"@type":"ReadAction","target":["https:\/\/cevikltd.com.tr\/en\/sectors\/industrial\/automation\/"]}]},{"@type":"BreadcrumbList","@id":"https:\/\/cevikltd.com.tr\/en\/sectors\/industrial\/automation\/#breadcrumb","itemListElement":[{"@type":"ListItem","position":1,"name":"Ana sayfa","item":"https:\/\/cevikltd.com.tr\/en\/"},{"@type":"ListItem","position":2,"name":"Sectors","item":"https:\/\/cevikltd.com.tr\/en\/sectors\/"},{"@type":"ListItem","position":3,"name":"Industrial","item":"https:\/\/cevikltd.com.tr\/en\/sectors\/industrial\/"},{"@type":"ListItem","position":4,"name":"Automation"}]}]}},"jetpack_sharing_enabled":true,"jetpack_shortlink":"https:\/\/wp.me\/P9xcy2-15P","_links":{"self":[{"href":"https:\/\/cevikltd.com.tr\/en\/wp-json\/wp\/v2\/pages\/4205"}],"collection":[{"href":"https:\/\/cevikltd.com.tr\/en\/wp-json\/wp\/v2\/pages"}],"about":[{"href":"https:\/\/cevikltd.com.tr\/en\/wp-json\/wp\/v2\/types\/page"}],"author":[{"embeddable":true,"href":"https:\/\/cevikltd.com.tr\/en\/wp-json\/wp\/v2\/users\/1"}],"replies":[{"embeddable":true,"href":"https:\/\/cevikltd.com.tr\/en\/wp-json\/wp\/v2\/comments?post=4205"}],"version-history":[{"count":1,"href":"https:\/\/cevikltd.com.tr\/en\/wp-json\/wp\/v2\/pages\/4205\/revisions"}],"predecessor-version":[{"id":4206,"href":"https:\/\/cevikltd.com.tr\/en\/wp-json\/wp\/v2\/pages\/4205\/revisions\/4206"}],"up":[{"embeddable":true,"href":"https:\/\/cevikltd.com.tr\/en\/wp-json\/wp\/v2\/pages\/4203"}],"wp:attachment":[{"href":"https:\/\/cevikltd.com.tr\/en\/wp-json\/wp\/v2\/media?parent=4205"}],"curies":[{"name":"wp","href":"https:\/\/api.w.org\/{rel}","templated":true}]}}