{"id":4214,"date":"2020-03-03T16:45:13","date_gmt":"2020-03-03T13:45:13","guid":{"rendered":"https:\/\/cevikltd.com.tr\/sectors\/railway\/"},"modified":"2023-10-17T16:27:55","modified_gmt":"2023-10-17T13:27:55","slug":"railway","status":"publish","type":"page","link":"https:\/\/cevikltd.com.tr\/en\/sectors\/railway\/","title":{"rendered":"Railway"},"content":{"rendered":"<p>[vc_row padding_bottom=&#8221;&#8221;][vc_column][vc_single_image image=&#8221;6926&#8243; img_size=&#8221;full&#8221;][\/vc_column][\/vc_row][vc_row padding_bottom=&#8221;&#8221;][vc_column][vc_column_text]Cevik Connection Technologies provides services in connection, protection and power systems used in railway vehicles and railway signaling systems in all internationally valid standards, especially the IRIS certificate.<\/p>\n<p>It also offers special production solutions that can meet all the necessary conditionsof the application. Our railway-specific solutions; It has all the certificates according to the application area in EN standards for its performance against combustion, low smoke and emission of toxic gases[\/vc_column_text][\/vc_column][\/vc_row][vc_row padding_bottom=&#8221;&#8221;][vc_column width=&#8221;1\/2&#8243;][vc_column_text]RANGE OF APPLICATIONS<\/p>\n<ul>\n<li>Lights<\/li>\n<li>Heating, Ventilation and Air Conditioning (HVAC)<\/li>\n<li>Auxiliary Power Supply Systems (APS)<\/li>\n<li>Windscreen wipers<\/li>\n<li>Lighting<\/li>\n<li>On Board Distribution Panels<\/li>\n<li>Door Controls<\/li>\n<li>Passengers Information Systems (PIS)<\/li>\n<li>Driver Cabins<\/li>\n<li>Battery Chargers Auxiliary Converters Inverters<\/li>\n<li>Wagon Interconnections<\/li>\n<li>Pantographs<\/li>\n<li>Sub-Systems Power &amp; Control Sensor<\/li>\n<li>Power Installations<\/li>\n<li>Brake Control Systems<\/li>\n<\/ul>\n<p>[\/vc_column_text][\/vc_column][vc_column width=&#8221;1\/2&#8243;][vc_single_image image=&#8221;6929&#8243; img_size=&#8221;full&#8221; alignment=&#8221;center&#8221; style=&#8221;vc_box_rounded&#8221;][\/vc_column][\/vc_row][vc_row padding_bottom=&#8221;&#8221;][vc_column width=&#8221;1\/2&#8243;][vc_column_text]CONNECTORS<\/p>\n<ul>\n<li>Plug-Sockets (EN 50467)<\/li>\n<li>Bayonet Circular Connectors (VG95234,MIL-26482, MIL-5015)<\/li>\n<li>Power Connectors<\/li>\n<li>M12 D-Code and X-Code Connectors<\/li>\n<\/ul>\n<p>&nbsp;<\/p>\n<p>CABLES<\/p>\n<ul>\n<li>Power Cables ( EN 50264 )<\/li>\n<li>Control Cables ( EN 45545)<\/li>\n<li>Optical Cables<\/li>\n<li>Coaxial &amp; Ethernet cables<\/li>\n<li>Reduced Cables ( EN 50306)<\/li>\n<\/ul>\n<p>[\/vc_column_text][\/vc_column][vc_column width=&#8221;1\/2&#8243;][vc_column_text]POWER SYSTEMS<\/p>\n<ul>\n<li>AC\/DC Power Supplies (EN50155, EN45545)<\/li>\n<li>DC\/DC Converters (EN50155, EN45545)<\/li>\n<li>Frequency Converters<\/li>\n<li>AC\/DC Inverters (EN50155, EN45545)<\/li>\n<li>Uninterruptible Power Supplies (UPS)<\/li>\n<\/ul>\n<p>&nbsp;<\/p>\n<p>OTHER PRODUCT GROUPS<\/p>\n<ul>\n<li>Tubulars ( NF F 00-608 &amp; NF EN 45545-2)<\/li>\n<li>Labels ( SNCF NF F00-608 &amp; EN 45545-2)<\/li>\n<li>Cable Glands<\/li>\n<li>Cable Trays<\/li>\n<li>Metal &#8211; Plastic Spirals<\/li>\n<\/ul>\n<p>[\/vc_column_text][\/vc_column][\/vc_row][vc_row padding_bottom=&#8221;&#8221;][vc_column][vc_row_inner css=&#8221;.vc_custom_1510688956159{padding-top: 20px !important;padding-right: 10px !important;padding-bottom: 20px !important;padding-left: 10px !important;background-color: #f7f7f7 !important;}&#8221;][vc_column_inner width=&#8221;1\/4&#8243;][vc_single_image image=&#8221;7232&#8243; img_size=&#8221;medium&#8221; alignment=&#8221;center&#8221; style=&#8221;vc_box_rounded&#8221; onclick=&#8221;custom_link&#8221; img_link_target=&#8221;_blank&#8221; link=&#8221;https:\/\/cevikltd.com.tr\/partnerler\/binder-turkiye\/&#8221;][\/vc_column_inner][vc_column_inner width=&#8221;1\/4&#8243;][vc_single_image image=&#8221;6931&#8243; img_size=&#8221;medium&#8221; alignment=&#8221;center&#8221; style=&#8221;vc_box_rounded&#8221; onclick=&#8221;custom_link&#8221; img_link_target=&#8221;_blank&#8221; link=&#8221;https:\/\/cevikltd.com.tr\/en\/partners\/ilme\/&#8221;][\/vc_column_inner][vc_column_inner width=&#8221;1\/4&#8243;][vc_single_image image=&#8221;6933&#8243; img_size=&#8221;medium&#8221; alignment=&#8221;center&#8221; style=&#8221;vc_box_rounded&#8221; onclick=&#8221;custom_link&#8221; img_link_target=&#8221;_blank&#8221; link=&#8221;https:\/\/cevikltd.com.tr\/en\/partners\/gremtek\/&#8221;][\/vc_column_inner][vc_column_inner width=&#8221;1\/4&#8243;][vc_single_image image=&#8221;3216&#8243; img_size=&#8221;medium&#8221; alignment=&#8221;center&#8221; style=&#8221;vc_box_rounded&#8221; onclick=&#8221;custom_link&#8221; img_link_target=&#8221;_blank&#8221; link=&#8221;https:\/\/cevikltd.com.tr\/partnerler\/premium\/&#8221;][\/vc_column_inner][\/vc_row_inner][vc_row_inner css=&#8221;.vc_custom_1510688956159{padding-top: 20px !important;padding-right: 10px !important;padding-bottom: 20px !important;padding-left: 10px !important;background-color: #f7f7f7 !important;}&#8221;][vc_column_inner width=&#8221;1\/4&#8243;][vc_single_image image=&#8221;6935&#8243; img_size=&#8221;medium&#8221; alignment=&#8221;center&#8221; style=&#8221;vc_box_rounded&#8221; onclick=&#8221;custom_link&#8221; img_link_target=&#8221;_blank&#8221; link=&#8221;https:\/\/cevikltd.com.tr\/en\/partners\/radiall-van-system\/&#8221;][\/vc_column_inner][vc_column_inner width=&#8221;1\/4&#8243;][vc_single_image image=&#8221;6939&#8243; img_size=&#8221;medium&#8221; alignment=&#8221;center&#8221; style=&#8221;vc_box_rounded&#8221; onclick=&#8221;custom_link&#8221; img_link_target=&#8221;_blank&#8221; link=&#8221;https:\/\/cevikltd.com.tr\/en\/partners\/teaflex\/&#8221;][\/vc_column_inner][vc_column_inner width=&#8221;1\/4&#8243;][vc_single_image image=&#8221;403&#8243; img_size=&#8221;medium&#8221; alignment=&#8221;center&#8221; style=&#8221;vc_box_rounded&#8221; onclick=&#8221;custom_link&#8221; img_link_target=&#8221;_blank&#8221; link=&#8221;https:\/\/cevikltd.com.tr\/partnerler\/tecnikabel\/&#8221;][\/vc_column_inner][vc_column_inner width=&#8221;1\/4&#8243;][vc_single_image image=&#8221;6937&#8243; img_size=&#8221;medium&#8221; alignment=&#8221;center&#8221; style=&#8221;vc_box_rounded&#8221; onclick=&#8221;custom_link&#8221; img_link_target=&#8221;_blank&#8221; link=&#8221;https:\/\/cevikltd.com.tr\/en\/partners\/telegarthner\/&#8221;][\/vc_column_inner][\/vc_row_inner][\/vc_column][\/vc_row][vc_row padding_bottom=&#8221;&#8221;][vc_column]\n\t<div class=\"news-focus\">\n\t<div class=\"kleo-tabs tabbable\" data-interval=\"0\">\n\t\t\t<ul class=\"nav nav-tabs responsive-tabs tabs-style-line\"><li class=\"active\"><a href=\"#tab-\" data-toggle=\"tab\" onclick=\"return false;\"><\/a><\/li><\/ul>\n<div class=\"tab-content\">\n\t\t\t\n\t\t\t<div id=\"tab-\" class=\"tab-pane active\">\n\t\t\t\t<div class=\"row\"><div class=\"col-sm-6\"><div class=\"posts-listing standard-listing with-meta inline-meta\">\n                    <article id=\"post-6912\" class=\"post-6912 post type-post status-publish format-standard has-post-thumbnail hentry category-blog tag-ilme-en tag-ip68-connectors tag-railway tag-waterproof-connectors\">\n                        <div class=\"post-content animated animate-when-almost-visible el-appear\">\n\n                            <div class=\"article-media clearfix\">\n                                <div class=\"post-image\"><a href=\"https:\/\/cevikltd.com.tr\/en\/two-in-one-compact-wiring\/\" class=\"element-wrap\"><img src=\"https:\/\/cevikltd.com.tr\/wp-content\/uploads\/2022\/01\/Two-In-One-Compact-Wiring-480x270.jpg\" alt=\"Two-In-One Compact Wiring\"><span class=\"hover-element\"><i>+<\/i><\/span><\/a><\/div><!--end post-image-->                            <\/div>\n\n                            <h3 class=\"post-title entry-title\"><a href=\"https:\/\/cevikltd.com.tr\/en\/two-in-one-compact-wiring\/\" >Two-In-One Compact Wiring<\/a><\/h3>\n\n                            <div class=\"article-meta\">\n                                <span class=\"post-meta\">\n                                    <small class=\"meta-author author vcard\"><a class=\"url fn n\" href=\"https:\/\/cevikltd.com.tr\/en\/author\/betul\/\" title=\"View all POSTS by Bet\u00fcl Soylu\" rel=\"author\"> <span class=\"author-name\">Bet\u00fcl Soylu<\/span><\/a><\/small>, <small><a href=\"https:\/\/cevikltd.com.tr\/en\/two-in-one-compact-wiring\/\" rel=\"bookmark\" class=\"post-time\"><time class=\"entry-date\" datetime=\"2022-02-07T16:44:18+03:00\">7 February 2022<\/time><time class=\"modify-date hide hidden updated\" datetime=\"2022-02-08T12:36:39+03:00\">8 February 2022<\/time><\/a><\/small>, <small class=\"meta-category\"><a href=\"https:\/\/cevikltd.com.tr\/en\/category\/blog\/\" rel=\"category tag\">Blog<\/a>, <a href=\"https:\/\/cevikltd.com.tr\/en\/tag\/ilme-en\/\" rel=\"tag\">Ilme<\/a>, <a href=\"https:\/\/cevikltd.com.tr\/en\/tag\/ip68-connectors\/\" rel=\"tag\">IP68 Connectors<\/a>, <a href=\"https:\/\/cevikltd.com.tr\/en\/tag\/railway\/\" rel=\"tag\">Railway<\/a>, <a href=\"https:\/\/cevikltd.com.tr\/en\/tag\/waterproof-connectors\/\" rel=\"tag\">Waterproof Connectors<\/a><\/small>, <small class=\"meta-comment-count\"><a href=\"https:\/\/cevikltd.com.tr\/en\/two-in-one-compact-wiring\/#comments\">0 <i class=\"icon-chat-1 hover-tip\" data-original-title=\"This article has 0 comments\" data-toggle=\"tooltip\" data-placement=\"top\"><\/i><\/a><\/small>                                <\/span>\n                            <\/div>\n\n                            <div class=\"entry-summary\">\n                                                                    <p>Space, time-saving assembly and permanent durable protection in harsh environmental conditions are increasingly important key arguments for connectors. Points...<\/p>                                                            <\/div><!-- .entry-summary -->\n\n                        <\/div>\n                    <\/article>\n\n                    \n                        <\/div> <!-- .posts-listing -->\n                    <\/div> <!-- .col-sm-6 -->\n\n                    <div class=\"col-sm-6\">\n                        <div class=\"posts-listing left-thumb-listing\">\n\n                    \n                    \n                    <article id=\"post-6959\" class=\"post-6959 post type-post status-publish format-standard has-post-thumbnail hentry category-blog tag-connectors tag-power-connectors tag-radiall-van-system-en tag-railway tag-transportation\">\n                        <div class=\"post-content animated animate-when-almost-visible el-appear\">\n\n                            <div class=\"article-media\">\n                                <div class=\"post-image\"><a href=\"https:\/\/cevikltd.com.tr\/en\/cp-series-multipole-connectors\/\" class=\"element-wrap\"><img src=\"https:\/\/cevikltd.com.tr\/wp-content\/uploads\/2022\/01\/CP-Series-Multipole-Connectors-220x192.jpg\" alt=\"CP Series Multipole Connectors\"><span class=\"hover-element\"><i>+<\/i><\/span><\/a><\/div><!--end post-image-->                            <\/div>\n\n                            <div class=\"post-date\">27 January 2022<\/div>\n\n                            <h3 class=\"post-title entry-title\"><a href=\"https:\/\/cevikltd.com.tr\/en\/cp-series-multipole-connectors\/\" >CP Series Multipole Connectors<\/a><\/h3>\n\n                        <\/div>\n                    <\/article>\n\n                    \n                    <article id=\"post-6458\" class=\"post-6458 post type-post status-publish format-standard has-post-thumbnail hentry category-blog tag-connectors tag-power-connectors tag-radiall-van-system-en\">\n                        <div class=\"post-content animated animate-when-almost-visible el-appear\">\n\n                            <div class=\"article-media\">\n                                <div class=\"post-image\"><a href=\"https:\/\/cevikltd.com.tr\/en\/sppc-pwl-single-pole-power-connectors\/\" class=\"element-wrap\"><img src=\"https:\/\/cevikltd.com.tr\/wp-content\/uploads\/2021\/06\/SPPC-PWL-Single-Pole-Power-Connectors-220x192.jpg\" alt=\"SPPC-PWL Single Pole Power Connectors\"><span class=\"hover-element\"><i>+<\/i><\/span><\/a><\/div><!--end post-image-->                            <\/div>\n\n                            <div class=\"post-date\">17 June 2021<\/div>\n\n                            <h3 class=\"post-title entry-title\"><a href=\"https:\/\/cevikltd.com.tr\/en\/sppc-pwl-single-pole-power-connectors\/\" >SPPC-PWL Single Pole Power Connectors<\/a><\/h3>\n\n                        <\/div>\n                    <\/article>\n\n                    \n                    <article id=\"post-5743\" class=\"post-5743 post type-post status-publish format-standard has-post-thumbnail hentry category-blog tag-connectors tag-ilme-en tag-railway\">\n                        <div class=\"post-content animated animate-when-almost-visible el-appear\">\n\n                            <div class=\"article-media\">\n                                <div class=\"post-image\"><a href=\"https:\/\/cevikltd.com.tr\/en\/railway-rectangular-connectors\/\" class=\"element-wrap\"><img src=\"https:\/\/cevikltd.com.tr\/wp-content\/uploads\/2020\/09\/Railway-Rectangular-Connectors-220x192.jpg\" alt=\"Railway Rectangular Connectors\"><span class=\"hover-element\"><i>+<\/i><\/span><\/a><\/div><!--end post-image-->                            <\/div>\n\n                            <div class=\"post-date\"><\/div>\n\n                            <h3 class=\"post-title entry-title\"><a href=\"https:\/\/cevikltd.com.tr\/en\/railway-rectangular-connectors\/\" >Railway Rectangular Connectors<\/a><\/h3>\n\n                        <\/div>\n                    <\/article>\n\n                    \n                    <article id=\"post-5948\" class=\"post-5948 post type-post status-publish format-standard has-post-thumbnail hentry category-blog tag-railway tag-railway-cables tag-tecnikabel\">\n                        <div class=\"post-content animated animate-when-almost-visible el-appear\">\n\n                            <div class=\"article-media\">\n                                <div class=\"post-image\"><a href=\"https:\/\/cevikltd.com.tr\/en\/single-core-cables-complying-with-en-50264-2-1\/\" class=\"element-wrap\"><img src=\"https:\/\/cevikltd.com.tr\/wp-content\/uploads\/2020\/12\/Single-Core-Cables-Complying-with-EN-50264-2-1-220x192.jpg\" alt=\"Single-Core Cables Complying with EN 50264-2-1\"><span class=\"hover-element\"><i>+<\/i><\/span><\/a><\/div><!--end post-image-->                            <\/div>\n\n                            <div class=\"post-date\">5 April 2021<\/div>\n\n                            <h3 class=\"post-title entry-title\"><a href=\"https:\/\/cevikltd.com.tr\/en\/single-core-cables-complying-with-en-50264-2-1\/\" >Single-Core Cables Complying with EN 50264-2-1<\/a><\/h3>\n\n                        <\/div>\n                    <\/article>\n\n                    <\/div><\/div><\/div>\n\t\t\t<\/div> <\/div>\n\t<\/div> <\/div>[\/vc_column][\/vc_row]<\/p>\n","protected":false},"excerpt":{"rendered":"<p>[vc_row padding_bottom=&#8221;&#8221;][vc_column][vc_single_image image=&#8221;6926&#8243; img_size=&#8221;full&#8221;][\/vc_column][\/vc_row][vc_row padding_bottom=&#8221;&#8221;][vc_column][vc_column_text]Cevik Connection Technologies provides services in connection, protection and power systems used in railway vehicles and railway signaling systems in all internationally valid standards, especially the IRIS certificate. It also offers special production solutions that can meet all the necessary conditionsof the application. Our railway-specific solutions; It has all the certificates according to the application area [&hellip;]<\/p>\n","protected":false},"author":1,"featured_media":0,"parent":48,"menu_order":3,"comment_status":"closed","ping_status":"closed","template":"","meta":{"spay_email":""},"yoast_head":"<!-- This site is optimized with the Yoast SEO plugin v18.5 - https:\/\/yoast.com\/wordpress\/plugins\/seo\/ -->\n<title>Railway - \u00c7evik Ba\u011flant\u0131 Teknolojileri<\/title>\n<meta name=\"description\" content=\"We provide services in connection, protection and power systems used in railway vehicles and railway signaling systems in all standards.\" \/>\n<meta name=\"robots\" content=\"index, follow, max-snippet:-1, max-image-preview:large, max-video-preview:-1\" \/>\n<link rel=\"canonical\" href=\"https:\/\/cevikltd.com.tr\/en\/sectors\/railway\/\" \/>\n<meta property=\"og:locale\" content=\"en_US\" \/>\n<meta property=\"og:type\" content=\"article\" \/>\n<meta property=\"og:title\" content=\"Railway - \u00c7evik Ba\u011flant\u0131 Teknolojileri\" \/>\n<meta property=\"og:description\" content=\"We provide services in connection, protection and power systems used in railway vehicles and railway signaling systems in all standards.\" \/>\n<meta property=\"og:url\" content=\"https:\/\/cevikltd.com.tr\/en\/sectors\/railway\/\" \/>\n<meta property=\"og:site_name\" content=\"\u00c7evik Ba\u011flant\u0131 Teknolojileri\" \/>\n<meta property=\"article:publisher\" content=\"https:\/\/www.facebook.com\/pages\/%c3%87evik-Konnekt%c3%b6r-ve-Kablo-Montaj-Hizmetleri\/638389736272668\" \/>\n<meta property=\"article:modified_time\" content=\"2023-10-17T13:27:55+00:00\" \/>\n<meta name=\"twitter:card\" content=\"summary_large_image\" \/>\n<meta name=\"twitter:site\" content=\"@CevikKonnektor\" \/>\n<meta name=\"twitter:label1\" content=\"Est. reading time\" \/>\n\t<meta name=\"twitter:data1\" content=\"2 minutes\" \/>\n<script type=\"application\/ld+json\" class=\"yoast-schema-graph\">{\"@context\":\"https:\/\/schema.org\",\"@graph\":[{\"@type\":\"WebSite\",\"@id\":\"https:\/\/cevikltd.com.tr\/#website\",\"url\":\"https:\/\/cevikltd.com.tr\/\",\"name\":\"\u00c7evik Ba\u011flant\u0131 Teknolojileri\",\"description\":\"Teknolojiye Ba\u011flant\u0131 Noktan\u0131z\",\"potentialAction\":[{\"@type\":\"SearchAction\",\"target\":{\"@type\":\"EntryPoint\",\"urlTemplate\":\"https:\/\/cevikltd.com.tr\/?s={search_term_string}\"},\"query-input\":\"required name=search_term_string\"}],\"inLanguage\":\"en-US\"},{\"@type\":\"WebPage\",\"@id\":\"https:\/\/cevikltd.com.tr\/en\/sectors\/railway\/#webpage\",\"url\":\"https:\/\/cevikltd.com.tr\/en\/sectors\/railway\/\",\"name\":\"Railway - \u00c7evik Ba\u011flant\u0131 Teknolojileri\",\"isPartOf\":{\"@id\":\"https:\/\/cevikltd.com.tr\/#website\"},\"datePublished\":\"2020-03-03T13:45:13+00:00\",\"dateModified\":\"2023-10-17T13:27:55+00:00\",\"description\":\"We provide services in connection, protection and power systems used in railway vehicles and railway signaling systems in all standards.\",\"breadcrumb\":{\"@id\":\"https:\/\/cevikltd.com.tr\/en\/sectors\/railway\/#breadcrumb\"},\"inLanguage\":\"en-US\",\"potentialAction\":[{\"@type\":\"ReadAction\",\"target\":[\"https:\/\/cevikltd.com.tr\/en\/sectors\/railway\/\"]}]},{\"@type\":\"BreadcrumbList\",\"@id\":\"https:\/\/cevikltd.com.tr\/en\/sectors\/railway\/#breadcrumb\",\"itemListElement\":[{\"@type\":\"ListItem\",\"position\":1,\"name\":\"Ana sayfa\",\"item\":\"https:\/\/cevikltd.com.tr\/en\/\"},{\"@type\":\"ListItem\",\"position\":2,\"name\":\"Sectors\",\"item\":\"https:\/\/cevikltd.com.tr\/en\/sectors\/\"},{\"@type\":\"ListItem\",\"position\":3,\"name\":\"Railway\"}]}]}<\/script>\n<!-- \/ Yoast SEO plugin. -->","yoast_head_json":{"title":"Railway - \u00c7evik Ba\u011flant\u0131 Teknolojileri","description":"We provide services in connection, protection and power systems used in railway vehicles and railway signaling systems in all standards.","robots":{"index":"index","follow":"follow","max-snippet":"max-snippet:-1","max-image-preview":"max-image-preview:large","max-video-preview":"max-video-preview:-1"},"canonical":"https:\/\/cevikltd.com.tr\/en\/sectors\/railway\/","og_locale":"en_US","og_type":"article","og_title":"Railway - \u00c7evik Ba\u011flant\u0131 Teknolojileri","og_description":"We provide services in connection, protection and power systems used in railway vehicles and railway signaling systems in all standards.","og_url":"https:\/\/cevikltd.com.tr\/en\/sectors\/railway\/","og_site_name":"\u00c7evik Ba\u011flant\u0131 Teknolojileri","article_publisher":"https:\/\/www.facebook.com\/pages\/%c3%87evik-Konnekt%c3%b6r-ve-Kablo-Montaj-Hizmetleri\/638389736272668","article_modified_time":"2023-10-17T13:27:55+00:00","twitter_card":"summary_large_image","twitter_site":"@CevikKonnektor","twitter_misc":{"Est. reading time":"2 minutes"},"schema":{"@context":"https:\/\/schema.org","@graph":[{"@type":"WebSite","@id":"https:\/\/cevikltd.com.tr\/#website","url":"https:\/\/cevikltd.com.tr\/","name":"\u00c7evik Ba\u011flant\u0131 Teknolojileri","description":"Teknolojiye Ba\u011flant\u0131 Noktan\u0131z","potentialAction":[{"@type":"SearchAction","target":{"@type":"EntryPoint","urlTemplate":"https:\/\/cevikltd.com.tr\/?s={search_term_string}"},"query-input":"required name=search_term_string"}],"inLanguage":"en-US"},{"@type":"WebPage","@id":"https:\/\/cevikltd.com.tr\/en\/sectors\/railway\/#webpage","url":"https:\/\/cevikltd.com.tr\/en\/sectors\/railway\/","name":"Railway - \u00c7evik Ba\u011flant\u0131 Teknolojileri","isPartOf":{"@id":"https:\/\/cevikltd.com.tr\/#website"},"datePublished":"2020-03-03T13:45:13+00:00","dateModified":"2023-10-17T13:27:55+00:00","description":"We provide services in connection, protection and power systems used in railway vehicles and railway signaling systems in all standards.","breadcrumb":{"@id":"https:\/\/cevikltd.com.tr\/en\/sectors\/railway\/#breadcrumb"},"inLanguage":"en-US","potentialAction":[{"@type":"ReadAction","target":["https:\/\/cevikltd.com.tr\/en\/sectors\/railway\/"]}]},{"@type":"BreadcrumbList","@id":"https:\/\/cevikltd.com.tr\/en\/sectors\/railway\/#breadcrumb","itemListElement":[{"@type":"ListItem","position":1,"name":"Ana sayfa","item":"https:\/\/cevikltd.com.tr\/en\/"},{"@type":"ListItem","position":2,"name":"Sectors","item":"https:\/\/cevikltd.com.tr\/en\/sectors\/"},{"@type":"ListItem","position":3,"name":"Railway"}]}]}},"jetpack_sharing_enabled":true,"jetpack_shortlink":"https:\/\/wp.me\/P9xcy2-15Y","_links":{"self":[{"href":"https:\/\/cevikltd.com.tr\/en\/wp-json\/wp\/v2\/pages\/4214"}],"collection":[{"href":"https:\/\/cevikltd.com.tr\/en\/wp-json\/wp\/v2\/pages"}],"about":[{"href":"https:\/\/cevikltd.com.tr\/en\/wp-json\/wp\/v2\/types\/page"}],"author":[{"embeddable":true,"href":"https:\/\/cevikltd.com.tr\/en\/wp-json\/wp\/v2\/users\/1"}],"replies":[{"embeddable":true,"href":"https:\/\/cevikltd.com.tr\/en\/wp-json\/wp\/v2\/comments?post=4214"}],"version-history":[{"count":7,"href":"https:\/\/cevikltd.com.tr\/en\/wp-json\/wp\/v2\/pages\/4214\/revisions"}],"predecessor-version":[{"id":7248,"href":"https:\/\/cevikltd.com.tr\/en\/wp-json\/wp\/v2\/pages\/4214\/revisions\/7248"}],"up":[{"embeddable":true,"href":"https:\/\/cevikltd.com.tr\/en\/wp-json\/wp\/v2\/pages\/48"}],"wp:attachment":[{"href":"https:\/\/cevikltd.com.tr\/en\/wp-json\/wp\/v2\/media?parent=4214"}],"curies":[{"name":"wp","href":"https:\/\/api.w.org\/{rel}","templated":true}]}}