{"id":4228,"date":"2020-03-03T16:54:56","date_gmt":"2020-03-03T13:54:56","guid":{"rendered":"https:\/\/cevikltd.com.tr\/sectors\/medical\/"},"modified":"2023-10-17T16:16:32","modified_gmt":"2023-10-17T13:16:32","slug":"medical","status":"publish","type":"page","link":"https:\/\/cevikltd.com.tr\/en\/sectors\/medical\/","title":{"rendered":"Medical"},"content":{"rendered":"<p>[vc_row padding_bottom=&#8221;&#8221;][vc_column][vc_single_image image=&#8221;3764&#8243; img_size=&#8221;full&#8221;][\/vc_column][\/vc_row][vc_row padding_bottom=&#8221;&#8221;][vc_column][vc_column_text]\u00c7evik offers high performance, robust and reliable connectors, cable, relay, fuses, switch, power supply, convertor, invertor, tubing, lighting and harness accessories having all requirement certificates in <strong>Medikal<\/strong>\u00a0applications.<\/p>\n<p>As a Distributor, \u00c7evik has developed key partnerships with world-class manufacturers whose products encompass MIL-SPEC and harsh environment industrial solutions. We stock a wide and deep variety of products which are suitable <strong>Medikal <\/strong>applications.[\/vc_column_text][\/vc_column][\/vc_row][vc_row padding_bottom=&#8221;&#8221;][vc_column][vc_row_inner css=&#8221;.vc_custom_1510688956159{padding-top: 20px !important;padding-right: 10px !important;padding-bottom: 20px !important;padding-left: 10px !important;background-color: #f7f7f7 !important;}&#8221;][vc_column_inner width=&#8221;1\/4&#8243;][vc_single_image image=&#8221;7232&#8243; img_size=&#8221;medium&#8221; alignment=&#8221;center&#8221; style=&#8221;vc_box_rounded&#8221; onclick=&#8221;custom_link&#8221; img_link_target=&#8221;_blank&#8221; link=&#8221;https:\/\/cevikltd.com.tr\/partnerler\/binder-turkiye\/&#8221;][\/vc_column_inner][vc_column_inner width=&#8221;1\/4&#8243;][vc_single_image image=&#8221;404&#8243; img_size=&#8221;medium&#8221; alignment=&#8221;center&#8221; style=&#8221;vc_box_rounded&#8221; onclick=&#8221;custom_link&#8221; img_link_target=&#8221;_blank&#8221; link=&#8221;https:\/\/cevikltd.com.tr\/partnerler\/tkd-kabel\/&#8221;][\/vc_column_inner][vc_column_inner width=&#8221;1\/4&#8243;][vc_single_image image=&#8221;403&#8243; img_size=&#8221;medium&#8221; alignment=&#8221;center&#8221; style=&#8221;vc_box_rounded&#8221; onclick=&#8221;custom_link&#8221; img_link_target=&#8221;_blank&#8221; link=&#8221;https:\/\/cevikltd.com.tr\/partnerler\/tecnikabel\/&#8221;][\/vc_column_inner][vc_column_inner width=&#8221;1\/4&#8243;][\/vc_column_inner][\/vc_row_inner][\/vc_column][\/vc_row][vc_row padding_bottom=&#8221;&#8221;][vc_column]\n\t<div class=\"news-focus\">\n\t<div class=\"kleo-tabs tabbable\" data-interval=\"0\">\n\t\t\t<ul class=\"nav nav-tabs responsive-tabs tabs-style-line\"><li class=\"active\"><a href=\"#tab-\" data-toggle=\"tab\" onclick=\"return false;\"><\/a><\/li><\/ul>\n<div class=\"tab-content\">\n\t\t\t\n\t\t\t<div id=\"tab-\" class=\"tab-pane active\">\n\t\t\t\t<div class=\"row\"><div class=\"col-sm-6\"><div class=\"posts-listing standard-listing with-meta inline-meta\">\n                    <article id=\"post-7181\" class=\"post-7181 post type-post status-publish format-standard has-post-thumbnail hentry category-blog tag-binder-en tag-circular-connectors tag-connectors tag-industrial tag-medical\">\n                        <div class=\"post-content animated animate-when-almost-visible el-appear\">\n\n                            <div class=\"article-media clearfix\">\n                                <div class=\"post-image\"><a href=\"https:\/\/cevikltd.com.tr\/en\/770-ncc-series-overmoulded-cable-connectors\/\" class=\"element-wrap\"><img src=\"https:\/\/cevikltd.com.tr\/wp-content\/uploads\/2022\/05\/770-serisi-ncc-konnektorler-480x270.jpg\" alt=\"770 NCC Series Overmoulded Cable Connectors\"><span class=\"hover-element\"><i>+<\/i><\/span><\/a><\/div><!--end post-image-->                            <\/div>\n\n                            <h3 class=\"post-title entry-title\"><a href=\"https:\/\/cevikltd.com.tr\/en\/770-ncc-series-overmoulded-cable-connectors\/\" >770 NCC Series Overmoulded Cable Connectors<\/a><\/h3>\n\n                            <div class=\"article-meta\">\n                                <span class=\"post-meta\">\n                                    <small class=\"meta-author author vcard\"><a class=\"url fn n\" href=\"https:\/\/cevikltd.com.tr\/en\/author\/betul\/\" title=\"View all POSTS by Bet\u00fcl Soylu\" rel=\"author\"> <span class=\"author-name\">Bet\u00fcl Soylu<\/span><\/a><\/small>, <small><a href=\"https:\/\/cevikltd.com.tr\/en\/770-ncc-series-overmoulded-cable-connectors\/\" rel=\"bookmark\" class=\"post-time\"><time class=\"entry-date\" datetime=\"2022-05-09T15:16:43+03:00\">9 May 2022<\/time><time class=\"modify-date hide hidden updated\" datetime=\"2022-05-09T15:21:50+03:00\">9 May 2022<\/time><\/a><\/small>, <small class=\"meta-category\"><a href=\"https:\/\/cevikltd.com.tr\/en\/category\/blog\/\" rel=\"category tag\">Blog<\/a>, <a href=\"https:\/\/cevikltd.com.tr\/en\/tag\/binder-en\/\" rel=\"tag\">Binder<\/a>, <a href=\"https:\/\/cevikltd.com.tr\/en\/tag\/circular-connectors\/\" rel=\"tag\">Circular Connectors<\/a>, <a href=\"https:\/\/cevikltd.com.tr\/en\/tag\/connectors\/\" rel=\"tag\">Connectors<\/a>, <a href=\"https:\/\/cevikltd.com.tr\/en\/tag\/industrial\/\" rel=\"tag\">Industrial<\/a>, <a href=\"https:\/\/cevikltd.com.tr\/en\/tag\/medical\/\" rel=\"tag\">Medical<\/a><\/small>, <small class=\"meta-comment-count\"><a href=\"https:\/\/cevikltd.com.tr\/en\/770-ncc-series-overmoulded-cable-connectors\/#comments\">0 <i class=\"icon-chat-1 hover-tip\" data-original-title=\"This article has 0 comments\" data-toggle=\"tooltip\" data-placement=\"top\"><\/i><\/a><\/small>                                <\/span>\n                            <\/div>\n\n                            <div class=\"entry-summary\">\n                                                                    <p>770 NCC Series Overmoulded Cable Connectors are optimised for fast, reliable mating in harsh environments as well as for...<\/p>                                                            <\/div><!-- .entry-summary -->\n\n                        <\/div>\n                    <\/article>\n\n                    \n                        <\/div> <!-- .posts-listing -->\n                    <\/div> <!-- .col-sm-6 -->\n\n                    <div class=\"col-sm-6\">\n                        <div class=\"posts-listing left-thumb-listing\">\n\n                    \n                    \n                    <article id=\"post-5174\" class=\"post-5174 post type-post status-publish format-standard has-post-thumbnail hentry category-blog tag-binder-en tag-connectors tag-medical\">\n                        <div class=\"post-content animated animate-when-almost-visible el-appear\">\n\n                            <div class=\"article-media\">\n                                <div class=\"post-image\"><a href=\"https:\/\/cevikltd.com.tr\/en\/medical-connector-series-elc\/\" class=\"element-wrap\"><img src=\"https:\/\/cevikltd.com.tr\/wp-content\/uploads\/2020\/08\/Medical-Connector-Series-ELC-220x192.jpg\" alt=\"Medical Connector Series-ELC\"><span class=\"hover-element\"><i>+<\/i><\/span><\/a><\/div><!--end post-image-->                            <\/div>\n\n                            <div class=\"post-date\">7 October 2020<\/div>\n\n                            <h3 class=\"post-title entry-title\"><a href=\"https:\/\/cevikltd.com.tr\/en\/medical-connector-series-elc\/\" >Medical Connector Series-ELC<\/a><\/h3>\n\n                        <\/div>\n                    <\/article>\n\n                    <\/div><\/div><\/div>\n\t\t\t<\/div> <\/div>\n\t<\/div> <\/div>[\/vc_column][\/vc_row]<\/p>\n","protected":false},"excerpt":{"rendered":"<p>[vc_row padding_bottom=&#8221;&#8221;][vc_column][vc_single_image image=&#8221;3764&#8243; img_size=&#8221;full&#8221;][\/vc_column][\/vc_row][vc_row padding_bottom=&#8221;&#8221;][vc_column][vc_column_text]\u00c7evik offers high performance, robust and reliable connectors, cable, relay, fuses, switch, power supply, convertor, invertor, tubing, lighting and harness accessories having all requirement certificates in Medikal\u00a0applications. As a Distributor, \u00c7evik has developed key partnerships with world-class manufacturers whose products encompass MIL-SPEC and harsh environment industrial solutions. We stock a wide and deep variety of products [&hellip;]<\/p>\n","protected":false},"author":1,"featured_media":0,"parent":48,"menu_order":5,"comment_status":"closed","ping_status":"closed","template":"","meta":{"spay_email":""},"yoast_head":"<!-- This site is optimized with the Yoast SEO plugin v18.5 - https:\/\/yoast.com\/wordpress\/plugins\/seo\/ -->\n<title>Medical - \u00c7evik Ba\u011flant\u0131 Teknolojileri<\/title>\n<meta name=\"description\" content=\"\u00c7evik offers connectors, cable, relay, fuses, switch, power supply, convertor, invertor, tubing, lighting and harness accessories in Medical applications.\" \/>\n<meta name=\"robots\" content=\"index, follow, max-snippet:-1, max-image-preview:large, max-video-preview:-1\" \/>\n<link rel=\"canonical\" href=\"https:\/\/cevikltd.com.tr\/en\/sectors\/medical\/\" \/>\n<meta property=\"og:locale\" content=\"en_US\" \/>\n<meta property=\"og:type\" content=\"article\" \/>\n<meta property=\"og:title\" content=\"Medical - \u00c7evik Ba\u011flant\u0131 Teknolojileri\" \/>\n<meta property=\"og:description\" content=\"\u00c7evik offers connectors, cable, relay, fuses, switch, power supply, convertor, invertor, tubing, lighting and harness accessories in Medical applications.\" \/>\n<meta property=\"og:url\" content=\"https:\/\/cevikltd.com.tr\/en\/sectors\/medical\/\" \/>\n<meta property=\"og:site_name\" content=\"\u00c7evik Ba\u011flant\u0131 Teknolojileri\" \/>\n<meta property=\"article:publisher\" content=\"https:\/\/www.facebook.com\/pages\/%c3%87evik-Konnekt%c3%b6r-ve-Kablo-Montaj-Hizmetleri\/638389736272668\" \/>\n<meta property=\"article:modified_time\" content=\"2023-10-17T13:16:32+00:00\" \/>\n<meta name=\"twitter:card\" content=\"summary_large_image\" \/>\n<meta name=\"twitter:site\" content=\"@CevikKonnektor\" \/>\n<meta name=\"twitter:label1\" content=\"Est. reading time\" \/>\n\t<meta name=\"twitter:data1\" content=\"1 minute\" \/>\n<script type=\"application\/ld+json\" class=\"yoast-schema-graph\">{\"@context\":\"https:\/\/schema.org\",\"@graph\":[{\"@type\":\"WebSite\",\"@id\":\"https:\/\/cevikltd.com.tr\/#website\",\"url\":\"https:\/\/cevikltd.com.tr\/\",\"name\":\"\u00c7evik Ba\u011flant\u0131 Teknolojileri\",\"description\":\"Teknolojiye Ba\u011flant\u0131 Noktan\u0131z\",\"potentialAction\":[{\"@type\":\"SearchAction\",\"target\":{\"@type\":\"EntryPoint\",\"urlTemplate\":\"https:\/\/cevikltd.com.tr\/?s={search_term_string}\"},\"query-input\":\"required name=search_term_string\"}],\"inLanguage\":\"en-US\"},{\"@type\":\"WebPage\",\"@id\":\"https:\/\/cevikltd.com.tr\/en\/sectors\/medical\/#webpage\",\"url\":\"https:\/\/cevikltd.com.tr\/en\/sectors\/medical\/\",\"name\":\"Medical - \u00c7evik Ba\u011flant\u0131 Teknolojileri\",\"isPartOf\":{\"@id\":\"https:\/\/cevikltd.com.tr\/#website\"},\"datePublished\":\"2020-03-03T13:54:56+00:00\",\"dateModified\":\"2023-10-17T13:16:32+00:00\",\"description\":\"\u00c7evik offers connectors, cable, relay, fuses, switch, power supply, convertor, invertor, tubing, lighting and harness accessories in Medical applications.\",\"breadcrumb\":{\"@id\":\"https:\/\/cevikltd.com.tr\/en\/sectors\/medical\/#breadcrumb\"},\"inLanguage\":\"en-US\",\"potentialAction\":[{\"@type\":\"ReadAction\",\"target\":[\"https:\/\/cevikltd.com.tr\/en\/sectors\/medical\/\"]}]},{\"@type\":\"BreadcrumbList\",\"@id\":\"https:\/\/cevikltd.com.tr\/en\/sectors\/medical\/#breadcrumb\",\"itemListElement\":[{\"@type\":\"ListItem\",\"position\":1,\"name\":\"Ana sayfa\",\"item\":\"https:\/\/cevikltd.com.tr\/en\/\"},{\"@type\":\"ListItem\",\"position\":2,\"name\":\"Sectors\",\"item\":\"https:\/\/cevikltd.com.tr\/en\/sectors\/\"},{\"@type\":\"ListItem\",\"position\":3,\"name\":\"Medical\"}]}]}<\/script>\n<!-- \/ Yoast SEO plugin. -->","yoast_head_json":{"title":"Medical - \u00c7evik Ba\u011flant\u0131 Teknolojileri","description":"\u00c7evik offers connectors, cable, relay, fuses, switch, power supply, convertor, invertor, tubing, lighting and harness accessories in Medical applications.","robots":{"index":"index","follow":"follow","max-snippet":"max-snippet:-1","max-image-preview":"max-image-preview:large","max-video-preview":"max-video-preview:-1"},"canonical":"https:\/\/cevikltd.com.tr\/en\/sectors\/medical\/","og_locale":"en_US","og_type":"article","og_title":"Medical - \u00c7evik Ba\u011flant\u0131 Teknolojileri","og_description":"\u00c7evik offers connectors, cable, relay, fuses, switch, power supply, convertor, invertor, tubing, lighting and harness accessories in Medical applications.","og_url":"https:\/\/cevikltd.com.tr\/en\/sectors\/medical\/","og_site_name":"\u00c7evik Ba\u011flant\u0131 Teknolojileri","article_publisher":"https:\/\/www.facebook.com\/pages\/%c3%87evik-Konnekt%c3%b6r-ve-Kablo-Montaj-Hizmetleri\/638389736272668","article_modified_time":"2023-10-17T13:16:32+00:00","twitter_card":"summary_large_image","twitter_site":"@CevikKonnektor","twitter_misc":{"Est. reading time":"1 minute"},"schema":{"@context":"https:\/\/schema.org","@graph":[{"@type":"WebSite","@id":"https:\/\/cevikltd.com.tr\/#website","url":"https:\/\/cevikltd.com.tr\/","name":"\u00c7evik Ba\u011flant\u0131 Teknolojileri","description":"Teknolojiye Ba\u011flant\u0131 Noktan\u0131z","potentialAction":[{"@type":"SearchAction","target":{"@type":"EntryPoint","urlTemplate":"https:\/\/cevikltd.com.tr\/?s={search_term_string}"},"query-input":"required name=search_term_string"}],"inLanguage":"en-US"},{"@type":"WebPage","@id":"https:\/\/cevikltd.com.tr\/en\/sectors\/medical\/#webpage","url":"https:\/\/cevikltd.com.tr\/en\/sectors\/medical\/","name":"Medical - \u00c7evik Ba\u011flant\u0131 Teknolojileri","isPartOf":{"@id":"https:\/\/cevikltd.com.tr\/#website"},"datePublished":"2020-03-03T13:54:56+00:00","dateModified":"2023-10-17T13:16:32+00:00","description":"\u00c7evik offers connectors, cable, relay, fuses, switch, power supply, convertor, invertor, tubing, lighting and harness accessories in Medical applications.","breadcrumb":{"@id":"https:\/\/cevikltd.com.tr\/en\/sectors\/medical\/#breadcrumb"},"inLanguage":"en-US","potentialAction":[{"@type":"ReadAction","target":["https:\/\/cevikltd.com.tr\/en\/sectors\/medical\/"]}]},{"@type":"BreadcrumbList","@id":"https:\/\/cevikltd.com.tr\/en\/sectors\/medical\/#breadcrumb","itemListElement":[{"@type":"ListItem","position":1,"name":"Ana sayfa","item":"https:\/\/cevikltd.com.tr\/en\/"},{"@type":"ListItem","position":2,"name":"Sectors","item":"https:\/\/cevikltd.com.tr\/en\/sectors\/"},{"@type":"ListItem","position":3,"name":"Medical"}]}]}},"jetpack_sharing_enabled":true,"jetpack_shortlink":"https:\/\/wp.me\/P9xcy2-16c","_links":{"self":[{"href":"https:\/\/cevikltd.com.tr\/en\/wp-json\/wp\/v2\/pages\/4228"}],"collection":[{"href":"https:\/\/cevikltd.com.tr\/en\/wp-json\/wp\/v2\/pages"}],"about":[{"href":"https:\/\/cevikltd.com.tr\/en\/wp-json\/wp\/v2\/types\/page"}],"author":[{"embeddable":true,"href":"https:\/\/cevikltd.com.tr\/en\/wp-json\/wp\/v2\/users\/1"}],"replies":[{"embeddable":true,"href":"https:\/\/cevikltd.com.tr\/en\/wp-json\/wp\/v2\/comments?post=4228"}],"version-history":[{"count":3,"href":"https:\/\/cevikltd.com.tr\/en\/wp-json\/wp\/v2\/pages\/4228\/revisions"}],"predecessor-version":[{"id":7241,"href":"https:\/\/cevikltd.com.tr\/en\/wp-json\/wp\/v2\/pages\/4228\/revisions\/7241"}],"up":[{"embeddable":true,"href":"https:\/\/cevikltd.com.tr\/en\/wp-json\/wp\/v2\/pages\/48"}],"wp:attachment":[{"href":"https:\/\/cevikltd.com.tr\/en\/wp-json\/wp\/v2\/media?parent=4228"}],"curies":[{"name":"wp","href":"https:\/\/api.w.org\/{rel}","templated":true}]}}