{"id":4302,"date":"2020-03-05T11:44:49","date_gmt":"2020-03-05T08:44:49","guid":{"rendered":"https:\/\/cevikltd.com.tr\/partners\/others\/lk-connectors\/"},"modified":"2020-03-05T11:54:22","modified_gmt":"2020-03-05T08:54:22","slug":"lk-connectors","status":"publish","type":"page","link":"https:\/\/cevikltd.com.tr\/en\/partners\/others\/lk-connectors\/","title":{"rendered":"LK Connectors"},"content":{"rendered":"<p>[vc_row padding_top=&#8221;&#8221;][vc_column][vc_single_image image=&#8221;397&#8243; img_size=&#8221;medium&#8221; style=&#8221;vc_box_outline&#8221; animation=&#8221;animate-when-visible&#8221; css_animation=&#8221;el-fade&#8221;][vc_column_text]Power Link<\/p>\n<p>Power Link tek kontakl\u0131 konnekt\u00f6r serisi, en a\u011f\u0131r \u00e7al\u0131\u015fma \u015fartlar\u0131 alt\u0131nda en g\u00fcvenli ve g\u00fcvenilir \u00f6zellikleriyle g\u00fc\u00e7 da\u011f\u0131t\u0131m sistemlerinde kullan\u0131lmak i\u00e7in tasarlanm\u0131\u015ft\u0131r. Power Link konnekt\u00f6rlerin standart uygulamalar\u0131 3-faz motorlar, jenerat\u00f6rler, g\u00fc\u00e7 depolama sistemleri ve da\u011f\u0131t\u0131c\u0131 panelleridir. Bu konnekt\u00f6rler ayn\u0131 zamanda Powerlock serisi ile birebir uyumludur.<\/p>\n<p>LKA Audio Multipin<\/p>\n<p>MIL-C-5015 standart\u0131nda olan LKA serisi konnekt\u00f6ler askeri konnekt\u00f6rlerin g\u00fcvenilirli\u011fi ve sa\u011flaml\u0131\u011f\u0131na sahiptir. Bu \u00f6zellikleri ile e\u011flence sekt\u00f6r\u00fcn\u00fcn t\u00fcm ihtiya\u00e7lar\u0131n\u0131 kar\u015f\u0131layabilmektedirler.<\/p>\n<p>LKS Lighting<\/p>\n<p>LKS serisi konnekt\u00f6rler, profesyonel ayd\u0131nlatma uygulamalar\u0131 i\u00e7in tasarlanm\u0131\u015ft\u0131r.<\/p>\n<p>LK M176 Ermaphrodite<\/p>\n<p>LK M176 serisi konnekt\u00f6rler iki konnekt\u00f6r yerine tek konnekt\u00f6rde veri iletimini sa\u011flamak i\u00e7in kullan\u0131lmaktad\u0131r. End\u00fcstride kullan\u0131lan di\u011fer di\u015fi-erkek tek konnekt\u00f6r \u00fcr\u00fcnleri birebir uyumludur.<\/p>\n<p>Speakers<\/p>\n<p>Bu konnekt\u00f6rler 4 ve 8 kontakl\u0131 olarak hoparl\u00f6r uygulamalar\u0131nda kullan\u0131lmak i\u00e7in tasarlanm\u0131\u015ft\u0131r.<\/p>\n<p>LKH Head to Ballast<\/p>\n<p>LKH serisi head-to-ballast ba\u011flant\u0131 sistemidir. 575W \u2018dan 18 kW\u2019 a cevirim i\u00e7in ayd\u0131nlatma end\u00fcstrisinde kullan\u0131lmaktad\u0131r.<\/p>\n<p><a href=\"http:\/\/www.lkconnectors.info\" target=\"_blank\" rel=\"noopener noreferrer\">Ziyaret i\u00e7in..<\/a>[\/vc_column_text][\/vc_column][\/vc_row]<\/p>\n","protected":false},"excerpt":{"rendered":"<p>[vc_row padding_top=&#8221;&#8221;][vc_column][vc_single_image image=&#8221;397&#8243; img_size=&#8221;medium&#8221; style=&#8221;vc_box_outline&#8221; animation=&#8221;animate-when-visible&#8221; css_animation=&#8221;el-fade&#8221;][vc_column_text]Power Link Power Link tek kontakl\u0131 konnekt\u00f6r serisi, en a\u011f\u0131r \u00e7al\u0131\u015fma \u015fartlar\u0131 alt\u0131nda en g\u00fcvenli ve g\u00fcvenilir \u00f6zellikleriyle g\u00fc\u00e7 da\u011f\u0131t\u0131m sistemlerinde kullan\u0131lmak i\u00e7in tasarlanm\u0131\u015ft\u0131r. Power Link konnekt\u00f6rlerin standart uygulamalar\u0131 3-faz motorlar, jenerat\u00f6rler, g\u00fc\u00e7 depolama sistemleri ve da\u011f\u0131t\u0131c\u0131 panelleridir. Bu konnekt\u00f6rler ayn\u0131 zamanda Powerlock serisi ile birebir uyumludur. LKA Audio Multipin MIL-C-5015 standart\u0131nda olan LKA [&hellip;]<\/p>\n","protected":false},"author":1,"featured_media":0,"parent":1794,"menu_order":7,"comment_status":"closed","ping_status":"closed","template":"","meta":{"spay_email":""},"yoast_head":"<!-- This site is optimized with the Yoast SEO plugin v18.5 - https:\/\/yoast.com\/wordpress\/plugins\/seo\/ -->\n<title>LK Connectors - \u00c7evik Ba\u011flant\u0131 Teknolojileri<\/title>\n<meta name=\"robots\" content=\"index, follow, max-snippet:-1, max-image-preview:large, max-video-preview:-1\" \/>\n<link rel=\"canonical\" href=\"https:\/\/cevikltd.com.tr\/en\/partners\/others\/lk-connectors\/\" \/>\n<meta property=\"og:locale\" content=\"en_US\" \/>\n<meta property=\"og:type\" content=\"article\" \/>\n<meta property=\"og:title\" content=\"LK Connectors - \u00c7evik Ba\u011flant\u0131 Teknolojileri\" \/>\n<meta property=\"og:description\" content=\"[vc_row padding_top=&#8221;&#8221;][vc_column][vc_single_image image=&#8221;397&#8243; img_size=&#8221;medium&#8221; style=&#8221;vc_box_outline&#8221; animation=&#8221;animate-when-visible&#8221; css_animation=&#8221;el-fade&#8221;][vc_column_text]Power Link Power Link tek kontakl\u0131 konnekt\u00f6r serisi, en a\u011f\u0131r \u00e7al\u0131\u015fma \u015fartlar\u0131 alt\u0131nda en g\u00fcvenli ve g\u00fcvenilir \u00f6zellikleriyle g\u00fc\u00e7 da\u011f\u0131t\u0131m sistemlerinde kullan\u0131lmak i\u00e7in tasarlanm\u0131\u015ft\u0131r. Power Link konnekt\u00f6rlerin standart uygulamalar\u0131 3-faz motorlar, jenerat\u00f6rler, g\u00fc\u00e7 depolama sistemleri ve da\u011f\u0131t\u0131c\u0131 panelleridir. Bu konnekt\u00f6rler ayn\u0131 zamanda Powerlock serisi ile birebir uyumludur. LKA Audio Multipin MIL-C-5015 standart\u0131nda olan LKA [&hellip;]\" \/>\n<meta property=\"og:url\" content=\"https:\/\/cevikltd.com.tr\/en\/partners\/others\/lk-connectors\/\" \/>\n<meta property=\"og:site_name\" content=\"\u00c7evik Ba\u011flant\u0131 Teknolojileri\" \/>\n<meta property=\"article:publisher\" content=\"https:\/\/www.facebook.com\/pages\/%c3%87evik-Konnekt%c3%b6r-ve-Kablo-Montaj-Hizmetleri\/638389736272668\" \/>\n<meta property=\"article:modified_time\" content=\"2020-03-05T08:54:22+00:00\" \/>\n<meta name=\"twitter:card\" content=\"summary_large_image\" \/>\n<meta name=\"twitter:site\" content=\"@CevikKonnektor\" \/>\n<meta name=\"twitter:label1\" content=\"Est. reading time\" \/>\n\t<meta name=\"twitter:data1\" content=\"1 minute\" \/>\n<script type=\"application\/ld+json\" class=\"yoast-schema-graph\">{\"@context\":\"https:\/\/schema.org\",\"@graph\":[{\"@type\":\"WebSite\",\"@id\":\"https:\/\/cevikltd.com.tr\/#website\",\"url\":\"https:\/\/cevikltd.com.tr\/\",\"name\":\"\u00c7evik Ba\u011flant\u0131 Teknolojileri\",\"description\":\"Teknolojiye Ba\u011flant\u0131 Noktan\u0131z\",\"potentialAction\":[{\"@type\":\"SearchAction\",\"target\":{\"@type\":\"EntryPoint\",\"urlTemplate\":\"https:\/\/cevikltd.com.tr\/?s={search_term_string}\"},\"query-input\":\"required name=search_term_string\"}],\"inLanguage\":\"en-US\"},{\"@type\":\"WebPage\",\"@id\":\"https:\/\/cevikltd.com.tr\/en\/partners\/others\/lk-connectors\/#webpage\",\"url\":\"https:\/\/cevikltd.com.tr\/en\/partners\/others\/lk-connectors\/\",\"name\":\"LK Connectors - \u00c7evik Ba\u011flant\u0131 Teknolojileri\",\"isPartOf\":{\"@id\":\"https:\/\/cevikltd.com.tr\/#website\"},\"datePublished\":\"2020-03-05T08:44:49+00:00\",\"dateModified\":\"2020-03-05T08:54:22+00:00\",\"breadcrumb\":{\"@id\":\"https:\/\/cevikltd.com.tr\/en\/partners\/others\/lk-connectors\/#breadcrumb\"},\"inLanguage\":\"en-US\",\"potentialAction\":[{\"@type\":\"ReadAction\",\"target\":[\"https:\/\/cevikltd.com.tr\/en\/partners\/others\/lk-connectors\/\"]}]},{\"@type\":\"BreadcrumbList\",\"@id\":\"https:\/\/cevikltd.com.tr\/en\/partners\/others\/lk-connectors\/#breadcrumb\",\"itemListElement\":[{\"@type\":\"ListItem\",\"position\":1,\"name\":\"Ana sayfa\",\"item\":\"https:\/\/cevikltd.com.tr\/en\/\"},{\"@type\":\"ListItem\",\"position\":2,\"name\":\"Partners\",\"item\":\"https:\/\/cevikltd.com.tr\/en\/partners\/\"},{\"@type\":\"ListItem\",\"position\":3,\"name\":\"Others\",\"item\":\"https:\/\/cevikltd.com.tr\/en\/partners\/others\/\"},{\"@type\":\"ListItem\",\"position\":4,\"name\":\"LK Connectors\"}]}]}<\/script>\n<!-- \/ Yoast SEO plugin. -->","yoast_head_json":{"title":"LK Connectors - \u00c7evik Ba\u011flant\u0131 Teknolojileri","robots":{"index":"index","follow":"follow","max-snippet":"max-snippet:-1","max-image-preview":"max-image-preview:large","max-video-preview":"max-video-preview:-1"},"canonical":"https:\/\/cevikltd.com.tr\/en\/partners\/others\/lk-connectors\/","og_locale":"en_US","og_type":"article","og_title":"LK Connectors - \u00c7evik Ba\u011flant\u0131 Teknolojileri","og_description":"[vc_row padding_top=&#8221;&#8221;][vc_column][vc_single_image image=&#8221;397&#8243; img_size=&#8221;medium&#8221; style=&#8221;vc_box_outline&#8221; animation=&#8221;animate-when-visible&#8221; css_animation=&#8221;el-fade&#8221;][vc_column_text]Power Link Power Link tek kontakl\u0131 konnekt\u00f6r serisi, en a\u011f\u0131r \u00e7al\u0131\u015fma \u015fartlar\u0131 alt\u0131nda en g\u00fcvenli ve g\u00fcvenilir \u00f6zellikleriyle g\u00fc\u00e7 da\u011f\u0131t\u0131m sistemlerinde kullan\u0131lmak i\u00e7in tasarlanm\u0131\u015ft\u0131r. Power Link konnekt\u00f6rlerin standart uygulamalar\u0131 3-faz motorlar, jenerat\u00f6rler, g\u00fc\u00e7 depolama sistemleri ve da\u011f\u0131t\u0131c\u0131 panelleridir. Bu konnekt\u00f6rler ayn\u0131 zamanda Powerlock serisi ile birebir uyumludur. LKA Audio Multipin MIL-C-5015 standart\u0131nda olan LKA [&hellip;]","og_url":"https:\/\/cevikltd.com.tr\/en\/partners\/others\/lk-connectors\/","og_site_name":"\u00c7evik Ba\u011flant\u0131 Teknolojileri","article_publisher":"https:\/\/www.facebook.com\/pages\/%c3%87evik-Konnekt%c3%b6r-ve-Kablo-Montaj-Hizmetleri\/638389736272668","article_modified_time":"2020-03-05T08:54:22+00:00","twitter_card":"summary_large_image","twitter_site":"@CevikKonnektor","twitter_misc":{"Est. reading time":"1 minute"},"schema":{"@context":"https:\/\/schema.org","@graph":[{"@type":"WebSite","@id":"https:\/\/cevikltd.com.tr\/#website","url":"https:\/\/cevikltd.com.tr\/","name":"\u00c7evik Ba\u011flant\u0131 Teknolojileri","description":"Teknolojiye Ba\u011flant\u0131 Noktan\u0131z","potentialAction":[{"@type":"SearchAction","target":{"@type":"EntryPoint","urlTemplate":"https:\/\/cevikltd.com.tr\/?s={search_term_string}"},"query-input":"required name=search_term_string"}],"inLanguage":"en-US"},{"@type":"WebPage","@id":"https:\/\/cevikltd.com.tr\/en\/partners\/others\/lk-connectors\/#webpage","url":"https:\/\/cevikltd.com.tr\/en\/partners\/others\/lk-connectors\/","name":"LK Connectors - \u00c7evik Ba\u011flant\u0131 Teknolojileri","isPartOf":{"@id":"https:\/\/cevikltd.com.tr\/#website"},"datePublished":"2020-03-05T08:44:49+00:00","dateModified":"2020-03-05T08:54:22+00:00","breadcrumb":{"@id":"https:\/\/cevikltd.com.tr\/en\/partners\/others\/lk-connectors\/#breadcrumb"},"inLanguage":"en-US","potentialAction":[{"@type":"ReadAction","target":["https:\/\/cevikltd.com.tr\/en\/partners\/others\/lk-connectors\/"]}]},{"@type":"BreadcrumbList","@id":"https:\/\/cevikltd.com.tr\/en\/partners\/others\/lk-connectors\/#breadcrumb","itemListElement":[{"@type":"ListItem","position":1,"name":"Ana sayfa","item":"https:\/\/cevikltd.com.tr\/en\/"},{"@type":"ListItem","position":2,"name":"Partners","item":"https:\/\/cevikltd.com.tr\/en\/partners\/"},{"@type":"ListItem","position":3,"name":"Others","item":"https:\/\/cevikltd.com.tr\/en\/partners\/others\/"},{"@type":"ListItem","position":4,"name":"LK Connectors"}]}]}},"jetpack_sharing_enabled":true,"jetpack_shortlink":"https:\/\/wp.me\/P9xcy2-17o","_links":{"self":[{"href":"https:\/\/cevikltd.com.tr\/en\/wp-json\/wp\/v2\/pages\/4302"}],"collection":[{"href":"https:\/\/cevikltd.com.tr\/en\/wp-json\/wp\/v2\/pages"}],"about":[{"href":"https:\/\/cevikltd.com.tr\/en\/wp-json\/wp\/v2\/types\/page"}],"author":[{"embeddable":true,"href":"https:\/\/cevikltd.com.tr\/en\/wp-json\/wp\/v2\/users\/1"}],"replies":[{"embeddable":true,"href":"https:\/\/cevikltd.com.tr\/en\/wp-json\/wp\/v2\/comments?post=4302"}],"version-history":[{"count":1,"href":"https:\/\/cevikltd.com.tr\/en\/wp-json\/wp\/v2\/pages\/4302\/revisions"}],"predecessor-version":[{"id":4303,"href":"https:\/\/cevikltd.com.tr\/en\/wp-json\/wp\/v2\/pages\/4302\/revisions\/4303"}],"up":[{"embeddable":true,"href":"https:\/\/cevikltd.com.tr\/en\/wp-json\/wp\/v2\/pages\/1794"}],"wp:attachment":[{"href":"https:\/\/cevikltd.com.tr\/en\/wp-json\/wp\/v2\/media?parent=4302"}],"curies":[{"name":"wp","href":"https:\/\/api.w.org\/{rel}","templated":true}]}}