{"id":4304,"date":"2020-03-05T11:45:16","date_gmt":"2020-03-05T08:45:16","guid":{"rendered":"https:\/\/cevikltd.com.tr\/partners\/others\/precise-tool\/"},"modified":"2020-04-17T15:09:59","modified_gmt":"2020-04-17T12:09:59","slug":"precise-tool","status":"publish","type":"page","link":"https:\/\/cevikltd.com.tr\/en\/partners\/others\/precise-tool\/","title":{"rendered":"Precise Tool"},"content":{"rendered":"<p>[vc_row padding_top=&#8221;&#8221;][vc_column][vc_single_image image=&#8221;398&#8243; img_size=&#8221;medium&#8221; style=&#8221;vc_box_outline&#8221; animation=&#8221;animate-when-visible&#8221; css_animation=&#8221;el-fade&#8221;][vc_column_text]Our heart and soul is comprised of more than our technology and resources. Our team \u2013 our community \u2013 is what makes Precise Tool extraordinary.<\/p>\n<p>Precise Tool\u00a0 is a user-centric, advanced crimping solusion company with headquarters in Jiaxing China. Our global team leverages the talents of leading thinkers and passionate creators from the technology and space industries to bring premium, intuitive, and seamlessly connected electric wired solution to industry worldwide.<\/p>\n<h4>Precise Tool Turkey<\/h4>\n<p>Please click <a href=\"https:\/\/cevikltd.com.tr\/en\/\" target=\"_blank\" rel=\"noopener noreferrer\">here<\/a> to get more information about \u00c7evik.<\/p>\n<p>Please send an email to info@cevikltd.com.tr or contact our customer service to get an offer or more information.<\/p>\n<p>&nbsp;<\/p>\n<table style=\"height: 264px;\" width=\"433\">\n<tbody>\n<tr>\n<td width=\"124\">PRECISE PART NUMBER<\/td>\n<td width=\"446\">DESCRIPTION<\/td>\n<\/tr>\n<tr>\n<td width=\"124\">YJQ-W2A<\/td>\n<td>CRIMPING TOOL<\/td>\n<\/tr>\n<tr>\n<td width=\"124\">M300<\/td>\n<td width=\"446\">CRIMPING TOOL<\/td>\n<\/tr>\n<tr>\n<td width=\"124\">YJQ-W1A<\/td>\n<td>CRIMPING TOOL<\/td>\n<\/tr>\n<tr>\n<td width=\"124\">SK2\/2<\/td>\n<td>POSITIONER<\/td>\n<\/tr>\n<tr>\n<td width=\"124\">YJQ-W7A<\/td>\n<td>CRIMPING TOOL<\/td>\n<\/tr>\n<tr>\n<td width=\"124\">86-37<\/td>\n<td>POSITIONER<\/td>\n<\/tr>\n<tr>\n<td width=\"124\">UH2-5<\/td>\n<td>POSITIONER<\/td>\n<\/tr>\n<\/tbody>\n<\/table>\n<p>[\/vc_column_text][\/vc_column][\/vc_row]<\/p>\n","protected":false},"excerpt":{"rendered":"<p>[vc_row padding_top=&#8221;&#8221;][vc_column][vc_single_image image=&#8221;398&#8243; img_size=&#8221;medium&#8221; style=&#8221;vc_box_outline&#8221; animation=&#8221;animate-when-visible&#8221; css_animation=&#8221;el-fade&#8221;][vc_column_text]Our heart and soul is comprised of more than our technology and resources. Our team \u2013 our community \u2013 is what makes Precise Tool extraordinary. Precise Tool\u00a0 is a user-centric, advanced crimping solusion company with headquarters in Jiaxing China. Our global team leverages the talents of leading thinkers and passionate creators from the technology [&hellip;]<\/p>\n","protected":false},"author":1,"featured_media":0,"parent":1794,"menu_order":8,"comment_status":"closed","ping_status":"closed","template":"","meta":{"spay_email":""},"yoast_head":"<!-- This site is optimized with the Yoast SEO plugin v18.5 - https:\/\/yoast.com\/wordpress\/plugins\/seo\/ -->\n<title>Precise Tool - \u00c7evik Ba\u011flant\u0131 Teknolojileri<\/title>\n<meta name=\"description\" content=\"\u00c7evik provides Turkey delivery service with best price,excellent technical support and fast shipping for the products of Precise Tool.\" \/>\n<meta name=\"robots\" content=\"index, follow, max-snippet:-1, max-image-preview:large, max-video-preview:-1\" \/>\n<link rel=\"canonical\" href=\"https:\/\/cevikltd.com.tr\/en\/partners\/others\/precise-tool\/\" \/>\n<meta property=\"og:locale\" content=\"en_US\" \/>\n<meta property=\"og:type\" content=\"article\" \/>\n<meta property=\"og:title\" content=\"Precise Tool - \u00c7evik Ba\u011flant\u0131 Teknolojileri\" \/>\n<meta property=\"og:description\" content=\"\u00c7evik provides Turkey delivery service with best price,excellent technical support and fast shipping for the products of Precise Tool.\" \/>\n<meta property=\"og:url\" content=\"https:\/\/cevikltd.com.tr\/en\/partners\/others\/precise-tool\/\" \/>\n<meta property=\"og:site_name\" content=\"\u00c7evik Ba\u011flant\u0131 Teknolojileri\" \/>\n<meta property=\"article:publisher\" content=\"https:\/\/www.facebook.com\/pages\/%c3%87evik-Konnekt%c3%b6r-ve-Kablo-Montaj-Hizmetleri\/638389736272668\" \/>\n<meta property=\"article:modified_time\" content=\"2020-04-17T12:09:59+00:00\" \/>\n<meta name=\"twitter:card\" content=\"summary_large_image\" \/>\n<meta name=\"twitter:site\" content=\"@CevikKonnektor\" \/>\n<meta name=\"twitter:label1\" content=\"Est. reading time\" \/>\n\t<meta name=\"twitter:data1\" content=\"1 minute\" \/>\n<script type=\"application\/ld+json\" class=\"yoast-schema-graph\">{\"@context\":\"https:\/\/schema.org\",\"@graph\":[{\"@type\":\"WebSite\",\"@id\":\"https:\/\/cevikltd.com.tr\/#website\",\"url\":\"https:\/\/cevikltd.com.tr\/\",\"name\":\"\u00c7evik Ba\u011flant\u0131 Teknolojileri\",\"description\":\"Teknolojiye Ba\u011flant\u0131 Noktan\u0131z\",\"potentialAction\":[{\"@type\":\"SearchAction\",\"target\":{\"@type\":\"EntryPoint\",\"urlTemplate\":\"https:\/\/cevikltd.com.tr\/?s={search_term_string}\"},\"query-input\":\"required name=search_term_string\"}],\"inLanguage\":\"en-US\"},{\"@type\":\"WebPage\",\"@id\":\"https:\/\/cevikltd.com.tr\/en\/partners\/others\/precise-tool\/#webpage\",\"url\":\"https:\/\/cevikltd.com.tr\/en\/partners\/others\/precise-tool\/\",\"name\":\"Precise Tool - \u00c7evik Ba\u011flant\u0131 Teknolojileri\",\"isPartOf\":{\"@id\":\"https:\/\/cevikltd.com.tr\/#website\"},\"datePublished\":\"2020-03-05T08:45:16+00:00\",\"dateModified\":\"2020-04-17T12:09:59+00:00\",\"description\":\"\u00c7evik provides Turkey delivery service with best price,excellent technical support and fast shipping for the products of Precise Tool.\",\"breadcrumb\":{\"@id\":\"https:\/\/cevikltd.com.tr\/en\/partners\/others\/precise-tool\/#breadcrumb\"},\"inLanguage\":\"en-US\",\"potentialAction\":[{\"@type\":\"ReadAction\",\"target\":[\"https:\/\/cevikltd.com.tr\/en\/partners\/others\/precise-tool\/\"]}]},{\"@type\":\"BreadcrumbList\",\"@id\":\"https:\/\/cevikltd.com.tr\/en\/partners\/others\/precise-tool\/#breadcrumb\",\"itemListElement\":[{\"@type\":\"ListItem\",\"position\":1,\"name\":\"Ana sayfa\",\"item\":\"https:\/\/cevikltd.com.tr\/en\/\"},{\"@type\":\"ListItem\",\"position\":2,\"name\":\"Partners\",\"item\":\"https:\/\/cevikltd.com.tr\/en\/partners\/\"},{\"@type\":\"ListItem\",\"position\":3,\"name\":\"Others\",\"item\":\"https:\/\/cevikltd.com.tr\/en\/partners\/others\/\"},{\"@type\":\"ListItem\",\"position\":4,\"name\":\"Precise Tool\"}]}]}<\/script>\n<!-- \/ Yoast SEO plugin. -->","yoast_head_json":{"title":"Precise Tool - \u00c7evik Ba\u011flant\u0131 Teknolojileri","description":"\u00c7evik provides Turkey delivery service with best price,excellent technical support and fast shipping for the products of Precise Tool.","robots":{"index":"index","follow":"follow","max-snippet":"max-snippet:-1","max-image-preview":"max-image-preview:large","max-video-preview":"max-video-preview:-1"},"canonical":"https:\/\/cevikltd.com.tr\/en\/partners\/others\/precise-tool\/","og_locale":"en_US","og_type":"article","og_title":"Precise Tool - \u00c7evik Ba\u011flant\u0131 Teknolojileri","og_description":"\u00c7evik provides Turkey delivery service with best price,excellent technical support and fast shipping for the products of Precise Tool.","og_url":"https:\/\/cevikltd.com.tr\/en\/partners\/others\/precise-tool\/","og_site_name":"\u00c7evik Ba\u011flant\u0131 Teknolojileri","article_publisher":"https:\/\/www.facebook.com\/pages\/%c3%87evik-Konnekt%c3%b6r-ve-Kablo-Montaj-Hizmetleri\/638389736272668","article_modified_time":"2020-04-17T12:09:59+00:00","twitter_card":"summary_large_image","twitter_site":"@CevikKonnektor","twitter_misc":{"Est. reading time":"1 minute"},"schema":{"@context":"https:\/\/schema.org","@graph":[{"@type":"WebSite","@id":"https:\/\/cevikltd.com.tr\/#website","url":"https:\/\/cevikltd.com.tr\/","name":"\u00c7evik Ba\u011flant\u0131 Teknolojileri","description":"Teknolojiye Ba\u011flant\u0131 Noktan\u0131z","potentialAction":[{"@type":"SearchAction","target":{"@type":"EntryPoint","urlTemplate":"https:\/\/cevikltd.com.tr\/?s={search_term_string}"},"query-input":"required name=search_term_string"}],"inLanguage":"en-US"},{"@type":"WebPage","@id":"https:\/\/cevikltd.com.tr\/en\/partners\/others\/precise-tool\/#webpage","url":"https:\/\/cevikltd.com.tr\/en\/partners\/others\/precise-tool\/","name":"Precise Tool - \u00c7evik Ba\u011flant\u0131 Teknolojileri","isPartOf":{"@id":"https:\/\/cevikltd.com.tr\/#website"},"datePublished":"2020-03-05T08:45:16+00:00","dateModified":"2020-04-17T12:09:59+00:00","description":"\u00c7evik provides Turkey delivery service with best price,excellent technical support and fast shipping for the products of Precise Tool.","breadcrumb":{"@id":"https:\/\/cevikltd.com.tr\/en\/partners\/others\/precise-tool\/#breadcrumb"},"inLanguage":"en-US","potentialAction":[{"@type":"ReadAction","target":["https:\/\/cevikltd.com.tr\/en\/partners\/others\/precise-tool\/"]}]},{"@type":"BreadcrumbList","@id":"https:\/\/cevikltd.com.tr\/en\/partners\/others\/precise-tool\/#breadcrumb","itemListElement":[{"@type":"ListItem","position":1,"name":"Ana sayfa","item":"https:\/\/cevikltd.com.tr\/en\/"},{"@type":"ListItem","position":2,"name":"Partners","item":"https:\/\/cevikltd.com.tr\/en\/partners\/"},{"@type":"ListItem","position":3,"name":"Others","item":"https:\/\/cevikltd.com.tr\/en\/partners\/others\/"},{"@type":"ListItem","position":4,"name":"Precise Tool"}]}]}},"jetpack_sharing_enabled":true,"jetpack_shortlink":"https:\/\/wp.me\/P9xcy2-17q","_links":{"self":[{"href":"https:\/\/cevikltd.com.tr\/en\/wp-json\/wp\/v2\/pages\/4304"}],"collection":[{"href":"https:\/\/cevikltd.com.tr\/en\/wp-json\/wp\/v2\/pages"}],"about":[{"href":"https:\/\/cevikltd.com.tr\/en\/wp-json\/wp\/v2\/types\/page"}],"author":[{"embeddable":true,"href":"https:\/\/cevikltd.com.tr\/en\/wp-json\/wp\/v2\/users\/1"}],"replies":[{"embeddable":true,"href":"https:\/\/cevikltd.com.tr\/en\/wp-json\/wp\/v2\/comments?post=4304"}],"version-history":[{"count":3,"href":"https:\/\/cevikltd.com.tr\/en\/wp-json\/wp\/v2\/pages\/4304\/revisions"}],"predecessor-version":[{"id":4971,"href":"https:\/\/cevikltd.com.tr\/en\/wp-json\/wp\/v2\/pages\/4304\/revisions\/4971"}],"up":[{"embeddable":true,"href":"https:\/\/cevikltd.com.tr\/en\/wp-json\/wp\/v2\/pages\/1794"}],"wp:attachment":[{"href":"https:\/\/cevikltd.com.tr\/en\/wp-json\/wp\/v2\/media?parent=4304"}],"curies":[{"name":"wp","href":"https:\/\/api.w.org\/{rel}","templated":true}]}}