{"id":4310,"date":"2020-03-05T11:46:26","date_gmt":"2020-03-05T08:46:26","guid":{"rendered":"https:\/\/cevikltd.com.tr\/partners\/others\/suntone\/"},"modified":"2020-04-17T15:26:59","modified_gmt":"2020-04-17T12:26:59","slug":"suntone","status":"publish","type":"page","link":"https:\/\/cevikltd.com.tr\/en\/partners\/others\/suntone\/","title":{"rendered":"Suntone"},"content":{"rendered":"<p>[vc_row padding_top=&#8221;&#8221;][vc_column][vc_single_image image=&#8221;400&#8243; img_size=&#8221;medium&#8221; style=&#8221;vc_box_outline&#8221; animation=&#8221;animate-when-visible&#8221; css_animation=&#8221;el-fade&#8221;][vc_column_text]Shanghai Suntone Electronic Co., Ltd. is a Taiwan-capital enterprise, was founded in 2001. The company is specialty at design development and production in the field of Industrial automation, connector and cable processing. Most of the company\u2019s products by IS9001, CE, UL, CSA, TUV, RoHS products quality certification. We own the complete advanced Production and Testing equipments, good research and develepment, standard of quaility system and the quick response capability. We always provides high-quality heartfelt service and make all efforts to meet clients\u2019 demands, continuously improve our service system and facilities.<\/p>\n<h4>Suntone Turkey<\/h4>\n<p>\u00c7evik is not authorized distributor of Suntone. However, \u00c7evik has special collaboration with Global Distributors and in this way \u00c7evik provides Turkey delivery service for Suntone Servo Motor Connectors.<\/p>\n<p>Please click <a href=\"https:\/\/cevikltd.com.tr\/en\/\" target=\"_blank\" rel=\"noopener noreferrer\">here<\/a> to get more information about \u00c7evik.<\/p>\n<p>Please send an email to info@cevikltd.com.tr or contact our customer service to get an offer or more information.[\/vc_column_text][\/vc_column][\/vc_row]<\/p>\n","protected":false},"excerpt":{"rendered":"<p>[vc_row padding_top=&#8221;&#8221;][vc_column][vc_single_image image=&#8221;400&#8243; img_size=&#8221;medium&#8221; style=&#8221;vc_box_outline&#8221; animation=&#8221;animate-when-visible&#8221; css_animation=&#8221;el-fade&#8221;][vc_column_text]Shanghai Suntone Electronic Co., Ltd. is a Taiwan-capital enterprise, was founded in 2001. The company is specialty at design development and production in the field of Industrial automation, connector and cable processing. Most of the company\u2019s products by IS9001, CE, UL, CSA, TUV, RoHS products quality certification. We own the complete advanced Production and [&hellip;]<\/p>\n","protected":false},"author":1,"featured_media":0,"parent":1794,"menu_order":10,"comment_status":"closed","ping_status":"closed","template":"","meta":{"spay_email":""},"yoast_head":"<!-- This site is optimized with the Yoast SEO plugin v18.5 - https:\/\/yoast.com\/wordpress\/plugins\/seo\/ -->\n<title>Suntone - \u00c7evik Ba\u011flant\u0131 Teknolojileri<\/title>\n<meta name=\"description\" content=\"\u00c7evik provides Turkey delivery service with best price,excellent technical support and fast shipping for Suntone Servo Motor Connectors.\" \/>\n<meta name=\"robots\" content=\"index, follow, max-snippet:-1, max-image-preview:large, max-video-preview:-1\" \/>\n<link rel=\"canonical\" href=\"https:\/\/cevikltd.com.tr\/en\/partners\/others\/suntone\/\" \/>\n<meta property=\"og:locale\" content=\"en_US\" \/>\n<meta property=\"og:type\" content=\"article\" \/>\n<meta property=\"og:title\" content=\"Suntone - \u00c7evik Ba\u011flant\u0131 Teknolojileri\" \/>\n<meta property=\"og:description\" content=\"\u00c7evik provides Turkey delivery service with best price,excellent technical support and fast shipping for Suntone Servo Motor Connectors.\" \/>\n<meta property=\"og:url\" content=\"https:\/\/cevikltd.com.tr\/en\/partners\/others\/suntone\/\" \/>\n<meta property=\"og:site_name\" content=\"\u00c7evik Ba\u011flant\u0131 Teknolojileri\" \/>\n<meta property=\"article:publisher\" content=\"https:\/\/www.facebook.com\/pages\/%c3%87evik-Konnekt%c3%b6r-ve-Kablo-Montaj-Hizmetleri\/638389736272668\" \/>\n<meta property=\"article:modified_time\" content=\"2020-04-17T12:26:59+00:00\" \/>\n<meta name=\"twitter:card\" content=\"summary_large_image\" \/>\n<meta name=\"twitter:site\" content=\"@CevikKonnektor\" \/>\n<meta name=\"twitter:label1\" content=\"Est. reading time\" \/>\n\t<meta name=\"twitter:data1\" content=\"1 minute\" \/>\n<script type=\"application\/ld+json\" class=\"yoast-schema-graph\">{\"@context\":\"https:\/\/schema.org\",\"@graph\":[{\"@type\":\"WebSite\",\"@id\":\"https:\/\/cevikltd.com.tr\/#website\",\"url\":\"https:\/\/cevikltd.com.tr\/\",\"name\":\"\u00c7evik Ba\u011flant\u0131 Teknolojileri\",\"description\":\"Teknolojiye Ba\u011flant\u0131 Noktan\u0131z\",\"potentialAction\":[{\"@type\":\"SearchAction\",\"target\":{\"@type\":\"EntryPoint\",\"urlTemplate\":\"https:\/\/cevikltd.com.tr\/?s={search_term_string}\"},\"query-input\":\"required name=search_term_string\"}],\"inLanguage\":\"en-US\"},{\"@type\":\"WebPage\",\"@id\":\"https:\/\/cevikltd.com.tr\/en\/partners\/others\/suntone\/#webpage\",\"url\":\"https:\/\/cevikltd.com.tr\/en\/partners\/others\/suntone\/\",\"name\":\"Suntone - \u00c7evik Ba\u011flant\u0131 Teknolojileri\",\"isPartOf\":{\"@id\":\"https:\/\/cevikltd.com.tr\/#website\"},\"datePublished\":\"2020-03-05T08:46:26+00:00\",\"dateModified\":\"2020-04-17T12:26:59+00:00\",\"description\":\"\u00c7evik provides Turkey delivery service with best price,excellent technical support and fast shipping for Suntone Servo Motor Connectors.\",\"breadcrumb\":{\"@id\":\"https:\/\/cevikltd.com.tr\/en\/partners\/others\/suntone\/#breadcrumb\"},\"inLanguage\":\"en-US\",\"potentialAction\":[{\"@type\":\"ReadAction\",\"target\":[\"https:\/\/cevikltd.com.tr\/en\/partners\/others\/suntone\/\"]}]},{\"@type\":\"BreadcrumbList\",\"@id\":\"https:\/\/cevikltd.com.tr\/en\/partners\/others\/suntone\/#breadcrumb\",\"itemListElement\":[{\"@type\":\"ListItem\",\"position\":1,\"name\":\"Ana sayfa\",\"item\":\"https:\/\/cevikltd.com.tr\/en\/\"},{\"@type\":\"ListItem\",\"position\":2,\"name\":\"Partners\",\"item\":\"https:\/\/cevikltd.com.tr\/en\/partners\/\"},{\"@type\":\"ListItem\",\"position\":3,\"name\":\"Others\",\"item\":\"https:\/\/cevikltd.com.tr\/en\/partners\/others\/\"},{\"@type\":\"ListItem\",\"position\":4,\"name\":\"Suntone\"}]}]}<\/script>\n<!-- \/ Yoast SEO plugin. -->","yoast_head_json":{"title":"Suntone - \u00c7evik Ba\u011flant\u0131 Teknolojileri","description":"\u00c7evik provides Turkey delivery service with best price,excellent technical support and fast shipping for Suntone Servo Motor Connectors.","robots":{"index":"index","follow":"follow","max-snippet":"max-snippet:-1","max-image-preview":"max-image-preview:large","max-video-preview":"max-video-preview:-1"},"canonical":"https:\/\/cevikltd.com.tr\/en\/partners\/others\/suntone\/","og_locale":"en_US","og_type":"article","og_title":"Suntone - \u00c7evik Ba\u011flant\u0131 Teknolojileri","og_description":"\u00c7evik provides Turkey delivery service with best price,excellent technical support and fast shipping for Suntone Servo Motor Connectors.","og_url":"https:\/\/cevikltd.com.tr\/en\/partners\/others\/suntone\/","og_site_name":"\u00c7evik Ba\u011flant\u0131 Teknolojileri","article_publisher":"https:\/\/www.facebook.com\/pages\/%c3%87evik-Konnekt%c3%b6r-ve-Kablo-Montaj-Hizmetleri\/638389736272668","article_modified_time":"2020-04-17T12:26:59+00:00","twitter_card":"summary_large_image","twitter_site":"@CevikKonnektor","twitter_misc":{"Est. reading time":"1 minute"},"schema":{"@context":"https:\/\/schema.org","@graph":[{"@type":"WebSite","@id":"https:\/\/cevikltd.com.tr\/#website","url":"https:\/\/cevikltd.com.tr\/","name":"\u00c7evik Ba\u011flant\u0131 Teknolojileri","description":"Teknolojiye Ba\u011flant\u0131 Noktan\u0131z","potentialAction":[{"@type":"SearchAction","target":{"@type":"EntryPoint","urlTemplate":"https:\/\/cevikltd.com.tr\/?s={search_term_string}"},"query-input":"required name=search_term_string"}],"inLanguage":"en-US"},{"@type":"WebPage","@id":"https:\/\/cevikltd.com.tr\/en\/partners\/others\/suntone\/#webpage","url":"https:\/\/cevikltd.com.tr\/en\/partners\/others\/suntone\/","name":"Suntone - \u00c7evik Ba\u011flant\u0131 Teknolojileri","isPartOf":{"@id":"https:\/\/cevikltd.com.tr\/#website"},"datePublished":"2020-03-05T08:46:26+00:00","dateModified":"2020-04-17T12:26:59+00:00","description":"\u00c7evik provides Turkey delivery service with best price,excellent technical support and fast shipping for Suntone Servo Motor Connectors.","breadcrumb":{"@id":"https:\/\/cevikltd.com.tr\/en\/partners\/others\/suntone\/#breadcrumb"},"inLanguage":"en-US","potentialAction":[{"@type":"ReadAction","target":["https:\/\/cevikltd.com.tr\/en\/partners\/others\/suntone\/"]}]},{"@type":"BreadcrumbList","@id":"https:\/\/cevikltd.com.tr\/en\/partners\/others\/suntone\/#breadcrumb","itemListElement":[{"@type":"ListItem","position":1,"name":"Ana sayfa","item":"https:\/\/cevikltd.com.tr\/en\/"},{"@type":"ListItem","position":2,"name":"Partners","item":"https:\/\/cevikltd.com.tr\/en\/partners\/"},{"@type":"ListItem","position":3,"name":"Others","item":"https:\/\/cevikltd.com.tr\/en\/partners\/others\/"},{"@type":"ListItem","position":4,"name":"Suntone"}]}]}},"jetpack_sharing_enabled":true,"jetpack_shortlink":"https:\/\/wp.me\/P9xcy2-17w","_links":{"self":[{"href":"https:\/\/cevikltd.com.tr\/en\/wp-json\/wp\/v2\/pages\/4310"}],"collection":[{"href":"https:\/\/cevikltd.com.tr\/en\/wp-json\/wp\/v2\/pages"}],"about":[{"href":"https:\/\/cevikltd.com.tr\/en\/wp-json\/wp\/v2\/types\/page"}],"author":[{"embeddable":true,"href":"https:\/\/cevikltd.com.tr\/en\/wp-json\/wp\/v2\/users\/1"}],"replies":[{"embeddable":true,"href":"https:\/\/cevikltd.com.tr\/en\/wp-json\/wp\/v2\/comments?post=4310"}],"version-history":[{"count":3,"href":"https:\/\/cevikltd.com.tr\/en\/wp-json\/wp\/v2\/pages\/4310\/revisions"}],"predecessor-version":[{"id":4979,"href":"https:\/\/cevikltd.com.tr\/en\/wp-json\/wp\/v2\/pages\/4310\/revisions\/4979"}],"up":[{"embeddable":true,"href":"https:\/\/cevikltd.com.tr\/en\/wp-json\/wp\/v2\/pages\/1794"}],"wp:attachment":[{"href":"https:\/\/cevikltd.com.tr\/en\/wp-json\/wp\/v2\/media?parent=4310"}],"curies":[{"name":"wp","href":"https:\/\/api.w.org\/{rel}","templated":true}]}}