{"id":4312,"date":"2020-03-05T11:47:01","date_gmt":"2020-03-05T08:47:01","guid":{"rendered":"https:\/\/cevikltd.com.tr\/partners\/others\/te-connectivity\/"},"modified":"2020-04-02T16:11:03","modified_gmt":"2020-04-02T13:11:03","slug":"te-connectivity","status":"publish","type":"page","link":"https:\/\/cevikltd.com.tr\/en\/partners\/others\/te-connectivity\/","title":{"rendered":"TE Connectivity"},"content":{"rendered":"<p>[vc_row padding_top=&#8221;&#8221;][vc_column][vc_single_image image=&#8221;1242&#8243; img_size=&#8221;medium&#8221; style=&#8221;vc_box_outline&#8221; animation=&#8221;animate-when-visible&#8221; css_animation=&#8221;el-fade&#8221;][vc_column_text]<\/p>\n<h3>TE Intercontec<\/h3>\n<p>Alan\u0131nda sekt\u00f6r lideri olan Intercontec, Servo Motor ve Robotik uygulamalar\u0131 ba\u015fta olmak \u00fczere bir\u00e7ok sekt\u00f6rde konnekt\u00f6r \u00e7\u00f6z\u00fcmleri sunmaktad\u0131r. Merkez \u00fcretim alan\u0131 ise Almanya Niederwinkling\u2019 de bulunmaktad\u0131r.<\/p>\n<p>\u00dcr\u00fcnlerin tamam\u0131 UL\/V0, VDE standard\u0131nda \u00fcretilmekte olup, konnekt\u00f6rler e\u015fle\u015ftirildi\u011finde IP67 koruma s\u0131n\u0131f\u0131na sahiptir. \u00d6zel uygulamalar i\u00e7in -50 \u00b0C ile 130 \u00b0C aras\u0131nda sorunsuz \u00e7al\u0131\u015fabilen IP69K \u00e7\u00f6z\u00fcmleri de bulunmaktad\u0131r.<\/p>\n<h4>\u00c7\u00f6z\u00fcm Sundu\u011fu Sekt\u00f6rler<\/h4>\n<ul>\n<li>S\u00fcr\u00fcc\u00fc Sistemleri<\/li>\n<li>Servo Motorlar<\/li>\n<li>Robotik<\/li>\n<li>M\u00fchendislik<\/li>\n<li>Otomasyon<\/li>\n<li>Mekatronik<\/li>\n<li>Medikal \/ Kimyasal<\/li>\n<li>Paketleme<\/li>\n<li>Havac\u0131l\u0131k<\/li>\n<\/ul>\n<p>[\/vc_column_text][\/vc_column][\/vc_row][vc_row padding_top=&#8221;&#8221;][vc_column][vc_accordion][vc_accordion_tab title=&#8221;Katalog ve D\u00f6k\u00fcmanlar (TE Intercontec)&#8221; icon=&#8221;angle-down&#8221; icon_closed=&#8221;angle-right&#8221;][vc_row_inner css=&#8221;.vc_custom_1510646959232{margin-top: 40px !important;}&#8221;][vc_column_inner width=&#8221;1\/4&#8243;][vc_single_image image=&#8221;2565&#8243; img_size=&#8221;full&#8221; style=&#8221;vc_box_outline&#8221;]<div class=\"text-left\"><a class=\"btn letter-spacing-50 with-icon btn-default hover-tip\" href=\"http:\/\/cevikltd.com.tr\/filestore\/pdfs\/Intercontec615-915Series.pdf\" target=\"_blank\" data-toggle=\"tooltip\" data-original-title=\"Intercontec 615\/915 Series\" data-placement=\"top\"><i class=\"icon-download\" ><\/i> Download File<\/a><\/div>[\/vc_column_inner][vc_column_inner width=&#8221;1\/4&#8243;][vc_single_image image=&#8221;2568&#8243; img_size=&#8221;full&#8221; style=&#8221;vc_box_outline&#8221;]<div class=\"text-left\"><a class=\"btn letter-spacing-50 with-icon btn-default hover-tip\" href=\"http:\/\/cevikltd.com.tr\/filestore\/pdfs\/Intercontec617SeriesSignalConnectorsM17.pdf\" target=\"_blank\" data-toggle=\"tooltip\" data-original-title=\"Intercontec 617 Series Signal Connectors M17\" data-placement=\"top\"><i class=\"icon-download\" ><\/i> Download File<\/a><\/div>[\/vc_column_inner][vc_column_inner width=&#8221;1\/4&#8243;][vc_single_image image=&#8221;2592&#8243; img_size=&#8221;full&#8221; style=&#8221;vc_box_outline&#8221;]<div class=\"text-left\"><a class=\"btn letter-spacing-50 with-icon btn-default hover-tip\" href=\"http:\/\/cevikltd.com.tr\/filestore\/pdfs\/Intercontec958SeriesPowerConnectorsM58.pdf\" target=\"_blank\" data-toggle=\"tooltip\" data-original-title=\"Intercontec 958 Series Power Connectors M58\" data-placement=\"top\"><i class=\"icon-download\" ><\/i> Download File<\/a><\/div>[\/vc_column_inner][vc_column_inner width=&#8221;1\/4&#8243;][vc_single_image image=&#8221;2589&#8243; img_size=&#8221;full&#8221; style=&#8221;vc_box_outline&#8221;]<div class=\"text-left\"><a class=\"btn letter-spacing-50 with-icon btn-default hover-tip\" href=\"http:\/\/cevikltd.com.tr\/filestore\/pdfs\/Intercontec940SeriesPowerConnectorsM40.pdf\" target=\"_blank\" data-toggle=\"tooltip\" data-original-title=\"Intercontec 940 Series Power Connectors M40\" data-placement=\"top\"><i class=\"icon-download\" ><\/i> Download File<\/a><\/div>[\/vc_column_inner][\/vc_row_inner][vc_row_inner css=&#8221;.vc_custom_1510646959232{margin-top: 40px !important;}&#8221;][vc_column_inner width=&#8221;1\/4&#8243;][vc_single_image image=&#8221;2586&#8243; img_size=&#8221;full&#8221; style=&#8221;vc_box_outline&#8221;]<div class=\"text-left\"><a class=\"btn letter-spacing-50 with-icon btn-default hover-tip\" href=\"http:\/\/cevikltd.com.tr\/filestore\/pdfs\/Intercontec923SeriesPowerConnectorsM23.pdf\" target=\"_blank\" data-toggle=\"tooltip\" data-original-title=\"Intercontec 923 Series Power Connectors M23\" data-placement=\"top\"><i class=\"icon-download\" ><\/i> Download File<\/a><\/div>[\/vc_column_inner][vc_column_inner width=&#8221;1\/4&#8243;][vc_single_image image=&#8221;2583&#8243; img_size=&#8221;full&#8221; style=&#8221;vc_box_outline&#8221;]<div class=\"text-left\"><a class=\"btn letter-spacing-50 with-icon btn-default hover-tip\" href=\"http:\/\/cevikltd.com.tr\/filestore\/pdfs\/Intercontec917SeriesPowerConnectorsM17.pdf\" target=\"_blank\" data-toggle=\"tooltip\" data-original-title=\"Intercontec 917 Series Power Connectors M17\" data-placement=\"top\"><i class=\"icon-download\" ><\/i> Download File<\/a><\/div>[\/vc_column_inner][vc_column_inner width=&#8221;1\/4&#8243;][vc_single_image image=&#8221;2580&#8243; img_size=&#8221;full&#8221; style=&#8221;vc_box_outline&#8221;]<div class=\"text-left\"><a class=\"btn letter-spacing-50 with-icon btn-default hover-tip\" href=\"http:\/\/cevikltd.com.tr\/filestore\/pdfs\/Intercontec740SeriesHybridConnectorsM40.pdf\" target=\"_blank\" data-toggle=\"tooltip\" data-original-title=\"Intercontec 740 Series Hybrid Connectors M40\" data-placement=\"top\"><i class=\"icon-download\" ><\/i> Download File<\/a><\/div>[\/vc_column_inner][vc_column_inner width=&#8221;1\/4&#8243;][vc_single_image image=&#8221;2571&#8243; img_size=&#8221;full&#8221; style=&#8221;vc_box_outline&#8221;]<div class=\"text-left\"><a class=\"btn letter-spacing-50 with-icon btn-default hover-tip\" href=\"http:\/\/cevikltd.com.tr\/filestore\/pdfs\/Intercontec623SeriesSignalConnectorsM23.pdf\" target=\"_blank\" data-toggle=\"tooltip\" data-original-title=\"Intercontec 623 Series Signal Connectors M23\" data-placement=\"top\"><i class=\"icon-download\" ><\/i> Download File<\/a><\/div>[\/vc_column_inner][\/vc_row_inner][vc_row_inner css=&#8221;.vc_custom_1510646959232{margin-top: 40px !important;}&#8221;][vc_column_inner width=&#8221;1\/4&#8243;][vc_single_image image=&#8221;2577&#8243; img_size=&#8221;full&#8221; style=&#8221;vc_box_outline&#8221;]<div class=\"text-left\"><a class=\"btn letter-spacing-50 with-icon btn-default hover-tip\" href=\"http:\/\/cevikltd.com.tr\/filestore\/pdfs\/Intercontec723SeriesHybridConnectorsM23htec.pdf\" target=\"_blank\" data-toggle=\"tooltip\" data-original-title=\"Intercontec 723 Series Hybrid Connectors M23 htec\" data-placement=\"top\"><i class=\"icon-download\" ><\/i> Download File<\/a><\/div>[\/vc_column_inner][vc_column_inner width=&#8221;1\/4&#8243;][vc_single_image image=&#8221;2574&#8243; img_size=&#8221;full&#8221; style=&#8221;vc_box_outline&#8221;]<div class=\"text-left\"><a class=\"btn letter-spacing-50 with-icon btn-default hover-tip\" href=\"http:\/\/cevikltd.com.tr\/filestore\/pdfs\/Intercontec627SeriesSignalConnectorsM27.pdf\" target=\"_blank\" data-toggle=\"tooltip\" data-original-title=\"Intercontec 627 Series Signal Connectors M27\" data-placement=\"top\"><i class=\"icon-download\" ><\/i> Download File<\/a><\/div>[\/vc_column_inner][vc_column_inner width=&#8221;1\/4&#8243;][vc_single_image image=&#8221;2595&#8243; img_size=&#8221;full&#8221; style=&#8221;vc_box_outline&#8221;]<div class=\"text-left\"><a class=\"btn letter-spacing-50 with-icon btn-default hover-tip\" href=\"http:\/\/cevikltd.com.tr\/filestore\/pdfs\/IntercontecQuickReferenceGuide.pdf\" target=\"_blank\" data-toggle=\"tooltip\" data-original-title=\"Intercontec Quick Reference Guide\" data-placement=\"top\"><i class=\"icon-download\" ><\/i> Download File<\/a><\/div>[\/vc_column_inner][vc_column_inner width=&#8221;1\/4&#8243;][\/vc_column_inner][\/vc_row_inner][\/vc_accordion_tab][\/vc_accordion][\/vc_column][\/vc_row][vc_row][vc_column][vc_column_text]<\/p>\n<h3>TE Connectivity<\/h3>\n<p>TE Connectivity Ltd. designs and manufactures connectivity and sensor solutions for a variety of industries including automotive, industrial equipment, data communication systems, aerospace, defense, oil and gas, consumer electronics, energy and subsea communications. The company serves customers in more than 150 countries.<\/p>\n<div id=\"descriptionCollapse\" class=\"in\">When built with rugged connectors and sensors, smart applications can deliver always-on, next-generation connectivity that works safely and reliably under extreme temperature, pressure, and vibration. With TE\u2019s rugged solutions, you can effectively connect, detect, and protect the flow of data, power, and signal \u2013 without interruption, and with more efficiency.<\/div>\n<p>[\/vc_column_text][\/vc_column][\/vc_row][vc_row][vc_column][vc_accordion][vc_accordion_tab title=&#8221;Katalog ve D\u00f6k\u00fcmanlar (TE Connectivity)&#8221; icon=&#8221;angle-down&#8221; icon_closed=&#8221;angle-right&#8221;][vc_row_inner css=&#8221;.vc_custom_1510646959232{margin-top: 40px !important;}&#8221;][vc_column_inner width=&#8221;1\/4&#8243;][vc_single_image image=&#8221;1534&#8243; img_size=&#8221;full&#8221; style=&#8221;vc_box_outline&#8221;]<div class=\"text-left\"><a class=\"btn letter-spacing-50 with-icon btn-default hover-tip\" href=\"http:\/\/cevikltd.com.tr\/filestore\/pdfs\/TERaychemTubingProducts.pdf\" target=\"_blank\" data-toggle=\"tooltip\" data-original-title=\"TE Raychem Tubing Products\" data-placement=\"top\"><i class=\"icon-download\" ><\/i> Download File<\/a><\/div>[\/vc_column_inner][vc_column_inner width=&#8221;1\/4&#8243;][vc_single_image image=&#8221;1533&#8243; img_size=&#8221;full&#8221; style=&#8221;vc_box_outline&#8221;]<div class=\"text-left\"><a class=\"btn letter-spacing-50 with-icon btn-default hover-tip\" href=\"http:\/\/cevikltd.com.tr\/filestore\/pdfs\/TERaychemInstaliteLightweightBraid.pdf\" target=\"_blank\" data-toggle=\"tooltip\" data-original-title=\"TE Raychem Instalite Lightweight Braid\" data-placement=\"top\"><i class=\"icon-download\" ><\/i> Download File<\/a><\/div>[\/vc_column_inner][vc_column_inner width=&#8221;1\/4&#8243;][vc_single_image image=&#8221;1535&#8243; img_size=&#8221;full&#8221; style=&#8221;vc_box_outline&#8221;]<div class=\"text-left\"><a class=\"btn letter-spacing-50 with-icon btn-default hover-tip\" href=\"http:\/\/cevikltd.com.tr\/filestore\/pdfs\/TERaychemWireandCables.pdf\" target=\"_blank\" data-toggle=\"tooltip\" data-original-title=\"TE Raychem Wire and Cables\" data-placement=\"top\"><i class=\"icon-download\" ><\/i> Download File<\/a><\/div>[\/vc_column_inner][vc_column_inner width=&#8221;1\/4&#8243;][vc_single_image image=&#8221;4663&#8243; img_size=&#8221;full&#8221; style=&#8221;vc_box_outline&#8221;]<div class=\"text-left\"><a class=\"btn letter-spacing-50 with-icon btn-default hover-tip\" href=\"http:\/\/cevikltd.com.tr\/filestore\/pdfs\/HEMS_overview_Nov_2012.pdf\" target=\"_blank\" data-toggle=\"tooltip\" data-original-title=\"HEMS Overview\" data-placement=\"top\"><i class=\"icon-download\" ><\/i> Download File<\/a><\/div>[\/vc_column_inner][\/vc_row_inner][vc_row_inner css=&#8221;.vc_custom_1510646959232{margin-top: 40px !important;}&#8221;][vc_column_inner width=&#8221;1\/4&#8243;][vc_single_image image=&#8221;4681&#8243; img_size=&#8221;full&#8221; style=&#8221;vc_box_outline&#8221;]<div class=\"text-left\"><a class=\"btn letter-spacing-50 with-icon btn-default hover-tip\" href=\"http:\/\/cevikltd.com.tr\/filestore\/pdfs\/TETH025ConnectorSeries.pdf\" target=\"_blank\" data-toggle=\"tooltip\" data-original-title=\"TH 025 Connector Series\" data-placement=\"top\"><i class=\"icon-download\" ><\/i> Download File<\/a><\/div>[\/vc_column_inner][vc_column_inner width=&#8221;1\/4&#8243;][vc_single_image image=&#8221;4678&#8243; img_size=&#8221;full&#8221; style=&#8221;vc_box_outline&#8221;]<div class=\"text-left\"><a class=\"btn letter-spacing-50 with-icon btn-default hover-tip\" href=\"http:\/\/cevikltd.com.tr\/filestore\/pdfs\/TESpecialCableSystems.pdf\" target=\"_blank\" data-toggle=\"tooltip\" data-original-title=\"Special Cable Systems\" data-placement=\"top\"><i class=\"icon-download\" ><\/i> Download File<\/a><\/div>[\/vc_column_inner][vc_column_inner width=&#8221;1\/4&#8243;][vc_single_image image=&#8221;4675&#8243; img_size=&#8221;full&#8221; style=&#8221;vc_box_outline&#8221;]<div class=\"text-left\"><a class=\"btn letter-spacing-50 with-icon btn-default hover-tip\" href=\"http:\/\/cevikltd.com.tr\/filestore\/pdfs\/TEMCON-1_2InterconnectionSystem.pdf\" target=\"_blank\" data-toggle=\"tooltip\" data-original-title=\"MCON-1.2 Interconnection System\" data-placement=\"top\"><i class=\"icon-download\" ><\/i> Download File<\/a><\/div>[\/vc_column_inner][vc_column_inner width=&#8221;1\/4&#8243;][vc_single_image image=&#8221;4672&#8243; img_size=&#8221;full&#8221; style=&#8221;vc_box_outline&#8221;]<div class=\"text-left\"><a class=\"btn letter-spacing-50 with-icon btn-default hover-tip\" href=\"http:\/\/cevikltd.com.tr\/filestore\/pdfs\/TEAMPSUPERSEAL1_0.pdf\" target=\"_blank\" data-toggle=\"tooltip\" data-original-title=\"AMP Superseal 1.0\" data-placement=\"top\"><i class=\"icon-download\" ><\/i> Download File<\/a><\/div>[\/vc_column_inner][\/vc_row_inner][vc_row_inner css=&#8221;.vc_custom_1510646959232{margin-top: 40px !important;}&#8221;][vc_column_inner width=&#8221;1\/4&#8243;][vc_single_image image=&#8221;4669&#8243; img_size=&#8221;full&#8221; style=&#8221;vc_box_outline&#8221;]<div class=\"text-left\"><a class=\"btn letter-spacing-50 with-icon btn-default hover-tip\" href=\"http:\/\/cevikltd.com.tr\/filestore\/pdfs\/TEAMPSEALSealedConnectors.pdf\" target=\"_blank\" data-toggle=\"tooltip\" data-original-title=\"AMPSEAL Sealed Connectors\" data-placement=\"top\"><i class=\"icon-download\" ><\/i> Download File<\/a><\/div>[\/vc_column_inner][vc_column_inner width=&#8221;1\/4&#8243;][vc_single_image image=&#8221;4666&#8243; img_size=&#8221;full&#8221; style=&#8221;vc_box_outline&#8221;]<div class=\"text-left\"><a class=\"btn letter-spacing-50 with-icon btn-default hover-tip\" href=\"http:\/\/cevikltd.com.tr\/filestore\/pdfs\/TEAMPSEAL16Connectors.pdf\" target=\"_blank\" data-toggle=\"tooltip\" data-original-title=\"AMPSEAL 16 Connectors\" data-placement=\"top\"><i class=\"icon-download\" ><\/i> Download File<\/a><\/div>[\/vc_column_inner][vc_column_inner width=&#8221;1\/4&#8243;][\/vc_column_inner][vc_column_inner width=&#8221;1\/4&#8243;][\/vc_column_inner][\/vc_row_inner][\/vc_accordion_tab][\/vc_accordion][\/vc_column][\/vc_row][vc_row][vc_column]\n\t<div class=\"news-focus\">\n\t<div class=\"kleo-tabs tabbable\" data-interval=\"0\">\n\t\t\t<ul class=\"nav nav-tabs responsive-tabs tabs-style-line\"><li class=\"active\"><a href=\"#tab-\" data-toggle=\"tab\" onclick=\"return false;\"><\/a><\/li><\/ul>\n<div class=\"tab-content\">\n\t\t\t\n\t\t\t<div id=\"tab-\" class=\"tab-pane active\">\n\t\t\t\t<div class=\"row\"><div class=\"col-sm-6\"><div class=\"posts-listing standard-listing with-meta inline-meta\">\n                    <article id=\"post-4766\" class=\"post-4766 post type-post status-publish format-standard has-post-thumbnail hentry category-blog tag-cables tag-defence tag-military tag-military-cables tag-te-connectivity\">\n                        <div class=\"post-content animated animate-when-almost-visible el-appear\">\n\n                            <div class=\"article-media clearfix\">\n                                <div class=\"post-image\"><a href=\"https:\/\/cevikltd.com.tr\/en\/m81044-series-wire\/\" class=\"element-wrap\"><img src=\"https:\/\/cevikltd.com.tr\/wp-content\/uploads\/2020\/04\/M81044-Series-Wire-480x270.jpg\" alt=\"M81044 Series Wire\"><span class=\"hover-element\"><i>+<\/i><\/span><\/a><\/div><!--end post-image-->                            <\/div>\n\n                            <h3 class=\"post-title entry-title\"><a href=\"https:\/\/cevikltd.com.tr\/en\/m81044-series-wire\/\" >M81044 Series Wire<\/a><\/h3>\n\n                            <div class=\"article-meta\">\n                                <span class=\"post-meta\">\n                                    <small class=\"meta-author author vcard\"><a class=\"url fn n\" href=\"https:\/\/cevikltd.com.tr\/en\/author\/betul\/\" title=\"View all POSTS by Bet\u00fcl Soylu\" rel=\"author\"> <span class=\"author-name\">Bet\u00fcl Soylu<\/span><\/a><\/small>, <small><a href=\"https:\/\/cevikltd.com.tr\/en\/m81044-series-wire\/\" rel=\"bookmark\" class=\"post-time\"><time class=\"entry-date\" datetime=\"2020-05-19T01:23:37+03:00\">19 May 2020<\/time><time class=\"modify-date hide hidden updated\" datetime=\"2020-05-19T01:23:58+03:00\">19 May 2020<\/time><\/a><\/small>, <small class=\"meta-category\"><a href=\"https:\/\/cevikltd.com.tr\/en\/category\/blog\/\" rel=\"category tag\">Blog<\/a>, <a href=\"https:\/\/cevikltd.com.tr\/en\/tag\/cables\/\" rel=\"tag\">Cables<\/a>, <a href=\"https:\/\/cevikltd.com.tr\/en\/tag\/defence\/\" rel=\"tag\">Defence<\/a>, <a href=\"https:\/\/cevikltd.com.tr\/en\/tag\/military\/\" rel=\"tag\">Military<\/a>, <a href=\"https:\/\/cevikltd.com.tr\/en\/tag\/military-cables\/\" rel=\"tag\">Military Cables<\/a>, <a href=\"https:\/\/cevikltd.com.tr\/en\/tag\/te-connectivity\/\" rel=\"tag\">TE Connectivity<\/a><\/small>, <small class=\"meta-comment-count\"><a href=\"https:\/\/cevikltd.com.tr\/en\/m81044-series-wire\/#comments\">0 <i class=\"icon-chat-1 hover-tip\" data-original-title=\"This article has 0 comments\" data-toggle=\"tooltip\" data-placement=\"top\"><\/i><\/a><\/small>                                <\/span>\n                            <\/div>\n\n                            <div class=\"entry-summary\">\n                                                                    <p>M81044 Series wire stranded tin coated copper. Military and airframe applications where high density cabling and harnessing are required....<\/p>                                                            <\/div><!-- .entry-summary -->\n\n                        <\/div>\n                    <\/article>\n\n                    \n                        <\/div> <!-- .posts-listing -->\n                    <\/div> <!-- .col-sm-6 -->\n\n                    <div class=\"col-sm-6\">\n                        <div class=\"posts-listing left-thumb-listing\">\n\n                    \n                    <\/div><\/div><\/div>\n\t\t\t<\/div> <\/div>\n\t<\/div> <\/div>[\/vc_column][\/vc_row]<\/p>\n","protected":false},"excerpt":{"rendered":"<p>[vc_row padding_top=&#8221;&#8221;][vc_column][vc_single_image image=&#8221;1242&#8243; img_size=&#8221;medium&#8221; style=&#8221;vc_box_outline&#8221; animation=&#8221;animate-when-visible&#8221; css_animation=&#8221;el-fade&#8221;][vc_column_text] TE Intercontec Alan\u0131nda sekt\u00f6r lideri olan Intercontec, Servo Motor ve Robotik uygulamalar\u0131 ba\u015fta olmak \u00fczere bir\u00e7ok sekt\u00f6rde konnekt\u00f6r \u00e7\u00f6z\u00fcmleri sunmaktad\u0131r. Merkez \u00fcretim alan\u0131 ise Almanya Niederwinkling\u2019 de bulunmaktad\u0131r. \u00dcr\u00fcnlerin tamam\u0131 UL\/V0, VDE standard\u0131nda \u00fcretilmekte olup, konnekt\u00f6rler e\u015fle\u015ftirildi\u011finde IP67 koruma s\u0131n\u0131f\u0131na sahiptir. \u00d6zel uygulamalar i\u00e7in -50 \u00b0C ile 130 \u00b0C aras\u0131nda sorunsuz \u00e7al\u0131\u015fabilen IP69K [&hellip;]<\/p>\n","protected":false},"author":1,"featured_media":0,"parent":1794,"menu_order":10,"comment_status":"closed","ping_status":"closed","template":"","meta":{"spay_email":""},"yoast_head":"<!-- This site is optimized with the Yoast SEO plugin v18.5 - https:\/\/yoast.com\/wordpress\/plugins\/seo\/ -->\n<title>TE Connectivity - \u00c7evik Ba\u011flant\u0131 Teknolojileri<\/title>\n<meta name=\"description\" content=\"TE rugged solutions, you can effectively connect, detect, and protect the flow of data, power, and signal \u2013 without interruption, and with more efficiency.\" \/>\n<meta name=\"robots\" content=\"index, follow, max-snippet:-1, max-image-preview:large, max-video-preview:-1\" \/>\n<link rel=\"canonical\" href=\"https:\/\/cevikltd.com.tr\/en\/partners\/others\/te-connectivity\/\" \/>\n<meta property=\"og:locale\" content=\"en_US\" \/>\n<meta property=\"og:type\" content=\"article\" \/>\n<meta property=\"og:title\" content=\"TE Connectivity - \u00c7evik Ba\u011flant\u0131 Teknolojileri\" \/>\n<meta property=\"og:description\" content=\"TE rugged solutions, you can effectively connect, detect, and protect the flow of data, power, and signal \u2013 without interruption, and with more efficiency.\" \/>\n<meta property=\"og:url\" content=\"https:\/\/cevikltd.com.tr\/en\/partners\/others\/te-connectivity\/\" \/>\n<meta property=\"og:site_name\" content=\"\u00c7evik Ba\u011flant\u0131 Teknolojileri\" \/>\n<meta property=\"article:publisher\" content=\"https:\/\/www.facebook.com\/pages\/%c3%87evik-Konnekt%c3%b6r-ve-Kablo-Montaj-Hizmetleri\/638389736272668\" \/>\n<meta property=\"article:modified_time\" content=\"2020-04-02T13:11:03+00:00\" \/>\n<meta name=\"twitter:card\" content=\"summary_large_image\" \/>\n<meta name=\"twitter:site\" content=\"@CevikKonnektor\" \/>\n<meta name=\"twitter:label1\" content=\"Est. reading time\" \/>\n\t<meta name=\"twitter:data1\" content=\"8 minutes\" \/>\n<script type=\"application\/ld+json\" class=\"yoast-schema-graph\">{\"@context\":\"https:\/\/schema.org\",\"@graph\":[{\"@type\":\"WebSite\",\"@id\":\"https:\/\/cevikltd.com.tr\/#website\",\"url\":\"https:\/\/cevikltd.com.tr\/\",\"name\":\"\u00c7evik Ba\u011flant\u0131 Teknolojileri\",\"description\":\"Teknolojiye Ba\u011flant\u0131 Noktan\u0131z\",\"potentialAction\":[{\"@type\":\"SearchAction\",\"target\":{\"@type\":\"EntryPoint\",\"urlTemplate\":\"https:\/\/cevikltd.com.tr\/?s={search_term_string}\"},\"query-input\":\"required name=search_term_string\"}],\"inLanguage\":\"en-US\"},{\"@type\":\"WebPage\",\"@id\":\"https:\/\/cevikltd.com.tr\/en\/partners\/others\/te-connectivity\/#webpage\",\"url\":\"https:\/\/cevikltd.com.tr\/en\/partners\/others\/te-connectivity\/\",\"name\":\"TE Connectivity - \u00c7evik Ba\u011flant\u0131 Teknolojileri\",\"isPartOf\":{\"@id\":\"https:\/\/cevikltd.com.tr\/#website\"},\"datePublished\":\"2020-03-05T08:47:01+00:00\",\"dateModified\":\"2020-04-02T13:11:03+00:00\",\"description\":\"TE rugged solutions, you can effectively connect, detect, and protect the flow of data, power, and signal \u2013 without interruption, and with more efficiency.\",\"breadcrumb\":{\"@id\":\"https:\/\/cevikltd.com.tr\/en\/partners\/others\/te-connectivity\/#breadcrumb\"},\"inLanguage\":\"en-US\",\"potentialAction\":[{\"@type\":\"ReadAction\",\"target\":[\"https:\/\/cevikltd.com.tr\/en\/partners\/others\/te-connectivity\/\"]}]},{\"@type\":\"BreadcrumbList\",\"@id\":\"https:\/\/cevikltd.com.tr\/en\/partners\/others\/te-connectivity\/#breadcrumb\",\"itemListElement\":[{\"@type\":\"ListItem\",\"position\":1,\"name\":\"Ana sayfa\",\"item\":\"https:\/\/cevikltd.com.tr\/en\/\"},{\"@type\":\"ListItem\",\"position\":2,\"name\":\"Partners\",\"item\":\"https:\/\/cevikltd.com.tr\/en\/partners\/\"},{\"@type\":\"ListItem\",\"position\":3,\"name\":\"Others\",\"item\":\"https:\/\/cevikltd.com.tr\/en\/partners\/others\/\"},{\"@type\":\"ListItem\",\"position\":4,\"name\":\"TE Connectivity\"}]}]}<\/script>\n<!-- \/ Yoast SEO plugin. -->","yoast_head_json":{"title":"TE Connectivity - \u00c7evik Ba\u011flant\u0131 Teknolojileri","description":"TE rugged solutions, you can effectively connect, detect, and protect the flow of data, power, and signal \u2013 without interruption, and with more efficiency.","robots":{"index":"index","follow":"follow","max-snippet":"max-snippet:-1","max-image-preview":"max-image-preview:large","max-video-preview":"max-video-preview:-1"},"canonical":"https:\/\/cevikltd.com.tr\/en\/partners\/others\/te-connectivity\/","og_locale":"en_US","og_type":"article","og_title":"TE Connectivity - \u00c7evik Ba\u011flant\u0131 Teknolojileri","og_description":"TE rugged solutions, you can effectively connect, detect, and protect the flow of data, power, and signal \u2013 without interruption, and with more efficiency.","og_url":"https:\/\/cevikltd.com.tr\/en\/partners\/others\/te-connectivity\/","og_site_name":"\u00c7evik Ba\u011flant\u0131 Teknolojileri","article_publisher":"https:\/\/www.facebook.com\/pages\/%c3%87evik-Konnekt%c3%b6r-ve-Kablo-Montaj-Hizmetleri\/638389736272668","article_modified_time":"2020-04-02T13:11:03+00:00","twitter_card":"summary_large_image","twitter_site":"@CevikKonnektor","twitter_misc":{"Est. reading time":"8 minutes"},"schema":{"@context":"https:\/\/schema.org","@graph":[{"@type":"WebSite","@id":"https:\/\/cevikltd.com.tr\/#website","url":"https:\/\/cevikltd.com.tr\/","name":"\u00c7evik Ba\u011flant\u0131 Teknolojileri","description":"Teknolojiye Ba\u011flant\u0131 Noktan\u0131z","potentialAction":[{"@type":"SearchAction","target":{"@type":"EntryPoint","urlTemplate":"https:\/\/cevikltd.com.tr\/?s={search_term_string}"},"query-input":"required name=search_term_string"}],"inLanguage":"en-US"},{"@type":"WebPage","@id":"https:\/\/cevikltd.com.tr\/en\/partners\/others\/te-connectivity\/#webpage","url":"https:\/\/cevikltd.com.tr\/en\/partners\/others\/te-connectivity\/","name":"TE Connectivity - \u00c7evik Ba\u011flant\u0131 Teknolojileri","isPartOf":{"@id":"https:\/\/cevikltd.com.tr\/#website"},"datePublished":"2020-03-05T08:47:01+00:00","dateModified":"2020-04-02T13:11:03+00:00","description":"TE rugged solutions, you can effectively connect, detect, and protect the flow of data, power, and signal \u2013 without interruption, and with more efficiency.","breadcrumb":{"@id":"https:\/\/cevikltd.com.tr\/en\/partners\/others\/te-connectivity\/#breadcrumb"},"inLanguage":"en-US","potentialAction":[{"@type":"ReadAction","target":["https:\/\/cevikltd.com.tr\/en\/partners\/others\/te-connectivity\/"]}]},{"@type":"BreadcrumbList","@id":"https:\/\/cevikltd.com.tr\/en\/partners\/others\/te-connectivity\/#breadcrumb","itemListElement":[{"@type":"ListItem","position":1,"name":"Ana sayfa","item":"https:\/\/cevikltd.com.tr\/en\/"},{"@type":"ListItem","position":2,"name":"Partners","item":"https:\/\/cevikltd.com.tr\/en\/partners\/"},{"@type":"ListItem","position":3,"name":"Others","item":"https:\/\/cevikltd.com.tr\/en\/partners\/others\/"},{"@type":"ListItem","position":4,"name":"TE Connectivity"}]}]}},"jetpack_sharing_enabled":true,"jetpack_shortlink":"https:\/\/wp.me\/P9xcy2-17y","_links":{"self":[{"href":"https:\/\/cevikltd.com.tr\/en\/wp-json\/wp\/v2\/pages\/4312"}],"collection":[{"href":"https:\/\/cevikltd.com.tr\/en\/wp-json\/wp\/v2\/pages"}],"about":[{"href":"https:\/\/cevikltd.com.tr\/en\/wp-json\/wp\/v2\/types\/page"}],"author":[{"embeddable":true,"href":"https:\/\/cevikltd.com.tr\/en\/wp-json\/wp\/v2\/users\/1"}],"replies":[{"embeddable":true,"href":"https:\/\/cevikltd.com.tr\/en\/wp-json\/wp\/v2\/comments?post=4312"}],"version-history":[{"count":2,"href":"https:\/\/cevikltd.com.tr\/en\/wp-json\/wp\/v2\/pages\/4312\/revisions"}],"predecessor-version":[{"id":4690,"href":"https:\/\/cevikltd.com.tr\/en\/wp-json\/wp\/v2\/pages\/4312\/revisions\/4690"}],"up":[{"embeddable":true,"href":"https:\/\/cevikltd.com.tr\/en\/wp-json\/wp\/v2\/pages\/1794"}],"wp:attachment":[{"href":"https:\/\/cevikltd.com.tr\/en\/wp-json\/wp\/v2\/media?parent=4312"}],"curies":[{"name":"wp","href":"https:\/\/api.w.org\/{rel}","templated":true}]}}