{"id":4325,"date":"2020-03-05T12:18:15","date_gmt":"2020-03-05T09:18:15","guid":{"rendered":"https:\/\/cevikltd.com.tr\/partners\/others\/xmultiple\/"},"modified":"2020-03-05T12:18:44","modified_gmt":"2020-03-05T09:18:44","slug":"xmultiple","status":"publish","type":"page","link":"https:\/\/cevikltd.com.tr\/en\/partners\/others\/xmultiple\/","title":{"rendered":"Xmultiple"},"content":{"rendered":"<p>[vc_row padding_top=&#8221;&#8221;][vc_column][vc_single_image image=&#8221;405&#8243; img_size=&#8221;medium&#8221; style=&#8221;vc_box_outline&#8221; animation=&#8221;animate-when-visible&#8221; css_animation=&#8221;el-fade&#8221;][vc_column_text]Xmultiple hassas aray\u00fczl\u00fc konnekt\u00f6r ve bile\u015fen \u00fcretimi yapar. Xmultiple Technologies ba\u011flant\u0131l\u0131 \u00e7\u00f6z\u00fcm \u00fcr\u00fcleri geli\u015ftirme \u00fczerine uzmanla\u015fm\u0131\u015ft\u0131r. Konnekt\u00f6r \u00fcr\u00fcnlerimiz aras\u0131nda RJ konnekt\u00f6rler, SATA\/eSATA, SIM kart konnekt\u00f6r\u00fc, SD kard konnekt\u00f6r, USB konnekt\u00f6r, HDMI konnekt\u00f6r, Headers, Ribbon konnekt\u00f6rleri, RF konnekt\u00f6rleri\/d\u00f6n\u00fc\u015ft\u00fcc\u00fcleri, Combo konnekt\u00f6rler, DC Power, AC Socket ve integer bile\u015fenli RJ magnetik konnekt\u00f6rler bulunmaktad\u0131r.<\/p>\n<p>Xmultiple&#8217;\u0131n X-SMART konnekt\u00f6r serisinde kombo konnekt\u00f6rl\u00fc RJ\/MicroSD, USB\/MicroSD, HDMI\/MicroSD, eSata\/MicroSD ve ak\u0131ll\u0131 telefon, tablet bilgisayarlar, masa\u00fcst\u00fc bilgisayarlar, laptoplar, notebook ve telekom\u00fcnikasyon malzemeleri, a\u011f malzemeleri, video malzemeleri ve \u00e7o\u011fu mobil cihazlar bulunmaktad\u0131r.<\/p>\n<p>Bile\u015fen \u00fcr\u00fcn listemizde LAN Mod\u00fcller, g\u00fc\u00e7 ind\u00fckt\u00f6rleri, bobinler ve y\u00fcksek h\u0131zl\u0131 d\u00f6n\u00fc\u015ft\u00fcr\u00fcc\u00fcler de bulunmaktad\u0131r. Konnekt\u00f6r end\u00fcstrisi doygunlu\u011fa ula\u015fm\u0131\u015f bir end\u00fcstridir. D\u00fcnya genelinde konnekt\u00f6r end\u00fcstrisi 2012 y\u0131l\u0131nda %30 art\u0131\u015f g\u00f6stermi\u015ftir. Masa\u00fcst\u00fc bilgisayar konnekt\u00f6r marketinin b\u00fcy\u00fck \u00f6l\u00e7ekli uluslararas\u0131 \u015firketler taraf\u0131ndan nomine edilmi\u015ftir. \u0130leri d\u00fczeyli \u00fcr\u00fcn beklentisi, y\u00fcksek h\u0131z, yararl\u0131 ve ba\u011flanabilirlik gibi \u00f6zellikler konnekt\u00f6r \u00fcretim end\u00fcstrisinin gidi\u015fat\u0131n\u0131 belirleyen \u00f6zelliklerdir. 2017 y\u0131l\u0131 i\u00e7in \u00f6ng\u00f6r\u00fclen pazar b\u00fct\u00e7esi ortalama y\u0131ll\u0131k 4.8% ile toplamda 60 milyar dolard\u0131r.<\/p>\n<p>Tablet ve masa\u00fcst\u00fc bilgisayar pazar\u0131 konnekt\u00f6r ve bile\u015fenleri i\u00e7in h\u0131zl\u0131 b\u00fcy\u00fcme ivmesi katmaktad\u0131r. Konnekt\u00f6rler mobil telefonlar\u0131n \u00f6nemli bir par\u00e7as\u0131d\u0131r ve kalitesi ve dayan\u0131kl\u0131l\u0131\u011f\u0131 do\u011frudan mobil telefonun kalitesini etkiler. Konnekt\u00f6rler otomobil, bilgisayar, telekom\u00fcnikasyon, \u00fcretim, elektronik, havac\u0131l\u0131k ve askeri olmak \u00fczere geni\u015f kullan\u0131m alan\u0131na sahiptir. Xmultiple d\u00fcnya \u00e7ap\u0131nda t\u00fcm end\u00fcstrilerin ihtiya\u00e7lar\u0131na ve uygulamalar\u0131na cevap verecek \u00fcretici niteli\u011findedir.[\/vc_column_text][\/vc_column][\/vc_row]<\/p>\n","protected":false},"excerpt":{"rendered":"<p>[vc_row padding_top=&#8221;&#8221;][vc_column][vc_single_image image=&#8221;405&#8243; img_size=&#8221;medium&#8221; style=&#8221;vc_box_outline&#8221; animation=&#8221;animate-when-visible&#8221; css_animation=&#8221;el-fade&#8221;][vc_column_text]Xmultiple hassas aray\u00fczl\u00fc konnekt\u00f6r ve bile\u015fen \u00fcretimi yapar. Xmultiple Technologies ba\u011flant\u0131l\u0131 \u00e7\u00f6z\u00fcm \u00fcr\u00fcleri geli\u015ftirme \u00fczerine uzmanla\u015fm\u0131\u015ft\u0131r. Konnekt\u00f6r \u00fcr\u00fcnlerimiz aras\u0131nda RJ konnekt\u00f6rler, SATA\/eSATA, SIM kart konnekt\u00f6r\u00fc, SD kard konnekt\u00f6r, USB konnekt\u00f6r, HDMI konnekt\u00f6r, Headers, Ribbon konnekt\u00f6rleri, RF konnekt\u00f6rleri\/d\u00f6n\u00fc\u015ft\u00fcc\u00fcleri, Combo konnekt\u00f6rler, DC Power, AC Socket ve integer bile\u015fenli RJ magnetik konnekt\u00f6rler bulunmaktad\u0131r. Xmultiple&#8217;\u0131n X-SMART konnekt\u00f6r serisinde [&hellip;]<\/p>\n","protected":false},"author":1,"featured_media":0,"parent":1794,"menu_order":16,"comment_status":"closed","ping_status":"closed","template":"","meta":{"spay_email":""},"yoast_head":"<!-- This site is optimized with the Yoast SEO plugin v18.5 - https:\/\/yoast.com\/wordpress\/plugins\/seo\/ -->\n<title>Xmultiple - \u00c7evik Ba\u011flant\u0131 Teknolojileri<\/title>\n<meta name=\"robots\" content=\"index, follow, max-snippet:-1, max-image-preview:large, max-video-preview:-1\" \/>\n<link rel=\"canonical\" href=\"https:\/\/cevikltd.com.tr\/en\/partners\/others\/xmultiple\/\" \/>\n<meta property=\"og:locale\" content=\"en_US\" \/>\n<meta property=\"og:type\" content=\"article\" \/>\n<meta property=\"og:title\" content=\"Xmultiple - \u00c7evik Ba\u011flant\u0131 Teknolojileri\" \/>\n<meta property=\"og:description\" content=\"[vc_row padding_top=&#8221;&#8221;][vc_column][vc_single_image image=&#8221;405&#8243; img_size=&#8221;medium&#8221; style=&#8221;vc_box_outline&#8221; animation=&#8221;animate-when-visible&#8221; css_animation=&#8221;el-fade&#8221;][vc_column_text]Xmultiple hassas aray\u00fczl\u00fc konnekt\u00f6r ve bile\u015fen \u00fcretimi yapar. Xmultiple Technologies ba\u011flant\u0131l\u0131 \u00e7\u00f6z\u00fcm \u00fcr\u00fcleri geli\u015ftirme \u00fczerine uzmanla\u015fm\u0131\u015ft\u0131r. Konnekt\u00f6r \u00fcr\u00fcnlerimiz aras\u0131nda RJ konnekt\u00f6rler, SATA\/eSATA, SIM kart konnekt\u00f6r\u00fc, SD kard konnekt\u00f6r, USB konnekt\u00f6r, HDMI konnekt\u00f6r, Headers, Ribbon konnekt\u00f6rleri, RF konnekt\u00f6rleri\/d\u00f6n\u00fc\u015ft\u00fcc\u00fcleri, Combo konnekt\u00f6rler, DC Power, AC Socket ve integer bile\u015fenli RJ magnetik konnekt\u00f6rler bulunmaktad\u0131r. Xmultiple&#8217;\u0131n X-SMART konnekt\u00f6r serisinde [&hellip;]\" \/>\n<meta property=\"og:url\" content=\"https:\/\/cevikltd.com.tr\/en\/partners\/others\/xmultiple\/\" \/>\n<meta property=\"og:site_name\" content=\"\u00c7evik Ba\u011flant\u0131 Teknolojileri\" \/>\n<meta property=\"article:publisher\" content=\"https:\/\/www.facebook.com\/pages\/%c3%87evik-Konnekt%c3%b6r-ve-Kablo-Montaj-Hizmetleri\/638389736272668\" \/>\n<meta property=\"article:modified_time\" content=\"2020-03-05T09:18:44+00:00\" \/>\n<meta name=\"twitter:card\" content=\"summary_large_image\" \/>\n<meta name=\"twitter:site\" content=\"@CevikKonnektor\" \/>\n<meta name=\"twitter:label1\" content=\"Est. reading time\" \/>\n\t<meta name=\"twitter:data1\" content=\"2 minutes\" \/>\n<script type=\"application\/ld+json\" class=\"yoast-schema-graph\">{\"@context\":\"https:\/\/schema.org\",\"@graph\":[{\"@type\":\"WebSite\",\"@id\":\"https:\/\/cevikltd.com.tr\/#website\",\"url\":\"https:\/\/cevikltd.com.tr\/\",\"name\":\"\u00c7evik Ba\u011flant\u0131 Teknolojileri\",\"description\":\"Teknolojiye Ba\u011flant\u0131 Noktan\u0131z\",\"potentialAction\":[{\"@type\":\"SearchAction\",\"target\":{\"@type\":\"EntryPoint\",\"urlTemplate\":\"https:\/\/cevikltd.com.tr\/?s={search_term_string}\"},\"query-input\":\"required name=search_term_string\"}],\"inLanguage\":\"en-US\"},{\"@type\":\"WebPage\",\"@id\":\"https:\/\/cevikltd.com.tr\/en\/partners\/others\/xmultiple\/#webpage\",\"url\":\"https:\/\/cevikltd.com.tr\/en\/partners\/others\/xmultiple\/\",\"name\":\"Xmultiple - \u00c7evik Ba\u011flant\u0131 Teknolojileri\",\"isPartOf\":{\"@id\":\"https:\/\/cevikltd.com.tr\/#website\"},\"datePublished\":\"2020-03-05T09:18:15+00:00\",\"dateModified\":\"2020-03-05T09:18:44+00:00\",\"breadcrumb\":{\"@id\":\"https:\/\/cevikltd.com.tr\/en\/partners\/others\/xmultiple\/#breadcrumb\"},\"inLanguage\":\"en-US\",\"potentialAction\":[{\"@type\":\"ReadAction\",\"target\":[\"https:\/\/cevikltd.com.tr\/en\/partners\/others\/xmultiple\/\"]}]},{\"@type\":\"BreadcrumbList\",\"@id\":\"https:\/\/cevikltd.com.tr\/en\/partners\/others\/xmultiple\/#breadcrumb\",\"itemListElement\":[{\"@type\":\"ListItem\",\"position\":1,\"name\":\"Ana sayfa\",\"item\":\"https:\/\/cevikltd.com.tr\/en\/\"},{\"@type\":\"ListItem\",\"position\":2,\"name\":\"Partners\",\"item\":\"https:\/\/cevikltd.com.tr\/en\/partners\/\"},{\"@type\":\"ListItem\",\"position\":3,\"name\":\"Others\",\"item\":\"https:\/\/cevikltd.com.tr\/en\/partners\/others\/\"},{\"@type\":\"ListItem\",\"position\":4,\"name\":\"Xmultiple\"}]}]}<\/script>\n<!-- \/ Yoast SEO plugin. -->","yoast_head_json":{"title":"Xmultiple - \u00c7evik Ba\u011flant\u0131 Teknolojileri","robots":{"index":"index","follow":"follow","max-snippet":"max-snippet:-1","max-image-preview":"max-image-preview:large","max-video-preview":"max-video-preview:-1"},"canonical":"https:\/\/cevikltd.com.tr\/en\/partners\/others\/xmultiple\/","og_locale":"en_US","og_type":"article","og_title":"Xmultiple - \u00c7evik Ba\u011flant\u0131 Teknolojileri","og_description":"[vc_row padding_top=&#8221;&#8221;][vc_column][vc_single_image image=&#8221;405&#8243; img_size=&#8221;medium&#8221; style=&#8221;vc_box_outline&#8221; animation=&#8221;animate-when-visible&#8221; css_animation=&#8221;el-fade&#8221;][vc_column_text]Xmultiple hassas aray\u00fczl\u00fc konnekt\u00f6r ve bile\u015fen \u00fcretimi yapar. Xmultiple Technologies ba\u011flant\u0131l\u0131 \u00e7\u00f6z\u00fcm \u00fcr\u00fcleri geli\u015ftirme \u00fczerine uzmanla\u015fm\u0131\u015ft\u0131r. Konnekt\u00f6r \u00fcr\u00fcnlerimiz aras\u0131nda RJ konnekt\u00f6rler, SATA\/eSATA, SIM kart konnekt\u00f6r\u00fc, SD kard konnekt\u00f6r, USB konnekt\u00f6r, HDMI konnekt\u00f6r, Headers, Ribbon konnekt\u00f6rleri, RF konnekt\u00f6rleri\/d\u00f6n\u00fc\u015ft\u00fcc\u00fcleri, Combo konnekt\u00f6rler, DC Power, AC Socket ve integer bile\u015fenli RJ magnetik konnekt\u00f6rler bulunmaktad\u0131r. Xmultiple&#8217;\u0131n X-SMART konnekt\u00f6r serisinde [&hellip;]","og_url":"https:\/\/cevikltd.com.tr\/en\/partners\/others\/xmultiple\/","og_site_name":"\u00c7evik Ba\u011flant\u0131 Teknolojileri","article_publisher":"https:\/\/www.facebook.com\/pages\/%c3%87evik-Konnekt%c3%b6r-ve-Kablo-Montaj-Hizmetleri\/638389736272668","article_modified_time":"2020-03-05T09:18:44+00:00","twitter_card":"summary_large_image","twitter_site":"@CevikKonnektor","twitter_misc":{"Est. reading time":"2 minutes"},"schema":{"@context":"https:\/\/schema.org","@graph":[{"@type":"WebSite","@id":"https:\/\/cevikltd.com.tr\/#website","url":"https:\/\/cevikltd.com.tr\/","name":"\u00c7evik Ba\u011flant\u0131 Teknolojileri","description":"Teknolojiye Ba\u011flant\u0131 Noktan\u0131z","potentialAction":[{"@type":"SearchAction","target":{"@type":"EntryPoint","urlTemplate":"https:\/\/cevikltd.com.tr\/?s={search_term_string}"},"query-input":"required name=search_term_string"}],"inLanguage":"en-US"},{"@type":"WebPage","@id":"https:\/\/cevikltd.com.tr\/en\/partners\/others\/xmultiple\/#webpage","url":"https:\/\/cevikltd.com.tr\/en\/partners\/others\/xmultiple\/","name":"Xmultiple - \u00c7evik Ba\u011flant\u0131 Teknolojileri","isPartOf":{"@id":"https:\/\/cevikltd.com.tr\/#website"},"datePublished":"2020-03-05T09:18:15+00:00","dateModified":"2020-03-05T09:18:44+00:00","breadcrumb":{"@id":"https:\/\/cevikltd.com.tr\/en\/partners\/others\/xmultiple\/#breadcrumb"},"inLanguage":"en-US","potentialAction":[{"@type":"ReadAction","target":["https:\/\/cevikltd.com.tr\/en\/partners\/others\/xmultiple\/"]}]},{"@type":"BreadcrumbList","@id":"https:\/\/cevikltd.com.tr\/en\/partners\/others\/xmultiple\/#breadcrumb","itemListElement":[{"@type":"ListItem","position":1,"name":"Ana sayfa","item":"https:\/\/cevikltd.com.tr\/en\/"},{"@type":"ListItem","position":2,"name":"Partners","item":"https:\/\/cevikltd.com.tr\/en\/partners\/"},{"@type":"ListItem","position":3,"name":"Others","item":"https:\/\/cevikltd.com.tr\/en\/partners\/others\/"},{"@type":"ListItem","position":4,"name":"Xmultiple"}]}]}},"jetpack_sharing_enabled":true,"jetpack_shortlink":"https:\/\/wp.me\/P9xcy2-17L","_links":{"self":[{"href":"https:\/\/cevikltd.com.tr\/en\/wp-json\/wp\/v2\/pages\/4325"}],"collection":[{"href":"https:\/\/cevikltd.com.tr\/en\/wp-json\/wp\/v2\/pages"}],"about":[{"href":"https:\/\/cevikltd.com.tr\/en\/wp-json\/wp\/v2\/types\/page"}],"author":[{"embeddable":true,"href":"https:\/\/cevikltd.com.tr\/en\/wp-json\/wp\/v2\/users\/1"}],"replies":[{"embeddable":true,"href":"https:\/\/cevikltd.com.tr\/en\/wp-json\/wp\/v2\/comments?post=4325"}],"version-history":[{"count":1,"href":"https:\/\/cevikltd.com.tr\/en\/wp-json\/wp\/v2\/pages\/4325\/revisions"}],"predecessor-version":[{"id":4326,"href":"https:\/\/cevikltd.com.tr\/en\/wp-json\/wp\/v2\/pages\/4325\/revisions\/4326"}],"up":[{"embeddable":true,"href":"https:\/\/cevikltd.com.tr\/en\/wp-json\/wp\/v2\/pages\/1794"}],"wp:attachment":[{"href":"https:\/\/cevikltd.com.tr\/en\/wp-json\/wp\/v2\/media?parent=4325"}],"curies":[{"name":"wp","href":"https:\/\/api.w.org\/{rel}","templated":true}]}}