{"id":48,"date":"2017-11-08T15:45:05","date_gmt":"2017-11-08T12:45:05","guid":{"rendered":"http:\/\/cevikltd.com.tr\/sectors\/"},"modified":"2020-03-03T17:01:07","modified_gmt":"2020-03-03T14:01:07","slug":"sectors","status":"publish","type":"page","link":"https:\/\/cevikltd.com.tr\/en\/sectors\/","title":{"rendered":"Sectors"},"content":{"rendered":"<p>[vc_row padding_top=&#8221;&#8221; padding_bottom=&#8221;30&#8243;][vc_column][vc_column_text]\u00c7evik offers high performance, robust and reliable connectors, cable, relay, fuses, switch, power supply, convertor, invertor, tubing, lighting and harness accessories having all requirement certificates in defence, transportation, commercial vehicles, railway and other applications.<\/p>\n<p>As a Distributor, \u00c7evik has developed key partnerships with world-class manufacturers whose products encompass MIL-SPEC and harsh environment industrial solutions. We stock a wide and deep variety of products which are suitable a lot of applications.[\/vc_column_text][\/vc_column][\/vc_row][vc_row content_placement=&#8221;middle&#8221; padding_top=&#8221;&#8221;][vc_column width=&#8221;1\/4&#8243;][vc_single_image image=&#8221;3776&#8243; img_size=&#8221;large&#8221; style=&#8221;vc_box_border_circle_2&#8243;][\/vc_column][vc_column width=&#8221;3\/4&#8243;][vc_custom_heading text=&#8221;Defence&#8221; google_fonts=&#8221;font_family:Abel%3Aregular|font_style:400%20regular%3A400%3Anormal&#8221; link=&#8221;url:https%3A%2F%2Fcevikltd.com.tr%2Fsektorler%2Fsavunma%2F|title:Savunma|target:%20_blank|&#8221;][vc_column_text]\u00c7evik offers high performance, robust and reliable connectors, cable, relay, fuses, switch, power supply, convertor, invertor, tubing, lighting and harness accessories having all requirement certificates in <strong>Defence<\/strong> applications.[\/vc_column_text][\/vc_column][\/vc_row][vc_row content_placement=&#8221;middle&#8221; padding_top=&#8221;&#8221;][vc_column width=&#8221;1\/4&#8243;][vc_single_image image=&#8221;3782&#8243; img_size=&#8221;large&#8221; style=&#8221;vc_box_border_circle_2&#8243;][\/vc_column][vc_column width=&#8221;3\/4&#8243;][vc_custom_heading text=&#8221;Commercial Vehicles&#8221; google_fonts=&#8221;font_family:Abel%3Aregular|font_style:400%20regular%3A400%3Anormal&#8221; link=&#8221;url:https%3A%2F%2Fcevikltd.com.tr%2Fsektorler%2Fticari-araclar%2F|title:Ticari%20Ara%C3%A7lar|target:%20_blank|&#8221;][vc_column_text]\u00c7evik offers high performance, robust and reliable connectors, cable, relay, fuses, switch, power supply, convertor, invertor, tubing, lighting and harness accessories having all requirement certificates in <strong>Commercial Vehicles<\/strong>\u00a0applications.[\/vc_column_text][\/vc_column][\/vc_row][vc_row content_placement=&#8221;middle&#8221; padding_top=&#8221;&#8221;][vc_column width=&#8221;1\/4&#8243;][vc_single_image image=&#8221;3867&#8243; img_size=&#8221;large&#8221; style=&#8221;vc_box_border_circle_2&#8243;][\/vc_column][vc_column width=&#8221;3\/4&#8243;][vc_custom_heading text=&#8221;Industrial&#8221; google_fonts=&#8221;font_family:Abel%3Aregular|font_style:400%20regular%3A400%3Anormal&#8221; link=&#8221;url:https%3A%2F%2Fcevikltd.com.tr%2Fsektorler%2Fendustriyel%2F|title:End%C3%BCstriyel|target:%20_blank|&#8221;][vc_column_text]\u00c7evik offers high performance, robust and reliable connectors, cable, relay, fuses, switch, power supply, convertor, invertor, tubing, lighting and harness accessories having all requirement certificates in <strong>Industrial<\/strong> applications.[\/vc_column_text][\/vc_column][\/vc_row][vc_row content_placement=&#8221;middle&#8221; padding_top=&#8221;&#8221;][vc_column width=&#8221;1\/4&#8243;][vc_single_image image=&#8221;3752&#8243; img_size=&#8221;large&#8221; style=&#8221;vc_box_border_circle_2&#8243;][\/vc_column][vc_column width=&#8221;3\/4&#8243;][vc_custom_heading text=&#8221;Railway&#8221; google_fonts=&#8221;font_family:Abel%3Aregular|font_style:400%20regular%3A400%3Anormal&#8221; link=&#8221;url:https%3A%2F%2Fcevikltd.com.tr%2Fsektorler%2Fdemiryolu%2F|title:Demiryolu|target:%20_blank|&#8221;][vc_column_text]\u00c7evik offers high performance, robust and reliable connectors, cable, relay, fuses, switch, power supply, convertor, invertor, tubing, lighting and harness accessories having all requirement certificates in Railway applications.[\/vc_column_text][\/vc_column][\/vc_row][vc_row content_placement=&#8221;middle&#8221; padding_top=&#8221;&#8221;][vc_column width=&#8221;1\/4&#8243;][vc_single_image image=&#8221;3779&#8243; img_size=&#8221;large&#8221; style=&#8221;vc_box_border_circle_2&#8243;][\/vc_column][vc_column width=&#8221;3\/4&#8243;][vc_custom_heading text=&#8221;Telecom&#8221; google_fonts=&#8221;font_family:Abel%3Aregular|font_style:400%20regular%3A400%3Anormal&#8221; link=&#8221;url:https%3A%2F%2Fcevikltd.com.tr%2Fsektorler%2Ftelekom%2F|title:Telekom|target:%20_blank|&#8221;][vc_column_text]\u00c7evik offers high performance, robust and reliable connectors, cable, relay, fuses, switch, power supply, convertor, invertor, tubing, lighting and harness accessories having all requirement certificates in <strong>Telecom<\/strong> applications.[\/vc_column_text][\/vc_column][\/vc_row][vc_row content_placement=&#8221;middle&#8221; padding_top=&#8221;&#8221;][vc_column width=&#8221;1\/4&#8243;][vc_single_image image=&#8221;3764&#8243; img_size=&#8221;large&#8221; style=&#8221;vc_box_border_circle_2&#8243;][\/vc_column][vc_column width=&#8221;3\/4&#8243;][vc_custom_heading text=&#8221;Medical&#8221; google_fonts=&#8221;font_family:Abel%3Aregular|font_style:400%20regular%3A400%3Anormal&#8221; link=&#8221;url:https%3A%2F%2Fcevikltd.com.tr%2Fsektorler%2Fmedikal%2F|title:Medikal|target:%20_blank|&#8221;][vc_column_text]\u00c7evik offers high performance, robust and reliable connectors, cable, relay, fuses, switch, power supply, convertor, invertor, tubing, lighting and harness accessories having all requirement certificates in <b>Medical <\/b>applications.[\/vc_column_text][\/vc_column][\/vc_row][vc_row content_placement=&#8221;middle&#8221; padding_top=&#8221;&#8221;][vc_column width=&#8221;1\/4&#8243;][vc_single_image image=&#8221;1275&#8243; img_size=&#8221;large&#8221; style=&#8221;vc_box_border_circle_2&#8243;][\/vc_column][vc_column width=&#8221;3\/4&#8243;][vc_custom_heading text=&#8221;Marin &amp;amp; Offshore&#8221; google_fonts=&#8221;font_family:Abel%3Aregular|font_style:400%20regular%3A400%3Anormal&#8221; link=&#8221;url:https%3A%2F%2Fcevikltd.com.tr%2Fsektorler%2Fmarin-offshore%2F|title:Marin%20%26%20Offshore|target:%20_blank|&#8221;][vc_column_text]\u00c7evik offers high performance, robust and reliable connectors, cable, relay, fuses, switch, power supply, convertor, invertor, tubing, lighting and harness accessories having all requirement certificates in <strong>Marin &amp; Offshore<\/strong> applications.<\/p>\n<p>r.[\/vc_column_text][\/vc_column][\/vc_row][vc_row content_placement=&#8221;middle&#8221; padding_top=&#8221;&#8221;][vc_column width=&#8221;1\/4&#8243;][vc_single_image image=&#8221;3755&#8243; img_size=&#8221;large&#8221; style=&#8221;vc_box_border_circle_2&#8243;][\/vc_column][vc_column width=&#8221;3\/4&#8243;][vc_custom_heading text=&#8221;Commercial Aerospace&#8221; google_fonts=&#8221;font_family:Abel%3Aregular|font_style:400%20regular%3A400%3Anormal&#8221; link=&#8221;url:https%3A%2F%2Fcevikltd.com.tr%2Fsektorler%2Fticari-havacilik%2F|title:Ticari%20Havac%C4%B1l%C4%B1k|target:%20_blank|&#8221;][vc_column_text]\u00c7evik offers high performance, robust and reliable connectors, cable, relay, fuses, switch, power supply, convertor, invertor, tubing, lighting and harness accessories having all requirement certificates in <strong>Commercial Aerospace<\/strong>\u00a0applications.[\/vc_column_text][\/vc_column][\/vc_row]<\/p>\n","protected":false},"excerpt":{"rendered":"<p>[vc_row padding_top=&#8221;&#8221; padding_bottom=&#8221;30&#8243;][vc_column][vc_column_text]\u00c7evik offers high performance, robust and reliable connectors, cable, relay, fuses, switch, power supply, convertor, invertor, tubing, lighting and harness accessories having all requirement certificates in defence, transportation, commercial vehicles, railway and other applications. As a Distributor, \u00c7evik has developed key partnerships with world-class manufacturers whose products encompass MIL-SPEC and harsh environment industrial solutions. We stock a wide [&hellip;]<\/p>\n","protected":false},"author":1,"featured_media":0,"parent":0,"menu_order":1,"comment_status":"closed","ping_status":"closed","template":"","meta":{"spay_email":""},"yoast_head":"<!-- This site is optimized with the Yoast SEO plugin v18.5 - https:\/\/yoast.com\/wordpress\/plugins\/seo\/ -->\n<title>Sectors - \u00c7evik Ba\u011flant\u0131 Teknolojileri<\/title>\n<meta name=\"robots\" content=\"index, follow, max-snippet:-1, max-image-preview:large, max-video-preview:-1\" \/>\n<link rel=\"canonical\" href=\"https:\/\/cevikltd.com.tr\/en\/sectors\/\" \/>\n<meta property=\"og:locale\" content=\"en_US\" \/>\n<meta property=\"og:type\" content=\"article\" \/>\n<meta property=\"og:title\" content=\"Sectors - \u00c7evik Ba\u011flant\u0131 Teknolojileri\" \/>\n<meta property=\"og:description\" content=\"[vc_row padding_top=&#8221;&#8221; padding_bottom=&#8221;30&#8243;][vc_column][vc_column_text]\u00c7evik offers high performance, robust and reliable connectors, cable, relay, fuses, switch, power supply, convertor, invertor, tubing, lighting and harness accessories having all requirement certificates in defence, transportation, commercial vehicles, railway and other applications. As a Distributor, \u00c7evik has developed key partnerships with world-class manufacturers whose products encompass MIL-SPEC and harsh environment industrial solutions. We stock a wide [&hellip;]\" \/>\n<meta property=\"og:url\" content=\"https:\/\/cevikltd.com.tr\/en\/sectors\/\" \/>\n<meta property=\"og:site_name\" content=\"\u00c7evik Ba\u011flant\u0131 Teknolojileri\" \/>\n<meta property=\"article:publisher\" content=\"https:\/\/www.facebook.com\/pages\/%c3%87evik-Konnekt%c3%b6r-ve-Kablo-Montaj-Hizmetleri\/638389736272668\" \/>\n<meta property=\"article:modified_time\" content=\"2020-03-03T14:01:07+00:00\" \/>\n<meta name=\"twitter:card\" content=\"summary_large_image\" \/>\n<meta name=\"twitter:site\" content=\"@CevikKonnektor\" \/>\n<meta name=\"twitter:label1\" content=\"Est. reading time\" \/>\n\t<meta name=\"twitter:data1\" content=\"4 minutes\" \/>\n<script type=\"application\/ld+json\" class=\"yoast-schema-graph\">{\"@context\":\"https:\/\/schema.org\",\"@graph\":[{\"@type\":\"WebSite\",\"@id\":\"https:\/\/cevikltd.com.tr\/#website\",\"url\":\"https:\/\/cevikltd.com.tr\/\",\"name\":\"\u00c7evik Ba\u011flant\u0131 Teknolojileri\",\"description\":\"Teknolojiye Ba\u011flant\u0131 Noktan\u0131z\",\"potentialAction\":[{\"@type\":\"SearchAction\",\"target\":{\"@type\":\"EntryPoint\",\"urlTemplate\":\"https:\/\/cevikltd.com.tr\/?s={search_term_string}\"},\"query-input\":\"required name=search_term_string\"}],\"inLanguage\":\"en-US\"},{\"@type\":\"WebPage\",\"@id\":\"https:\/\/cevikltd.com.tr\/en\/sectors\/#webpage\",\"url\":\"https:\/\/cevikltd.com.tr\/en\/sectors\/\",\"name\":\"Sectors - \u00c7evik Ba\u011flant\u0131 Teknolojileri\",\"isPartOf\":{\"@id\":\"https:\/\/cevikltd.com.tr\/#website\"},\"datePublished\":\"2017-11-08T12:45:05+00:00\",\"dateModified\":\"2020-03-03T14:01:07+00:00\",\"breadcrumb\":{\"@id\":\"https:\/\/cevikltd.com.tr\/en\/sectors\/#breadcrumb\"},\"inLanguage\":\"en-US\",\"potentialAction\":[{\"@type\":\"ReadAction\",\"target\":[\"https:\/\/cevikltd.com.tr\/en\/sectors\/\"]}]},{\"@type\":\"BreadcrumbList\",\"@id\":\"https:\/\/cevikltd.com.tr\/en\/sectors\/#breadcrumb\",\"itemListElement\":[{\"@type\":\"ListItem\",\"position\":1,\"name\":\"Ana sayfa\",\"item\":\"https:\/\/cevikltd.com.tr\/en\/\"},{\"@type\":\"ListItem\",\"position\":2,\"name\":\"Sectors\"}]}]}<\/script>\n<!-- \/ Yoast SEO plugin. -->","yoast_head_json":{"title":"Sectors - \u00c7evik Ba\u011flant\u0131 Teknolojileri","robots":{"index":"index","follow":"follow","max-snippet":"max-snippet:-1","max-image-preview":"max-image-preview:large","max-video-preview":"max-video-preview:-1"},"canonical":"https:\/\/cevikltd.com.tr\/en\/sectors\/","og_locale":"en_US","og_type":"article","og_title":"Sectors - \u00c7evik Ba\u011flant\u0131 Teknolojileri","og_description":"[vc_row padding_top=&#8221;&#8221; padding_bottom=&#8221;30&#8243;][vc_column][vc_column_text]\u00c7evik offers high performance, robust and reliable connectors, cable, relay, fuses, switch, power supply, convertor, invertor, tubing, lighting and harness accessories having all requirement certificates in defence, transportation, commercial vehicles, railway and other applications. As a Distributor, \u00c7evik has developed key partnerships with world-class manufacturers whose products encompass MIL-SPEC and harsh environment industrial solutions. We stock a wide [&hellip;]","og_url":"https:\/\/cevikltd.com.tr\/en\/sectors\/","og_site_name":"\u00c7evik Ba\u011flant\u0131 Teknolojileri","article_publisher":"https:\/\/www.facebook.com\/pages\/%c3%87evik-Konnekt%c3%b6r-ve-Kablo-Montaj-Hizmetleri\/638389736272668","article_modified_time":"2020-03-03T14:01:07+00:00","twitter_card":"summary_large_image","twitter_site":"@CevikKonnektor","twitter_misc":{"Est. reading time":"4 minutes"},"schema":{"@context":"https:\/\/schema.org","@graph":[{"@type":"WebSite","@id":"https:\/\/cevikltd.com.tr\/#website","url":"https:\/\/cevikltd.com.tr\/","name":"\u00c7evik Ba\u011flant\u0131 Teknolojileri","description":"Teknolojiye Ba\u011flant\u0131 Noktan\u0131z","potentialAction":[{"@type":"SearchAction","target":{"@type":"EntryPoint","urlTemplate":"https:\/\/cevikltd.com.tr\/?s={search_term_string}"},"query-input":"required name=search_term_string"}],"inLanguage":"en-US"},{"@type":"WebPage","@id":"https:\/\/cevikltd.com.tr\/en\/sectors\/#webpage","url":"https:\/\/cevikltd.com.tr\/en\/sectors\/","name":"Sectors - \u00c7evik Ba\u011flant\u0131 Teknolojileri","isPartOf":{"@id":"https:\/\/cevikltd.com.tr\/#website"},"datePublished":"2017-11-08T12:45:05+00:00","dateModified":"2020-03-03T14:01:07+00:00","breadcrumb":{"@id":"https:\/\/cevikltd.com.tr\/en\/sectors\/#breadcrumb"},"inLanguage":"en-US","potentialAction":[{"@type":"ReadAction","target":["https:\/\/cevikltd.com.tr\/en\/sectors\/"]}]},{"@type":"BreadcrumbList","@id":"https:\/\/cevikltd.com.tr\/en\/sectors\/#breadcrumb","itemListElement":[{"@type":"ListItem","position":1,"name":"Ana sayfa","item":"https:\/\/cevikltd.com.tr\/en\/"},{"@type":"ListItem","position":2,"name":"Sectors"}]}]}},"jetpack_sharing_enabled":true,"jetpack_shortlink":"https:\/\/wp.me\/P9xcy2-M","_links":{"self":[{"href":"https:\/\/cevikltd.com.tr\/en\/wp-json\/wp\/v2\/pages\/48"}],"collection":[{"href":"https:\/\/cevikltd.com.tr\/en\/wp-json\/wp\/v2\/pages"}],"about":[{"href":"https:\/\/cevikltd.com.tr\/en\/wp-json\/wp\/v2\/types\/page"}],"author":[{"embeddable":true,"href":"https:\/\/cevikltd.com.tr\/en\/wp-json\/wp\/v2\/users\/1"}],"replies":[{"embeddable":true,"href":"https:\/\/cevikltd.com.tr\/en\/wp-json\/wp\/v2\/comments?post=48"}],"version-history":[{"count":23,"href":"https:\/\/cevikltd.com.tr\/en\/wp-json\/wp\/v2\/pages\/48\/revisions"}],"predecessor-version":[{"id":4249,"href":"https:\/\/cevikltd.com.tr\/en\/wp-json\/wp\/v2\/pages\/48\/revisions\/4249"}],"wp:attachment":[{"href":"https:\/\/cevikltd.com.tr\/en\/wp-json\/wp\/v2\/media?parent=48"}],"curies":[{"name":"wp","href":"https:\/\/api.w.org\/{rel}","templated":true}]}}