{"id":5778,"date":"2020-12-23T11:15:10","date_gmt":"2020-12-23T08:15:10","guid":{"rendered":"https:\/\/cevikltd.com.tr\/partners\/others\/gloso\/"},"modified":"2021-04-15T11:53:55","modified_gmt":"2021-04-15T08:53:55","slug":"gloso","status":"publish","type":"page","link":"https:\/\/cevikltd.com.tr\/en\/partners\/gloso\/","title":{"rendered":"Gloso"},"content":{"rendered":"<p>[vc_row padding_top=&#8221;&#8221;][vc_column][vc_single_image image=&#8221;5781&#8243; img_size=&#8221;medium&#8221; style=&#8221;vc_box_outline&#8221; onclick=&#8221;custom_link&#8221; img_link_target=&#8221;_blank&#8221; animation=&#8221;animate-when-visible&#8221; css_animation=&#8221;el-fade&#8221; link=&#8221;https:\/\/www.glosotech.com\/welcome\/&#8221;][vc_column_text]GLOSOTECH company has founded in 1985, is a IATF16949 and ISO9001 certified manufacturer of quality switches and circuit protection products, and a true leader in the low-voltage and overload voltage application market. We design, manufacture and assemble in-house backed by the best R&amp;D, Production and Engineering teams in the industry. Our products meet the safety standards of UL, ISO, SAE, TUV, RoHS, and ENEC. With three sales offices in Taiwan, two sales centers and two factories in China, Gloso is your best solution for the circuit protection.<\/p>\n<p>GLOSOTECH&#8217;s hydraulic and thermal circuit protector (breaker) are designed for home appliances, power tools, telecommunication systems, healthcare equipment, industrial testing equipment, security systems and many protection systems.[\/vc_column_text][\/vc_column][\/vc_row][vc_row padding_top=&#8221;&#8221;][vc_column][vc_accordion][vc_accordion_tab title=&#8221;Katalog ve D\u00f6k\u00fcmanlar&#8221; icon=&#8221;angle-down&#8221; icon_closed=&#8221;angle-right&#8221;][vc_row_inner css=&#8221;.vc_custom_1510646959232{margin-top: 40px !important;}&#8221;][vc_column_inner width=&#8221;1\/4&#8243;][vc_single_image image=&#8221;5773&#8243; img_size=&#8221;full&#8221; style=&#8221;vc_box_outline&#8221;]<div class=\"text-left\"><a class=\"btn letter-spacing-50 with-icon btn-default hover-tip\" href=\"http:\/\/cevikltd.com.tr\/filestore\/pdfs\/Gloso2019.pdf\" target=\"_blank\" data-toggle=\"tooltip\" data-original-title=\"Gloso Catalogue\" data-placement=\"top\"><i class=\"icon-download\" ><\/i> Download File<\/a><\/div>[\/vc_column_inner][vc_column_inner width=&#8221;1\/4&#8243;][\/vc_column_inner][vc_column_inner width=&#8221;1\/4&#8243;][\/vc_column_inner][vc_column_inner width=&#8221;1\/4&#8243;][\/vc_column_inner][\/vc_row_inner][\/vc_accordion_tab][\/vc_accordion][\/vc_column][\/vc_row][vc_row][vc_column]\n\t<div class=\"news-focus\">\n\t<div class=\"kleo-tabs tabbable\" data-interval=\"0\">\n\t\t\t<ul class=\"nav nav-tabs responsive-tabs tabs-style-line\"><li class=\"active\"><a href=\"#tab-\" data-toggle=\"tab\" onclick=\"return false;\"><\/a><\/li><\/ul>\n<div class=\"tab-content\">\n\t\t\t\n\t\t\t<div id=\"tab-\" class=\"tab-pane active\">\n\t\t\t\t<div class=\"row\"><div class=\"col-sm-6\"><div class=\"posts-listing standard-listing with-meta inline-meta\">\n                    <article id=\"post-7190\" class=\"post-7190 post type-post status-publish format-standard has-post-thumbnail hentry category-blog tag-connectors tag-erich-jaeger-en tag-trailer tag-transportation\">\n                        <div class=\"post-content animated animate-when-almost-visible el-appear\">\n\n                            <div class=\"article-media clearfix\">\n                                <div class=\"post-image\"><a href=\"https:\/\/cevikltd.com.tr\/en\/7-4-pin-12v-combo-socket\/\" class=\"element-wrap\"><img src=\"https:\/\/cevikltd.com.tr\/wp-content\/uploads\/2022\/05\/7-4-Pin-12V-Combo-Socket-480x270.jpg\" alt=\"7+ 4 Pin \/12V Combo-Socket\"><span class=\"hover-element\"><i>+<\/i><\/span><\/a><\/div><!--end post-image-->                            <\/div>\n\n                            <h3 class=\"post-title entry-title\"><a href=\"https:\/\/cevikltd.com.tr\/en\/7-4-pin-12v-combo-socket\/\" >7+ 4 Pin \/12V Combo-Socket<\/a><\/h3>\n\n                            <div class=\"article-meta\">\n                                <span class=\"post-meta\">\n                                    <small class=\"meta-author author vcard\"><a class=\"url fn n\" href=\"https:\/\/cevikltd.com.tr\/en\/author\/betul\/\" title=\"View all POSTS by Bet\u00fcl Soylu\" rel=\"author\"> <span class=\"author-name\">Bet\u00fcl Soylu<\/span><\/a><\/small>, <small><a href=\"https:\/\/cevikltd.com.tr\/en\/7-4-pin-12v-combo-socket\/\" rel=\"bookmark\" class=\"post-time\"><time class=\"entry-date\" datetime=\"2022-06-07T09:46:54+03:00\">7 June 2022<\/time><time class=\"modify-date hide hidden updated\" datetime=\"2022-06-07T10:40:18+03:00\">7 June 2022<\/time><\/a><\/small>, <small class=\"meta-category\"><a href=\"https:\/\/cevikltd.com.tr\/en\/category\/blog\/\" rel=\"category tag\">Blog<\/a>, <a href=\"https:\/\/cevikltd.com.tr\/en\/tag\/connectors\/\" rel=\"tag\">Connectors<\/a>, <a href=\"https:\/\/cevikltd.com.tr\/en\/tag\/erich-jaeger-en\/\" rel=\"tag\">Erich Jaeger<\/a>, <a href=\"https:\/\/cevikltd.com.tr\/en\/tag\/trailer\/\" rel=\"tag\">Trailer<\/a>, <a href=\"https:\/\/cevikltd.com.tr\/en\/tag\/transportation\/\" rel=\"tag\">Transportation<\/a><\/small>, <small class=\"meta-comment-count\"><a href=\"https:\/\/cevikltd.com.tr\/en\/7-4-pin-12v-combo-socket\/#comments\">0 <i class=\"icon-chat-1 hover-tip\" data-original-title=\"This article has 0 comments\" data-toggle=\"tooltip\" data-placement=\"top\"><\/i><\/a><\/small>                                <\/span>\n                            <\/div>\n\n                            <div class=\"entry-summary\">\n                                                                    <p>7+ 4 Pin \/12V Combo-Socket has developed an optimized trailer socket combining the standards SAE J1239 and J2863 by...<\/p>                                                            <\/div><!-- .entry-summary -->\n\n                        <\/div>\n                    <\/article>\n\n                    \n                        <\/div> <!-- .posts-listing -->\n                    <\/div> <!-- .col-sm-6 -->\n\n                    <div class=\"col-sm-6\">\n                        <div class=\"posts-listing left-thumb-listing\">\n\n                    \n                    \n                    <article id=\"post-7130\" class=\"post-7130 post type-post status-publish format-standard has-post-thumbnail hentry category-blog tag-connectors tag-heavy-duty-connectors tag-ilme-en tag-rectangular-connectors\">\n                        <div class=\"post-content animated animate-when-almost-visible el-appear\">\n\n                            <div class=\"article-media\">\n                                <div class=\"post-image\"><a href=\"https:\/\/cevikltd.com.tr\/en\/squich-connectors\/\" class=\"element-wrap\"><img src=\"https:\/\/cevikltd.com.tr\/wp-content\/uploads\/2022\/03\/SQUICH-Connectors-for-10.000-Mating-Cycles-220x192.jpg\" alt=\"SQUICH Connectors for 10.000 Mating Cycles\"><span class=\"hover-element\"><i>+<\/i><\/span><\/a><\/div><!--end post-image-->                            <\/div>\n\n                            <div class=\"post-date\">2 June 2022<\/div>\n\n                            <h3 class=\"post-title entry-title\"><a href=\"https:\/\/cevikltd.com.tr\/en\/squich-connectors\/\" >SQUICH Connectors for 10.000 Mating Cycles<\/a><\/h3>\n\n                        <\/div>\n                    <\/article>\n\n                    \n                    <article id=\"post-7136\" class=\"post-7136 post type-post status-publish format-standard has-post-thumbnail hentry category-blog tag-cables tag-industrial tag-road-construction tag-tkd tag-tunnel-construction tag-underground-engineering\">\n                        <div class=\"post-content animated animate-when-almost-visible el-appear\">\n\n                            <div class=\"article-media\">\n                                <div class=\"post-image\"><a href=\"https:\/\/cevikltd.com.tr\/en\/rockerflex-solutions\/\" class=\"element-wrap\"><img src=\"https:\/\/cevikltd.com.tr\/wp-content\/uploads\/2022\/03\/ROCKERFLEX-Solutions-220x192.jpg\" alt=\"ROCKERFLEX Solutions\"><span class=\"hover-element\"><i>+<\/i><\/span><\/a><\/div><!--end post-image-->                            <\/div>\n\n                            <div class=\"post-date\">16 May 2022<\/div>\n\n                            <h3 class=\"post-title entry-title\"><a href=\"https:\/\/cevikltd.com.tr\/en\/rockerflex-solutions\/\" >ROCKERFLEX Solutions<\/a><\/h3>\n\n                        <\/div>\n                    <\/article>\n\n                    \n                    <article id=\"post-7181\" class=\"post-7181 post type-post status-publish format-standard has-post-thumbnail hentry category-blog tag-binder-en tag-circular-connectors tag-connectors tag-industrial tag-medical\">\n                        <div class=\"post-content animated animate-when-almost-visible el-appear\">\n\n                            <div class=\"article-media\">\n                                <div class=\"post-image\"><a href=\"https:\/\/cevikltd.com.tr\/en\/770-ncc-series-overmoulded-cable-connectors\/\" class=\"element-wrap\"><img src=\"https:\/\/cevikltd.com.tr\/wp-content\/uploads\/2022\/05\/770-serisi-ncc-konnektorler-220x192.jpg\" alt=\"770 NCC Series Overmoulded Cable Connectors\"><span class=\"hover-element\"><i>+<\/i><\/span><\/a><\/div><!--end post-image-->                            <\/div>\n\n                            <div class=\"post-date\">9 May 2022<\/div>\n\n                            <h3 class=\"post-title entry-title\"><a href=\"https:\/\/cevikltd.com.tr\/en\/770-ncc-series-overmoulded-cable-connectors\/\" >770 NCC Series Overmoulded Cable Connectors<\/a><\/h3>\n\n                        <\/div>\n                    <\/article>\n\n                    \n                    <article id=\"post-3648\" class=\"post-3648 post type-post status-publish format-standard has-post-thumbnail hentry category-blog tag-defence tag-layher-en tag-military tag-relays\">\n                        <div class=\"post-content animated animate-when-almost-visible el-appear\">\n\n                            <div class=\"article-media\">\n                                <div class=\"post-image\"><a href=\"https:\/\/cevikltd.com.tr\/en\/military-power-relays\/\" class=\"element-wrap\"><img src=\"https:\/\/cevikltd.com.tr\/wp-content\/uploads\/2022\/03\/military-power-relays-220x192.jpg\" alt=\"Military Power Relays\"><span class=\"hover-element\"><i>+<\/i><\/span><\/a><\/div><!--end post-image-->                            <\/div>\n\n                            <div class=\"post-date\">30 March 2022<\/div>\n\n                            <h3 class=\"post-title entry-title\"><a href=\"https:\/\/cevikltd.com.tr\/en\/military-power-relays\/\" >Military Power Relays<\/a><\/h3>\n\n                        <\/div>\n                    <\/article>\n\n                    <\/div><\/div><\/div>\n\t\t\t<\/div> <\/div>\n\t<\/div> <\/div>[\/vc_column][\/vc_row]<\/p>\n","protected":false},"excerpt":{"rendered":"<p>[vc_row padding_top=&#8221;&#8221;][vc_column][vc_single_image image=&#8221;5781&#8243; img_size=&#8221;medium&#8221; style=&#8221;vc_box_outline&#8221; onclick=&#8221;custom_link&#8221; img_link_target=&#8221;_blank&#8221; animation=&#8221;animate-when-visible&#8221; css_animation=&#8221;el-fade&#8221; link=&#8221;https:\/\/www.glosotech.com\/welcome\/&#8221;][vc_column_text]GLOSOTECH company has founded in 1985, is a IATF16949 and ISO9001 certified manufacturer of quality switches and circuit protection products, and a true leader in the low-voltage and overload voltage application market. We design, manufacture and assemble in-house backed by the best R&amp;D, Production and Engineering teams in the industry. Our [&hellip;]<\/p>\n","protected":false},"author":1,"featured_media":0,"parent":1769,"menu_order":0,"comment_status":"closed","ping_status":"closed","template":"","meta":{"spay_email":""},"yoast_head":"<!-- This site is optimized with the Yoast SEO plugin v18.5 - https:\/\/yoast.com\/wordpress\/plugins\/seo\/ -->\n<title>Gloso - \u00c7evik Ba\u011flant\u0131 Teknolojileri<\/title>\n<meta name=\"robots\" content=\"index, follow, max-snippet:-1, max-image-preview:large, max-video-preview:-1\" \/>\n<link rel=\"canonical\" href=\"https:\/\/cevikltd.com.tr\/en\/partners\/gloso\/\" \/>\n<meta property=\"og:locale\" content=\"en_US\" \/>\n<meta property=\"og:type\" content=\"article\" \/>\n<meta property=\"og:title\" content=\"Gloso - \u00c7evik Ba\u011flant\u0131 Teknolojileri\" \/>\n<meta property=\"og:description\" content=\"[vc_row padding_top=&#8221;&#8221;][vc_column][vc_single_image image=&#8221;5781&#8243; img_size=&#8221;medium&#8221; style=&#8221;vc_box_outline&#8221; onclick=&#8221;custom_link&#8221; img_link_target=&#8221;_blank&#8221; animation=&#8221;animate-when-visible&#8221; css_animation=&#8221;el-fade&#8221; link=&#8221;https:\/\/www.glosotech.com\/welcome\/&#8221;][vc_column_text]GLOSOTECH company has founded in 1985, is a IATF16949 and ISO9001 certified manufacturer of quality switches and circuit protection products, and a true leader in the low-voltage and overload voltage application market. We design, manufacture and assemble in-house backed by the best R&amp;D, Production and Engineering teams in the industry. Our [&hellip;]\" \/>\n<meta property=\"og:url\" content=\"https:\/\/cevikltd.com.tr\/en\/partners\/gloso\/\" \/>\n<meta property=\"og:site_name\" content=\"\u00c7evik Ba\u011flant\u0131 Teknolojileri\" \/>\n<meta property=\"article:publisher\" content=\"https:\/\/www.facebook.com\/pages\/%c3%87evik-Konnekt%c3%b6r-ve-Kablo-Montaj-Hizmetleri\/638389736272668\" \/>\n<meta property=\"article:modified_time\" content=\"2021-04-15T08:53:55+00:00\" \/>\n<meta name=\"twitter:card\" content=\"summary_large_image\" \/>\n<meta name=\"twitter:site\" content=\"@CevikKonnektor\" \/>\n<meta name=\"twitter:label1\" content=\"Est. reading time\" \/>\n\t<meta name=\"twitter:data1\" content=\"1 minute\" \/>\n<script type=\"application\/ld+json\" class=\"yoast-schema-graph\">{\"@context\":\"https:\/\/schema.org\",\"@graph\":[{\"@type\":\"WebSite\",\"@id\":\"https:\/\/cevikltd.com.tr\/#website\",\"url\":\"https:\/\/cevikltd.com.tr\/\",\"name\":\"\u00c7evik Ba\u011flant\u0131 Teknolojileri\",\"description\":\"Teknolojiye Ba\u011flant\u0131 Noktan\u0131z\",\"potentialAction\":[{\"@type\":\"SearchAction\",\"target\":{\"@type\":\"EntryPoint\",\"urlTemplate\":\"https:\/\/cevikltd.com.tr\/?s={search_term_string}\"},\"query-input\":\"required name=search_term_string\"}],\"inLanguage\":\"en-US\"},{\"@type\":\"WebPage\",\"@id\":\"https:\/\/cevikltd.com.tr\/en\/partners\/gloso\/#webpage\",\"url\":\"https:\/\/cevikltd.com.tr\/en\/partners\/gloso\/\",\"name\":\"Gloso - \u00c7evik Ba\u011flant\u0131 Teknolojileri\",\"isPartOf\":{\"@id\":\"https:\/\/cevikltd.com.tr\/#website\"},\"datePublished\":\"2020-12-23T08:15:10+00:00\",\"dateModified\":\"2021-04-15T08:53:55+00:00\",\"breadcrumb\":{\"@id\":\"https:\/\/cevikltd.com.tr\/en\/partners\/gloso\/#breadcrumb\"},\"inLanguage\":\"en-US\",\"potentialAction\":[{\"@type\":\"ReadAction\",\"target\":[\"https:\/\/cevikltd.com.tr\/en\/partners\/gloso\/\"]}]},{\"@type\":\"BreadcrumbList\",\"@id\":\"https:\/\/cevikltd.com.tr\/en\/partners\/gloso\/#breadcrumb\",\"itemListElement\":[{\"@type\":\"ListItem\",\"position\":1,\"name\":\"Ana sayfa\",\"item\":\"https:\/\/cevikltd.com.tr\/en\/\"},{\"@type\":\"ListItem\",\"position\":2,\"name\":\"Partners\",\"item\":\"https:\/\/cevikltd.com.tr\/en\/partners\/\"},{\"@type\":\"ListItem\",\"position\":3,\"name\":\"Gloso\"}]}]}<\/script>\n<!-- \/ Yoast SEO plugin. -->","yoast_head_json":{"title":"Gloso - \u00c7evik Ba\u011flant\u0131 Teknolojileri","robots":{"index":"index","follow":"follow","max-snippet":"max-snippet:-1","max-image-preview":"max-image-preview:large","max-video-preview":"max-video-preview:-1"},"canonical":"https:\/\/cevikltd.com.tr\/en\/partners\/gloso\/","og_locale":"en_US","og_type":"article","og_title":"Gloso - \u00c7evik Ba\u011flant\u0131 Teknolojileri","og_description":"[vc_row padding_top=&#8221;&#8221;][vc_column][vc_single_image image=&#8221;5781&#8243; img_size=&#8221;medium&#8221; style=&#8221;vc_box_outline&#8221; onclick=&#8221;custom_link&#8221; img_link_target=&#8221;_blank&#8221; animation=&#8221;animate-when-visible&#8221; css_animation=&#8221;el-fade&#8221; link=&#8221;https:\/\/www.glosotech.com\/welcome\/&#8221;][vc_column_text]GLOSOTECH company has founded in 1985, is a IATF16949 and ISO9001 certified manufacturer of quality switches and circuit protection products, and a true leader in the low-voltage and overload voltage application market. We design, manufacture and assemble in-house backed by the best R&amp;D, Production and Engineering teams in the industry. Our [&hellip;]","og_url":"https:\/\/cevikltd.com.tr\/en\/partners\/gloso\/","og_site_name":"\u00c7evik Ba\u011flant\u0131 Teknolojileri","article_publisher":"https:\/\/www.facebook.com\/pages\/%c3%87evik-Konnekt%c3%b6r-ve-Kablo-Montaj-Hizmetleri\/638389736272668","article_modified_time":"2021-04-15T08:53:55+00:00","twitter_card":"summary_large_image","twitter_site":"@CevikKonnektor","twitter_misc":{"Est. reading time":"1 minute"},"schema":{"@context":"https:\/\/schema.org","@graph":[{"@type":"WebSite","@id":"https:\/\/cevikltd.com.tr\/#website","url":"https:\/\/cevikltd.com.tr\/","name":"\u00c7evik Ba\u011flant\u0131 Teknolojileri","description":"Teknolojiye Ba\u011flant\u0131 Noktan\u0131z","potentialAction":[{"@type":"SearchAction","target":{"@type":"EntryPoint","urlTemplate":"https:\/\/cevikltd.com.tr\/?s={search_term_string}"},"query-input":"required name=search_term_string"}],"inLanguage":"en-US"},{"@type":"WebPage","@id":"https:\/\/cevikltd.com.tr\/en\/partners\/gloso\/#webpage","url":"https:\/\/cevikltd.com.tr\/en\/partners\/gloso\/","name":"Gloso - \u00c7evik Ba\u011flant\u0131 Teknolojileri","isPartOf":{"@id":"https:\/\/cevikltd.com.tr\/#website"},"datePublished":"2020-12-23T08:15:10+00:00","dateModified":"2021-04-15T08:53:55+00:00","breadcrumb":{"@id":"https:\/\/cevikltd.com.tr\/en\/partners\/gloso\/#breadcrumb"},"inLanguage":"en-US","potentialAction":[{"@type":"ReadAction","target":["https:\/\/cevikltd.com.tr\/en\/partners\/gloso\/"]}]},{"@type":"BreadcrumbList","@id":"https:\/\/cevikltd.com.tr\/en\/partners\/gloso\/#breadcrumb","itemListElement":[{"@type":"ListItem","position":1,"name":"Ana sayfa","item":"https:\/\/cevikltd.com.tr\/en\/"},{"@type":"ListItem","position":2,"name":"Partners","item":"https:\/\/cevikltd.com.tr\/en\/partners\/"},{"@type":"ListItem","position":3,"name":"Gloso"}]}]}},"jetpack_sharing_enabled":true,"jetpack_shortlink":"https:\/\/wp.me\/P9xcy2-1vc","_links":{"self":[{"href":"https:\/\/cevikltd.com.tr\/en\/wp-json\/wp\/v2\/pages\/5778"}],"collection":[{"href":"https:\/\/cevikltd.com.tr\/en\/wp-json\/wp\/v2\/pages"}],"about":[{"href":"https:\/\/cevikltd.com.tr\/en\/wp-json\/wp\/v2\/types\/page"}],"author":[{"embeddable":true,"href":"https:\/\/cevikltd.com.tr\/en\/wp-json\/wp\/v2\/users\/1"}],"replies":[{"embeddable":true,"href":"https:\/\/cevikltd.com.tr\/en\/wp-json\/wp\/v2\/comments?post=5778"}],"version-history":[{"count":4,"href":"https:\/\/cevikltd.com.tr\/en\/wp-json\/wp\/v2\/pages\/5778\/revisions"}],"predecessor-version":[{"id":6338,"href":"https:\/\/cevikltd.com.tr\/en\/wp-json\/wp\/v2\/pages\/5778\/revisions\/6338"}],"up":[{"embeddable":true,"href":"https:\/\/cevikltd.com.tr\/en\/wp-json\/wp\/v2\/pages\/1769"}],"wp:attachment":[{"href":"https:\/\/cevikltd.com.tr\/en\/wp-json\/wp\/v2\/media?parent=5778"}],"curies":[{"name":"wp","href":"https:\/\/api.w.org\/{rel}","templated":true}]}}