{"id":6020,"date":"2021-01-28T10:42:36","date_gmt":"2021-01-28T07:42:36","guid":{"rendered":"https:\/\/cevikltd.com.tr\/partners\/radiall-van-system\/"},"modified":"2022-01-13T14:01:16","modified_gmt":"2022-01-13T11:01:16","slug":"radiall-van-system","status":"publish","type":"page","link":"https:\/\/cevikltd.com.tr\/en\/partners\/radiall-van-system\/","title":{"rendered":"Radiall &#8211; Van System"},"content":{"rendered":"<p>[vc_row padding_top=&#8221;&#8221;][vc_column][vc_single_image image=&#8221;5958&#8243; img_size=&#8221;medium&#8221; style=&#8221;vc_box_outline&#8221; onclick=&#8221;custom_link&#8221; img_link_target=&#8221;_blank&#8221; animation=&#8221;animate-when-visible&#8221; css_animation=&#8221;el-fade&#8221; link=&#8221;https:\/\/www.radiall.com\/&#8221;][vc_column_text]Van-System 1985 y\u0131l\u0131ndan beri end\u00fcstriyel pazarda faaliyet g\u00f6steren, Lombardiya &#8211; \u0130talya&#8217;da kurulmu\u015f bir \u015firkettir. Van System, Mil C 5015 standard\u0131na uygun vidal\u0131 veya bayonet konekt\u00f6rlerin yan\u0131 s\u0131ra \u00f6zel uygulamalar i\u00e7in standart d\u0131\u015f\u0131 \u00fcr\u00fcnler tasarlar ve \u00fcretir. Van-System, \u0130talya ve D\u00fcnya pazarlar\u0131nda g\u00fc\u00e7l\u00fc bir varl\u0131\u011fa ve demiryolu, in\u015faat, otomasyon ve tak\u0131m tezgah\u0131 end\u00fcstrilerinde, ara\u015ft\u0131rma ve tesis m\u00fchendisli\u011finde \u00f6nemli bir m\u00fc\u015fteri taban\u0131na sahiptir. Van-System\u2019in g\u00fc\u00e7l\u00fc noktalar\u0131ndan biri, t\u00fcm gereksinimlerini kar\u015f\u0131lamak ve sa\u011flam, uzun vadeli ortakl\u0131klar kurmak i\u00e7in m\u00fc\u015fterilerle do\u011frudan ve s\u00fcrekli etkile\u015fim sa\u011flayan \u00e7evik ve dinamik bir organizasyon yap\u0131s\u0131d\u0131r. Van-System ekibinin profesyonelli\u011fi, becerisi ve ba\u011fl\u0131l\u0131\u011f\u0131, arad\u0131\u011f\u0131n\u0131z \u00e7\u00f6z\u00fcme ula\u015fman\u0131za yard\u0131mc\u0131 olmak i\u00e7in hizmetinizdedir.<\/p>\n<p>Van-System s.r.l. is a company founded in Lombardy &#8211; Italy, which has been operating since 1985 in the industrial market. Besides connectors with screw or bayonet coupling complying with the Mil C 5015 standard, Van System designs and manufactures non-standard products for special applications.<br \/>\nVan-System has a strong presence in the Italian and World markets, and a customer base in the railway, construction, automation and machine tool industries, in research and in plant engineering. One of Van-System\u2019s strong points is an agile and dynamic organizational structure which enables direct and constant interaction with customers in order to meet all their requirements and build solid, long-term partnerships. The Van-System team\u2019s professionalism, skill and commitment are at your service to help you achieve the solution you are looking for.<br \/>\nSince 2015, Van-System has became a Radiall company; a global leader in design, development and manufacturing of innovative interconnect solutions.<br \/>\nHeadquarters in Paris, France, Radiall is a trusted supplier of leading edge products whose global presence includes nine plants and an international sales network. As a trusted supplier to leading brands, we provide worldwide coverage with local support. Manufacture<br \/>\nIn a highly competitive field like this, production systems must meet strict quality standards. Production flows must adapt with flexibility, organizing the available resources to fit the customer\u2019s demands and required delivery times.<br \/>\nVan-System responds to requests both with high levels of quality and with swift and punctual deliveries. This is the result of an efficient system for planning and scheduling production, which allows us to adapt production requirements to the individual specifications of each customer.<br \/>\nVan-System Customer Service is a vital facility for achieving customer satisfaction. It ensures rapid delivery times in the quantities required, and is always ready to provide complete and effective pre- and after-sales support.<\/p>\n<p>Quality System<br \/>\nHigh quality and reliability are indispensable features of the end product, especially in the case of high-performance connectors working in extreme conditions and subjected to heavy stress. One of Van-System\u2019s strong points is careful quality control throughout all the production. This starts from the selection of our suppliers, who are graded on the basis of statistical checks and historic experience, and carries right through to testing of the design using prototypes and pre-production models, while maintaining complete traceability of all the components of the connectors we supply.<br \/>\nVan-System quality control is never delegated to outside bodies but is always carried out internally to ensure the highest qualitative standards.[\/vc_column_text][vc_row_inner][vc_column_inner width=&#8221;1\/2&#8243;][vc_column_text]<\/p>\n<h2>Van-System&#8217;s Quality System is qualified according to ISO 9001:2015 and IRIS Certification\u2122 rules:2017 and based on ISO\/TS 22163:2017.<\/h2>\n<p>[\/vc_column_text][\/vc_column_inner][vc_column_inner width=&#8221;1\/2&#8243;][vc_single_image image=&#8221;5960&#8243; img_size=&#8221;medium&#8221;][\/vc_column_inner][\/vc_row_inner][vc_row_inner][vc_column_inner][vc_column_text]<\/p>\n<h3>CVB<\/h3>\n<p>CVB series derived from Mil C 5015 specification, which concerns the electrical connectors usually called \u201cMS\u201d. These connectors have been used for many industrial applications thanks to their versatility, reliability and ease of supply.<\/p>\n<h3>RF GVJ<\/h3>\n<p>RF GVJ series has more robust and reliable features obtained by the following modifications: bigger shell thicknesses to guarantee resistance against impact and hars environment; five key polarization system, increased dimension to install insulators with bigger number of contacts or bigger contact size.[\/vc_column_text][\/vc_column_inner][\/vc_row_inner][\/vc_column][\/vc_row][vc_row padding_bottom=&#8221;&#8221;][vc_column][vc_text_separator title=&#8221;Documents&#8221; title_align=&#8221;separator_align_left&#8221;][vc_row_inner][vc_column_inner width=&#8221;1\/4&#8243;][vc_single_image image=&#8221;3467&#8243; img_size=&#8221;full&#8221; style=&#8221;vc_box_outline&#8221;]<div class=\"text-left\"><a class=\"btn letter-spacing-50 with-icon btn-default hover-tip\" href=\"https:\/\/www.cevikltd.com.tr\/dokumanlar\/#radiall-van-system\" target=\"_blank\" data-toggle=\"tooltip\" data-original-title=\"Related Documents\" data-placement=\"top\"><i class=\"icon-doc-text-inv\" ><\/i> Go to Files<\/a><\/div>[\/vc_column_inner][vc_column_inner width=&#8221;1\/4&#8243;][\/vc_column_inner][vc_column_inner width=&#8221;1\/4&#8243;][\/vc_column_inner][vc_column_inner width=&#8221;1\/4&#8243;][\/vc_column_inner][\/vc_row_inner][\/vc_column][\/vc_row][vc_row][vc_column]\n\t<div class=\"news-focus\">\n\t<div class=\"kleo-tabs tabbable\" data-interval=\"0\">\n\t\t\t<ul class=\"nav nav-tabs responsive-tabs tabs-style-line\"><li class=\"active\"><a href=\"#tab-\" data-toggle=\"tab\" onclick=\"return false;\"><\/a><\/li><\/ul>\n<div class=\"tab-content\">\n\t\t\t\n\t\t\t<div id=\"tab-\" class=\"tab-pane active\">\n\t\t\t\t<div class=\"row\"><div class=\"col-sm-6\"><div class=\"posts-listing standard-listing with-meta inline-meta\">\n                    <article id=\"post-6959\" class=\"post-6959 post type-post status-publish format-standard has-post-thumbnail hentry category-blog tag-connectors tag-power-connectors tag-radiall-van-system-en tag-railway tag-transportation\">\n                        <div class=\"post-content animated animate-when-almost-visible el-appear\">\n\n                            <div class=\"article-media clearfix\">\n                                <div class=\"post-image\"><a href=\"https:\/\/cevikltd.com.tr\/en\/cp-series-multipole-connectors\/\" class=\"element-wrap\"><img src=\"https:\/\/cevikltd.com.tr\/wp-content\/uploads\/2022\/01\/CP-Series-Multipole-Connectors-480x270.jpg\" alt=\"CP Series Multipole Connectors\"><span class=\"hover-element\"><i>+<\/i><\/span><\/a><\/div><!--end post-image-->                            <\/div>\n\n                            <h3 class=\"post-title entry-title\"><a href=\"https:\/\/cevikltd.com.tr\/en\/cp-series-multipole-connectors\/\" >CP Series Multipole Connectors<\/a><\/h3>\n\n                            <div class=\"article-meta\">\n                                <span class=\"post-meta\">\n                                    <small class=\"meta-author author vcard\"><a class=\"url fn n\" href=\"https:\/\/cevikltd.com.tr\/en\/author\/betul\/\" title=\"View all POSTS by Bet\u00fcl Soylu\" rel=\"author\"> <span class=\"author-name\">Bet\u00fcl Soylu<\/span><\/a><\/small>, <small><a href=\"https:\/\/cevikltd.com.tr\/en\/cp-series-multipole-connectors\/\" rel=\"bookmark\" class=\"post-time\"><time class=\"entry-date\" datetime=\"2022-01-27T11:39:00+03:00\">27 January 2022<\/time><time class=\"modify-date hide hidden updated\" datetime=\"2022-01-27T11:39:47+03:00\">27 January 2022<\/time><\/a><\/small>, <small class=\"meta-category\"><a href=\"https:\/\/cevikltd.com.tr\/en\/category\/blog\/\" rel=\"category tag\">Blog<\/a>, <a href=\"https:\/\/cevikltd.com.tr\/en\/tag\/connectors\/\" rel=\"tag\">Connectors<\/a>, <a href=\"https:\/\/cevikltd.com.tr\/en\/tag\/power-connectors\/\" rel=\"tag\">Power Connectors<\/a>, <a href=\"https:\/\/cevikltd.com.tr\/en\/tag\/radiall-van-system-en\/\" rel=\"tag\">Radiall - Van System<\/a>, <a href=\"https:\/\/cevikltd.com.tr\/en\/tag\/railway\/\" rel=\"tag\">Railway<\/a>, <a href=\"https:\/\/cevikltd.com.tr\/en\/tag\/transportation\/\" rel=\"tag\">Transportation<\/a><\/small>, <small class=\"meta-comment-count\"><a href=\"https:\/\/cevikltd.com.tr\/en\/cp-series-multipole-connectors\/#comments\">0 <i class=\"icon-chat-1 hover-tip\" data-original-title=\"This article has 0 comments\" data-toggle=\"tooltip\" data-placement=\"top\"><\/i><\/a><\/small>                                <\/span>\n                            <\/div>\n\n                            <div class=\"entry-summary\">\n                                                                    <p>CP Series Multipole Connectors has been developed for motor and power connection in Railway application. Suitable for harsh environments,...<\/p>                                                            <\/div><!-- .entry-summary -->\n\n                        <\/div>\n                    <\/article>\n\n                    \n                        <\/div> <!-- .posts-listing -->\n                    <\/div> <!-- .col-sm-6 -->\n\n                    <div class=\"col-sm-6\">\n                        <div class=\"posts-listing left-thumb-listing\">\n\n                    \n                    \n                    <article id=\"post-6458\" class=\"post-6458 post type-post status-publish format-standard has-post-thumbnail hentry category-blog tag-connectors tag-power-connectors tag-radiall-van-system-en\">\n                        <div class=\"post-content animated animate-when-almost-visible el-appear\">\n\n                            <div class=\"article-media\">\n                                <div class=\"post-image\"><a href=\"https:\/\/cevikltd.com.tr\/en\/sppc-pwl-single-pole-power-connectors\/\" class=\"element-wrap\"><img src=\"https:\/\/cevikltd.com.tr\/wp-content\/uploads\/2021\/06\/SPPC-PWL-Single-Pole-Power-Connectors-220x192.jpg\" alt=\"SPPC-PWL Single Pole Power Connectors\"><span class=\"hover-element\"><i>+<\/i><\/span><\/a><\/div><!--end post-image-->                            <\/div>\n\n                            <div class=\"post-date\">17 June 2021<\/div>\n\n                            <h3 class=\"post-title entry-title\"><a href=\"https:\/\/cevikltd.com.tr\/en\/sppc-pwl-single-pole-power-connectors\/\" >SPPC-PWL Single Pole Power Connectors<\/a><\/h3>\n\n                        <\/div>\n                    <\/article>\n\n                    <\/div><\/div><\/div>\n\t\t\t<\/div> <\/div>\n\t<\/div> <\/div>[\/vc_column][\/vc_row]<\/p>\n","protected":false},"excerpt":{"rendered":"<p>[vc_row padding_top=&#8221;&#8221;][vc_column][vc_single_image image=&#8221;5958&#8243; img_size=&#8221;medium&#8221; style=&#8221;vc_box_outline&#8221; onclick=&#8221;custom_link&#8221; img_link_target=&#8221;_blank&#8221; animation=&#8221;animate-when-visible&#8221; css_animation=&#8221;el-fade&#8221; link=&#8221;https:\/\/www.radiall.com\/&#8221;][vc_column_text]Van-System 1985 y\u0131l\u0131ndan beri end\u00fcstriyel pazarda faaliyet g\u00f6steren, Lombardiya &#8211; \u0130talya&#8217;da kurulmu\u015f bir \u015firkettir. Van System, Mil C 5015 standard\u0131na uygun vidal\u0131 veya bayonet konekt\u00f6rlerin yan\u0131 s\u0131ra \u00f6zel uygulamalar i\u00e7in standart d\u0131\u015f\u0131 \u00fcr\u00fcnler tasarlar ve \u00fcretir. Van-System, \u0130talya ve D\u00fcnya pazarlar\u0131nda g\u00fc\u00e7l\u00fc bir varl\u0131\u011fa ve demiryolu, in\u015faat, otomasyon ve tak\u0131m tezgah\u0131 [&hellip;]<\/p>\n","protected":false},"author":1,"featured_media":0,"parent":1769,"menu_order":0,"comment_status":"closed","ping_status":"closed","template":"","meta":{"spay_email":""},"yoast_head":"<!-- This site is optimized with the Yoast SEO plugin v18.5 - https:\/\/yoast.com\/wordpress\/plugins\/seo\/ -->\n<title>Radiall - Van System - \u00c7evik Ba\u011flant\u0131 Teknolojileri<\/title>\n<meta name=\"description\" content=\"Van-System s.r.l. is a company founded in Lombardy - Italy, which has been operating since 1985 in the industrial market.\" \/>\n<meta name=\"robots\" content=\"index, follow, max-snippet:-1, max-image-preview:large, max-video-preview:-1\" \/>\n<link rel=\"canonical\" href=\"https:\/\/cevikltd.com.tr\/en\/partners\/radiall-van-system\/\" \/>\n<meta property=\"og:locale\" content=\"en_US\" \/>\n<meta property=\"og:type\" content=\"article\" \/>\n<meta property=\"og:title\" content=\"Radiall - Van System - \u00c7evik Ba\u011flant\u0131 Teknolojileri\" \/>\n<meta property=\"og:description\" content=\"Van-System s.r.l. is a company founded in Lombardy - Italy, which has been operating since 1985 in the industrial market.\" \/>\n<meta property=\"og:url\" content=\"https:\/\/cevikltd.com.tr\/en\/partners\/radiall-van-system\/\" \/>\n<meta property=\"og:site_name\" content=\"\u00c7evik Ba\u011flant\u0131 Teknolojileri\" \/>\n<meta property=\"article:publisher\" content=\"https:\/\/www.facebook.com\/pages\/%c3%87evik-Konnekt%c3%b6r-ve-Kablo-Montaj-Hizmetleri\/638389736272668\" \/>\n<meta property=\"article:modified_time\" content=\"2022-01-13T11:01:16+00:00\" \/>\n<meta name=\"twitter:card\" content=\"summary_large_image\" \/>\n<meta name=\"twitter:site\" content=\"@CevikKonnektor\" \/>\n<meta name=\"twitter:label1\" content=\"Est. reading time\" \/>\n\t<meta name=\"twitter:data1\" content=\"3 minutes\" \/>\n<script type=\"application\/ld+json\" class=\"yoast-schema-graph\">{\"@context\":\"https:\/\/schema.org\",\"@graph\":[{\"@type\":\"WebSite\",\"@id\":\"https:\/\/cevikltd.com.tr\/#website\",\"url\":\"https:\/\/cevikltd.com.tr\/\",\"name\":\"\u00c7evik Ba\u011flant\u0131 Teknolojileri\",\"description\":\"Teknolojiye Ba\u011flant\u0131 Noktan\u0131z\",\"potentialAction\":[{\"@type\":\"SearchAction\",\"target\":{\"@type\":\"EntryPoint\",\"urlTemplate\":\"https:\/\/cevikltd.com.tr\/?s={search_term_string}\"},\"query-input\":\"required name=search_term_string\"}],\"inLanguage\":\"en-US\"},{\"@type\":\"WebPage\",\"@id\":\"https:\/\/cevikltd.com.tr\/en\/partners\/radiall-van-system\/#webpage\",\"url\":\"https:\/\/cevikltd.com.tr\/en\/partners\/radiall-van-system\/\",\"name\":\"Radiall - Van System - \u00c7evik Ba\u011flant\u0131 Teknolojileri\",\"isPartOf\":{\"@id\":\"https:\/\/cevikltd.com.tr\/#website\"},\"datePublished\":\"2021-01-28T07:42:36+00:00\",\"dateModified\":\"2022-01-13T11:01:16+00:00\",\"description\":\"Van-System s.r.l. is a company founded in Lombardy - Italy, which has been operating since 1985 in the industrial market.\",\"breadcrumb\":{\"@id\":\"https:\/\/cevikltd.com.tr\/en\/partners\/radiall-van-system\/#breadcrumb\"},\"inLanguage\":\"en-US\",\"potentialAction\":[{\"@type\":\"ReadAction\",\"target\":[\"https:\/\/cevikltd.com.tr\/en\/partners\/radiall-van-system\/\"]}]},{\"@type\":\"BreadcrumbList\",\"@id\":\"https:\/\/cevikltd.com.tr\/en\/partners\/radiall-van-system\/#breadcrumb\",\"itemListElement\":[{\"@type\":\"ListItem\",\"position\":1,\"name\":\"Ana sayfa\",\"item\":\"https:\/\/cevikltd.com.tr\/en\/\"},{\"@type\":\"ListItem\",\"position\":2,\"name\":\"Partners\",\"item\":\"https:\/\/cevikltd.com.tr\/en\/partners\/\"},{\"@type\":\"ListItem\",\"position\":3,\"name\":\"Radiall &#8211; Van System\"}]}]}<\/script>\n<!-- \/ Yoast SEO plugin. -->","yoast_head_json":{"title":"Radiall - Van System - \u00c7evik Ba\u011flant\u0131 Teknolojileri","description":"Van-System s.r.l. is a company founded in Lombardy - Italy, which has been operating since 1985 in the industrial market.","robots":{"index":"index","follow":"follow","max-snippet":"max-snippet:-1","max-image-preview":"max-image-preview:large","max-video-preview":"max-video-preview:-1"},"canonical":"https:\/\/cevikltd.com.tr\/en\/partners\/radiall-van-system\/","og_locale":"en_US","og_type":"article","og_title":"Radiall - Van System - \u00c7evik Ba\u011flant\u0131 Teknolojileri","og_description":"Van-System s.r.l. is a company founded in Lombardy - Italy, which has been operating since 1985 in the industrial market.","og_url":"https:\/\/cevikltd.com.tr\/en\/partners\/radiall-van-system\/","og_site_name":"\u00c7evik Ba\u011flant\u0131 Teknolojileri","article_publisher":"https:\/\/www.facebook.com\/pages\/%c3%87evik-Konnekt%c3%b6r-ve-Kablo-Montaj-Hizmetleri\/638389736272668","article_modified_time":"2022-01-13T11:01:16+00:00","twitter_card":"summary_large_image","twitter_site":"@CevikKonnektor","twitter_misc":{"Est. reading time":"3 minutes"},"schema":{"@context":"https:\/\/schema.org","@graph":[{"@type":"WebSite","@id":"https:\/\/cevikltd.com.tr\/#website","url":"https:\/\/cevikltd.com.tr\/","name":"\u00c7evik Ba\u011flant\u0131 Teknolojileri","description":"Teknolojiye Ba\u011flant\u0131 Noktan\u0131z","potentialAction":[{"@type":"SearchAction","target":{"@type":"EntryPoint","urlTemplate":"https:\/\/cevikltd.com.tr\/?s={search_term_string}"},"query-input":"required name=search_term_string"}],"inLanguage":"en-US"},{"@type":"WebPage","@id":"https:\/\/cevikltd.com.tr\/en\/partners\/radiall-van-system\/#webpage","url":"https:\/\/cevikltd.com.tr\/en\/partners\/radiall-van-system\/","name":"Radiall - Van System - \u00c7evik Ba\u011flant\u0131 Teknolojileri","isPartOf":{"@id":"https:\/\/cevikltd.com.tr\/#website"},"datePublished":"2021-01-28T07:42:36+00:00","dateModified":"2022-01-13T11:01:16+00:00","description":"Van-System s.r.l. is a company founded in Lombardy - Italy, which has been operating since 1985 in the industrial market.","breadcrumb":{"@id":"https:\/\/cevikltd.com.tr\/en\/partners\/radiall-van-system\/#breadcrumb"},"inLanguage":"en-US","potentialAction":[{"@type":"ReadAction","target":["https:\/\/cevikltd.com.tr\/en\/partners\/radiall-van-system\/"]}]},{"@type":"BreadcrumbList","@id":"https:\/\/cevikltd.com.tr\/en\/partners\/radiall-van-system\/#breadcrumb","itemListElement":[{"@type":"ListItem","position":1,"name":"Ana sayfa","item":"https:\/\/cevikltd.com.tr\/en\/"},{"@type":"ListItem","position":2,"name":"Partners","item":"https:\/\/cevikltd.com.tr\/en\/partners\/"},{"@type":"ListItem","position":3,"name":"Radiall &#8211; Van System"}]}]}},"jetpack_sharing_enabled":true,"jetpack_shortlink":"https:\/\/wp.me\/P9xcy2-1z6","_links":{"self":[{"href":"https:\/\/cevikltd.com.tr\/en\/wp-json\/wp\/v2\/pages\/6020"}],"collection":[{"href":"https:\/\/cevikltd.com.tr\/en\/wp-json\/wp\/v2\/pages"}],"about":[{"href":"https:\/\/cevikltd.com.tr\/en\/wp-json\/wp\/v2\/types\/page"}],"author":[{"embeddable":true,"href":"https:\/\/cevikltd.com.tr\/en\/wp-json\/wp\/v2\/users\/1"}],"replies":[{"embeddable":true,"href":"https:\/\/cevikltd.com.tr\/en\/wp-json\/wp\/v2\/comments?post=6020"}],"version-history":[{"count":6,"href":"https:\/\/cevikltd.com.tr\/en\/wp-json\/wp\/v2\/pages\/6020\/revisions"}],"predecessor-version":[{"id":6946,"href":"https:\/\/cevikltd.com.tr\/en\/wp-json\/wp\/v2\/pages\/6020\/revisions\/6946"}],"up":[{"embeddable":true,"href":"https:\/\/cevikltd.com.tr\/en\/wp-json\/wp\/v2\/pages\/1769"}],"wp:attachment":[{"href":"https:\/\/cevikltd.com.tr\/en\/wp-json\/wp\/v2\/media?parent=6020"}],"curies":[{"name":"wp","href":"https:\/\/api.w.org\/{rel}","templated":true}]}}