{"id":6030,"date":"2021-01-28T11:11:33","date_gmt":"2021-01-28T08:11:33","guid":{"rendered":"https:\/\/cevikltd.com.tr\/partners\/gigaflight\/"},"modified":"2021-09-08T17:42:12","modified_gmt":"2021-09-08T14:42:12","slug":"gigaflight","status":"publish","type":"page","link":"https:\/\/cevikltd.com.tr\/en\/partners\/gigaflight\/","title":{"rendered":"Gigaflight"},"content":{"rendered":"<p>[vc_row padding_top=&#8221;&#8221;][vc_column][vc_single_image image=&#8221;6025&#8243; img_size=&#8221;medium&#8221; style=&#8221;vc_box_outline&#8221; onclick=&#8221;custom_link&#8221; img_link_target=&#8221;_blank&#8221; animation=&#8221;animate-when-visible&#8221; css_animation=&#8221;el-fade&#8221; link=&#8221;https:\/\/www.gigaflightinc.com\/&#8221;][vc_column_text]GigaFlight Connectivity Inc was founded by Air Force veteran, Ben Hackett, on November 17, 2017, with the intent to provide high performance electronic cable and connector products, timely technical support, and old-fashioned customer service. Located in the heart of the Aerospace wire and cable community, GigaFlight has pulled together a team of highly recognized individuals in the industry.<\/p>\n<p>They are as passionate about their products as they are about customer satisfaction.<\/p>\n<p>Their cables are designed to meet the harsh environment applications of Aerospace and Defense industry.<\/p>\n<p>Gigaflight offers suitable solutions for<strong> Avionics Cables<\/strong> and <strong>Aircraft Cables<\/strong> in Defense and Aerospace industries.[\/vc_column_text][\/vc_column][\/vc_row][vc_row][vc_column width=&#8221;1\/2&#8243;][vc_column_text]<\/p>\n<div id=\"comp-kdxki9ne1\" class=\"_2bafp\" data-testid=\"richTextElement\">\n<h3>Data Cables &amp; Connectors<\/h3>\n<\/div>\n<div id=\"comp-kdxksbql\" class=\"_2bafp\" data-testid=\"richTextElement\">\n<ul>\n<li class=\"font_8\"><span class=\"color_15\">Ethernet communications backbone<\/span><\/li>\n<li class=\"font_8\"><span class=\"color_15\">Avionics networks<\/span><\/li>\n<li class=\"font_8\"><span class=\"color_15\">Digital backbone for Ground Vehicles<\/span><\/li>\n<li class=\"font_8\"><span class=\"color_15\">Cabin management<\/span><\/li>\n<li class=\"font_8\"><span class=\"color_15\">IFE<\/span><\/li>\n<li class=\"font_8\"><span class=\"color_15\">CAT6a 10Gbs Ethernet<\/span><\/li>\n<li class=\"font_8\"><span class=\"color_15\">ARINC 429 Data Bus<\/span><\/li>\n<li class=\"font_8\"><span class=\"color_15\">ARINC 664 10\/100 Base T Ethernet<\/span><\/li>\n<li class=\"font_8\"><span class=\"color_15\">1553 Data Bus<\/span><\/li>\n<li class=\"font_8\"><span class=\"color_15\">Garmin approved CAN Bus<\/span><\/li>\n<li class=\"font_8\"><span class=\"color_15\">Quadrax<\/span><\/li>\n<li class=\"font_8\"><span class=\"color_15\">USB 2.0<\/span><\/li>\n<li class=\"font_8\"><span class=\"color_15\">HDMI<\/span><\/li>\n<\/ul>\n<\/div>\n<p>[\/vc_column_text][\/vc_column][vc_column width=&#8221;1\/2&#8243;][vc_single_image image=&#8221;6412&#8243; img_size=&#8221;full&#8221;][\/vc_column][\/vc_row][vc_row][vc_column width=&#8221;1\/2&#8243;][vc_column_text]<\/p>\n<div id=\"comp-kdxki9ne1\" class=\"_2bafp\" data-testid=\"richTextElement\">\n<div id=\"comp-kdxkxu23\" class=\"_2bafp\" data-testid=\"richTextElement\">\n<h3><span class=\"color_11\">RF Cables &amp; Connectors<\/span><\/h3>\n<\/div>\n<div id=\"comp-kdxkxu2e\" class=\"_2bafp\" data-testid=\"richTextElement\">\n<ul>\n<li class=\"font_8\"><span class=\"color_11\">50 ohm RF cable solutions<\/span><\/li>\n<li class=\"font_8\"><span class=\"color_11\">Lightweight Coax and Triax<\/span><\/li>\n<li class=\"font_8\"><span class=\"color_11\">Widely specified for use in Navigation, TCAS and Communications systems<\/span><\/li>\n<\/ul>\n<\/div>\n<\/div>\n<p>[\/vc_column_text][\/vc_column][vc_column width=&#8221;1\/2&#8243;][vc_single_image image=&#8221;6424&#8243; img_size=&#8221;full&#8221;][\/vc_column][\/vc_row][vc_row][vc_column width=&#8221;1\/2&#8243;][vc_column_text]<\/p>\n<div id=\"comp-kdxki9ne1\" class=\"_2bafp\" data-testid=\"richTextElement\">\n<div id=\"comp-kdxl4t3v\" class=\"_2bafp\" data-testid=\"richTextElement\">\n<h3>Video Cables &amp; Connectors<\/h3>\n<\/div>\n<div id=\"comp-kdxl4t47\" class=\"_2bafp\" data-testid=\"richTextElement\">\n<ul>\n<li class=\"font_8\">75 ohm RF video cable solutions<\/li>\n<li class=\"font_8\">HDMI<\/li>\n<li class=\"font_8\">Lightweight Coaxial \/ Triaxial<\/li>\n<li class=\"font_8\"><span class=\"color_15\">Widely specified for use in Cockpit Displays, Surveillance \/ Cabin Security Cameras, IFE, SMPTE 292M\/424M Video, RS170 Video, High Definition Video, Blu-Ray et al.<\/span><\/li>\n<\/ul>\n<\/div>\n<\/div>\n<p>[\/vc_column_text][\/vc_column][vc_column width=&#8221;1\/2&#8243;][vc_single_image image=&#8221;6416&#8243; img_size=&#8221;full&#8221;][\/vc_column][\/vc_row][vc_row padding_bottom=&#8221;&#8221;][vc_column][vc_text_separator title=&#8221;Documents&#8221; title_align=&#8221;separator_align_left&#8221;][vc_row_inner][vc_column_inner width=&#8221;1\/4&#8243;][vc_single_image image=&#8221;3467&#8243; img_size=&#8221;full&#8221; style=&#8221;vc_box_outline&#8221;]<div class=\"text-left\"><a class=\"btn letter-spacing-50 with-icon btn-default hover-tip\" href=\"https:\/\/www.cevikltd.com.tr\/dokumanlar\/#gigaflight\" target=\"_blank\" data-toggle=\"tooltip\" data-original-title=\"Related Documents\" data-placement=\"top\"><i class=\"icon-doc-text-inv\" ><\/i> Go to Files<\/a><\/div>[\/vc_column_inner][vc_column_inner width=&#8221;1\/4&#8243;][\/vc_column_inner][vc_column_inner width=&#8221;1\/4&#8243;][\/vc_column_inner][vc_column_inner width=&#8221;1\/4&#8243;][\/vc_column_inner][\/vc_row_inner][\/vc_column][\/vc_row][vc_row][vc_column]\n\t<div class=\"news-focus\">\n\t<div class=\"kleo-tabs tabbable\" data-interval=\"0\">\n\t\t\t<ul class=\"nav nav-tabs responsive-tabs tabs-style-line\"><li class=\"active\"><a href=\"#tab-\" data-toggle=\"tab\" onclick=\"return false;\"><\/a><\/li><\/ul>\n<div class=\"tab-content\">\n\t\t\t\n\t\t\t<div id=\"tab-\" class=\"tab-pane active\">\n\t\t\t\t<div class=\"row\"><div class=\"col-sm-6\"><div class=\"posts-listing standard-listing with-meta inline-meta\">\n                    <article id=\"post-6985\" class=\"post-6985 post type-post status-publish format-standard has-post-thumbnail hentry category-blog tag-aerospace tag-aerospace-cables-en tag-aircraft-cables tag-avionics-cables tag-gigaflight-en\">\n                        <div class=\"post-content animated animate-when-almost-visible el-appear\">\n\n                            <div class=\"article-media clearfix\">\n                                <div class=\"post-image\"><a href=\"https:\/\/cevikltd.com.tr\/en\/gf62422d-poe-power-over-ethernet-cables\/\" class=\"element-wrap\"><img src=\"https:\/\/cevikltd.com.tr\/wp-content\/uploads\/2022\/01\/GF62422D-POE-Power-Over-Ethernet-Cables-480x270.jpg\" alt=\"GF62422D-POE Power Over Ethernet Cables\"><span class=\"hover-element\"><i>+<\/i><\/span><\/a><\/div><!--end post-image-->                            <\/div>\n\n                            <h3 class=\"post-title entry-title\"><a href=\"https:\/\/cevikltd.com.tr\/en\/gf62422d-poe-power-over-ethernet-cables\/\" >GF62422D-POE Power Over Ethernet Cables<\/a><\/h3>\n\n                            <div class=\"article-meta\">\n                                <span class=\"post-meta\">\n                                    <small class=\"meta-author author vcard\"><a class=\"url fn n\" href=\"https:\/\/cevikltd.com.tr\/en\/author\/betul\/\" title=\"View all POSTS by Bet\u00fcl Soylu\" rel=\"author\"> <span class=\"author-name\">Bet\u00fcl Soylu<\/span><\/a><\/small>, <small><a href=\"https:\/\/cevikltd.com.tr\/en\/gf62422d-poe-power-over-ethernet-cables\/\" rel=\"bookmark\" class=\"post-time\"><time class=\"entry-date\" datetime=\"2022-02-07T14:35:01+03:00\">7 February 2022<\/time><time class=\"modify-date hide hidden updated\" datetime=\"2022-02-07T14:35:29+03:00\">7 February 2022<\/time><\/a><\/small>, <small class=\"meta-category\"><a href=\"https:\/\/cevikltd.com.tr\/en\/category\/blog\/\" rel=\"category tag\">Blog<\/a>, <a href=\"https:\/\/cevikltd.com.tr\/en\/tag\/aerospace\/\" rel=\"tag\">Aerospace<\/a>, <a href=\"https:\/\/cevikltd.com.tr\/en\/tag\/aerospace-cables-en\/\" rel=\"tag\">Aerospace Cables<\/a>, <a href=\"https:\/\/cevikltd.com.tr\/en\/tag\/aircraft-cables\/\" rel=\"tag\">Aircraft Cables<\/a>, <a href=\"https:\/\/cevikltd.com.tr\/en\/tag\/avionics-cables\/\" rel=\"tag\">Avionics Cables<\/a>, <a href=\"https:\/\/cevikltd.com.tr\/en\/tag\/gigaflight-en\/\" rel=\"tag\">GigaFlight<\/a><\/small>, <small class=\"meta-comment-count\"><a href=\"https:\/\/cevikltd.com.tr\/en\/gf62422d-poe-power-over-ethernet-cables\/#comments\">0 <i class=\"icon-chat-1 hover-tip\" data-original-title=\"This article has 0 comments\" data-toggle=\"tooltip\" data-placement=\"top\"><\/i><\/a><\/small>                                <\/span>\n                            <\/div>\n\n                            <div class=\"entry-summary\">\n                                                                    <p>Power over Ethernet (PoE) cables are an up and coming physical layer for cabin management systems on aircraft, giving...<\/p>                                                            <\/div><!-- .entry-summary -->\n\n                        <\/div>\n                    <\/article>\n\n                    \n                        <\/div> <!-- .posts-listing -->\n                    <\/div> <!-- .col-sm-6 -->\n\n                    <div class=\"col-sm-6\">\n                        <div class=\"posts-listing left-thumb-listing\">\n\n                    \n                    \n                    <article id=\"post-6354\" class=\"post-6354 post type-post status-publish format-standard has-post-thumbnail hentry category-blog tag-aerospace tag-aerospace-cables-en tag-cables tag-gigaflight-en tag-military-cables\">\n                        <div class=\"post-content animated animate-when-almost-visible el-appear\">\n\n                            <div class=\"article-media\">\n                                <div class=\"post-image\"><a href=\"https:\/\/cevikltd.com.tr\/en\/quadrax-cable-assemblies\/\" class=\"element-wrap\"><img src=\"https:\/\/cevikltd.com.tr\/wp-content\/uploads\/2021\/04\/Quadrax-Cable-Assemblies-220x192.jpg\" alt=\"Quadrax Cable Assemblies\"><span class=\"hover-element\"><i>+<\/i><\/span><\/a><\/div><!--end post-image-->                            <\/div>\n\n                            <div class=\"post-date\">25 June 2021<\/div>\n\n                            <h3 class=\"post-title entry-title\"><a href=\"https:\/\/cevikltd.com.tr\/en\/quadrax-cable-assemblies\/\" >Quadrax Cable Assemblies<\/a><\/h3>\n\n                        <\/div>\n                    <\/article>\n\n                    \n                    <article id=\"post-6454\" class=\"post-6454 post type-post status-publish format-standard has-post-thumbnail hentry category-blog tag-aerospace-cables-en tag-aircraft-cables tag-avionics-cables tag-cables tag-gigaflight-en\">\n                        <div class=\"post-content animated animate-when-almost-visible el-appear\">\n\n                            <div class=\"article-media\">\n                                <div class=\"post-image\"><a href=\"https:\/\/cevikltd.com.tr\/en\/unshielded-single-twisted-pair-cables\/\" class=\"element-wrap\"><img src=\"https:\/\/cevikltd.com.tr\/wp-content\/uploads\/2021\/06\/Unshielded-Single-Twisted-Pair-Cables-220x192.jpg\" alt=\"Unshielded Single Twisted Pair Cables\"><span class=\"hover-element\"><i>+<\/i><\/span><\/a><\/div><!--end post-image-->                            <\/div>\n\n                            <div class=\"post-date\">18 June 2021<\/div>\n\n                            <h3 class=\"post-title entry-title\"><a href=\"https:\/\/cevikltd.com.tr\/en\/unshielded-single-twisted-pair-cables\/\" >Unshielded Single Twisted Pair Cables<\/a><\/h3>\n\n                        <\/div>\n                    <\/article>\n\n                    \n                    <article id=\"post-6352\" class=\"post-6352 post type-post status-publish format-standard has-post-thumbnail hentry category-blog tag-aerospace tag-aerospace-cables-en tag-cables tag-commercial-aerospace tag-gigaflight-en\">\n                        <div class=\"post-content animated animate-when-almost-visible el-appear\">\n\n                            <div class=\"article-media\">\n                                <div class=\"post-image\"><a href=\"https:\/\/cevikltd.com.tr\/en\/special-hdmi-cable-sets\/\" class=\"element-wrap\"><img src=\"https:\/\/cevikltd.com.tr\/wp-content\/uploads\/2021\/04\/Special-HDMI-Cable-Sets-220x192.jpg\" alt=\"Special HDMI Cable Sets\"><span class=\"hover-element\"><i>+<\/i><\/span><\/a><\/div><!--end post-image-->                            <\/div>\n\n                            <div class=\"post-date\">1 June 2021<\/div>\n\n                            <h3 class=\"post-title entry-title\"><a href=\"https:\/\/cevikltd.com.tr\/en\/special-hdmi-cable-sets\/\" >Special HDMI Cable Sets<\/a><\/h3>\n\n                        <\/div>\n                    <\/article>\n\n                    \n                    <article id=\"post-6077\" class=\"post-6077 post type-post status-publish format-standard has-post-thumbnail hentry category-blog tag-aerospace-cables-en tag-commercial-aerospace tag-gigaflight-en\">\n                        <div class=\"post-content animated animate-when-almost-visible el-appear\">\n\n                            <div class=\"article-media\">\n                                <div class=\"post-image\"><a href=\"https:\/\/cevikltd.com.tr\/en\/aerospace-can-bus-cables\/\" class=\"element-wrap\"><img src=\"https:\/\/cevikltd.com.tr\/wp-content\/uploads\/2021\/02\/Aerospace-Can-Bus-Cables-220x192.jpg\" alt=\"Aerospace Can-Bus Cables\"><span class=\"hover-element\"><i>+<\/i><\/span><\/a><\/div><!--end post-image-->                            <\/div>\n\n                            <div class=\"post-date\">12 February 2021<\/div>\n\n                            <h3 class=\"post-title entry-title\"><a href=\"https:\/\/cevikltd.com.tr\/en\/aerospace-can-bus-cables\/\" >Aerospace Can-Bus Cables<\/a><\/h3>\n\n                        <\/div>\n                    <\/article>\n\n                    <\/div><\/div><\/div>\n\t\t\t<\/div> <\/div>\n\t<\/div> <\/div>[\/vc_column][\/vc_row]<\/p>\n","protected":false},"excerpt":{"rendered":"<p>[vc_row padding_top=&#8221;&#8221;][vc_column][vc_single_image image=&#8221;6025&#8243; img_size=&#8221;medium&#8221; style=&#8221;vc_box_outline&#8221; onclick=&#8221;custom_link&#8221; img_link_target=&#8221;_blank&#8221; animation=&#8221;animate-when-visible&#8221; css_animation=&#8221;el-fade&#8221; link=&#8221;https:\/\/www.gigaflightinc.com\/&#8221;][vc_column_text]GigaFlight Connectivity Inc was founded by Air Force veteran, Ben Hackett, on November 17, 2017, with the intent to provide high performance electronic cable and connector products, timely technical support, and old-fashioned customer service. Located in the heart of the Aerospace wire and cable community, GigaFlight has pulled together a team [&hellip;]<\/p>\n","protected":false},"author":1,"featured_media":0,"parent":1769,"menu_order":0,"comment_status":"closed","ping_status":"closed","template":"","meta":{"spay_email":""},"yoast_head":"<!-- This site is optimized with the Yoast SEO plugin v18.5 - https:\/\/yoast.com\/wordpress\/plugins\/seo\/ -->\n<title>Gigaflight - \u00c7evik Ba\u011flant\u0131 Teknolojileri<\/title>\n<meta name=\"description\" content=\"Gigaflight offers suitable solutions for Avionic Cables and Aircraft Cables in Defense and Aerospace industries.\" \/>\n<meta name=\"robots\" content=\"index, follow, max-snippet:-1, max-image-preview:large, max-video-preview:-1\" \/>\n<link rel=\"canonical\" href=\"https:\/\/cevikltd.com.tr\/en\/partners\/gigaflight\/\" \/>\n<meta property=\"og:locale\" content=\"en_US\" \/>\n<meta property=\"og:type\" content=\"article\" \/>\n<meta property=\"og:title\" content=\"Gigaflight - \u00c7evik Ba\u011flant\u0131 Teknolojileri\" \/>\n<meta property=\"og:description\" content=\"Gigaflight offers suitable solutions for Avionic Cables and Aircraft Cables in Defense and Aerospace industries.\" \/>\n<meta property=\"og:url\" content=\"https:\/\/cevikltd.com.tr\/en\/partners\/gigaflight\/\" \/>\n<meta property=\"og:site_name\" content=\"\u00c7evik Ba\u011flant\u0131 Teknolojileri\" \/>\n<meta property=\"article:publisher\" content=\"https:\/\/www.facebook.com\/pages\/%c3%87evik-Konnekt%c3%b6r-ve-Kablo-Montaj-Hizmetleri\/638389736272668\" \/>\n<meta property=\"article:modified_time\" content=\"2021-09-08T14:42:12+00:00\" \/>\n<meta name=\"twitter:card\" content=\"summary_large_image\" \/>\n<meta name=\"twitter:site\" content=\"@CevikKonnektor\" \/>\n<meta name=\"twitter:label1\" content=\"Est. reading time\" \/>\n\t<meta name=\"twitter:data1\" content=\"2 minutes\" \/>\n<script type=\"application\/ld+json\" class=\"yoast-schema-graph\">{\"@context\":\"https:\/\/schema.org\",\"@graph\":[{\"@type\":\"WebSite\",\"@id\":\"https:\/\/cevikltd.com.tr\/#website\",\"url\":\"https:\/\/cevikltd.com.tr\/\",\"name\":\"\u00c7evik Ba\u011flant\u0131 Teknolojileri\",\"description\":\"Teknolojiye Ba\u011flant\u0131 Noktan\u0131z\",\"potentialAction\":[{\"@type\":\"SearchAction\",\"target\":{\"@type\":\"EntryPoint\",\"urlTemplate\":\"https:\/\/cevikltd.com.tr\/?s={search_term_string}\"},\"query-input\":\"required name=search_term_string\"}],\"inLanguage\":\"en-US\"},{\"@type\":\"WebPage\",\"@id\":\"https:\/\/cevikltd.com.tr\/en\/partners\/gigaflight\/#webpage\",\"url\":\"https:\/\/cevikltd.com.tr\/en\/partners\/gigaflight\/\",\"name\":\"Gigaflight - \u00c7evik Ba\u011flant\u0131 Teknolojileri\",\"isPartOf\":{\"@id\":\"https:\/\/cevikltd.com.tr\/#website\"},\"datePublished\":\"2021-01-28T08:11:33+00:00\",\"dateModified\":\"2021-09-08T14:42:12+00:00\",\"description\":\"Gigaflight offers suitable solutions for Avionic Cables and Aircraft Cables in Defense and Aerospace industries.\",\"breadcrumb\":{\"@id\":\"https:\/\/cevikltd.com.tr\/en\/partners\/gigaflight\/#breadcrumb\"},\"inLanguage\":\"en-US\",\"potentialAction\":[{\"@type\":\"ReadAction\",\"target\":[\"https:\/\/cevikltd.com.tr\/en\/partners\/gigaflight\/\"]}]},{\"@type\":\"BreadcrumbList\",\"@id\":\"https:\/\/cevikltd.com.tr\/en\/partners\/gigaflight\/#breadcrumb\",\"itemListElement\":[{\"@type\":\"ListItem\",\"position\":1,\"name\":\"Ana sayfa\",\"item\":\"https:\/\/cevikltd.com.tr\/en\/\"},{\"@type\":\"ListItem\",\"position\":2,\"name\":\"Partners\",\"item\":\"https:\/\/cevikltd.com.tr\/en\/partners\/\"},{\"@type\":\"ListItem\",\"position\":3,\"name\":\"Gigaflight\"}]}]}<\/script>\n<!-- \/ Yoast SEO plugin. -->","yoast_head_json":{"title":"Gigaflight - \u00c7evik Ba\u011flant\u0131 Teknolojileri","description":"Gigaflight offers suitable solutions for Avionic Cables and Aircraft Cables in Defense and Aerospace industries.","robots":{"index":"index","follow":"follow","max-snippet":"max-snippet:-1","max-image-preview":"max-image-preview:large","max-video-preview":"max-video-preview:-1"},"canonical":"https:\/\/cevikltd.com.tr\/en\/partners\/gigaflight\/","og_locale":"en_US","og_type":"article","og_title":"Gigaflight - \u00c7evik Ba\u011flant\u0131 Teknolojileri","og_description":"Gigaflight offers suitable solutions for Avionic Cables and Aircraft Cables in Defense and Aerospace industries.","og_url":"https:\/\/cevikltd.com.tr\/en\/partners\/gigaflight\/","og_site_name":"\u00c7evik Ba\u011flant\u0131 Teknolojileri","article_publisher":"https:\/\/www.facebook.com\/pages\/%c3%87evik-Konnekt%c3%b6r-ve-Kablo-Montaj-Hizmetleri\/638389736272668","article_modified_time":"2021-09-08T14:42:12+00:00","twitter_card":"summary_large_image","twitter_site":"@CevikKonnektor","twitter_misc":{"Est. reading time":"2 minutes"},"schema":{"@context":"https:\/\/schema.org","@graph":[{"@type":"WebSite","@id":"https:\/\/cevikltd.com.tr\/#website","url":"https:\/\/cevikltd.com.tr\/","name":"\u00c7evik Ba\u011flant\u0131 Teknolojileri","description":"Teknolojiye Ba\u011flant\u0131 Noktan\u0131z","potentialAction":[{"@type":"SearchAction","target":{"@type":"EntryPoint","urlTemplate":"https:\/\/cevikltd.com.tr\/?s={search_term_string}"},"query-input":"required name=search_term_string"}],"inLanguage":"en-US"},{"@type":"WebPage","@id":"https:\/\/cevikltd.com.tr\/en\/partners\/gigaflight\/#webpage","url":"https:\/\/cevikltd.com.tr\/en\/partners\/gigaflight\/","name":"Gigaflight - \u00c7evik Ba\u011flant\u0131 Teknolojileri","isPartOf":{"@id":"https:\/\/cevikltd.com.tr\/#website"},"datePublished":"2021-01-28T08:11:33+00:00","dateModified":"2021-09-08T14:42:12+00:00","description":"Gigaflight offers suitable solutions for Avionic Cables and Aircraft Cables in Defense and Aerospace industries.","breadcrumb":{"@id":"https:\/\/cevikltd.com.tr\/en\/partners\/gigaflight\/#breadcrumb"},"inLanguage":"en-US","potentialAction":[{"@type":"ReadAction","target":["https:\/\/cevikltd.com.tr\/en\/partners\/gigaflight\/"]}]},{"@type":"BreadcrumbList","@id":"https:\/\/cevikltd.com.tr\/en\/partners\/gigaflight\/#breadcrumb","itemListElement":[{"@type":"ListItem","position":1,"name":"Ana sayfa","item":"https:\/\/cevikltd.com.tr\/en\/"},{"@type":"ListItem","position":2,"name":"Partners","item":"https:\/\/cevikltd.com.tr\/en\/partners\/"},{"@type":"ListItem","position":3,"name":"Gigaflight"}]}]}},"jetpack_sharing_enabled":true,"jetpack_shortlink":"https:\/\/wp.me\/P9xcy2-1zg","_links":{"self":[{"href":"https:\/\/cevikltd.com.tr\/en\/wp-json\/wp\/v2\/pages\/6030"}],"collection":[{"href":"https:\/\/cevikltd.com.tr\/en\/wp-json\/wp\/v2\/pages"}],"about":[{"href":"https:\/\/cevikltd.com.tr\/en\/wp-json\/wp\/v2\/types\/page"}],"author":[{"embeddable":true,"href":"https:\/\/cevikltd.com.tr\/en\/wp-json\/wp\/v2\/users\/1"}],"replies":[{"embeddable":true,"href":"https:\/\/cevikltd.com.tr\/en\/wp-json\/wp\/v2\/comments?post=6030"}],"version-history":[{"count":14,"href":"https:\/\/cevikltd.com.tr\/en\/wp-json\/wp\/v2\/pages\/6030\/revisions"}],"predecessor-version":[{"id":6805,"href":"https:\/\/cevikltd.com.tr\/en\/wp-json\/wp\/v2\/pages\/6030\/revisions\/6805"}],"up":[{"embeddable":true,"href":"https:\/\/cevikltd.com.tr\/en\/wp-json\/wp\/v2\/pages\/1769"}],"wp:attachment":[{"href":"https:\/\/cevikltd.com.tr\/en\/wp-json\/wp\/v2\/media?parent=6030"}],"curies":[{"name":"wp","href":"https:\/\/api.w.org\/{rel}","templated":true}]}}